{"id":27798,"date":"2025-09-10T15:57:28","date_gmt":"2025-09-10T13:57:28","guid":{"rendered":"https:\/\/info.onedoc.ch\/?page_id=27798"},"modified":"2025-12-09T11:42:52","modified_gmt":"2025-12-09T09:42:52","slug":"guida-consultazione-video","status":"publish","type":"page","link":"https:\/\/info.onedoc.ch\/it\/guida-consultazione-video\/","title":{"rendered":"La guida alle consultazione video"},"content":{"rendered":"<div class=\"wpb-content-wrapper\"><p>[vc_row kd_background_image_position=&#8221;vc_row-bg-position-top&#8221; css=&#8221;.vc_custom_1765272751961{padding-top: 15px !important;padding-right: 8px !important;padding-bottom: 15px !important;padding-left: 8px !important;background-color: #FFFFFF !important;}&#8221; el_id=&#8221;top-page&#8221;][vc_column][vc_single_image image=&#8221;27576&#8243; img_size=&#8221;full&#8221; onclick=&#8221;custom_link&#8221; img_link_target=&#8221;_blank&#8221; css=&#8221;.vc_custom_1757489714429{padding-top: 20px !important;padding-bottom: 20px !important;}&#8221; link=&#8221;https:\/\/info.onedoc.ch\/it\/&#8221; el_class=&#8221;lp-logo&#8221;][vc_separator css=&#8221;&#8221;][\/vc_column][\/vc_row][vc_row kd_background_image_position=&#8221;vc_row-bg-position-top&#8221; css=&#8221;.vc_custom_1765272373070{padding-top: 50px !important;padding-bottom: 50px !important;}&#8221; css_tablet_portrait=&#8221;.vc_custom_1765272373071{padding-top: 0px !important;padding-right: 0px !important;padding-left: 0px !important;}&#8221; css_mobile=&#8221;.vc_custom_1765272373071{padding-top: 0px !important;padding-right: 0px !important;padding-bottom: 0px !important;padding-left: 0px !important;}&#8221;][vc_column width=&#8221;1\/2&#8243; kd_sticky_column=&#8221;true&#8221; css_tablet_portrait=&#8221;.vc_custom_1765272376626{padding-top: 0px !important;padding-right: 0px !important;padding-left: 0px !important;}&#8221; css_mobile=&#8221;.vc_custom_1765272376626{padding-top: 0px !important;padding-right: 0px !important;padding-left: 0px !important;}&#8221;]<header class=\"kd-section-title col-lg-12 text-left  subtitle-below-title   \" ><h1 class=\"separator_off\" >La <span style=\"color:#1E9585;\">guida alle consultazione video<\/span> in Svizzera<\/h1><\/header>[vc_column_text css=&#8221;&#8221;]Quando \u00e8 opportuno utilizzarlo? Quale strumento scegliere? Esistono reali vantaggi finanziari nell&#8217;offrire questo tipo di consulenza? Troverete le risposte in questa guida completa![\/vc_column_text][vc_single_image image=&#8221;30595&#8243; img_size=&#8221;full&#8221; css=&#8221;&#8221;][\/vc_column][vc_column width=&#8221;1\/2&#8243; css=&#8221;.vc_custom_1752666371518{padding-top: 0px !important;padding-right: 0px !important;padding-bottom: 0px !important;padding-left: 0px !important;}&#8221;][vc_raw_js el_class=&#8221;form-shadow&#8221;]JTNDc2NyaXB0JTIwc3JjJTNEJTIyaHR0cHMlM0ElMkYlMkZqcy1ldTEuaHNmb3Jtcy5uZXQlMkZmb3JtcyUyRmVtYmVkJTJGNDY2MzI2MS5qcyUyMiUyMGRlZmVyJTNFJTNDJTJGc2NyaXB0JTNFJTBBJTNDZGl2JTIwY2xhc3MlM0QlMjJocy1mb3JtLWZyYW1lJTIyJTIwZGF0YS1yZWdpb24lM0QlMjJldTElMjIlMjBkYXRhLWZvcm0taWQlM0QlMjIwMzhkY2Y4OS02NWQ4LTRjNzYtOTgzNS02N2M3M2M2MTVlODAlMjIlMjBkYXRhLXBvcnRhbC1pZCUzRCUyMjQ2NjMyNjElMjIlM0UlM0MlMkZkaXYlM0U=[\/vc_raw_js][\/vc_column][\/vc_row][vc_row full_width=&#8221;stretch_row&#8221; gap=&#8221;10&#8243; kd_background_image_position=&#8221;vc_row-bg-position-top&#8221; css=&#8221;.vc_custom_1765273089757{padding-top: 50px !important;background-color: #D5ECE9 !important;border-radius: 5px !important;}&#8221; css_tablet_landscape=&#8221;.vc_custom_1765273089758{padding-top: 80px !important;padding-bottom: 80px !important;}&#8221; css_tablet_portrait=&#8221;.vc_custom_1765273089758{padding-top: 50px !important;padding-bottom: 30px !important;}&#8221; css_mobile=&#8221;.vc_custom_1765273089758{padding-top: 50px !important;padding-bottom: 30px !important;}&#8221;][vc_column width=&#8221;1\/2&#8243;][vc_row_inner content_placement=&#8221;middle&#8221; kd_background_image_position=&#8221;vc_row-bg-position-top&#8221; css=&#8221;.vc_custom_1757335846106{padding-top: 50px !important;padding-bottom: 50px !important;}&#8221;][vc_column_inner css_tablet_portrait=&#8221;.vc_custom_1598622609562{padding-right: 10px !important;padding-left: 10px !important;}&#8221;][vc_single_image image=&#8221;33898&#8243; img_size=&#8221;full&#8221; css=&#8221;&#8221;][\/vc_column_inner][\/vc_row_inner][\/vc_column][vc_column width=&#8221;1\/2&#8243;]<header class=\"kd-section-title col-lg-12 text-left  subtitle-below-title    vc_custom_1765273102643\" ><h2 class=\"separator_off\" style=\"color: #000000;margin-bottom:30px;\">Cosa troverete in questo dossier?<\/h2><\/header>[vc_column_text css=&#8221;&#8221;]<\/p>\n<ul>\n<li>Guida pratica per accompagnarvi nelle vostre videoconsulenze<\/li>\n<li>Elementi essenziali per padroneggiare questo nuovo modo di curare<\/li>\n<li>Messa in evidenza dei vantaggi concreti della teleconsulenza<\/li>\n<li>Informazioni necessarie per scegliere la soluzione pi\u00f9 adatta<\/li>\n<li>Consigli per garantire consulenze a distanza efficaci e di alta qualit\u00e0<\/li>\n<\/ul>\n<p>[\/vc_column_text][\/vc_column][\/vc_row][vc_row kd_background_image_position=&#8221;vc_row-bg-position-top&#8221; css=&#8221;.vc_custom_1765272820106{margin-top: 80px !important;margin-bottom: 80px !important;padding-top: 50px !important;padding-bottom: 50px !important;}&#8221;][vc_column]<header class=\"kd-section-title col-lg-12 text-center  subtitle-below-title   \" ><h2 class=\"separator_off\" style=\"color: #000000;\">Perch\u00e9 la teleconsultazione \u00e8 fondamentale per la tua attivit\u00e0<\/h2><\/header>[vc_column_text css=&#8221;.vc_custom_1765272590389{margin-right: 50px !important;margin-left: 50px !important;padding-right: 20px !important;padding-left: 20px !important;}&#8221;]<\/p>\n<p style=\"text-align: center;\">La telemedicina e le visite mediche in videoconferenza svolgono un ruolo fondamentale in Svizzera. Consentono infatti di <strong>migliorare l&#8217;accesso alle cure<\/strong>, ridurre i tempi di attesa e offrire un&#8217;assistenza medica di qualit\u00e0 indipendentemente dal luogo in cui si trovano i pazienti o dalla loro mobilit\u00e0.<\/p>\n<p style=\"text-align: center;\">Le teleconsultazioni consentono una valutazione rapida, rafforzano la continuit\u00e0 delle cure e contribuiscono ad alleggerire il sistema sanitario. Sempre pi\u00f9 popolari in Svizzera, non interessarsene oggi significa <strong>rischiare di perdere un&#8217;evoluzione fondamentale nel settore sanitario<\/strong>, utilizzare processi inefficienti e non soddisfare pi\u00f9 le aspettative dei pazienti.<\/p>\n<p>[\/vc_column_text][\/vc_column][\/vc_row][vc_row kd_background_image_position=&#8221;vc_row-bg-position-top&#8221;][vc_column][vc_toggle title=&#8221;Perch\u00e9 \u00e8 sconsigliabile utilizzare Google Meet, Teams, WhatsApp o Zoom per le teleconsultazioni?&#8221; css=&#8221;&#8221;]In Svizzera, una teleconsultazione \u00e8 soggetta agli stessi obblighi di una visita in studio, ovvero:<\/p>\n<ul>\n<li>Il dovere di diligenza del medico (LPM\u00e9d)<\/li>\n<li>Il rigoroso rispetto del segreto professionale (Codice penale)<\/li>\n<li>La conformit\u00e0 alla legge federale sulla protezione dei dati (nLPD).<\/li>\n<\/ul>\n<p>Ci\u00f2 implica che il canale video scelto deve <strong>garantire che solo le persone autorizzate possano accedere alla consultazione e ai dati scambiati<\/strong>, il che non \u00e8 l&#8217;obiettivo primario di questi strumenti di teleconsultazione. Inoltre, <strong>i dati possono transitare su server al di fuori della Svizzera.<\/strong>[\/vc_toggle][vc_toggle title=&#8221;Questa guida sulla telemedicina \u00e8 davvero gratuita?&#8221; css=&#8221;&#8221;]<strong>S\u00ec, questa guida sulla telemedicina \u00e8 completamente gratuita<\/strong> e senza alcun impegno. Puoi scaricarla liberamente, senza costi nascosti n\u00e9 obblighi futuri. Il nostro obiettivo \u00e8 semplicemente quello di offrirti risorse utili per la tua attivit\u00e0![\/vc_toggle][vc_toggle title=&#8221;Perch\u00e9 devo fornire le informazioni richieste?&#8221; css=&#8221;&#8221;]Queste informazioni ci consentono di inviarti direttamente la guida e, se lo desideri, di proporti contenuti pertinenti relativi alla tua attivit\u00e0. Le tue informazioni saranno trattate con la massima riservatezza e non saranno mai condivise senza il tuo consenso.[\/vc_toggle][\/vc_column][\/vc_row][vc_row kd_background_image_position=&#8221;vc_row-bg-position-top&#8221; css=&#8221;.vc_custom_1765273134462{margin-top: 80px !important;margin-bottom: 80px !important;padding-top: 50px !important;padding-bottom: 50px !important;background-color: #012E27 !important;border-radius: 5px !important;}&#8221;][vc_column]<header class=\"kd-section-title col-lg-12 text-center  subtitle-below-title   \" ><h2 class=\"separator_off\" style=\"color: #FFFFFF;\">Scopri di pi\u00f9 sulla telemedicina in questo dossier gratuito<\/h2><\/header><a  href=\"#top-page\"  class=\"tt_button tt_primary_button btn_primary_color hover_solid_primary button-center button-scroll-to-section btn-smooth-scroll\" ><span class=\"prim_text\">Scaricare il dossier<\/span><\/a>[\/vc_column][\/vc_row][vc_row kd_background_image_position=&#8221;vc_row-bg-position-top&#8221;][vc_column][vc_separator css=&#8221;.vc_custom_1759742010538{padding-bottom: 50px !important;}&#8221;][vc_column_text css=&#8221;&#8221;]<\/p>\n<p class=\"vc_general wpb-copyright vc_custom_1758037594745 wpb_copyright_element wpb_copyright_element-align-center\" style=\"text-align: center;\">Copyright \u00a9 2025 OneDoc SA<\/p>\n<p>[\/vc_column_text][vc_raw_html css=&#8221;&#8221;]JTNDZGl2JTIwc3R5bGUlM0QlMjJtYXJnaW4lM0EwJTNCJTIwdGV4dC1hbGlnbiUzQWNlbnRlciUzQiUyMiUzRSUwQSUyMCUyMCUzQ3VsJTIwc3R5bGUlM0QlMjJsaXN0LXN0eWxlJTNBbm9uZSUzQiUyMHBhZGRpbmclM0EwJTNCJTIwbWFyZ2luJTNBMjBweCUyMGF1dG8lM0IlMjBkaXNwbGF5JTNBaW5saW5lLWJsb2NrJTNCJTIyJTNFJTBBJTIwJTIwJTIwJTIwJTNDbGklMjBzdHlsZSUzRCUyMmRpc3BsYXklM0FpbmxpbmUlM0IlMjBtYXJnaW4lM0EwJTIwMTVweCUzQiUyMiUzRSUwQSUyMCUyMCUyMCUyMCUyMCUyMCUzQ2ElMjBzdHlsZSUzRCUyMmNvbG9yJTNBJTIwJTIzMGYxYTFhJTNCJTIyJTIwaHJlZiUzRCUyMmh0dHBzJTNBJTJGJTJGaW5mby5vbmVkb2MuY2glMkZpdCUyRnBvbGl0aWNhLXN1aS1jb29raWUlMjIlM0VQb2xpdGljYSUyMHN1aSUyMGNvb2tpZSUzQyUyRmElM0UlMEElMjAlMjAlMjAlMjAlM0MlMkZsaSUzRSUwQSUyMCUyMCUyMCUyMCUzQ2xpJTIwc3R5bGUlM0QlMjJkaXNwbGF5JTNBaW5saW5lJTNCJTIwbWFyZ2luJTNBMCUyMDE1cHglM0IlMjIlM0UlMEElMjAlMjAlMjAlMjAlMjAlMjAlM0NhJTIwc3R5bGUlM0QlMjJjb2xvciUzQSUyMCUyMzBmMWExYSUzQiUyMiUyMGhyZWYlM0QlMjJodHRwcyUzQSUyRiUyRnByaXZhY3kub25lZG9jLmNoJTJGaXQlMjIlM0VDZW50cm8lMjBwaXZhY3klM0MlMkZhJTNFJTBBJTIwJTIwJTIwJTIwJTNDJTJGbGklM0UlMEElMjAlMjAlMjAlMjAlM0NsaSUyMHN0eWxlJTNEJTIyZGlzcGxheSUzQWlubGluZSUzQiUyMG1hcmdpbiUzQTAlMjAxNXB4JTNCJTIyJTNFJTBBJTIwJTIwJTIwJTIwJTIwJTIwJTNDYSUyMHN0eWxlJTNEJTIyY29sb3IlM0ElMjAlMjMwZjFhMWElM0IlMjIlMjBocmVmJTNEJTIyamF2YXNjcmlwdCUzQURpZG9taS5wcmVmZXJlbmNlcy5zaG93JTI4JTI5JTIyJTNFR2VzdGlvbmUlMjBkZWwlMjBjb25zZW5zbyUzQyUyRmElM0UlMEElMjAlMjAlMjAlMjAlM0MlMkZsaSUzRSUwQSUyMCUyMCUzQyUyRnVsJTNFJTBBJTNDJTJGZGl2JTNF[\/vc_raw_html][\/vc_column][\/vc_row][vc_column][\/vc_column]<\/p>\n<\/div>","protected":false},"excerpt":{"rendered":"<p>[vc_row kd_background_image_position=&#8221;vc_row-bg-position-top&#8221; css=&#8221;.vc_custom_1765272751961{padding-top: 15px !important;padding-right: 8px !important;padding-bottom: 15px !important;padding-left: 8px !important;background-color: #FFFFFF [&hellip;]<\/p>\n","protected":false},"author":2,"featured_media":0,"parent":0,"menu_order":0,"comment_status":"closed","ping_status":"closed","template":"","meta":{"footnotes":""},"class_list":["post-27798","page","type-page","status-publish","hentry"],"yoast_head":"<!-- This site is optimized with the Yoast SEO Premium plugin v27.2 (Yoast SEO v27.5) - https:\/\/yoast.com\/product\/yoast-seo-premium-wordpress\/ -->\n<title>La guida alle consultazione video in Svizzera - OneDoc Pro<\/title>\n<meta name=\"description\" content=\"Vantaggi, scelta della soluzione, sicurezza dei dati\u2026 Scopri tutto quello che devi sapere sulla teleconsultazione in Svizzera con questa guida.\" \/>\n<meta name=\"robots\" content=\"index, nofollow, max-snippet:-1, max-image-preview:large, max-video-preview:-1\" \/>\n<link rel=\"canonical\" href=\"https:\/\/info.onedoc.ch\/it\/guida-consultazione-video\/\" \/>\n<meta property=\"og:locale\" content=\"it_IT\" \/>\n<meta property=\"og:type\" content=\"article\" \/>\n<meta property=\"og:title\" content=\"La guida alle consultazione video in Svizzera - OneDoc Pro\" \/>\n<meta property=\"og:description\" content=\"Vantaggi, scelta della soluzione, sicurezza dei dati\u2026 Scopri tutto quello che devi sapere sulla teleconsultazione in Svizzera con questa guida.\" \/>\n<meta property=\"og:url\" content=\"https:\/\/info.onedoc.ch\/it\/guida-consultazione-video\/\" \/>\n<meta property=\"og:site_name\" content=\"OneDoc Pro\" \/>\n<meta property=\"article:publisher\" content=\"https:\/\/www.facebook.com\/onedoc.ch\/\" \/>\n<meta property=\"article:modified_time\" content=\"2025-12-09T09:42:52+00:00\" \/>\n<meta name=\"twitter:card\" content=\"summary_large_image\" \/>\n<meta name=\"twitter:title\" content=\"La guida alle consultazione video in Svizzera - OneDoc Pro\" \/>\n<meta name=\"twitter:description\" content=\"Vantaggi, scelta della soluzione, sicurezza dei dati\u2026 Scopri tutto quello che devi sapere sulla teleconsultazione in Svizzera con questa guida.\" \/>\n<meta name=\"twitter:site\" content=\"@onedoc_ch\" \/>\n<meta name=\"twitter:label1\" content=\"Est. reading time\" \/>\n\t<meta name=\"twitter:data1\" content=\"4 minuto\" \/>\n<script type=\"application\/ld+json\" class=\"yoast-schema-graph\">{\"@context\":\"https:\\\/\\\/schema.org\",\"@graph\":[{\"@type\":\"WebPage\",\"@id\":\"https:\\\/\\\/info.onedoc.ch\\\/it\\\/guida-consultazione-video\\\/\",\"url\":\"https:\\\/\\\/info.onedoc.ch\\\/it\\\/guida-consultazione-video\\\/\",\"name\":\"La guida alle consultazione video in Svizzera - OneDoc Pro\",\"isPartOf\":{\"@id\":\"https:\\\/\\\/info.onedoc.ch\\\/it\\\/#website\"},\"datePublished\":\"2025-09-10T13:57:28+00:00\",\"dateModified\":\"2025-12-09T09:42:52+00:00\",\"description\":\"Vantaggi, scelta della soluzione, sicurezza dei dati\u2026 Scopri tutto quello che devi sapere sulla teleconsultazione in Svizzera con questa guida.\",\"inLanguage\":\"it-CH\",\"potentialAction\":[{\"@type\":\"ReadAction\",\"target\":[\"https:\\\/\\\/info.onedoc.ch\\\/it\\\/guida-consultazione-video\\\/\"]}]},{\"@type\":\"WebSite\",\"@id\":\"https:\\\/\\\/info.onedoc.ch\\\/it\\\/#website\",\"url\":\"https:\\\/\\\/info.onedoc.ch\\\/it\\\/\",\"name\":\"OneDoc Pro - Moins d\u2019administratif, plus de temps pour vos patients\",\"description\":\"L&#039;alli\u00e9 des professionnels de sant\u00e9 suisses au quotidien\",\"publisher\":{\"@id\":\"https:\\\/\\\/info.onedoc.ch\\\/it\\\/#organization\"},\"alternateName\":\"OneDoc Pro\",\"potentialAction\":[{\"@type\":\"SearchAction\",\"target\":{\"@type\":\"EntryPoint\",\"urlTemplate\":\"https:\\\/\\\/info.onedoc.ch\\\/it\\\/?s={search_term_string}\"},\"query-input\":{\"@type\":\"PropertyValueSpecification\",\"valueRequired\":true,\"valueName\":\"search_term_string\"}}],\"inLanguage\":\"it-CH\"},{\"@type\":\"Organization\",\"@id\":\"https:\\\/\\\/info.onedoc.ch\\\/it\\\/#organization\",\"name\":\"OneDoc\",\"alternateName\":\"OneDoc.ch\",\"url\":\"https:\\\/\\\/info.onedoc.ch\\\/it\\\/\",\"logo\":{\"@type\":\"ImageObject\",\"inLanguage\":\"it-CH\",\"@id\":\"https:\\\/\\\/info.onedoc.ch\\\/it\\\/#\\\/schema\\\/logo\\\/image\\\/\",\"url\":\"https:\\\/\\\/info.onedoc.ch\\\/wp-content\\\/uploads\\\/2025\\\/06\\\/doki-logo.png\",\"contentUrl\":\"https:\\\/\\\/info.onedoc.ch\\\/wp-content\\\/uploads\\\/2025\\\/06\\\/doki-logo.png\",\"width\":2134,\"height\":2134,\"caption\":\"OneDoc\"},\"image\":{\"@id\":\"https:\\\/\\\/info.onedoc.ch\\\/it\\\/#\\\/schema\\\/logo\\\/image\\\/\"},\"sameAs\":[\"https:\\\/\\\/www.facebook.com\\\/onedoc.ch\\\/\",\"https:\\\/\\\/x.com\\\/onedoc_ch\",\"https:\\\/\\\/www.instagram.com\\\/onedoc.ch\\\/\",\"https:\\\/\\\/www.linkedin.com\\\/company\\\/onedoc.ch\\\/\",\"https:\\\/\\\/www.youtube.com\\\/channel\\\/UCWnlE63em_m8ZioBA5n8Z6w\"],\"description\":\"OneDoc est la plateforme leader en Suisse pour la r\u00e9servation de rendez-vous m\u00e9dicaux. Les patients peuvent rechercher des milliers de professionnels de la sant\u00e9 suisses (m\u00e9decins, dentistes et th\u00e9rapeutes) et r\u00e9server un rendez-vous sur place ou une consultation vid\u00e9o en quelques clics, 24 heures sur 24.\",\"legalName\":\"OneDoc SA\",\"foundingDate\":\"2016-12-31\",\"numberOfEmployees\":{\"@type\":\"QuantitativeValue\",\"minValue\":\"51\",\"maxValue\":\"200\"}}]}<\/script>\n<!-- \/ Yoast SEO Premium plugin. -->","yoast_head_json":{"title":"La guida alle consultazione video in Svizzera - OneDoc Pro","description":"Vantaggi, scelta della soluzione, sicurezza dei dati\u2026 Scopri tutto quello che devi sapere sulla teleconsultazione in Svizzera con questa guida.","robots":{"index":"index","follow":"nofollow","max-snippet":"max-snippet:-1","max-image-preview":"max-image-preview:large","max-video-preview":"max-video-preview:-1"},"canonical":"https:\/\/info.onedoc.ch\/it\/guida-consultazione-video\/","og_locale":"it_IT","og_type":"article","og_title":"La guida alle consultazione video in Svizzera - OneDoc Pro","og_description":"Vantaggi, scelta della soluzione, sicurezza dei dati\u2026 Scopri tutto quello che devi sapere sulla teleconsultazione in Svizzera con questa guida.","og_url":"https:\/\/info.onedoc.ch\/it\/guida-consultazione-video\/","og_site_name":"OneDoc Pro","article_publisher":"https:\/\/www.facebook.com\/onedoc.ch\/","article_modified_time":"2025-12-09T09:42:52+00:00","twitter_card":"summary_large_image","twitter_title":"La guida alle consultazione video in Svizzera - OneDoc Pro","twitter_description":"Vantaggi, scelta della soluzione, sicurezza dei dati\u2026 Scopri tutto quello che devi sapere sulla teleconsultazione in Svizzera con questa guida.","twitter_site":"@onedoc_ch","twitter_misc":{"Est. reading time":"4 minuto"},"schema":{"@context":"https:\/\/schema.org","@graph":[{"@type":"WebPage","@id":"https:\/\/info.onedoc.ch\/it\/guida-consultazione-video\/","url":"https:\/\/info.onedoc.ch\/it\/guida-consultazione-video\/","name":"La guida alle consultazione video in Svizzera - OneDoc Pro","isPartOf":{"@id":"https:\/\/info.onedoc.ch\/it\/#website"},"datePublished":"2025-09-10T13:57:28+00:00","dateModified":"2025-12-09T09:42:52+00:00","description":"Vantaggi, scelta della soluzione, sicurezza dei dati\u2026 Scopri tutto quello che devi sapere sulla teleconsultazione in Svizzera con questa guida.","inLanguage":"it-CH","potentialAction":[{"@type":"ReadAction","target":["https:\/\/info.onedoc.ch\/it\/guida-consultazione-video\/"]}]},{"@type":"WebSite","@id":"https:\/\/info.onedoc.ch\/it\/#website","url":"https:\/\/info.onedoc.ch\/it\/","name":"OneDoc Pro - Moins d\u2019administratif, plus de temps pour vos patients","description":"L&#039;alli\u00e9 des professionnels de sant\u00e9 suisses au quotidien","publisher":{"@id":"https:\/\/info.onedoc.ch\/it\/#organization"},"alternateName":"OneDoc Pro","potentialAction":[{"@type":"SearchAction","target":{"@type":"EntryPoint","urlTemplate":"https:\/\/info.onedoc.ch\/it\/?s={search_term_string}"},"query-input":{"@type":"PropertyValueSpecification","valueRequired":true,"valueName":"search_term_string"}}],"inLanguage":"it-CH"},{"@type":"Organization","@id":"https:\/\/info.onedoc.ch\/it\/#organization","name":"OneDoc","alternateName":"OneDoc.ch","url":"https:\/\/info.onedoc.ch\/it\/","logo":{"@type":"ImageObject","inLanguage":"it-CH","@id":"https:\/\/info.onedoc.ch\/it\/#\/schema\/logo\/image\/","url":"https:\/\/info.onedoc.ch\/wp-content\/uploads\/2025\/06\/doki-logo.png","contentUrl":"https:\/\/info.onedoc.ch\/wp-content\/uploads\/2025\/06\/doki-logo.png","width":2134,"height":2134,"caption":"OneDoc"},"image":{"@id":"https:\/\/info.onedoc.ch\/it\/#\/schema\/logo\/image\/"},"sameAs":["https:\/\/www.facebook.com\/onedoc.ch\/","https:\/\/x.com\/onedoc_ch","https:\/\/www.instagram.com\/onedoc.ch\/","https:\/\/www.linkedin.com\/company\/onedoc.ch\/","https:\/\/www.youtube.com\/channel\/UCWnlE63em_m8ZioBA5n8Z6w"],"description":"OneDoc est la plateforme leader en Suisse pour la r\u00e9servation de rendez-vous m\u00e9dicaux. Les patients peuvent rechercher des milliers de professionnels de la sant\u00e9 suisses (m\u00e9decins, dentistes et th\u00e9rapeutes) et r\u00e9server un rendez-vous sur place ou une consultation vid\u00e9o en quelques clics, 24 heures sur 24.","legalName":"OneDoc SA","foundingDate":"2016-12-31","numberOfEmployees":{"@type":"QuantitativeValue","minValue":"51","maxValue":"200"}}]}},"_links":{"self":[{"href":"https:\/\/info.onedoc.ch\/it\/wp-json\/wp\/v2\/pages\/27798","targetHints":{"allow":["GET"]}}],"collection":[{"href":"https:\/\/info.onedoc.ch\/it\/wp-json\/wp\/v2\/pages"}],"about":[{"href":"https:\/\/info.onedoc.ch\/it\/wp-json\/wp\/v2\/types\/page"}],"author":[{"embeddable":true,"href":"https:\/\/info.onedoc.ch\/it\/wp-json\/wp\/v2\/users\/2"}],"replies":[{"embeddable":true,"href":"https:\/\/info.onedoc.ch\/it\/wp-json\/wp\/v2\/comments?post=27798"}],"version-history":[{"count":31,"href":"https:\/\/info.onedoc.ch\/it\/wp-json\/wp\/v2\/pages\/27798\/revisions"}],"predecessor-version":[{"id":33943,"href":"https:\/\/info.onedoc.ch\/it\/wp-json\/wp\/v2\/pages\/27798\/revisions\/33943"}],"wp:attachment":[{"href":"https:\/\/info.onedoc.ch\/it\/wp-json\/wp\/v2\/media?parent=27798"}],"curies":[{"name":"wp","href":"https:\/\/api.w.org\/{rel}","templated":true}]}}