{"id":26078,"date":"2025-08-25T22:18:38","date_gmt":"2025-08-25T20:18:38","guid":{"rendered":"https:\/\/info.1doc.ch\/?page_id=26078"},"modified":"2026-03-11T17:46:10","modified_gmt":"2026-03-11T15:46:10","slug":"scopri-onedoc-pro","status":"publish","type":"page","link":"https:\/\/info.onedoc.ch\/it\/scopri-onedoc-pro\/","title":{"rendered":"Scopri OneDoc Pro"},"content":{"rendered":"<div class=\"wpb-content-wrapper\"><p>[vc_row kd_background_image_position=&#8221;vc_row-bg-position-top&#8221; css=&#8221;.vc_custom_1756159653871{padding-top: 15px !important;padding-right: 8px !important;padding-bottom: 15px !important;padding-left: 8px !important;background-color: #FFFFFF !important;}&#8221;][vc_column][vc_single_image image=&#8221;27576&#8243; img_size=&#8221;full&#8221; onclick=&#8221;custom_link&#8221; img_link_target=&#8221;_blank&#8221; css=&#8221;.vc_custom_1757489242868{padding-top: 20px !important;padding-bottom: 20px !important;}&#8221; link=&#8221;https:\/\/info.onedoc.ch\/fr\/&#8221; el_class=&#8221;lp-logo&#8221;][vc_separator css=&#8221;&#8221;][\/vc_column][\/vc_row][vc_row kd_background_image_position=&#8221;vc_row-bg-position-top&#8221;][vc_column]<header class=\"kd-section-title col-lg-12 text-center  subtitle-below-title   \" ><h1 class=\"separator_off\" >Richiedi una demo gratuita di OneDoc Pro<\/h1><\/header>[\/vc_column][\/vc_row][vc_row gap=&#8221;35&#8243; equal_height=&#8221;yes&#8221; content_placement=&#8221;top&#8221; kd_background_image_position=&#8221;vc_row-bg-position-top&#8221; css=&#8221;.vc_custom_1766078453558{padding-top: 20px !important;padding-bottom: 80px !important;}&#8221; css_tablet_portrait=&#8221;.vc_custom_1766078453558{padding-top: 20px !important;padding-right: 0px !important;padding-bottom: 60px !important;padding-left: 0px !important;}&#8221; css_mobile=&#8221;.vc_custom_1766078453559{padding-top: 60px !important;padding-right: 0px !important;padding-bottom: 60px !important;padding-left: 0px !important;}&#8221;][vc_column width=&#8221;1\/2&#8243; css_tablet_portrait=&#8221;.vc_custom_1756158428203{padding-top: 0px !important;padding-right: 0px !important;padding-left: 0px !important;}&#8221; css_mobile=&#8221;.vc_custom_1756158428203{padding-top: 0px !important;padding-right: 0px !important;padding-left: 0px !important;}&#8221; el_class=&#8221;form-shadow&#8221;][vc_raw_html css=&#8221;&#8221;]JTNDc2NyaXB0JTIwc3JjJTNEJTIyaHR0cHMlM0ElMkYlMkZqcy1ldTEuaHNmb3Jtcy5uZXQlMkZmb3JtcyUyRmVtYmVkJTJGNDY2MzI2MS5qcyUyMiUyMGRlZmVyJTNFJTNDJTJGc2NyaXB0JTNFJTBBJTNDZGl2JTIwY2xhc3MlM0QlMjJocy1mb3JtLWZyYW1lJTIyJTIwZGF0YS1yZWdpb24lM0QlMjJldTElMjIlMjBkYXRhLWZvcm0taWQlM0QlMjJjYTZkYTY3Ni05NzFmLTQzNWQtODMyNi0xOGM4YmVmMzFjOGQlMjIlMjBkYXRhLXBvcnRhbC1pZCUzRCUyMjQ2NjMyNjElMjIlM0UlM0MlMkZkaXYlM0U=[\/vc_raw_html][\/vc_column][vc_column width=&#8221;1\/2&#8243; css_tablet_landscape=&#8221;.vc_custom_1756158896136{padding-left: 0px !important;}&#8221; css_tablet_portrait=&#8221;.vc_custom_1756158896136{padding-left: 0px !important;}&#8221;][vc_column_text css=&#8221;&#8221;]<\/p>\n<ul>\n<li>Prenotazione online<\/li>\n<li>videoconsulto<\/li>\n<li>Fatturazione<\/li>\n<li>Gestione della tua reputazione online<\/li>\n<li>CRM per il monitoraggio dei pazienti<\/li>\n<li>\u2026e molto altro ancora!<\/li>\n<\/ul>\n<p>Tutto in un\u2019unica soluzione integrata, che si collega ai software medici che gi\u00e0 utilizzi, senza doppia registrazione. Con<strong> OneDoc Pro<\/strong> migliori l\u2019esperienza dei pazienti e risparmi tempo prezioso nella gestione amministrativa, cos\u00ec puoi dedicarti a ci\u00f2 che conta davvero: la cura.[\/vc_column_text][vc_row_inner gap=&#8221;20&#8243; kd_background_image_position=&#8221;vc_row-bg-position-top&#8221;][vc_column_inner width=&#8221;1\/2&#8243;][vc_single_image image=&#8221;26182&#8243; css=&#8221;&#8221;][\/vc_column_inner][vc_column_inner width=&#8221;1\/2&#8243;][vc_single_image image=&#8221;26186&#8243; css=&#8221;&#8221;][\/vc_column_inner][\/vc_row_inner][\/vc_column][\/vc_row][vc_row kd_background_image_position=&#8221;vc_row-bg-position-top&#8221;][vc_column]<header class=\"kd-section-title col-lg-12 text-center  subtitle-below-title   \" ><h4 class=\"separator_off\" >In Svizzera, 13.000+ professionisti sanitari usano OneDoc ogni giorno.<br \/>\nE tu, cosa aspetti?<\/h4><\/header><div class=\"slider clients no-effect kd-client-69ff681870de3  \"><div class=\"clients-content \" ><img loading=\"lazy\" decoding=\"async\" width=\"1024\" height=\"1024\" src=\"https:\/\/info.onedoc.ch\/wp-content\/uploads\/2025\/08\/Logo-Medbase.png\" class=\"attachment-full\" alt=\"\" title=\"Logo-Medbase\" srcset=\"https:\/\/info.onedoc.ch\/wp-content\/uploads\/2025\/08\/Logo-Medbase.png 1024w, https:\/\/info.onedoc.ch\/wp-content\/uploads\/2025\/08\/Logo-Medbase-300x300.png 300w, https:\/\/info.onedoc.ch\/wp-content\/uploads\/2025\/08\/Logo-Medbase-150x150.png 150w, https:\/\/info.onedoc.ch\/wp-content\/uploads\/2025\/08\/Logo-Medbase-768x768.png 768w, https:\/\/info.onedoc.ch\/wp-content\/uploads\/2025\/08\/Logo-Medbase-320x320.png 320w\" sizes=\"auto, (max-width: 1024px) 100vw, 1024px\" \/><\/div><div class=\"clients-content \" ><img loading=\"lazy\" decoding=\"async\" width=\"1024\" height=\"1024\" src=\"https:\/\/info.onedoc.ch\/wp-content\/uploads\/2025\/08\/permanence-medicale-fribourg-mediway.png\" class=\"attachment-full\" alt=\"\" title=\"permanence-medicale-fribourg-mediway\" srcset=\"https:\/\/info.onedoc.ch\/wp-content\/uploads\/2025\/08\/permanence-medicale-fribourg-mediway.png 1024w, https:\/\/info.onedoc.ch\/wp-content\/uploads\/2025\/08\/permanence-medicale-fribourg-mediway-300x300.png 300w, https:\/\/info.onedoc.ch\/wp-content\/uploads\/2025\/08\/permanence-medicale-fribourg-mediway-150x150.png 150w, https:\/\/info.onedoc.ch\/wp-content\/uploads\/2025\/08\/permanence-medicale-fribourg-mediway-768x768.png 768w, https:\/\/info.onedoc.ch\/wp-content\/uploads\/2025\/08\/permanence-medicale-fribourg-mediway-320x320.png 320w\" sizes=\"auto, (max-width: 1024px) 100vw, 1024px\" \/><\/div><div class=\"clients-content \" ><img loading=\"lazy\" decoding=\"async\" width=\"1024\" height=\"1024\" src=\"https:\/\/info.onedoc.ch\/wp-content\/uploads\/2025\/08\/centre-medical-mediway.png\" class=\"attachment-full\" alt=\"\" title=\"centre-medical-mediway\" srcset=\"https:\/\/info.onedoc.ch\/wp-content\/uploads\/2025\/08\/centre-medical-mediway.png 1024w, https:\/\/info.onedoc.ch\/wp-content\/uploads\/2025\/08\/centre-medical-mediway-300x300.png 300w, https:\/\/info.onedoc.ch\/wp-content\/uploads\/2025\/08\/centre-medical-mediway-150x150.png 150w, https:\/\/info.onedoc.ch\/wp-content\/uploads\/2025\/08\/centre-medical-mediway-768x768.png 768w, https:\/\/info.onedoc.ch\/wp-content\/uploads\/2025\/08\/centre-medical-mediway-320x320.png 320w\" sizes=\"auto, (max-width: 1024px) 100vw, 1024px\" \/><\/div><div class=\"clients-content \" ><img loading=\"lazy\" decoding=\"async\" width=\"1024\" height=\"1024\" src=\"https:\/\/info.onedoc.ch\/wp-content\/uploads\/2025\/08\/Logo-Coop-Vitality.png\" class=\"attachment-full\" alt=\"\" title=\"Logo-Coop-Vitality\" srcset=\"https:\/\/info.onedoc.ch\/wp-content\/uploads\/2025\/08\/Logo-Coop-Vitality.png 1024w, https:\/\/info.onedoc.ch\/wp-content\/uploads\/2025\/08\/Logo-Coop-Vitality-300x300.png 300w, https:\/\/info.onedoc.ch\/wp-content\/uploads\/2025\/08\/Logo-Coop-Vitality-150x150.png 150w, https:\/\/info.onedoc.ch\/wp-content\/uploads\/2025\/08\/Logo-Coop-Vitality-768x768.png 768w, https:\/\/info.onedoc.ch\/wp-content\/uploads\/2025\/08\/Logo-Coop-Vitality-320x320.png 320w\" sizes=\"auto, (max-width: 1024px) 100vw, 1024px\" \/><\/div><div class=\"clients-content \" ><img loading=\"lazy\" decoding=\"async\" width=\"1024\" height=\"1024\" src=\"https:\/\/info.onedoc.ch\/wp-content\/uploads\/2025\/08\/ono-oplus.png\" class=\"attachment-full\" alt=\"\" title=\"ono-oplus\" srcset=\"https:\/\/info.onedoc.ch\/wp-content\/uploads\/2025\/08\/ono-oplus.png 1024w, https:\/\/info.onedoc.ch\/wp-content\/uploads\/2025\/08\/ono-oplus-300x300.png 300w, https:\/\/info.onedoc.ch\/wp-content\/uploads\/2025\/08\/ono-oplus-150x150.png 150w, https:\/\/info.onedoc.ch\/wp-content\/uploads\/2025\/08\/ono-oplus-768x768.png 768w, https:\/\/info.onedoc.ch\/wp-content\/uploads\/2025\/08\/ono-oplus-320x320.png 320w\" sizes=\"auto, (max-width: 1024px) 100vw, 1024px\" \/><\/div><div class=\"clients-content \" ><img loading=\"lazy\" decoding=\"async\" width=\"1024\" height=\"1024\" src=\"https:\/\/info.onedoc.ch\/wp-content\/uploads\/2025\/08\/Logo-Hirslanden.png\" class=\"attachment-full\" alt=\"\" title=\"Logo-Hirslanden\" srcset=\"https:\/\/info.onedoc.ch\/wp-content\/uploads\/2025\/08\/Logo-Hirslanden.png 1024w, https:\/\/info.onedoc.ch\/wp-content\/uploads\/2025\/08\/Logo-Hirslanden-300x300.png 300w, https:\/\/info.onedoc.ch\/wp-content\/uploads\/2025\/08\/Logo-Hirslanden-150x150.png 150w, https:\/\/info.onedoc.ch\/wp-content\/uploads\/2025\/08\/Logo-Hirslanden-768x768.png 768w, https:\/\/info.onedoc.ch\/wp-content\/uploads\/2025\/08\/Logo-Hirslanden-320x320.png 320w\" sizes=\"auto, (max-width: 1024px) 100vw, 1024px\" \/><\/div><\/div><script>\r\n              jQuery(document).ready(function($){\r\n                if ($(\".slider.clients.kd-client-69ff681870de3\").length) {\r\n                  $(\".slider.clients.kd-client-69ff681870de3\").owlCarousel({\r\n                    stageClass: \"owl-wrapper\",\r\n                    stageOuterClass: \"owl-wrapper-outer\",\r\n                    loadedClass: \"owl-carousel\",\r\n                    responsiveClass:true,responsive:{\r\n                      0:{\r\n                          items:2,dots: false,},\r\n                      415:{\r\n                          items:3,dots: false,},\r\n                      960:{\r\n                          items:6,dots: false,}\r\n                    },\r\n                  });\r\n                }\r\n              });\r\n            <\/script>[\/vc_column][\/vc_row]<\/p>\n<\/div>","protected":false},"excerpt":{"rendered":"<p>[vc_row kd_background_image_position=&#8221;vc_row-bg-position-top&#8221; css=&#8221;.vc_custom_1756159653871{padding-top: 15px !important;padding-right: 8px !important;padding-bottom: 15px !important;padding-left: 8px !important;background-color: #FFFFFF [&hellip;]<\/p>\n","protected":false},"author":1,"featured_media":0,"parent":0,"menu_order":0,"comment_status":"closed","ping_status":"closed","template":"","meta":{"footnotes":""},"class_list":["post-26078","page","type-page","status-publish","hentry"],"yoast_head":"<!-- This site is optimized with the Yoast SEO Premium plugin v27.2 (Yoast SEO v27.5) - https:\/\/yoast.com\/product\/yoast-seo-premium-wordpress\/ -->\n<title>Richiedi una demo gratuita - OneDoc Pro<\/title>\n<meta name=\"description\" content=\"Il nostro team ti richiamer\u00e0 per mostrarti come OneDoc Pro pu\u00f2 aiutarti a modernizzare il tuo studio senza cambiare le tue abitudini.\" \/>\n<meta name=\"robots\" content=\"index, nofollow, max-snippet:-1, max-image-preview:large, max-video-preview:-1\" \/>\n<link rel=\"canonical\" href=\"https:\/\/info.onedoc.ch\/it\/scopri-onedoc-pro\/\" \/>\n<meta property=\"og:locale\" content=\"it_IT\" \/>\n<meta property=\"og:type\" content=\"article\" \/>\n<meta property=\"og:title\" content=\"Richiedi una demo gratuita - OneDoc Pro\" \/>\n<meta property=\"og:description\" content=\"Il nostro team ti richiamer\u00e0 per mostrarti come OneDoc Pro pu\u00f2 aiutarti a modernizzare il tuo studio senza cambiare le tue abitudini.\" \/>\n<meta property=\"og:url\" content=\"https:\/\/info.onedoc.ch\/it\/scopri-onedoc-pro\/\" \/>\n<meta property=\"og:site_name\" content=\"OneDoc Pro\" \/>\n<meta property=\"article:publisher\" content=\"https:\/\/www.facebook.com\/onedoc.ch\/\" \/>\n<meta property=\"article:modified_time\" content=\"2026-03-11T15:46:10+00:00\" \/>\n<meta name=\"twitter:card\" content=\"summary_large_image\" \/>\n<meta name=\"twitter:title\" content=\"Richiedi una demo gratuita - OneDoc Pro\" \/>\n<meta name=\"twitter:description\" content=\"Il nostro team ti richiamer\u00e0 per mostrarti come OneDoc Pro pu\u00f2 aiutarti a modernizzare il tuo studio senza cambiare le tue abitudini.\" \/>\n<meta name=\"twitter:site\" content=\"@onedoc_ch\" \/>\n<meta name=\"twitter:label1\" content=\"Est. reading time\" \/>\n\t<meta name=\"twitter:data1\" content=\"3 minuto\" \/>\n<script type=\"application\/ld+json\" class=\"yoast-schema-graph\">{\"@context\":\"https:\\\/\\\/schema.org\",\"@graph\":[{\"@type\":\"WebPage\",\"@id\":\"https:\\\/\\\/info.onedoc.ch\\\/it\\\/scopri-onedoc-pro\\\/\",\"url\":\"https:\\\/\\\/info.onedoc.ch\\\/it\\\/scopri-onedoc-pro\\\/\",\"name\":\"Richiedi una demo gratuita - OneDoc Pro\",\"isPartOf\":{\"@id\":\"https:\\\/\\\/info.onedoc.ch\\\/it\\\/#website\"},\"datePublished\":\"2025-08-25T20:18:38+00:00\",\"dateModified\":\"2026-03-11T15:46:10+00:00\",\"description\":\"Il nostro team ti richiamer\u00e0 per mostrarti come OneDoc Pro pu\u00f2 aiutarti a modernizzare il tuo studio senza cambiare le tue abitudini.\",\"inLanguage\":\"it-CH\",\"potentialAction\":[{\"@type\":\"ReadAction\",\"target\":[\"https:\\\/\\\/info.onedoc.ch\\\/it\\\/scopri-onedoc-pro\\\/\"]}]},{\"@type\":\"WebSite\",\"@id\":\"https:\\\/\\\/info.onedoc.ch\\\/it\\\/#website\",\"url\":\"https:\\\/\\\/info.onedoc.ch\\\/it\\\/\",\"name\":\"OneDoc Pro - Moins d\u2019administratif, plus de temps pour vos patients\",\"description\":\"L&#039;alli\u00e9 des professionnels de sant\u00e9 suisses au quotidien\",\"publisher\":{\"@id\":\"https:\\\/\\\/info.onedoc.ch\\\/it\\\/#organization\"},\"alternateName\":\"OneDoc Pro\",\"potentialAction\":[{\"@type\":\"SearchAction\",\"target\":{\"@type\":\"EntryPoint\",\"urlTemplate\":\"https:\\\/\\\/info.onedoc.ch\\\/it\\\/?s={search_term_string}\"},\"query-input\":{\"@type\":\"PropertyValueSpecification\",\"valueRequired\":true,\"valueName\":\"search_term_string\"}}],\"inLanguage\":\"it-CH\"},{\"@type\":\"Organization\",\"@id\":\"https:\\\/\\\/info.onedoc.ch\\\/it\\\/#organization\",\"name\":\"OneDoc\",\"alternateName\":\"OneDoc.ch\",\"url\":\"https:\\\/\\\/info.onedoc.ch\\\/it\\\/\",\"logo\":{\"@type\":\"ImageObject\",\"inLanguage\":\"it-CH\",\"@id\":\"https:\\\/\\\/info.onedoc.ch\\\/it\\\/#\\\/schema\\\/logo\\\/image\\\/\",\"url\":\"https:\\\/\\\/info.onedoc.ch\\\/wp-content\\\/uploads\\\/2025\\\/06\\\/doki-logo.png\",\"contentUrl\":\"https:\\\/\\\/info.onedoc.ch\\\/wp-content\\\/uploads\\\/2025\\\/06\\\/doki-logo.png\",\"width\":2134,\"height\":2134,\"caption\":\"OneDoc\"},\"image\":{\"@id\":\"https:\\\/\\\/info.onedoc.ch\\\/it\\\/#\\\/schema\\\/logo\\\/image\\\/\"},\"sameAs\":[\"https:\\\/\\\/www.facebook.com\\\/onedoc.ch\\\/\",\"https:\\\/\\\/x.com\\\/onedoc_ch\",\"https:\\\/\\\/www.instagram.com\\\/onedoc.ch\\\/\",\"https:\\\/\\\/www.linkedin.com\\\/company\\\/onedoc.ch\\\/\",\"https:\\\/\\\/www.youtube.com\\\/channel\\\/UCWnlE63em_m8ZioBA5n8Z6w\"],\"description\":\"OneDoc est la plateforme leader en Suisse pour la r\u00e9servation de rendez-vous m\u00e9dicaux. Les patients peuvent rechercher des milliers de professionnels de la sant\u00e9 suisses (m\u00e9decins, dentistes et th\u00e9rapeutes) et r\u00e9server un rendez-vous sur place ou une consultation vid\u00e9o en quelques clics, 24 heures sur 24.\",\"legalName\":\"OneDoc SA\",\"foundingDate\":\"2016-12-31\",\"numberOfEmployees\":{\"@type\":\"QuantitativeValue\",\"minValue\":\"51\",\"maxValue\":\"200\"}}]}<\/script>\n<!-- \/ Yoast SEO Premium plugin. -->","yoast_head_json":{"title":"Richiedi una demo gratuita - OneDoc Pro","description":"Il nostro team ti richiamer\u00e0 per mostrarti come OneDoc Pro pu\u00f2 aiutarti a modernizzare il tuo studio senza cambiare le tue abitudini.","robots":{"index":"index","follow":"nofollow","max-snippet":"max-snippet:-1","max-image-preview":"max-image-preview:large","max-video-preview":"max-video-preview:-1"},"canonical":"https:\/\/info.onedoc.ch\/it\/scopri-onedoc-pro\/","og_locale":"it_IT","og_type":"article","og_title":"Richiedi una demo gratuita - OneDoc Pro","og_description":"Il nostro team ti richiamer\u00e0 per mostrarti come OneDoc Pro pu\u00f2 aiutarti a modernizzare il tuo studio senza cambiare le tue abitudini.","og_url":"https:\/\/info.onedoc.ch\/it\/scopri-onedoc-pro\/","og_site_name":"OneDoc Pro","article_publisher":"https:\/\/www.facebook.com\/onedoc.ch\/","article_modified_time":"2026-03-11T15:46:10+00:00","twitter_card":"summary_large_image","twitter_title":"Richiedi una demo gratuita - OneDoc Pro","twitter_description":"Il nostro team ti richiamer\u00e0 per mostrarti come OneDoc Pro pu\u00f2 aiutarti a modernizzare il tuo studio senza cambiare le tue abitudini.","twitter_site":"@onedoc_ch","twitter_misc":{"Est. reading time":"3 minuto"},"schema":{"@context":"https:\/\/schema.org","@graph":[{"@type":"WebPage","@id":"https:\/\/info.onedoc.ch\/it\/scopri-onedoc-pro\/","url":"https:\/\/info.onedoc.ch\/it\/scopri-onedoc-pro\/","name":"Richiedi una demo gratuita - OneDoc Pro","isPartOf":{"@id":"https:\/\/info.onedoc.ch\/it\/#website"},"datePublished":"2025-08-25T20:18:38+00:00","dateModified":"2026-03-11T15:46:10+00:00","description":"Il nostro team ti richiamer\u00e0 per mostrarti come OneDoc Pro pu\u00f2 aiutarti a modernizzare il tuo studio senza cambiare le tue abitudini.","inLanguage":"it-CH","potentialAction":[{"@type":"ReadAction","target":["https:\/\/info.onedoc.ch\/it\/scopri-onedoc-pro\/"]}]},{"@type":"WebSite","@id":"https:\/\/info.onedoc.ch\/it\/#website","url":"https:\/\/info.onedoc.ch\/it\/","name":"OneDoc Pro - Moins d\u2019administratif, plus de temps pour vos patients","description":"L&#039;alli\u00e9 des professionnels de sant\u00e9 suisses au quotidien","publisher":{"@id":"https:\/\/info.onedoc.ch\/it\/#organization"},"alternateName":"OneDoc Pro","potentialAction":[{"@type":"SearchAction","target":{"@type":"EntryPoint","urlTemplate":"https:\/\/info.onedoc.ch\/it\/?s={search_term_string}"},"query-input":{"@type":"PropertyValueSpecification","valueRequired":true,"valueName":"search_term_string"}}],"inLanguage":"it-CH"},{"@type":"Organization","@id":"https:\/\/info.onedoc.ch\/it\/#organization","name":"OneDoc","alternateName":"OneDoc.ch","url":"https:\/\/info.onedoc.ch\/it\/","logo":{"@type":"ImageObject","inLanguage":"it-CH","@id":"https:\/\/info.onedoc.ch\/it\/#\/schema\/logo\/image\/","url":"https:\/\/info.onedoc.ch\/wp-content\/uploads\/2025\/06\/doki-logo.png","contentUrl":"https:\/\/info.onedoc.ch\/wp-content\/uploads\/2025\/06\/doki-logo.png","width":2134,"height":2134,"caption":"OneDoc"},"image":{"@id":"https:\/\/info.onedoc.ch\/it\/#\/schema\/logo\/image\/"},"sameAs":["https:\/\/www.facebook.com\/onedoc.ch\/","https:\/\/x.com\/onedoc_ch","https:\/\/www.instagram.com\/onedoc.ch\/","https:\/\/www.linkedin.com\/company\/onedoc.ch\/","https:\/\/www.youtube.com\/channel\/UCWnlE63em_m8ZioBA5n8Z6w"],"description":"OneDoc est la plateforme leader en Suisse pour la r\u00e9servation de rendez-vous m\u00e9dicaux. Les patients peuvent rechercher des milliers de professionnels de la sant\u00e9 suisses (m\u00e9decins, dentistes et th\u00e9rapeutes) et r\u00e9server un rendez-vous sur place ou une consultation vid\u00e9o en quelques clics, 24 heures sur 24.","legalName":"OneDoc SA","foundingDate":"2016-12-31","numberOfEmployees":{"@type":"QuantitativeValue","minValue":"51","maxValue":"200"}}]}},"_links":{"self":[{"href":"https:\/\/info.onedoc.ch\/it\/wp-json\/wp\/v2\/pages\/26078","targetHints":{"allow":["GET"]}}],"collection":[{"href":"https:\/\/info.onedoc.ch\/it\/wp-json\/wp\/v2\/pages"}],"about":[{"href":"https:\/\/info.onedoc.ch\/it\/wp-json\/wp\/v2\/types\/page"}],"author":[{"embeddable":true,"href":"https:\/\/info.onedoc.ch\/it\/wp-json\/wp\/v2\/users\/1"}],"replies":[{"embeddable":true,"href":"https:\/\/info.onedoc.ch\/it\/wp-json\/wp\/v2\/comments?post=26078"}],"version-history":[{"count":16,"href":"https:\/\/info.onedoc.ch\/it\/wp-json\/wp\/v2\/pages\/26078\/revisions"}],"predecessor-version":[{"id":38200,"href":"https:\/\/info.onedoc.ch\/it\/wp-json\/wp\/v2\/pages\/26078\/revisions\/38200"}],"wp:attachment":[{"href":"https:\/\/info.onedoc.ch\/it\/wp-json\/wp\/v2\/media?parent=26078"}],"curies":[{"name":"wp","href":"https:\/\/api.w.org\/{rel}","templated":true}]}}