{"id":22957,"date":"2025-08-12T07:06:41","date_gmt":"2025-08-12T05:06:41","guid":{"rendered":"https:\/\/info.1doc.ch\/politique-cookies\/"},"modified":"2025-08-25T11:50:16","modified_gmt":"2025-08-25T09:50:16","slug":"politica-sui-cookie","status":"publish","type":"page","link":"https:\/\/info.onedoc.ch\/it\/politica-sui-cookie\/","title":{"rendered":"Politica sui cookie"},"content":{"rendered":"<div class=\"wpb-content-wrapper\"><p>[vc_row gap=&#8221;30&#8243; kd_background_image_position=&#8221;vc_row-bg-position-top&#8221; css=&#8221;.vc_custom_1753103330024{padding-top: 100px !important;}&#8221; css_tablet_portrait=&#8221;.vc_custom_1753103330024{padding-top: 0px !important;padding-right: 0px !important;padding-left: 0px !important;}&#8221; css_mobile=&#8221;.vc_custom_1753103330024{padding-top: 0px !important;padding-right: 0px !important;padding-bottom: 0px !important;padding-left: 0px !important;}&#8221;][vc_column css_tablet_portrait=&#8221;.vc_custom_1752046134800{padding-top: 0px !important;padding-right: 0px !important;padding-left: 0px !important;}&#8221; css_mobile=&#8221;.vc_custom_1752046134800{padding-top: 0px !important;padding-right: 0px !important;padding-left: 0px !important;}&#8221;]<div  class=\"breadcrumbs breadcrumbs-shortcode bcn-left\" typeof=\"BreadcrumbList\" vocab=\"https:\/\/schema.org\/\" ><span property=\"itemListElement\" typeof=\"ListItem\"><a property=\"item\" typeof=\"WebPage\" title=\"Go to OneDoc Pro.\" href=\"https:\/\/info.onedoc.ch\/it\/\" class=\"home\" ><span property=\"name\">OneDoc Pro<\/span><\/a><meta property=\"position\" content=\"1\"><\/span> &gt; <span property=\"itemListElement\" typeof=\"ListItem\"><a property=\"item\" typeof=\"WebPage\" title=\"Go to Blog.\" href=\"https:\/\/info.onedoc.ch\/it\/blog\/\" class=\"post-root post post-post\" aria-current=\"page\"><span property=\"name\">Blog<\/span><\/a><meta property=\"position\" content=\"2\"><\/span><\/div>[\/vc_column][\/vc_row][vc_row gap=&#8221;30&#8243; kd_background_image_position=&#8221;vc_row-bg-position-top&#8221; css_tablet_portrait=&#8221;.vc_custom_1753104252986{padding-top: 0px !important;padding-right: 0px !important;padding-bottom: 40px !important;padding-left: 0px !important;}&#8221; css_mobile=&#8221;.vc_custom_1753104252987{padding-top: 0px !important;padding-right: 0px !important;padding-bottom: 40px !important;padding-left: 0px !important;}&#8221; css=&#8221;.vc_custom_1753104252986{padding-bottom: 50px !important;}&#8221;][vc_column css_tablet_portrait=&#8221;.vc_custom_1752046134800{padding-top: 0px !important;padding-right: 0px !important;padding-left: 0px !important;}&#8221; css_mobile=&#8221;.vc_custom_1752046134800{padding-top: 0px !important;padding-right: 0px !important;padding-left: 0px !important;}&#8221;]<header class=\"kd-section-title col-lg-12 text-center  subtitle-below-title  no-padding-on-mobile \" ><h1 class=\"separator_off\" >Politica sui cookie del sito info.onedoc.ch<\/h1><\/header><header class=\"kd-section-title col-lg-8 vc_col-sm-8 text-center  subtitle-below-title  no-padding-on-mobile \" ><p class=\"separator_off\" >Data di aggiornamento: 12 agosto 2025<\/p><\/header>[\/vc_column][\/vc_row][vc_row full_width=&#8221;stretch_row&#8221; gap=&#8221;30&#8243; content_placement=&#8221;middle&#8221; kd_background_image_position=&#8221;vc_row-bg-position-top&#8221; css=&#8221;.vc_custom_1753104570534{padding-top: 80px !important;padding-bottom: 160px !important;}&#8221; css_tablet_landscape=&#8221;.vc_custom_1753104570534{padding-top: 80px !important;padding-bottom: 160px !important;}&#8221; css_mobile=&#8221;.vc_custom_1753104570534{padding-top: 40px !important;padding-bottom: 80px !important;}&#8221; css_tablet_portrait=&#8221;.vc_custom_1753104570534{padding-top: 40px !important;padding-bottom: 80px !important;}&#8221;][vc_column][vc_row_inner content_placement=&#8221;middle&#8221; kd_background_image_position=&#8221;vc_row-bg-position-top&#8221; css=&#8221;.vc_custom_1752761323490{padding-top: 60px !important;padding-bottom: 60px !important;background-color: #39121200 !important;border-color: #FF2F2F00 !important;}&#8221;][vc_column_inner offset=&#8221;vc_col-lg-offset-0 vc_col-lg-12 vc_col-md-offset-0 vc_col-md-12 vc_col-sm-offset-0 vc_col-xs-12&#8243; css_tablet_portrait=&#8221;.vc_custom_1754982565538{padding-top: 0px !important;padding-right: 0px !important;padding-bottom: 0px !important;padding-left: 0px !important;}&#8221; css_mobile=&#8221;.vc_custom_1754982565538{padding-top: 0px !important;padding-right: 0px !important;padding-bottom: 50px !important;padding-left: 0px !important;}&#8221; css_tablet_landscape=&#8221;.vc_custom_1754982565538{padding-bottom: 0px !important;}&#8221;]<header class=\"kd-section-title col-lg-12 text-left  subtitle-below-title   \" ><h6 class=\"separator_off\" style=\"margin-bottom:30px;\">1. Oggetto della presente politica<\/h6><\/header>[vc_column_text css=&#8221;&#8221;]La presente informativa illustra l&#8217;utilizzo dei cookie e di altri tracciatori durante la navigazione sul sito info.onedoc.ch, pubblicato da OneDoc SA e destinato ai professionisti sanitari.<\/p>\n<p>Qui descriviamo:<\/p>\n<ul>\n<li>Cosa sono i cookie e i tracciatori.<\/li>\n<li>Le finalit\u00e0 per cui noi le utilizziamo.<\/li>\n<li>I mezzi a vostra disposizione per accettarli, rifiutarli o configurarli.<\/li>\n<\/ul>\n<p>Rispettiamo la Legge federale sulla protezione dei dati (LPD), l&#8217;Ordinanza sulla protezione dei dati (OCPD \/ VDSZ) e il Regolamento generale sulla protezione dei dati (RGPD), ove applicabile.[\/vc_column_text][\/vc_column_inner][\/vc_row_inner][vc_row_inner content_placement=&#8221;middle&#8221; kd_background_image_position=&#8221;vc_row-bg-position-top&#8221; css=&#8221;.vc_custom_1752761323490{padding-top: 60px !important;padding-bottom: 60px !important;background-color: #39121200 !important;border-color: #FF2F2F00 !important;}&#8221;][vc_column_inner offset=&#8221;vc_col-lg-offset-0 vc_col-lg-12 vc_col-md-offset-0 vc_col-md-12 vc_col-sm-offset-0 vc_col-xs-12&#8243; css_tablet_portrait=&#8221;.vc_custom_1754982565538{padding-top: 0px !important;padding-right: 0px !important;padding-bottom: 0px !important;padding-left: 0px !important;}&#8221; css_mobile=&#8221;.vc_custom_1754982565538{padding-top: 0px !important;padding-right: 0px !important;padding-bottom: 50px !important;padding-left: 0px !important;}&#8221; css_tablet_landscape=&#8221;.vc_custom_1754982565538{padding-bottom: 0px !important;}&#8221;]<header class=\"kd-section-title col-lg-12 text-left  subtitle-below-title   \" ><h6 class=\"separator_off\" style=\"margin-bottom:30px;\">2. Che cos'\u00e8 un cookie o un tracciatore?<\/h6><\/header>[vc_column_text css=&#8221;&#8221;]Un cookie \u00e8 un piccolo file di testo che viene memorizzato e letto durante la navigazione su un sito Internet, indipendentemente dal dispositivo utilizzato (computer, smartphone, tablet).<\/p>\n<p>Altre tecnologie possono svolgere funzioni simili, come pixel, tag o archiviazioni locali (Local Storage \/ Session Storage).[\/vc_column_text][\/vc_column_inner][\/vc_row_inner][vc_row_inner content_placement=&#8221;middle&#8221; kd_background_image_position=&#8221;vc_row-bg-position-top&#8221; css=&#8221;.vc_custom_1752761323490{padding-top: 60px !important;padding-bottom: 60px !important;background-color: #39121200 !important;border-color: #FF2F2F00 !important;}&#8221;][vc_column_inner offset=&#8221;vc_col-lg-offset-0 vc_col-lg-12 vc_col-md-offset-0 vc_col-md-12 vc_col-sm-offset-0 vc_col-xs-12&#8243; css_tablet_portrait=&#8221;.vc_custom_1754982565538{padding-top: 0px !important;padding-right: 0px !important;padding-bottom: 0px !important;padding-left: 0px !important;}&#8221; css_mobile=&#8221;.vc_custom_1754982565538{padding-top: 0px !important;padding-right: 0px !important;padding-bottom: 50px !important;padding-left: 0px !important;}&#8221; css_tablet_landscape=&#8221;.vc_custom_1754982565538{padding-bottom: 0px !important;}&#8221;]<header class=\"kd-section-title col-lg-12 text-left  subtitle-below-title   \" ><h6 class=\"separator_off\" style=\"margin-bottom:30px;\">3. Quali tipi di cookie utilizziamo?<\/h6><\/header>[vc_column_text css=&#8221;&#8221;]Utilizziamo diversi tipi di cookie e tracciatori:<\/p>\n<p>&nbsp;<\/p>\n<table>\n<tbody>\n<tr>\n<th>Categoria<\/th>\n<th>Descrizione<\/th>\n<th>Esempio di servizi utilizzati<\/th>\n<\/tr>\n<tr>\n<td>Cookie strettamente necessari<\/td>\n<td>Indispensabili per il funzionamento del sito o per la fornitura di un servizio da voi richiesto.<\/td>\n<td>Gestione delle preferenze linguistiche, gestione del consenso.<\/td>\n<\/tr>\n<tr>\n<td>Cookie analitici<\/td>\n<td>Misurano l&#8217;audience e comprendono la navigazione degli utenti al fine di migliorare i nostri servizi.<\/td>\n<td>Google Analytics, metriche interne OneDoc.<\/td>\n<\/tr>\n<tr>\n<td>Cookie di marketing\/pubblicitari<\/td>\n<td>Personalizzano i contenuti pubblicitari e misurano l&#8217;efficacia delle nostre campagne.<\/td>\n<td>Google Ads, Meta Ads, LinkedIn Ads, HubSpot.<\/td>\n<\/tr>\n<\/tbody>\n<\/table>\n<p>[\/vc_column_text][\/vc_column_inner][\/vc_row_inner][vc_row_inner content_placement=&#8221;middle&#8221; kd_background_image_position=&#8221;vc_row-bg-position-top&#8221; css=&#8221;.vc_custom_1752761323490{padding-top: 60px !important;padding-bottom: 60px !important;background-color: #39121200 !important;border-color: #FF2F2F00 !important;}&#8221;][vc_column_inner offset=&#8221;vc_col-lg-offset-0 vc_col-lg-12 vc_col-md-offset-0 vc_col-md-12 vc_col-sm-offset-0 vc_col-xs-12&#8243; css_tablet_portrait=&#8221;.vc_custom_1754982565538{padding-top: 0px !important;padding-right: 0px !important;padding-bottom: 0px !important;padding-left: 0px !important;}&#8221; css_mobile=&#8221;.vc_custom_1754982565538{padding-top: 0px !important;padding-right: 0px !important;padding-bottom: 50px !important;padding-left: 0px !important;}&#8221; css_tablet_landscape=&#8221;.vc_custom_1754982565538{padding-bottom: 0px !important;}&#8221;]<header class=\"kd-section-title col-lg-12 text-left  subtitle-below-title   \" ><h6 class=\"separator_off\" style=\"margin-bottom:30px;\">4. Elenco dei cookie e dei tracciatori utilizzati<\/h6><\/header>[vc_column_text css=&#8221;&#8221;]Utilizziamo diversi tipi di cookie e tracciatori:<\/p>\n<table>\n<thead>\n<tr>\n<th>Nome del cookie e partner<\/th>\n<th>Finalit\u00e0<\/th>\n<th>Periodo di conservazione<\/th>\n<\/tr>\n<\/thead>\n<tbody>\n<tr>\n<td>_ga_# (Google Analytics)<\/td>\n<td>Statistiche<\/td>\n<td>13 mesi<\/td>\n<\/tr>\n<tr>\n<td>_ga (Google Analytics)<\/td>\n<td>Statistiche<\/td>\n<td>13 mesi<\/td>\n<\/tr>\n<tr>\n<td>FPID (OneDoc Metrics)<\/td>\n<td>Statistiche<\/td>\n<td>24 mesi<\/td>\n<\/tr>\n<tr>\n<td>FPLC (OneDoc Metrics)<\/td>\n<td>Statistiche<\/td>\n<td>1 giorno<\/td>\n<\/tr>\n<tr>\n<td>FPAU (OneDoc Metrics)<\/td>\n<td>Statistiche<\/td>\n<td>3 mesi<\/td>\n<\/tr>\n<tr>\n<td>euconsent (Didomi)<\/td>\n<td>Gestione del consenso<\/td>\n<td>13 mesi<\/td>\n<\/tr>\n<tr>\n<td>didomi_dcs (Didomi)<\/td>\n<td>Gestione del consenso<\/td>\n<td>13 mesi<\/td>\n<\/tr>\n<tr>\n<td>forms-eu1.hsforms.com_\/embed\/v3\/coun (HubSpot)<\/td>\n<td>Moduli<\/td>\n<td>Sessione \/ sconosciuto<\/td>\n<\/tr>\n<tr>\n<td>__cf_bm (HubSpot)<\/td>\n<td>Sicurezza<\/td>\n<td>0 giorni<\/td>\n<\/tr>\n<tr>\n<td>_cfuvid (HubSpot)<\/td>\n<td>Sicurezza<\/td>\n<td>Sessione \/ sconosciuto<\/td>\n<\/tr>\n<tr>\n<td>wp-wpml_current_language (OneDocINFO)<\/td>\n<td>Preferenze di lingua<\/td>\n<td>Sessione \/ sconosciuto<\/td>\n<\/tr>\n<tr>\n<td>didomi_dcs (OneDocINFO)<\/td>\n<td>Gestione del consenso<\/td>\n<td>Sessione \/ sconosciuto<\/td>\n<\/tr>\n<tr>\n<td>euconsent (OneDocINFO)<\/td>\n<td>Gestione del consenso<\/td>\n<td>Sessione \/ sconosciuto<\/td>\n<\/tr>\n<\/tbody>\n<\/table>\n<p>[\/vc_column_text][\/vc_column_inner][\/vc_row_inner][vc_row_inner content_placement=&#8221;middle&#8221; kd_background_image_position=&#8221;vc_row-bg-position-top&#8221; css=&#8221;.vc_custom_1752761323490{padding-top: 60px !important;padding-bottom: 60px !important;background-color: #39121200 !important;border-color: #FF2F2F00 !important;}&#8221;][vc_column_inner offset=&#8221;vc_col-lg-offset-0 vc_col-lg-12 vc_col-md-offset-0 vc_col-md-12 vc_col-sm-offset-0 vc_col-xs-12&#8243; css_tablet_portrait=&#8221;.vc_custom_1754982565538{padding-top: 0px !important;padding-right: 0px !important;padding-bottom: 0px !important;padding-left: 0px !important;}&#8221; css_mobile=&#8221;.vc_custom_1754982565538{padding-top: 0px !important;padding-right: 0px !important;padding-bottom: 50px !important;padding-left: 0px !important;}&#8221; css_tablet_landscape=&#8221;.vc_custom_1754982565538{padding-bottom: 0px !important;}&#8221;]<header class=\"kd-section-title col-lg-12 text-left  subtitle-below-title   \" ><h6 class=\"separator_off\" style=\"margin-bottom:30px;\">5. Partner pubblicitari e analitici<\/h6><\/header>[vc_column_text css=&#8221;&#8221;]Anche se alcuni partner non memorizzano cookie sul tuo browser (ad es. configurazione lato server), potrebbero comunque essere effettuati trattamenti dei dati.<\/p>\n<p>Lavoriamo in particolare con:<\/p>\n<ul>\n<li>Google Analytics (misurazione dell&#8217;audience)<\/li>\n<li>Google Ads (pubblicit\u00e0 e remarketing)<\/li>\n<li>Meta Ads (Facebook, Instagram) (pubblicit\u00e0 e remarketing)<\/li>\n<li>LinkedIn Ads (pubblicit\u00e0 B2B)<\/li>\n<\/ul>\n<p>[\/vc_column_text][\/vc_column_inner][\/vc_row_inner][vc_row_inner content_placement=&#8221;middle&#8221; kd_background_image_position=&#8221;vc_row-bg-position-top&#8221; css=&#8221;.vc_custom_1752761323490{padding-top: 60px !important;padding-bottom: 60px !important;background-color: #39121200 !important;border-color: #FF2F2F00 !important;}&#8221;][vc_column_inner offset=&#8221;vc_col-lg-offset-0 vc_col-lg-12 vc_col-md-offset-0 vc_col-md-12 vc_col-sm-offset-0 vc_col-xs-12&#8243; css_tablet_portrait=&#8221;.vc_custom_1754982565538{padding-top: 0px !important;padding-right: 0px !important;padding-bottom: 0px !important;padding-left: 0px !important;}&#8221; css_mobile=&#8221;.vc_custom_1754982565538{padding-top: 0px !important;padding-right: 0px !important;padding-bottom: 50px !important;padding-left: 0px !important;}&#8221; css_tablet_landscape=&#8221;.vc_custom_1754982565538{padding-bottom: 0px !important;}&#8221;]<header class=\"kd-section-title col-lg-12 text-left  subtitle-below-title   \" ><h6 class=\"separator_off\" style=\"margin-bottom:30px;\">6. Gestione delle preferenze<\/h6><\/header>[vc_column_text css=&#8221;&#8221;]Puoi gestire le tue preferenze in qualsiasi momento tramite il nostro banner sui cookie o cliccando su &#8220;Impostazioni cookie&#8221; in fondo alla pagina. Puoi anche:<\/p>\n<ul>\n<li>Configurare il browser per bloccare o eliminare i cookie.<\/li>\n<li>Revoca il tuo consenso tramite il nostro strumento Didomi.<\/li>\n<\/ul>\n<p>[\/vc_column_text][\/vc_column_inner][\/vc_row_inner][vc_row_inner content_placement=&#8221;middle&#8221; kd_background_image_position=&#8221;vc_row-bg-position-top&#8221; css=&#8221;.vc_custom_1752761323490{padding-top: 60px !important;padding-bottom: 60px !important;background-color: #39121200 !important;border-color: #FF2F2F00 !important;}&#8221;][vc_column_inner offset=&#8221;vc_col-lg-offset-0 vc_col-lg-12 vc_col-md-offset-0 vc_col-md-12 vc_col-sm-offset-0 vc_col-xs-12&#8243; css_tablet_portrait=&#8221;.vc_custom_1754982565538{padding-top: 0px !important;padding-right: 0px !important;padding-bottom: 0px !important;padding-left: 0px !important;}&#8221; css_mobile=&#8221;.vc_custom_1754982565538{padding-top: 0px !important;padding-right: 0px !important;padding-bottom: 50px !important;padding-left: 0px !important;}&#8221; css_tablet_landscape=&#8221;.vc_custom_1754982565538{padding-bottom: 0px !important;}&#8221;]<header class=\"kd-section-title col-lg-12 text-left  subtitle-below-title   \" ><h6 class=\"separator_off\" style=\"margin-bottom:30px;\">7. Aggiornamenti<\/h6><\/header>[vc_column_text css=&#8221;&#8221;]La presente politica pu\u00f2 essere modificata per riflettere eventuali cambiamenti legali, tecnici o organizzativi. Ti invitiamo a consultarla regolarmente.[\/vc_column_text][\/vc_column_inner][\/vc_row_inner][\/vc_column][\/vc_row]<\/p>\n<\/div>","protected":false},"excerpt":{"rendered":"<p>[vc_row gap=&#8221;30&#8243; kd_background_image_position=&#8221;vc_row-bg-position-top&#8221; css=&#8221;.vc_custom_1753103330024{padding-top: 100px !important;}&#8221; css_tablet_portrait=&#8221;.vc_custom_1753103330024{padding-top: 0px !important;padding-right: 0px !important;padding-left: 0px [&hellip;]<\/p>\n","protected":false},"author":1,"featured_media":0,"parent":0,"menu_order":0,"comment_status":"closed","ping_status":"closed","template":"","meta":{"footnotes":""},"class_list":["post-22957","page","type-page","status-publish","hentry"],"yoast_head":"<!-- This site is optimized with the Yoast SEO Premium plugin v27.2 (Yoast SEO v27.5) - https:\/\/yoast.com\/product\/yoast-seo-premium-wordpress\/ -->\n<title>Politica sui cookie - OneDoc Pro<\/title>\n<meta name=\"description\" content=\"Informati sulla politica di gestione dei cookie di OneDoc Pro e sul suo impatto sulla tua esperienza utente.\" \/>\n<meta name=\"robots\" content=\"noindex, nofollow\" \/>\n<meta property=\"og:locale\" content=\"it_IT\" \/>\n<meta property=\"og:type\" content=\"article\" \/>\n<meta property=\"og:title\" content=\"Politica sui cookie - OneDoc Pro\" \/>\n<meta property=\"og:description\" content=\"Informati sulla politica di gestione dei cookie di OneDoc Pro e sul suo impatto sulla tua esperienza utente.\" \/>\n<meta property=\"og:url\" content=\"https:\/\/info.onedoc.ch\/it\/politica-sui-cookie\/\" \/>\n<meta property=\"og:site_name\" content=\"OneDoc Pro\" \/>\n<meta property=\"article:publisher\" content=\"https:\/\/www.facebook.com\/onedoc.ch\/\" \/>\n<meta property=\"article:modified_time\" content=\"2025-08-25T09:50:16+00:00\" \/>\n<meta name=\"twitter:card\" content=\"summary_large_image\" \/>\n<meta name=\"twitter:title\" content=\"Politica sui cookie - OneDoc Pro\" \/>\n<meta name=\"twitter:description\" content=\"Informati sulla politica di gestione dei cookie di OneDoc Pro e sul suo impatto sulla tua esperienza utente.\" \/>\n<meta name=\"twitter:site\" content=\"@onedoc_ch\" \/>\n<meta name=\"twitter:label1\" content=\"Est. reading time\" \/>\n\t<meta name=\"twitter:data1\" content=\"5 minuto\" \/>\n<script type=\"application\/ld+json\" class=\"yoast-schema-graph\">{\"@context\":\"https:\\\/\\\/schema.org\",\"@graph\":[{\"@type\":\"WebPage\",\"@id\":\"https:\\\/\\\/info.onedoc.ch\\\/it\\\/politica-sui-cookie\\\/\",\"url\":\"https:\\\/\\\/info.onedoc.ch\\\/it\\\/politica-sui-cookie\\\/\",\"name\":\"Politica sui cookie - OneDoc Pro\",\"isPartOf\":{\"@id\":\"https:\\\/\\\/info.onedoc.ch\\\/it\\\/#website\"},\"datePublished\":\"2025-08-12T05:06:41+00:00\",\"dateModified\":\"2025-08-25T09:50:16+00:00\",\"description\":\"Informati sulla politica di gestione dei cookie di OneDoc Pro e sul suo impatto sulla tua esperienza utente.\",\"inLanguage\":\"it-CH\",\"potentialAction\":[{\"@type\":\"ReadAction\",\"target\":[\"https:\\\/\\\/info.onedoc.ch\\\/it\\\/politica-sui-cookie\\\/\"]}]},{\"@type\":\"WebSite\",\"@id\":\"https:\\\/\\\/info.onedoc.ch\\\/it\\\/#website\",\"url\":\"https:\\\/\\\/info.onedoc.ch\\\/it\\\/\",\"name\":\"OneDoc Pro - Moins d\u2019administratif, plus de temps pour vos patients\",\"description\":\"L&#039;alli\u00e9 des professionnels de sant\u00e9 suisses au quotidien\",\"publisher\":{\"@id\":\"https:\\\/\\\/info.onedoc.ch\\\/it\\\/#organization\"},\"alternateName\":\"OneDoc Pro\",\"potentialAction\":[{\"@type\":\"SearchAction\",\"target\":{\"@type\":\"EntryPoint\",\"urlTemplate\":\"https:\\\/\\\/info.onedoc.ch\\\/it\\\/?s={search_term_string}\"},\"query-input\":{\"@type\":\"PropertyValueSpecification\",\"valueRequired\":true,\"valueName\":\"search_term_string\"}}],\"inLanguage\":\"it-CH\"},{\"@type\":\"Organization\",\"@id\":\"https:\\\/\\\/info.onedoc.ch\\\/it\\\/#organization\",\"name\":\"OneDoc\",\"alternateName\":\"OneDoc.ch\",\"url\":\"https:\\\/\\\/info.onedoc.ch\\\/it\\\/\",\"logo\":{\"@type\":\"ImageObject\",\"inLanguage\":\"it-CH\",\"@id\":\"https:\\\/\\\/info.onedoc.ch\\\/it\\\/#\\\/schema\\\/logo\\\/image\\\/\",\"url\":\"https:\\\/\\\/info.onedoc.ch\\\/wp-content\\\/uploads\\\/2025\\\/06\\\/doki-logo.png\",\"contentUrl\":\"https:\\\/\\\/info.onedoc.ch\\\/wp-content\\\/uploads\\\/2025\\\/06\\\/doki-logo.png\",\"width\":2134,\"height\":2134,\"caption\":\"OneDoc\"},\"image\":{\"@id\":\"https:\\\/\\\/info.onedoc.ch\\\/it\\\/#\\\/schema\\\/logo\\\/image\\\/\"},\"sameAs\":[\"https:\\\/\\\/www.facebook.com\\\/onedoc.ch\\\/\",\"https:\\\/\\\/x.com\\\/onedoc_ch\",\"https:\\\/\\\/www.instagram.com\\\/onedoc.ch\\\/\",\"https:\\\/\\\/www.linkedin.com\\\/company\\\/onedoc.ch\\\/\",\"https:\\\/\\\/www.youtube.com\\\/channel\\\/UCWnlE63em_m8ZioBA5n8Z6w\"],\"description\":\"OneDoc est la plateforme leader en Suisse pour la r\u00e9servation de rendez-vous m\u00e9dicaux. Les patients peuvent rechercher des milliers de professionnels de la sant\u00e9 suisses (m\u00e9decins, dentistes et th\u00e9rapeutes) et r\u00e9server un rendez-vous sur place ou une consultation vid\u00e9o en quelques clics, 24 heures sur 24.\",\"legalName\":\"OneDoc SA\",\"foundingDate\":\"2016-12-31\",\"numberOfEmployees\":{\"@type\":\"QuantitativeValue\",\"minValue\":\"51\",\"maxValue\":\"200\"}}]}<\/script>\n<!-- \/ Yoast SEO Premium plugin. -->","yoast_head_json":{"title":"Politica sui cookie - OneDoc Pro","description":"Informati sulla politica di gestione dei cookie di OneDoc Pro e sul suo impatto sulla tua esperienza utente.","robots":{"index":"noindex","follow":"nofollow"},"og_locale":"it_IT","og_type":"article","og_title":"Politica sui cookie - OneDoc Pro","og_description":"Informati sulla politica di gestione dei cookie di OneDoc Pro e sul suo impatto sulla tua esperienza utente.","og_url":"https:\/\/info.onedoc.ch\/it\/politica-sui-cookie\/","og_site_name":"OneDoc Pro","article_publisher":"https:\/\/www.facebook.com\/onedoc.ch\/","article_modified_time":"2025-08-25T09:50:16+00:00","twitter_card":"summary_large_image","twitter_title":"Politica sui cookie - OneDoc Pro","twitter_description":"Informati sulla politica di gestione dei cookie di OneDoc Pro e sul suo impatto sulla tua esperienza utente.","twitter_site":"@onedoc_ch","twitter_misc":{"Est. reading time":"5 minuto"},"schema":{"@context":"https:\/\/schema.org","@graph":[{"@type":"WebPage","@id":"https:\/\/info.onedoc.ch\/it\/politica-sui-cookie\/","url":"https:\/\/info.onedoc.ch\/it\/politica-sui-cookie\/","name":"Politica sui cookie - OneDoc Pro","isPartOf":{"@id":"https:\/\/info.onedoc.ch\/it\/#website"},"datePublished":"2025-08-12T05:06:41+00:00","dateModified":"2025-08-25T09:50:16+00:00","description":"Informati sulla politica di gestione dei cookie di OneDoc Pro e sul suo impatto sulla tua esperienza utente.","inLanguage":"it-CH","potentialAction":[{"@type":"ReadAction","target":["https:\/\/info.onedoc.ch\/it\/politica-sui-cookie\/"]}]},{"@type":"WebSite","@id":"https:\/\/info.onedoc.ch\/it\/#website","url":"https:\/\/info.onedoc.ch\/it\/","name":"OneDoc Pro - Moins d\u2019administratif, plus de temps pour vos patients","description":"L&#039;alli\u00e9 des professionnels de sant\u00e9 suisses au quotidien","publisher":{"@id":"https:\/\/info.onedoc.ch\/it\/#organization"},"alternateName":"OneDoc Pro","potentialAction":[{"@type":"SearchAction","target":{"@type":"EntryPoint","urlTemplate":"https:\/\/info.onedoc.ch\/it\/?s={search_term_string}"},"query-input":{"@type":"PropertyValueSpecification","valueRequired":true,"valueName":"search_term_string"}}],"inLanguage":"it-CH"},{"@type":"Organization","@id":"https:\/\/info.onedoc.ch\/it\/#organization","name":"OneDoc","alternateName":"OneDoc.ch","url":"https:\/\/info.onedoc.ch\/it\/","logo":{"@type":"ImageObject","inLanguage":"it-CH","@id":"https:\/\/info.onedoc.ch\/it\/#\/schema\/logo\/image\/","url":"https:\/\/info.onedoc.ch\/wp-content\/uploads\/2025\/06\/doki-logo.png","contentUrl":"https:\/\/info.onedoc.ch\/wp-content\/uploads\/2025\/06\/doki-logo.png","width":2134,"height":2134,"caption":"OneDoc"},"image":{"@id":"https:\/\/info.onedoc.ch\/it\/#\/schema\/logo\/image\/"},"sameAs":["https:\/\/www.facebook.com\/onedoc.ch\/","https:\/\/x.com\/onedoc_ch","https:\/\/www.instagram.com\/onedoc.ch\/","https:\/\/www.linkedin.com\/company\/onedoc.ch\/","https:\/\/www.youtube.com\/channel\/UCWnlE63em_m8ZioBA5n8Z6w"],"description":"OneDoc est la plateforme leader en Suisse pour la r\u00e9servation de rendez-vous m\u00e9dicaux. Les patients peuvent rechercher des milliers de professionnels de la sant\u00e9 suisses (m\u00e9decins, dentistes et th\u00e9rapeutes) et r\u00e9server un rendez-vous sur place ou une consultation vid\u00e9o en quelques clics, 24 heures sur 24.","legalName":"OneDoc SA","foundingDate":"2016-12-31","numberOfEmployees":{"@type":"QuantitativeValue","minValue":"51","maxValue":"200"}}]}},"_links":{"self":[{"href":"https:\/\/info.onedoc.ch\/it\/wp-json\/wp\/v2\/pages\/22957","targetHints":{"allow":["GET"]}}],"collection":[{"href":"https:\/\/info.onedoc.ch\/it\/wp-json\/wp\/v2\/pages"}],"about":[{"href":"https:\/\/info.onedoc.ch\/it\/wp-json\/wp\/v2\/types\/page"}],"author":[{"embeddable":true,"href":"https:\/\/info.onedoc.ch\/it\/wp-json\/wp\/v2\/users\/1"}],"replies":[{"embeddable":true,"href":"https:\/\/info.onedoc.ch\/it\/wp-json\/wp\/v2\/comments?post=22957"}],"version-history":[{"count":5,"href":"https:\/\/info.onedoc.ch\/it\/wp-json\/wp\/v2\/pages\/22957\/revisions"}],"predecessor-version":[{"id":22985,"href":"https:\/\/info.onedoc.ch\/it\/wp-json\/wp\/v2\/pages\/22957\/revisions\/22985"}],"wp:attachment":[{"href":"https:\/\/info.onedoc.ch\/it\/wp-json\/wp\/v2\/media?parent=22957"}],"curies":[{"name":"wp","href":"https:\/\/api.w.org\/{rel}","templated":true}]}}