{"id":21390,"date":"2025-07-16T14:24:45","date_gmt":"2025-07-16T12:24:45","guid":{"rendered":"https:\/\/info.1doc.ch\/specialite\/"},"modified":"2026-03-26T18:13:51","modified_gmt":"2026-03-26T16:13:51","slug":"specialita","status":"publish","type":"page","link":"https:\/\/info.onedoc.ch\/it\/specialita\/","title":{"rendered":"La tua specialit\u00e0"},"content":{"rendered":"<div class=\"wpb-content-wrapper\"><p>[vc_row gap=&#8221;30&#8243; kd_background_image_position=&#8221;vc_row-bg-position-top&#8221; css=&#8221;.vc_custom_1753115618745{padding-top: 100px !important;}&#8221; css_tablet_portrait=&#8221;.vc_custom_1753115618746{padding-top: 0px !important;padding-right: 0px !important;padding-left: 0px !important;}&#8221; css_mobile=&#8221;.vc_custom_1753115618746{padding-top: 0px !important;padding-right: 0px !important;padding-bottom: 0px !important;padding-left: 0px !important;}&#8221;][vc_column css_tablet_portrait=&#8221;.vc_custom_1752674429211{padding-top: 0px !important;padding-right: 0px !important;padding-left: 0px !important;}&#8221; css_mobile=&#8221;.vc_custom_1752674429211{padding-top: 0px !important;padding-right: 0px !important;padding-left: 0px !important;}&#8221;]<div  class=\"breadcrumbs breadcrumbs-shortcode bcn-left\" typeof=\"BreadcrumbList\" vocab=\"https:\/\/schema.org\/\" ><span property=\"itemListElement\" typeof=\"ListItem\"><a property=\"item\" typeof=\"WebPage\" title=\"Go to OneDoc Pro.\" href=\"https:\/\/info.onedoc.ch\/it\/\" class=\"home\" ><span property=\"name\">OneDoc Pro<\/span><\/a><meta property=\"position\" content=\"1\"><\/span> &gt; <span property=\"itemListElement\" typeof=\"ListItem\"><a property=\"item\" typeof=\"WebPage\" title=\"Go to Blog.\" href=\"https:\/\/info.onedoc.ch\/it\/blog\/\" class=\"post-root post post-post\" aria-current=\"page\"><span property=\"name\">Blog<\/span><\/a><meta property=\"position\" content=\"2\"><\/span><\/div>[\/vc_column][\/vc_row][vc_row gap=&#8221;30&#8243; kd_background_image_position=&#8221;vc_row-bg-position-top&#8221; css_tablet_portrait=&#8221;.vc_custom_1753115649767{padding-top: 0px !important;padding-right: 0px !important;padding-left: 0px !important;}&#8221; css_mobile=&#8221;.vc_custom_1753115649767{padding-top: 0px !important;padding-right: 0px !important;padding-bottom: 0px !important;padding-left: 0px !important;}&#8221; css=&#8221;.vc_custom_1753115649767{padding-top: 50px !important;}&#8221;][vc_column css_tablet_portrait=&#8221;.vc_custom_1752046134800{padding-top: 0px !important;padding-right: 0px !important;padding-left: 0px !important;}&#8221; css_mobile=&#8221;.vc_custom_1752046134800{padding-top: 0px !important;padding-right: 0px !important;padding-left: 0px !important;}&#8221;]<header class=\"kd-section-title col-lg-12 text-center  subtitle-above-title  no-padding-on-mobile \" ><h1 class=\"separator_off\" >OneDoc Pro \u00e8 pensato per <span style=\"color:#1D9585;\">la tua specialit\u00e0<\/span> e adattato alla <span style=\"color:#1D9585;\">tua organizzazione<\/span><\/h1><\/header><header class=\"kd-section-title col-lg-8 vc_col-sm-8 text-center  subtitle-below-title  no-padding-on-mobile \" ><p class=\"separator_off\" >Qualunque sia la vostra specializzazione medica o l'organizzazione della vostra struttura sanitaria, OneDoc Pro si adatta alle vostre esigenze.<\/p><\/header><a  href=\"\"    class=\"tt_button tt_primary_button btn_primary_color hover_solid_secondary button-center button-action-link   vc_custom_1756100793252  popmake-18858\" ><span class=\"prim_text\">Richiedi una demo<\/span><\/a>[\/vc_column][\/vc_row][vc_row full_width=&#8221;stretch_row&#8221; kd_background_image_position=&#8221;vc_row-bg-position-top&#8221; css=&#8221;.vc_custom_1752081723363{padding-bottom: 80px !important;}&#8221; css_mobile=&#8221;.vc_custom_1752081723364{padding-bottom: 30px !important;}&#8221; css_tablet_portrait=&#8221;.vc_custom_1752081723364{padding-bottom: 30px !important;}&#8221;][vc_column css=&#8221;.vc_custom_1516008233239{padding-right: 0px !important;padding-left: 0px !important;}&#8221;][vc_row_inner kd_background_image_position=&#8221;vc_row-bg-position-top&#8221; css_tablet_portrait=&#8221;.vc_custom_1751551325507{margin-bottom: 0px !important;}&#8221; css_mobile=&#8221;.vc_custom_1751551325507{margin-bottom: 0px !important;}&#8221;][vc_column_inner offset=&#8221;vc_col-lg-12&#8243;]<header class=\"kd-section-title col-lg-12 text-left  subtitle-below-title   \" ><h6 class=\"separator_off\" >OneDoc Pro soddisfa le esigenze della tua specialit\u00e0...<\/h6><\/header>[\/vc_column_inner][\/vc_row_inner][vc_row_inner equal_height=&#8221;yes&#8221; kd_background_image_position=&#8221;vc_row-bg-position-top&#8221; css_tablet_portrait=&#8221;.vc_custom_1751551272846{padding-bottom: 0px !important;}&#8221; css_mobile=&#8221;.vc_custom_1751551272846{padding-bottom: 0px !important;}&#8221; css_tablet_landscape=&#8221;.vc_custom_1751551272846{padding-bottom: 0px !important;}&#8221; css=&#8221;.vc_custom_1751551272845{padding-top: 10px !important;padding-bottom: 10px !important;}&#8221;][vc_column_inner width=&#8221;1\/2&#8243; css_mobile=&#8221;.vc_custom_1752058097865{padding-bottom: 20px !important;}&#8221;][vc_column_text css=&#8221;&#8221;]<\/p>\n<h5><a href=\"https:\/\/info.onedoc.ch\/fr\/specialite\/medecin-generaliste\/\">Medico generico<\/a><\/h5>\n<h5><a href=\"https:\/\/info.onedoc.ch\/fr\/specialite\/specialiste\/\">Medico specialista<\/a><\/h5>\n<h5><a href=\"https:\/\/info.onedoc.ch\/fr\/specialite\/dentiste\/\">Dentista<\/a><\/h5>\n<h5><a href=\"https:\/\/info.onedoc.ch\/fr\/specialite\/psychologue\/\">Psicologo<\/a><\/h5>\n<h5><a href=\"https:\/\/info.onedoc.ch\/it\/specialita\/psicoterapisti\/\">Psicoterapisti<\/a><\/h5>\n<h5><a href=\"https:\/\/info.onedoc.ch\/fr\/specialite\/physiotherapeute\/\">Fisioterapista<\/a><\/h5>\n<p>[\/vc_column_text][\/vc_column_inner][vc_column_inner width=&#8221;1\/2&#8243; css=&#8221;.vc_custom_1752058109914{padding-right: 45px !important;}&#8221; css_tablet_portrait=&#8221;.vc_custom_1752058109915{padding-right: 15px !important;}&#8221; css_mobile=&#8221;.vc_custom_1752058109915{padding-bottom: 20px !important;}&#8221;][vc_column_text css=&#8221;&#8221;]<\/p>\n<h5><a href=\"https:\/\/info.onedoc.ch\/fr\/specialite\/hygieniste-dentaire\/\">Igienista dentale<\/a><\/h5>\n<h5><a href=\"https:\/\/info.onedoc.ch\/fr\/specialite\/ophtalmologue\/\">Oculista<\/a><\/h5>\n<h5><a href=\"https:\/\/info.onedoc.ch\/fr\/specialite\/dermatologue\/\">Dermatologo<\/a><\/h5>\n<h5><a href=\"https:\/\/info.onedoc.ch\/fr\/specialite\/pediatre\/\">Pediatra<\/a><\/h5>\n<h5><a href=\"https:\/\/info.onedoc.ch\/fr\/specialite\/gynecologue\/\">Ginecologo<\/a><\/h5>\n<h5><a href=\"https:\/\/info.onedoc.ch\/fr\/specialite\/therapeute\/\">Terapista complementare<\/a><\/h5>\n<p>[\/vc_column_text][\/vc_column_inner][\/vc_row_inner][vc_row_inner kd_background_image_position=&#8221;vc_row-bg-position-top&#8221; css_tablet_portrait=&#8221;.vc_custom_1751990720213{margin-bottom: 0px !important;}&#8221; css_mobile=&#8221;.vc_custom_1751990720213{margin-bottom: 0px !important;}&#8221; css=&#8221;.vc_custom_1751990720213{padding-top: 50px !important;}&#8221;][vc_column_inner offset=&#8221;vc_col-lg-12&#8243;]<header class=\"kd-section-title col-lg-12 text-left  subtitle-below-title   \" ><h6 class=\"separator_off\" >...e a quelli della struttura sanitaria in cui esercitate la vostra professione<\/h6><\/header>[\/vc_column_inner][\/vc_row_inner][vc_row_inner equal_height=&#8221;yes&#8221; kd_background_image_position=&#8221;vc_row-bg-position-top&#8221; css_tablet_portrait=&#8221;.vc_custom_1751551272846{padding-bottom: 0px !important;}&#8221; css_mobile=&#8221;.vc_custom_1751551272846{padding-bottom: 0px !important;}&#8221; css_tablet_landscape=&#8221;.vc_custom_1751551272846{padding-bottom: 0px !important;}&#8221; css=&#8221;.vc_custom_1751551272845{padding-top: 10px !important;padding-bottom: 10px !important;}&#8221;][vc_column_inner width=&#8221;1\/2&#8243; css_mobile=&#8221;.vc_custom_1752058097865{padding-bottom: 20px !important;}&#8221;][vc_column_text css=&#8221;&#8221;]<\/p>\n<h5><a href=\"https:\/\/info.onedoc.ch\/fr\/specialite\/centre-medical\/\">Centro medico<\/a><\/h5>\n<h5><a href=\"https:\/\/info.onedoc.ch\/fr\/specialite\/hopital\/\">Ospedale<\/a><\/h5>\n<h5><a href=\"https:\/\/info.onedoc.ch\/fr\/specialite\/centre-imagerie-medicale\/\">Centro di diagnostica per immagini<\/a><\/h5>\n<h5><a href=\"https:\/\/info.onedoc.ch\/fr\/specialite\/pharmacie\/\">Farmacia<\/a><\/h5>\n<p>[\/vc_column_text][\/vc_column_inner][vc_column_inner width=&#8221;1\/2&#8243; css=&#8221;.vc_custom_1752058109914{padding-right: 45px !important;}&#8221; css_tablet_portrait=&#8221;.vc_custom_1752058109915{padding-right: 15px !important;}&#8221; css_mobile=&#8221;.vc_custom_1752058109915{padding-bottom: 20px !important;}&#8221;][vc_column_text css=&#8221;&#8221;]<\/p>\n<h5><a href=\"https:\/\/info.onedoc.ch\/fr\/specialite\/laboratoire-analyses-medicales\/\">Laboratorio di analisi mediche<\/a><\/h5>\n<h5><a href=\"https:\/\/info.onedoc.ch\/fr\/specialite\/opticien\/\">Ottico<\/a><\/h5>\n<h5><a href=\"https:\/\/info.onedoc.ch\/fr\/specialite\/audioprothesiste\/\">Audioprotesista<\/a><\/h5>\n<p>[\/vc_column_text][\/vc_column_inner][\/vc_row_inner][\/vc_column][\/vc_row][vc_row content_placement=&#8221;middle&#8221; kd_background_image_position=&#8221;vc_row-bg-position-top&#8221; css=&#8221;.vc_custom_1754898966157{margin-top: 80px !important;margin-bottom: 80px !important;padding-top: 80px !important;padding-bottom: 80px !important;background-color: #012E27 !important;border-radius: 5px !important;}&#8221; css_tablet_portrait=&#8221;.vc_custom_1754898966158{padding-top: 40px !important;padding-bottom: 40px !important;}&#8221; css_mobile=&#8221;.vc_custom_1754898966158{padding-top: 40px !important;padding-bottom: 40px !important;}&#8221;][vc_column][vc_row_inner kd_background_image_position=&#8221;vc_row-bg-position-top&#8221;][vc_column_inner css=&#8221;.vc_custom_1751468051270{padding-top: 30px !important;padding-right: 30px !important;padding-bottom: 30px !important;padding-left: 30px !important;}&#8221;]<header class=\"kd-section-title col-lg-12 text-center  subtitle-below-title    vc_custom_1751978163076\" ><h2 class=\"separator_off\" style=\"color: #FFFFFF;\">Modernizza il tuo studio <span style=\"color:#1D9585;\">oggi stesso<\/span> grazie a OneDoc Pro!<\/h2><\/header><a  href=\"\"    class=\"tt_button tt_primary_button btn_primary_color hover_solid_secondary button-center button-action-link    popmake-18858\" ><span class=\"prim_text\">Richiedi una demo gratuita<\/span><\/a>[\/vc_column_inner][\/vc_row_inner][\/vc_column][\/vc_row][vc_row full_width=&#8221;stretch_row&#8221; equal_height=&#8221;yes&#8221; kd_background_image_position=&#8221;vc_row-bg-position-top&#8221; css=&#8221;.vc_custom_1752081829488{padding-top: 80px !important;padding-bottom: 80px !important;}&#8221; css_tablet_portrait=&#8221;.vc_custom_1752081829488{padding-top: 30px !important;padding-bottom: 30px !important;}&#8221; css_mobile=&#8221;.vc_custom_1752081829488{padding-top: 30px !important;padding-bottom: 30px !important;}&#8221;][vc_column css=&#8221;.vc_custom_1750407089170{margin-bottom: 50px !important;padding-right: 0px !important;padding-left: 0px !important;}&#8221;][vc_row_inner kd_background_image_position=&#8221;vc_row-bg-position-top&#8221; css=&#8221;.vc_custom_1751979693496{padding-bottom: 60px !important;}&#8221;][vc_column_inner]<header class=\"kd-section-title col-lg-12 text-center  subtitle-below-title   \" ><h2 class=\"separator_off\" >OneDoc Pro \u00e8 facile da usare e il nostro team \u00e8 a vostra disposizione per assistervi.<\/h2><\/header>[\/vc_column_inner][\/vc_row_inner][vc_row_inner equal_height=&#8221;yes&#8221; kd_background_image_position=&#8221;vc_row-bg-position-top&#8221;][vc_column_inner width=&#8221;1\/3&#8243;]<div class=\"key-icon-box icon-default icon-top cont-center ib-no-effect with-shadow   with-border icon-no-background icon-no-border\" style=\"background-color: #FFFFFF;border: 1px solid #EFEFEF;\" ><div class=\"ib-wrapper\" style=\"padding-top:50px;padding-bottom:50px;padding-left:20px;padding-right:20px;background-color:#FFFFFF;\"><div class=\"ib-simple-icon-wrapper\" style=\"margin-bottom:30px;\"><i class=\"fas fa-user-cog\" style=\"color: #1D9585;\"><\/i> <\/div><h3 class=\"service-heading\" >Installazione<\/h3><p >Il nostro team Customer Success configura OneDoc Pro insieme a te, in base al tuo flusso di lavoro e alle tue preferenze.<\/p><\/div><\/div>[\/vc_column_inner][vc_column_inner width=&#8221;1\/3&#8243;]<div class=\"key-icon-box icon-default icon-top cont-center ib-no-effect with-shadow   with-border icon-no-background icon-no-border\" style=\"background-color: #FFFFFF;border: 1px solid #EFEFEF;\" ><div class=\"ib-wrapper\" style=\"padding-top:50px;padding-bottom:50px;padding-left:20px;padding-right:20px;background-color:#FFFFFF;\"><div class=\"ib-simple-icon-wrapper\" style=\"margin-bottom:30px;\"><i class=\"fas fa-graduation-cap\" style=\"color: #1D9585;\"><\/i> <\/div><h3 class=\"service-heading\" >Formazione<\/h3><p >Formiamo gratuitamente il vostro team affinch\u00e9 possiate padroneggiare rapidamente OneDoc Pro e sfruttarne appieno le potenzialit\u00e0.<\/p><\/div><\/div>[\/vc_column_inner][vc_column_inner width=&#8221;1\/3&#8243;]<div class=\"key-icon-box icon-default icon-top cont-center ib-no-effect with-shadow   with-border icon-no-background icon-no-border\" style=\"background-color: #FFFFFF;border: 1px solid #EFEFEF;\" ><div class=\"ib-wrapper\" style=\"padding-top:50px;padding-bottom:50px;padding-left:20px;padding-right:20px;background-color:#FFFFFF;\"><div class=\"ib-simple-icon-wrapper\" style=\"margin-bottom:30px;\"><i class=\"fas fa-headset\" style=\"color: #1D9585;\"><\/i> <\/div><h3 class=\"service-heading\" >Supporto continuo<\/h3><p >Il nostro team di assistenza, con sede in Svizzera, vi risponde gratuitamente in francese, tedesco, italiano e inglese, per telefono o e-mail.<\/p><\/div><\/div>[\/vc_column_inner][\/vc_row_inner][vc_row_inner kd_background_image_position=&#8221;vc_row-bg-position-top&#8221; css=&#8221;.vc_custom_1754657512867{padding-top: 10px !important;}&#8221;][vc_column_inner css_tablet_portrait=&#8221;.vc_custom_1752058245136{padding-right: 10px !important;padding-left: 10px !important;}&#8221; css=&#8221;.vc_custom_1752058245135{margin-top: 30px !important;}&#8221; css_tablet_landscape=&#8221;.vc_custom_1752058245136{margin-top: 30px !important;}&#8221; css_mobile=&#8221;.vc_custom_1752058245136{margin-top: 0px !important;}&#8221;][vc_column_text css=&#8221;&#8221;]<\/p>\n<p style=\"text-align: center;\">Avete una domanda su OneDoc Pro?<\/p>\n<p>[\/vc_column_text]<a  href=\"\"    class=\"tt_button tt_primary_button btn_primary_color  button-center button-action-link    popmake-18858\" ><span class=\"prim_text\">Contatta il nostro team!<\/span><\/a>[\/vc_column_inner][\/vc_row_inner][\/vc_column][\/vc_row]<\/p>\n<\/div>","protected":false},"excerpt":{"rendered":"<p>[vc_row gap=&#8221;30&#8243; kd_background_image_position=&#8221;vc_row-bg-position-top&#8221; css=&#8221;.vc_custom_1753115618745{padding-top: 100px !important;}&#8221; css_tablet_portrait=&#8221;.vc_custom_1753115618746{padding-top: 0px !important;padding-right: 0px !important;padding-left: 0px [&hellip;]<\/p>\n","protected":false},"author":2,"featured_media":0,"parent":0,"menu_order":0,"comment_status":"closed","ping_status":"closed","template":"","meta":{"footnotes":""},"class_list":["post-21390","page","type-page","status-publish","hentry"],"yoast_head":"<!-- This site is optimized with the Yoast SEO Premium plugin v27.2 (Yoast SEO v27.5) - https:\/\/yoast.com\/product\/yoast-seo-premium-wordpress\/ -->\n<title>OneDoc Pro: Doftware per tutte le specialit\u00e0 mediche<\/title>\n<meta name=\"description\" content=\"OneDoc Pro \u00e8 la soluzione su misura che si adatta alla tua specialit\u00e0 e all\u2019organizzazione del tuo studio medico.\" \/>\n<meta name=\"robots\" content=\"index, follow, max-snippet:-1, max-image-preview:large, max-video-preview:-1\" \/>\n<link rel=\"canonical\" href=\"https:\/\/info.onedoc.ch\/it\/specialita\/\" \/>\n<meta property=\"og:locale\" content=\"it_IT\" \/>\n<meta property=\"og:type\" content=\"article\" \/>\n<meta property=\"og:title\" content=\"OneDoc Pro: Doftware per tutte le specialit\u00e0 mediche\" \/>\n<meta property=\"og:description\" content=\"OneDoc Pro \u00e8 la soluzione su misura che si adatta alla tua specialit\u00e0 e all\u2019organizzazione del tuo studio medico.\" \/>\n<meta property=\"og:url\" content=\"https:\/\/info.onedoc.ch\/it\/specialita\/\" \/>\n<meta property=\"og:site_name\" content=\"OneDoc Pro\" \/>\n<meta property=\"article:publisher\" content=\"https:\/\/www.facebook.com\/onedoc.ch\/\" \/>\n<meta property=\"article:modified_time\" content=\"2026-03-26T16:13:51+00:00\" \/>\n<meta name=\"twitter:card\" content=\"summary_large_image\" \/>\n<meta name=\"twitter:title\" content=\"OneDoc Pro: Doftware per tutte le specialit\u00e0 mediche\" \/>\n<meta name=\"twitter:description\" content=\"OneDoc Pro \u00e8 la soluzione su misura che si adatta alla tua specialit\u00e0 e all\u2019organizzazione del tuo studio medico.\" \/>\n<meta name=\"twitter:site\" content=\"@onedoc_ch\" \/>\n<meta name=\"twitter:label1\" content=\"Est. reading time\" \/>\n\t<meta name=\"twitter:data1\" content=\"4 minuto\" \/>\n<script type=\"application\/ld+json\" class=\"yoast-schema-graph\">{\"@context\":\"https:\\\/\\\/schema.org\",\"@graph\":[{\"@type\":\"WebPage\",\"@id\":\"https:\\\/\\\/info.onedoc.ch\\\/it\\\/specialita\\\/\",\"url\":\"https:\\\/\\\/info.onedoc.ch\\\/it\\\/specialita\\\/\",\"name\":\"OneDoc Pro: Doftware per tutte le specialit\u00e0 mediche\",\"isPartOf\":{\"@id\":\"https:\\\/\\\/info.onedoc.ch\\\/it\\\/#website\"},\"datePublished\":\"2025-07-16T12:24:45+00:00\",\"dateModified\":\"2026-03-26T16:13:51+00:00\",\"description\":\"OneDoc Pro \u00e8 la soluzione su misura che si adatta alla tua specialit\u00e0 e all\u2019organizzazione del tuo studio medico.\",\"inLanguage\":\"it-CH\",\"potentialAction\":[{\"@type\":\"ReadAction\",\"target\":[\"https:\\\/\\\/info.onedoc.ch\\\/it\\\/specialita\\\/\"]}]},{\"@type\":\"WebSite\",\"@id\":\"https:\\\/\\\/info.onedoc.ch\\\/it\\\/#website\",\"url\":\"https:\\\/\\\/info.onedoc.ch\\\/it\\\/\",\"name\":\"OneDoc Pro - Moins d\u2019administratif, plus de temps pour vos patients\",\"description\":\"L&#039;alli\u00e9 des professionnels de sant\u00e9 suisses au quotidien\",\"publisher\":{\"@id\":\"https:\\\/\\\/info.onedoc.ch\\\/it\\\/#organization\"},\"alternateName\":\"OneDoc Pro\",\"potentialAction\":[{\"@type\":\"SearchAction\",\"target\":{\"@type\":\"EntryPoint\",\"urlTemplate\":\"https:\\\/\\\/info.onedoc.ch\\\/it\\\/?s={search_term_string}\"},\"query-input\":{\"@type\":\"PropertyValueSpecification\",\"valueRequired\":true,\"valueName\":\"search_term_string\"}}],\"inLanguage\":\"it-CH\"},{\"@type\":\"Organization\",\"@id\":\"https:\\\/\\\/info.onedoc.ch\\\/it\\\/#organization\",\"name\":\"OneDoc\",\"alternateName\":\"OneDoc.ch\",\"url\":\"https:\\\/\\\/info.onedoc.ch\\\/it\\\/\",\"logo\":{\"@type\":\"ImageObject\",\"inLanguage\":\"it-CH\",\"@id\":\"https:\\\/\\\/info.onedoc.ch\\\/it\\\/#\\\/schema\\\/logo\\\/image\\\/\",\"url\":\"https:\\\/\\\/info.onedoc.ch\\\/wp-content\\\/uploads\\\/2025\\\/06\\\/doki-logo.png\",\"contentUrl\":\"https:\\\/\\\/info.onedoc.ch\\\/wp-content\\\/uploads\\\/2025\\\/06\\\/doki-logo.png\",\"width\":2134,\"height\":2134,\"caption\":\"OneDoc\"},\"image\":{\"@id\":\"https:\\\/\\\/info.onedoc.ch\\\/it\\\/#\\\/schema\\\/logo\\\/image\\\/\"},\"sameAs\":[\"https:\\\/\\\/www.facebook.com\\\/onedoc.ch\\\/\",\"https:\\\/\\\/x.com\\\/onedoc_ch\",\"https:\\\/\\\/www.instagram.com\\\/onedoc.ch\\\/\",\"https:\\\/\\\/www.linkedin.com\\\/company\\\/onedoc.ch\\\/\",\"https:\\\/\\\/www.youtube.com\\\/channel\\\/UCWnlE63em_m8ZioBA5n8Z6w\"],\"description\":\"OneDoc est la plateforme leader en Suisse pour la r\u00e9servation de rendez-vous m\u00e9dicaux. Les patients peuvent rechercher des milliers de professionnels de la sant\u00e9 suisses (m\u00e9decins, dentistes et th\u00e9rapeutes) et r\u00e9server un rendez-vous sur place ou une consultation vid\u00e9o en quelques clics, 24 heures sur 24.\",\"legalName\":\"OneDoc SA\",\"foundingDate\":\"2016-12-31\",\"numberOfEmployees\":{\"@type\":\"QuantitativeValue\",\"minValue\":\"51\",\"maxValue\":\"200\"}}]}<\/script>\n<!-- \/ Yoast SEO Premium plugin. -->","yoast_head_json":{"title":"OneDoc Pro: Doftware per tutte le specialit\u00e0 mediche","description":"OneDoc Pro \u00e8 la soluzione su misura che si adatta alla tua specialit\u00e0 e all\u2019organizzazione del tuo studio medico.","robots":{"index":"index","follow":"follow","max-snippet":"max-snippet:-1","max-image-preview":"max-image-preview:large","max-video-preview":"max-video-preview:-1"},"canonical":"https:\/\/info.onedoc.ch\/it\/specialita\/","og_locale":"it_IT","og_type":"article","og_title":"OneDoc Pro: Doftware per tutte le specialit\u00e0 mediche","og_description":"OneDoc Pro \u00e8 la soluzione su misura che si adatta alla tua specialit\u00e0 e all\u2019organizzazione del tuo studio medico.","og_url":"https:\/\/info.onedoc.ch\/it\/specialita\/","og_site_name":"OneDoc Pro","article_publisher":"https:\/\/www.facebook.com\/onedoc.ch\/","article_modified_time":"2026-03-26T16:13:51+00:00","twitter_card":"summary_large_image","twitter_title":"OneDoc Pro: Doftware per tutte le specialit\u00e0 mediche","twitter_description":"OneDoc Pro \u00e8 la soluzione su misura che si adatta alla tua specialit\u00e0 e all\u2019organizzazione del tuo studio medico.","twitter_site":"@onedoc_ch","twitter_misc":{"Est. reading time":"4 minuto"},"schema":{"@context":"https:\/\/schema.org","@graph":[{"@type":"WebPage","@id":"https:\/\/info.onedoc.ch\/it\/specialita\/","url":"https:\/\/info.onedoc.ch\/it\/specialita\/","name":"OneDoc Pro: Doftware per tutte le specialit\u00e0 mediche","isPartOf":{"@id":"https:\/\/info.onedoc.ch\/it\/#website"},"datePublished":"2025-07-16T12:24:45+00:00","dateModified":"2026-03-26T16:13:51+00:00","description":"OneDoc Pro \u00e8 la soluzione su misura che si adatta alla tua specialit\u00e0 e all\u2019organizzazione del tuo studio medico.","inLanguage":"it-CH","potentialAction":[{"@type":"ReadAction","target":["https:\/\/info.onedoc.ch\/it\/specialita\/"]}]},{"@type":"WebSite","@id":"https:\/\/info.onedoc.ch\/it\/#website","url":"https:\/\/info.onedoc.ch\/it\/","name":"OneDoc Pro - Moins d\u2019administratif, plus de temps pour vos patients","description":"L&#039;alli\u00e9 des professionnels de sant\u00e9 suisses au quotidien","publisher":{"@id":"https:\/\/info.onedoc.ch\/it\/#organization"},"alternateName":"OneDoc Pro","potentialAction":[{"@type":"SearchAction","target":{"@type":"EntryPoint","urlTemplate":"https:\/\/info.onedoc.ch\/it\/?s={search_term_string}"},"query-input":{"@type":"PropertyValueSpecification","valueRequired":true,"valueName":"search_term_string"}}],"inLanguage":"it-CH"},{"@type":"Organization","@id":"https:\/\/info.onedoc.ch\/it\/#organization","name":"OneDoc","alternateName":"OneDoc.ch","url":"https:\/\/info.onedoc.ch\/it\/","logo":{"@type":"ImageObject","inLanguage":"it-CH","@id":"https:\/\/info.onedoc.ch\/it\/#\/schema\/logo\/image\/","url":"https:\/\/info.onedoc.ch\/wp-content\/uploads\/2025\/06\/doki-logo.png","contentUrl":"https:\/\/info.onedoc.ch\/wp-content\/uploads\/2025\/06\/doki-logo.png","width":2134,"height":2134,"caption":"OneDoc"},"image":{"@id":"https:\/\/info.onedoc.ch\/it\/#\/schema\/logo\/image\/"},"sameAs":["https:\/\/www.facebook.com\/onedoc.ch\/","https:\/\/x.com\/onedoc_ch","https:\/\/www.instagram.com\/onedoc.ch\/","https:\/\/www.linkedin.com\/company\/onedoc.ch\/","https:\/\/www.youtube.com\/channel\/UCWnlE63em_m8ZioBA5n8Z6w"],"description":"OneDoc est la plateforme leader en Suisse pour la r\u00e9servation de rendez-vous m\u00e9dicaux. Les patients peuvent rechercher des milliers de professionnels de la sant\u00e9 suisses (m\u00e9decins, dentistes et th\u00e9rapeutes) et r\u00e9server un rendez-vous sur place ou une consultation vid\u00e9o en quelques clics, 24 heures sur 24.","legalName":"OneDoc SA","foundingDate":"2016-12-31","numberOfEmployees":{"@type":"QuantitativeValue","minValue":"51","maxValue":"200"}}]}},"_links":{"self":[{"href":"https:\/\/info.onedoc.ch\/it\/wp-json\/wp\/v2\/pages\/21390","targetHints":{"allow":["GET"]}}],"collection":[{"href":"https:\/\/info.onedoc.ch\/it\/wp-json\/wp\/v2\/pages"}],"about":[{"href":"https:\/\/info.onedoc.ch\/it\/wp-json\/wp\/v2\/types\/page"}],"author":[{"embeddable":true,"href":"https:\/\/info.onedoc.ch\/it\/wp-json\/wp\/v2\/users\/2"}],"replies":[{"embeddable":true,"href":"https:\/\/info.onedoc.ch\/it\/wp-json\/wp\/v2\/comments?post=21390"}],"version-history":[{"count":17,"href":"https:\/\/info.onedoc.ch\/it\/wp-json\/wp\/v2\/pages\/21390\/revisions"}],"predecessor-version":[{"id":38837,"href":"https:\/\/info.onedoc.ch\/it\/wp-json\/wp\/v2\/pages\/21390\/revisions\/38837"}],"wp:attachment":[{"href":"https:\/\/info.onedoc.ch\/it\/wp-json\/wp\/v2\/media?parent=21390"}],"curies":[{"name":"wp","href":"https:\/\/api.w.org\/{rel}","templated":true}]}}