{"id":12150,"date":"2025-06-20T12:44:48","date_gmt":"2025-06-20T10:44:48","guid":{"rendered":"https:\/\/info.1doc.ch\/media\/"},"modified":"2026-01-27T16:49:53","modified_gmt":"2026-01-27T14:49:53","slug":"media","status":"publish","type":"page","link":"https:\/\/info.onedoc.ch\/it\/media\/","title":{"rendered":"Media"},"content":{"rendered":"<div class=\"wpb-content-wrapper\"><p>[vc_row full_width=&#8221;stretch_row&#8221; content_placement=&#8221;middle&#8221; kd_background_image_position=&#8221;vc_row-bg-position-top&#8221; kd_background_overlay=&#8221;true&#8221; css=&#8221;.vc_custom_1750065636606{padding-top: 100px !important;padding-bottom: 50px !important;background-position: center !important;background-repeat: no-repeat !important;background-size: cover !important;}&#8221;][vc_column][vc_row_inner kd_background_image_position=&#8221;vc_row-bg-position-top&#8221; css=&#8221;.vc_custom_1750065679524{padding-top: 50px !important;padding-bottom: 50px !important;}&#8221;][vc_column_inner css=&#8221;.vc_custom_1749806626484{margin-left: 0px !important;padding-right: 0px !important;padding-left: 0px !important;}&#8221; offset=&#8221;vc_col-lg-12&#8243;]<header class=\"kd-section-title col-lg-12 text-left  subtitle-below-title kd-animated fadeIn  \" data-animation-delay=200><h1 class=\"separator_off\" style=\"font-size: 68px;line-height: 78px;\">OneDoc <span style=\"color:#1D9585;\">nella stampa<\/span><\/h1><h2 class=\"subtitle\" style=\"color: #39374d;font-size:16px;\">Consulta le nostre cartelle stampa e gli articoli che ci riguardano!<\/h2><\/header>[vc_column_text]<\/p>\n<p>[\/vc_column_text][\/vc_column_inner][\/vc_row_inner][\/vc_column][\/vc_row][vc_row full_width=&#8221;stretch_row&#8221; kd_background_image_position=&#8221;vc_row-bg-position-top&#8221; css=&#8221;.vc_custom_1750340984163{padding-top: 100px !important;padding-bottom: 20px !important;}&#8221;][vc_column css=&#8221;.vc_custom_1750247573650{padding-bottom: 50px !important;}&#8221;]<header class=\"kd-section-title col-lg-12 text-center  subtitle-below-title kd-animated fadeIn  \" data-animation-delay=200><h2 class=\"separator_off\" >Comunicati stampa<\/h2><h6 class=\"subtitle\" >Scopri i nostri ultimi comunicati stampa.<\/h6><\/header>[\/vc_column][vc_column width=&#8221;1\/3&#8243;]<div class=\"key-icon-box icon-default  cont-center ib-hover-1    with-border   kd-animated fadeIn white-shadow my-small-h3\" style=\"background-color: #FFFFFF;border: 1px solid #E7E7E7;\" ><div class=\"ib-wrapper\" style=\"padding-top:50;padding-bottom:50;padding-left:60;padding-right:60;background-color:#FFFFFF;\"><h3 class=\"service-heading\" >OneDoc e Medicosearch uniscono le forze per accelerare l\u2019implementazione di<br \/>\nsoluzioni digitali per la salute dedicate a pazienti e professionisti sanitari in Svizzera<\/h3><p >OneDoc \u2013 19\/05\/2025<\/p><p class=\"ib-link \"><a href=\"https:\/\/info.onedoc.ch\/wp-content\/uploads\/2025\/06\/OneDoc-e-Medicosearch-uniscono-le-force-communicato-stampa.pdf\" target=\"_blank\" >Vedi<\/a><\/p><\/div><\/div>[\/vc_column][vc_column width=&#8221;1\/3&#8243;]<div class=\"key-icon-box icon-default  cont-center ib-hover-1    with-border   kd-animated fadeIn white-shadow my-small-h3\" style=\"background-color: #FFFFFF;border: 1px solid #E7E7E7;\" ><div class=\"ib-wrapper\" style=\"padding-top:50;padding-bottom:50;padding-left:60;padding-right:60;background-color:#FFFFFF;\"><h3 class=\"service-heading\" >Indagine OneDoc: gli svizzeri approvano le piattaforme sanitarie digitali,ma restano molto cauti nei confronti dell\u2019IA<\/h3><p >OneDoc \u2013 07\/05\/2025<\/p><p class=\"ib-link \"><a href=\"https:\/\/info.onedoc.ch\/wp-content\/uploads\/2025\/10\/Comunicato-stampa-Indagine-OneDoc-gli-svizzeri-approvano-le-piattaforme-sanitarie-digitali.pdf\" target=\"_blank\" >Vedi<\/a><\/p><\/div><\/div>[\/vc_column][vc_column width=&#8221;1\/3&#8243;]<div class=\"key-icon-box icon-default  cont-center ib-hover-1    with-border   kd-animated fadeIn white-shadow my-small-h3\" style=\"background-color: #FFFFFF;border: 1px solid #E7E7E7;\" ><div class=\"ib-wrapper\" style=\"padding-top:50;padding-bottom:50;padding-left:60;padding-right:60;background-color:#FFFFFF;\"><h3 class=\"service-heading\" >OneDoc e MSD Svizzera uniscono le forze contro l\u2019HPV<\/h3><p >OneDoc 14\/12\/2023<\/p><p class=\"ib-link \"><a href=\"https:\/\/info.onedoc.ch\/wp-content\/uploads\/2025\/06\/communique-presse-onedoc-msd.pdf\" target=\"_blank\" >Vedi<\/a><\/p><\/div><\/div>[\/vc_column][\/vc_row][vc_row full_width=&#8221;stretch_row&#8221; kd_background_image_position=&#8221;vc_row-bg-position-top&#8221; css=&#8221;.vc_custom_1750340971751{padding-bottom: 100px !important;}&#8221;][vc_column width=&#8221;1\/3&#8243;]<div class=\"key-icon-box icon-default  cont-center ib-hover-1    with-border   kd-animated fadeIn white-shadow my-small-h3\" style=\"background-color: #FFFFFF;border: 1px solid #E7E7E7;\" ><div class=\"ib-wrapper\" style=\"padding-top:50;padding-bottom:50;padding-left:60;padding-right:60;background-color:#FFFFFF;\"><h3 class=\"service-heading\" >Novit\u00e0 nell\u2019applicazione OneDoc: contattare il team medico di Medgate tramite il pulsante di consultazione d\u2019emergenza (FR)<\/h3><p >OneDoc \u2013 02\/03\/2023<\/p><p class=\"ib-link \"><a href=\"https:\/\/info.onedoc.ch\/wp-content\/uploads\/2025\/06\/Communique-de-presse_OneDoc_Medgate_FR.pdf\" target=\"_blank\" >Vedi<\/a><\/p><\/div><\/div>[\/vc_column][vc_column width=&#8221;1\/3&#8243;]<div class=\"key-icon-box icon-default  cont-center ib-hover-1    with-border   kd-animated fadeIn white-shadow my-small-h3\" style=\"background-color: #FFFFFF;border: 1px solid #E7E7E7;\" ><div class=\"ib-wrapper\" style=\"padding-top:50;padding-bottom:50;padding-left:60;padding-right:60;background-color:#FFFFFF;\"><h3 class=\"service-heading\" >OneDoc lancia una nuova funzione per le consultazioni urgenti per i pazienti<\/h3><p >OneDoc \u2013 28\/02\/2023<\/p><p class=\"ib-link \"><a href=\"https:\/\/info.onedoc.ch\/wp-content\/uploads\/2025\/06\/OneDoc-lancia-una-nuova-funzionalita-per-le-consultazioni-urgenti-per-i-pazienti_28.02.2023.pdf\" target=\"_blank\" >Vedi<\/a><\/p><\/div><\/div>[\/vc_column][vc_column width=&#8221;1\/3&#8243;]<div class=\"key-icon-box icon-default  cont-center ib-hover-1    with-border   kd-animated fadeIn white-shadow my-small-h3\" style=\"background-color: #FFFFFF;border: 1px solid #E7E7E7;\" ><div class=\"ib-wrapper\" style=\"padding-top:50;padding-bottom:50;padding-left:60;padding-right:60;background-color:#FFFFFF;\"><h3 class=\"service-heading\" >OneDoc fornisce ai suoi medici partner svizzeri un modulo di consultazione video in risposta al COVID-19 (DE)<\/h3><p >OneDoc \u2013 24\/04\/2020<\/p><p class=\"ib-link \"><a href=\"https:\/\/info.onedoc.ch\/wp-content\/uploads\/2026\/01\/Pressemitteilung-OneDoc-Video-Termin_26.03.20.pdf\" target=\"_blank\" >Vedi<\/a><\/p><\/div><\/div>[\/vc_column][\/vc_row][vc_row full_width=&#8221;stretch_row&#8221; kd_background_image_position=&#8221;vc_row-bg-position-top&#8221; css=&#8221;.vc_custom_1750339633340{padding-top: 100px !important;padding-bottom: 20px !important;background-color: #D5EDEA94 !important;}&#8221;][vc_column css=&#8221;.vc_custom_1750247690536{padding-bottom: 50px !important;}&#8221;]<header class=\"kd-section-title col-lg-12 text-center  subtitle-below-title kd-animated fadeIn  \" data-animation-delay=200><h2 class=\"separator_off\" style=\"color: #4A4E4F;\">OneDoc nella stampa<\/h2><h6 class=\"subtitle\" >Leggi gli articoli dei media svizzeri sulla nostra soluzione.<\/h6><\/header>[\/vc_column][vc_column width=&#8221;1\/3&#8243;]<div class=\"key-icon-box icon-default  cont-center ib-hover-1    with-border   kd-animated fadeIn white-shadow my-small-h3\" style=\"background-color: #FFFFFF;border: 1px solid #E7E7E7;\" ><div class=\"ib-wrapper\" style=\"padding-top:50;padding-bottom:50;padding-left:60;padding-right:60;background-color:#FFFFFF;\"><h3 class=\"service-heading\" >OneDoc e Medicosearch uniscono le forze<\/h3><p >Corriere del Ticino \u2013 19\/05\/2025<\/p><p class=\"ib-link \"><a href=\"https:\/\/www.cdt.ch\/news\/onedoc-e-medicosearch-uniscono-le-forze-394628\" target=\"_blank\" >Vedi<\/a><\/p><\/div><\/div>[\/vc_column][vc_column width=&#8221;1\/3&#8243;][\/vc_column][vc_column width=&#8221;1\/3&#8243;]<div class=\"key-icon-box icon-default  cont-center ib-hover-1    with-border   kd-animated fadeIn white-shadow my-small-h3\" style=\"background-color: #FFFFFF;border: 1px solid #E7E7E7;\" ><div class=\"ib-wrapper\" style=\"padding-top:50;padding-bottom:50;padding-left:60;padding-right:60;background-color:#FFFFFF;\"><h3 class=\"service-heading\" >La digitalizzazione della sanit\u00e0 si consolida con la piattaforma OneDoc<\/h3><p >Corriere del Ticino \u2013 20\/05\/2025<\/p><p class=\"ib-link \"><a href=\"https:\/\/www.cdt.ch\/news\/economia\/la-digitalizzazione-della-sanita-si-consolida-con-la-piattaforma-onedoc-394678\" target=\"_blank\" >Vedi<\/a><\/p><\/div><\/div>[\/vc_column][\/vc_row][vc_row full_width=&#8221;stretch_row&#8221; kd_background_image_position=&#8221;vc_row-bg-position-top&#8221; css=&#8221;.vc_custom_1750340009835{padding-bottom: 100px !important;background-color: #D5EDEA94 !important;}&#8221;][vc_column width=&#8221;1\/3&#8243; css=&#8221;.vc_custom_1750342325645{padding-bottom: 100px !important;}&#8221;]<div class=\"key-icon-box icon-default  cont-center ib-hover-1    with-border   kd-animated fadeIn white-shadow my-small-h3\" style=\"background-color: #FFFFFF;border: 1px solid #E7E7E7;\" ><div class=\"ib-wrapper\" style=\"padding-top:50;padding-bottom:50;padding-left:60;padding-right:60;background-color:#FFFFFF;\"><h3 class=\"service-heading\" >Le visite mediche? In Svizzera si prenotano online<\/h3><p >Ticino Management \u2013 21\/03\/2023<\/p><p class=\"ib-link \"><a href=\"https:\/\/info.onedoc.ch\/it\/\" target=\"_blank\" >Vedi<\/a><\/p><\/div><\/div>[\/vc_column][vc_column width=&#8221;1\/3&#8243;]<div class=\"key-icon-box icon-default  cont-center ib-hover-1    with-border   kd-animated fadeIn white-shadow my-small-h3\" style=\"background-color: #FFFFFF;border: 1px solid #E7E7E7;\" ><div class=\"ib-wrapper\" style=\"padding-top:50;padding-bottom:50;padding-left:60;padding-right:60;background-color:#FFFFFF;\"><h3 class=\"service-heading\" >Sincronie digitali per la sanit\u00e0<\/h3><p >Tio.ch \u2013 08\/05\/2025<\/p><p class=\"ib-link \"><a href=\"https:\/\/info.onedoc.ch\/wp-content\/uploads\/2025\/06\/Forum-des-100-La-Sante-dans-tous-ses-etats.pdf\" target=\"_blank\" >Vedi<\/a><\/p><\/div><\/div>[\/vc_column][vc_column width=&#8221;1\/3&#8243;]<div class=\"key-icon-box icon-default  cont-center ib-hover-1    with-border   kd-animated fadeIn white-shadow my-small-h3\" style=\"background-color: #FFFFFF;border: 1px solid #E7E7E7;\" ><div class=\"ib-wrapper\" style=\"padding-top:50;padding-bottom:50;padding-left:60;padding-right:60;background-color:#FFFFFF;\"><h3 class=\"service-heading\" >Coronavirus, boom della telemedicina<\/h3><p >Tio 20 minuti \u2013 12\/05\/2020<\/p><p class=\"ib-link \"><a href=\"https:\/\/www.tio.ch\/economia\/svizzera\/1437162\/pazienti-telemedicina-medici-svizzera-consulenze\" target=\"_blank\" >Lire l\u2019article<\/a><\/p><\/div><\/div>[\/vc_column][\/vc_row][vc_row full_width=&#8221;stretch_row&#8221; kd_background_image_position=&#8221;vc_row-bg-position-top&#8221; css=&#8221;.vc_custom_1750667726008{padding-top: 100px !important;padding-bottom: 100px !important;}&#8221;][vc_column]<header class=\"kd-section-title col-lg-12 text-center  subtitle-below-title kd-animated fadeIn   vc_custom_1750684507466\" data-animation-delay=200><h2 class=\"separator_off\" >Vuoi saperne di pi\u00f9 su <span style=\"color:#1D9585;\">OneDoc Pro<\/span>? Richiedi una demo!<\/h2><p class=\"subtitle\" style=\"font-size:15px;\">Compila il modulo: i nostri esperti ti ricontatteranno al pi\u00f9 presto per parlare delle tue esigenze.<\/p><\/header>[vc_row_inner content_placement=&#8221;middle&#8221; kd_background_image_position=&#8221;vc_row-bg-position-top&#8221;][vc_column_inner el_class=&#8221;with-shadow&#8221; css=&#8221;.vc_custom_1750322793802{padding-top: 55px !important;padding-bottom: 29px !important;background-color: #ffffff !important;border-radius: 10px !important;}&#8221; css_tablet_landscape=&#8221;.vc_custom_1750322793802{margin-top: 50px !important;margin-bottom: 50px !important;padding-right: 40px !important;padding-left: 40px !important;}&#8221; offset=&#8221;vc_col-lg-12 vc_col-md-12&#8243; css_tablet_portrait=&#8221;.vc_custom_1750322793802{margin-bottom: 50px !important;padding-right: 40px !important;padding-left: 40px !important;}&#8221; css_mobile=&#8221;.vc_custom_1750322793803{margin-bottom: 50px !important;padding-right: 40px !important;padding-left: 40px !important;}&#8221;][vc_raw_js]JTNDc2NyaXB0JTIwc3JjJTNEJTIyaHR0cHMlM0ElMkYlMkZqcy1ldTEuaHNmb3Jtcy5uZXQlMkZmb3JtcyUyRmVtYmVkJTJGNDY2MzI2MS5qcyUyMiUyMGRlZmVyJTNFJTNDJTJGc2NyaXB0JTNFJTBBJTNDZGl2JTIwY2xhc3MlM0QlMjJocy1mb3JtLWZyYW1lJTIyJTIwZGF0YS1yZWdpb24lM0QlMjJldTElMjIlMjBkYXRhLWZvcm0taWQlM0QlMjJjYTZkYTY3Ni05NzFmLTQzNWQtODMyNi0xOGM4YmVmMzFjOGQlMjIlMjBkYXRhLXBvcnRhbC1pZCUzRCUyMjQ2NjMyNjElMjIlM0UlM0MlMkZkaXYlM0U=[\/vc_raw_js][\/vc_column_inner][\/vc_row_inner]<div class=\"kd-shapes shape_dots with-parallax kd-animated zoomIn\" style=\"bottom: 25%;left: -120px;width: 340px;height: 173px;background-color: #66e69b;\" data-parallax-speed=\"0.1\" data-animation-delay=400><\/div><div class=\"kd-shapes shape_dots with-parallax kd-animated zoomIn\" style=\"top: 27%;right: -68px;left: 370px;width: 172px;height: 340px;\" data-parallax-speed=\"0.1\" data-animation-delay=400><\/div><div class=\"kd-shapes shape_dots with-parallax kd-animated zoomIn\" style=\"top: 20%;right: -68px;width: 172px;height: 173px;\" data-parallax-speed=\"0.1\" data-animation-delay=400><\/div>[\/vc_column][\/vc_row]<\/p>\n<\/div>","protected":false},"excerpt":{"rendered":"<p>[vc_row full_width=&#8221;stretch_row&#8221; content_placement=&#8221;middle&#8221; kd_background_image_position=&#8221;vc_row-bg-position-top&#8221; kd_background_overlay=&#8221;true&#8221; css=&#8221;.vc_custom_1750065636606{padding-top: 100px !important;padding-bottom: 50px !important;background-position: center !important;background-repeat: [&hellip;]<\/p>\n","protected":false},"author":4,"featured_media":0,"parent":0,"menu_order":0,"comment_status":"closed","ping_status":"closed","template":"","meta":{"footnotes":""},"class_list":["post-12150","page","type-page","status-publish","hentry"],"yoast_head":"<!-- This site is optimized with the Yoast SEO Premium plugin v27.2 (Yoast SEO v27.4) - https:\/\/yoast.com\/product\/yoast-seo-premium-wordpress\/ -->\n<title>Media | OneDoc Pro<\/title>\n<meta name=\"description\" content=\"Tutti i comunicati ufficiali, gli articoli di stampa e le notizie sui media dedicate a OneDoc raccolti in un unico spazio.\" \/>\n<meta name=\"robots\" content=\"index, follow, max-snippet:-1, max-image-preview:large, max-video-preview:-1\" \/>\n<link rel=\"canonical\" href=\"https:\/\/info.onedoc.ch\/it\/media\/\" \/>\n<meta property=\"og:locale\" content=\"it_IT\" \/>\n<meta property=\"og:type\" content=\"article\" \/>\n<meta property=\"og:title\" content=\"Media\" \/>\n<meta property=\"og:description\" content=\"Tutti i comunicati ufficiali, gli articoli di stampa e le notizie sui media dedicate a OneDoc raccolti in un unico spazio.\" \/>\n<meta property=\"og:url\" content=\"https:\/\/info.onedoc.ch\/it\/media\/\" \/>\n<meta property=\"og:site_name\" content=\"OneDoc Pro\" \/>\n<meta property=\"article:publisher\" content=\"https:\/\/www.facebook.com\/onedoc.ch\/\" \/>\n<meta property=\"article:modified_time\" content=\"2026-01-27T14:49:53+00:00\" \/>\n<meta name=\"twitter:card\" content=\"summary_large_image\" \/>\n<meta name=\"twitter:description\" content=\"Tutti i comunicati ufficiali, gli articoli di stampa e le notizie sui media dedicate a OneDoc raccolti in un unico spazio.\" \/>\n<meta name=\"twitter:site\" content=\"@onedoc_ch\" \/>\n<meta name=\"twitter:label1\" content=\"Est. reading time\" \/>\n\t<meta name=\"twitter:data1\" content=\"4 minuto\" \/>\n<script type=\"application\/ld+json\" class=\"yoast-schema-graph\">{\"@context\":\"https:\\\/\\\/schema.org\",\"@graph\":[{\"@type\":\"WebPage\",\"@id\":\"https:\\\/\\\/info.onedoc.ch\\\/it\\\/media\\\/\",\"url\":\"https:\\\/\\\/info.onedoc.ch\\\/it\\\/media\\\/\",\"name\":\"Media | OneDoc Pro\",\"isPartOf\":{\"@id\":\"https:\\\/\\\/info.onedoc.ch\\\/it\\\/#website\"},\"datePublished\":\"2025-06-20T10:44:48+00:00\",\"dateModified\":\"2026-01-27T14:49:53+00:00\",\"description\":\"Tutti i comunicati ufficiali, gli articoli di stampa e le notizie sui media dedicate a OneDoc raccolti in un unico spazio.\",\"inLanguage\":\"it-CH\",\"potentialAction\":[{\"@type\":\"ReadAction\",\"target\":[\"https:\\\/\\\/info.onedoc.ch\\\/it\\\/media\\\/\"]}]},{\"@type\":\"WebSite\",\"@id\":\"https:\\\/\\\/info.onedoc.ch\\\/it\\\/#website\",\"url\":\"https:\\\/\\\/info.onedoc.ch\\\/it\\\/\",\"name\":\"OneDoc Pro - Moins d\u2019administratif, plus de temps pour vos patients\",\"description\":\"L&#039;alli\u00e9 des professionnels de sant\u00e9 suisses au quotidien\",\"publisher\":{\"@id\":\"https:\\\/\\\/info.onedoc.ch\\\/it\\\/#organization\"},\"alternateName\":\"OneDoc Pro\",\"potentialAction\":[{\"@type\":\"SearchAction\",\"target\":{\"@type\":\"EntryPoint\",\"urlTemplate\":\"https:\\\/\\\/info.onedoc.ch\\\/it\\\/?s={search_term_string}\"},\"query-input\":{\"@type\":\"PropertyValueSpecification\",\"valueRequired\":true,\"valueName\":\"search_term_string\"}}],\"inLanguage\":\"it-CH\"},{\"@type\":\"Organization\",\"@id\":\"https:\\\/\\\/info.onedoc.ch\\\/it\\\/#organization\",\"name\":\"OneDoc\",\"alternateName\":\"OneDoc.ch\",\"url\":\"https:\\\/\\\/info.onedoc.ch\\\/it\\\/\",\"logo\":{\"@type\":\"ImageObject\",\"inLanguage\":\"it-CH\",\"@id\":\"https:\\\/\\\/info.onedoc.ch\\\/it\\\/#\\\/schema\\\/logo\\\/image\\\/\",\"url\":\"https:\\\/\\\/info.onedoc.ch\\\/wp-content\\\/uploads\\\/2025\\\/06\\\/doki-logo.png\",\"contentUrl\":\"https:\\\/\\\/info.onedoc.ch\\\/wp-content\\\/uploads\\\/2025\\\/06\\\/doki-logo.png\",\"width\":2134,\"height\":2134,\"caption\":\"OneDoc\"},\"image\":{\"@id\":\"https:\\\/\\\/info.onedoc.ch\\\/it\\\/#\\\/schema\\\/logo\\\/image\\\/\"},\"sameAs\":[\"https:\\\/\\\/www.facebook.com\\\/onedoc.ch\\\/\",\"https:\\\/\\\/x.com\\\/onedoc_ch\",\"https:\\\/\\\/www.instagram.com\\\/onedoc.ch\\\/\",\"https:\\\/\\\/www.linkedin.com\\\/company\\\/onedoc.ch\\\/\",\"https:\\\/\\\/www.youtube.com\\\/channel\\\/UCWnlE63em_m8ZioBA5n8Z6w\"],\"description\":\"OneDoc est la plateforme leader en Suisse pour la r\u00e9servation de rendez-vous m\u00e9dicaux. Les patients peuvent rechercher des milliers de professionnels de la sant\u00e9 suisses (m\u00e9decins, dentistes et th\u00e9rapeutes) et r\u00e9server un rendez-vous sur place ou une consultation vid\u00e9o en quelques clics, 24 heures sur 24.\",\"legalName\":\"OneDoc SA\",\"foundingDate\":\"2016-12-31\",\"numberOfEmployees\":{\"@type\":\"QuantitativeValue\",\"minValue\":\"51\",\"maxValue\":\"200\"}}]}<\/script>\n<!-- \/ Yoast SEO Premium plugin. -->","yoast_head_json":{"title":"Media | OneDoc Pro","description":"Tutti i comunicati ufficiali, gli articoli di stampa e le notizie sui media dedicate a OneDoc raccolti in un unico spazio.","robots":{"index":"index","follow":"follow","max-snippet":"max-snippet:-1","max-image-preview":"max-image-preview:large","max-video-preview":"max-video-preview:-1"},"canonical":"https:\/\/info.onedoc.ch\/it\/media\/","og_locale":"it_IT","og_type":"article","og_title":"Media","og_description":"Tutti i comunicati ufficiali, gli articoli di stampa e le notizie sui media dedicate a OneDoc raccolti in un unico spazio.","og_url":"https:\/\/info.onedoc.ch\/it\/media\/","og_site_name":"OneDoc Pro","article_publisher":"https:\/\/www.facebook.com\/onedoc.ch\/","article_modified_time":"2026-01-27T14:49:53+00:00","twitter_card":"summary_large_image","twitter_description":"Tutti i comunicati ufficiali, gli articoli di stampa e le notizie sui media dedicate a OneDoc raccolti in un unico spazio.","twitter_site":"@onedoc_ch","twitter_misc":{"Est. reading time":"4 minuto"},"schema":{"@context":"https:\/\/schema.org","@graph":[{"@type":"WebPage","@id":"https:\/\/info.onedoc.ch\/it\/media\/","url":"https:\/\/info.onedoc.ch\/it\/media\/","name":"Media | OneDoc Pro","isPartOf":{"@id":"https:\/\/info.onedoc.ch\/it\/#website"},"datePublished":"2025-06-20T10:44:48+00:00","dateModified":"2026-01-27T14:49:53+00:00","description":"Tutti i comunicati ufficiali, gli articoli di stampa e le notizie sui media dedicate a OneDoc raccolti in un unico spazio.","inLanguage":"it-CH","potentialAction":[{"@type":"ReadAction","target":["https:\/\/info.onedoc.ch\/it\/media\/"]}]},{"@type":"WebSite","@id":"https:\/\/info.onedoc.ch\/it\/#website","url":"https:\/\/info.onedoc.ch\/it\/","name":"OneDoc Pro - Moins d\u2019administratif, plus de temps pour vos patients","description":"L&#039;alli\u00e9 des professionnels de sant\u00e9 suisses au quotidien","publisher":{"@id":"https:\/\/info.onedoc.ch\/it\/#organization"},"alternateName":"OneDoc Pro","potentialAction":[{"@type":"SearchAction","target":{"@type":"EntryPoint","urlTemplate":"https:\/\/info.onedoc.ch\/it\/?s={search_term_string}"},"query-input":{"@type":"PropertyValueSpecification","valueRequired":true,"valueName":"search_term_string"}}],"inLanguage":"it-CH"},{"@type":"Organization","@id":"https:\/\/info.onedoc.ch\/it\/#organization","name":"OneDoc","alternateName":"OneDoc.ch","url":"https:\/\/info.onedoc.ch\/it\/","logo":{"@type":"ImageObject","inLanguage":"it-CH","@id":"https:\/\/info.onedoc.ch\/it\/#\/schema\/logo\/image\/","url":"https:\/\/info.onedoc.ch\/wp-content\/uploads\/2025\/06\/doki-logo.png","contentUrl":"https:\/\/info.onedoc.ch\/wp-content\/uploads\/2025\/06\/doki-logo.png","width":2134,"height":2134,"caption":"OneDoc"},"image":{"@id":"https:\/\/info.onedoc.ch\/it\/#\/schema\/logo\/image\/"},"sameAs":["https:\/\/www.facebook.com\/onedoc.ch\/","https:\/\/x.com\/onedoc_ch","https:\/\/www.instagram.com\/onedoc.ch\/","https:\/\/www.linkedin.com\/company\/onedoc.ch\/","https:\/\/www.youtube.com\/channel\/UCWnlE63em_m8ZioBA5n8Z6w"],"description":"OneDoc est la plateforme leader en Suisse pour la r\u00e9servation de rendez-vous m\u00e9dicaux. Les patients peuvent rechercher des milliers de professionnels de la sant\u00e9 suisses (m\u00e9decins, dentistes et th\u00e9rapeutes) et r\u00e9server un rendez-vous sur place ou une consultation vid\u00e9o en quelques clics, 24 heures sur 24.","legalName":"OneDoc SA","foundingDate":"2016-12-31","numberOfEmployees":{"@type":"QuantitativeValue","minValue":"51","maxValue":"200"}}]}},"_links":{"self":[{"href":"https:\/\/info.onedoc.ch\/it\/wp-json\/wp\/v2\/pages\/12150","targetHints":{"allow":["GET"]}}],"collection":[{"href":"https:\/\/info.onedoc.ch\/it\/wp-json\/wp\/v2\/pages"}],"about":[{"href":"https:\/\/info.onedoc.ch\/it\/wp-json\/wp\/v2\/types\/page"}],"author":[{"embeddable":true,"href":"https:\/\/info.onedoc.ch\/it\/wp-json\/wp\/v2\/users\/4"}],"replies":[{"embeddable":true,"href":"https:\/\/info.onedoc.ch\/it\/wp-json\/wp\/v2\/comments?post=12150"}],"version-history":[{"count":12,"href":"https:\/\/info.onedoc.ch\/it\/wp-json\/wp\/v2\/pages\/12150\/revisions"}],"predecessor-version":[{"id":35775,"href":"https:\/\/info.onedoc.ch\/it\/wp-json\/wp\/v2\/pages\/12150\/revisions\/35775"}],"wp:attachment":[{"href":"https:\/\/info.onedoc.ch\/it\/wp-json\/wp\/v2\/media?parent=12150"}],"curies":[{"name":"wp","href":"https:\/\/api.w.org\/{rel}","templated":true}]}}