{"id":11262,"date":"2025-06-18T13:40:50","date_gmt":"2025-06-18T11:40:50","guid":{"rendered":"https:\/\/info.1doc.ch\/dossiers-leitfaden\/"},"modified":"2025-12-10T12:43:35","modified_gmt":"2025-12-10T10:43:35","slug":"risorse-dossier","status":"publish","type":"page","link":"https:\/\/info.onedoc.ch\/it\/risorse-dossier\/","title":{"rendered":"Dossier e guide"},"content":{"rendered":"<div class=\"wpb-content-wrapper\"><p>[vc_row full_width=&#8221;stretch_row&#8221; content_placement=&#8221;middle&#8221; kd_background_image_position=&#8221;vc_row-bg-position-top&#8221; css=&#8221;.vc_custom_1765363221497{padding-top: 100px !important;padding-bottom: 80px !important;background-position: center !important;background-repeat: no-repeat !important;background-size: cover !important;}&#8221; top_section_title=&#8221;&#8221; bottom_section_title=&#8221;&#8221;][vc_column][vc_row_inner kd_background_image_position=&#8221;vc_row-bg-position-top&#8221;][vc_column_inner css=&#8221;.vc_custom_1749806626484{margin-left: 0px !important;padding-right: 0px !important;padding-left: 0px !important;}&#8221; offset=&#8221;vc_col-lg-12&#8243;]<header class=\"kd-section-title col-lg-12 text-center  subtitle-below-title   \" ><h1 class=\"separator_off\" style=\"font-size: 68px;line-height: 78px;\">Libreria delle <span style=\"color:#1D9585;\">risorse<\/span><\/h1><p class=\"subtitle\" style=\"color: #39374d;font-size:16px;\">Tra guide pratiche, checklist, dossier e strumenti interattivi, scoprite le migliori risorse a vostra disposizione per dare visibilit\u00e0 al vostro studio, semplificare il vostro modo di lavorare e offrire un'esperienza moderna ai vostri pazienti.<\/p><\/header>[vc_column_text]<\/p>\n<p>[\/vc_column_text][\/vc_column_inner][\/vc_row_inner][\/vc_column][\/vc_row][vc_row full_width=&#8221;stretch_row&#8221; kd_background_image_position=&#8221;vc_row-bg-position-top&#8221; css=&#8221;.vc_custom_1757508525276{padding-bottom: 80px !important;}&#8221;][vc_column css=&#8221;.vc_custom_1757508363485{padding-right: 0px !important;padding-bottom: 50px !important;padding-left: 0px !important;}&#8221;]<header class=\"kd-section-title col-lg-12 text-left  subtitle-below-title   \" ><h2 class=\"separator_off\" >I nostri dossier<\/h2><\/header>[vc_row_inner kd_background_image_position=&#8221;vc_row-bg-position-top&#8221; css=&#8221;.vc_custom_1757508417401{padding-top: 50px !important;padding-bottom: 50px !important;}&#8221; css_tablet_portrait=&#8221;.vc_custom_1757508417402{padding-bottom: 0px !important;}&#8221; css_mobile=&#8221;.vc_custom_1757508417402{padding-bottom: 0px !important;}&#8221; css_tablet_landscape=&#8221;.vc_custom_1757508417402{padding-bottom: 0px !important;}&#8221;][vc_column_inner width=&#8221;1\/3&#8243; css_tablet_portrait=&#8221;.vc_custom_1617894477724{padding-right: 15px !important;}&#8221; css_mobile=&#8221;.vc_custom_1617894477724{padding-right: 15px !important;}&#8221;]<div class=\"key-icon-box icon-default  cont-center ib-hover-1 with-shadow   with-border    white-shadow\" style=\"background-color: #FFFFFF;border: 1px solid #00000000;\" ><a href=\"https:\/\/info.onedoc.ch\/it\/guida-consultazione-video\/\" target=\"_blank\"><span class=\"ib-badge\" >Guida pratica<\/span><div class=\"fullwidth-image\"><div class=\"tt-iconbox-customimg\"><img loading=\"lazy\" decoding=\"async\" width=\"940\" height=\"788\" src=\"https:\/\/info.onedoc.ch\/wp-content\/uploads\/2025\/10\/guida-pratica-al-videoconsulto-in-svizzera.png\" class=\"attachment-full\" alt=\"Scoprite qual \u00e8 oggi la situazione delle visite mediche in videoconferenza in Svizzera\" title=\"guida-pratica-al-videoconsulto-in-svizzera\" srcset=\"https:\/\/info.onedoc.ch\/wp-content\/uploads\/2025\/10\/guida-pratica-al-videoconsulto-in-svizzera.png 940w, https:\/\/info.onedoc.ch\/wp-content\/uploads\/2025\/10\/guida-pratica-al-videoconsulto-in-svizzera-300x251.png 300w, https:\/\/info.onedoc.ch\/wp-content\/uploads\/2025\/10\/guida-pratica-al-videoconsulto-in-svizzera-768x644.png 768w\" sizes=\"auto, (max-width: 940px) 100vw, 940px\" \/><\/div><\/div><div class=\"ib-wrapper\" style=\"padding-top:40px;padding-bottom:40px;padding-left:60px;padding-right:60px;background-color:#FFFFFF;\"><h3 class=\"service-heading\" >La guida pratica sulla teleconsultazione<\/h3><p style=\"font-size: 16px;\"><\/p>\n<p style=\"text-align: center;\">Quando usarla? Quale strumento scegliere? \u00c8 vantaggioso dal punto di vista economico? Come fatturare una consultazione video in Svizzera? Trovi tutto in questa guida.<\/p>\n<p>&nbsp;<\/p>\n<p style=\"text-align: center;\"><strong><a href=\"https:\/\/info.onedoc.ch\/it\/guida-consultazione-video\/\">Scarica il dossier<\/a><\/strong><\/p>\n<p><\/p><\/div><\/a><\/div>[\/vc_column_inner][vc_column_inner width=&#8221;1\/3&#8243; css_tablet_portrait=&#8221;.vc_custom_1617894482379{padding-right: 15px !important;}&#8221; css_mobile=&#8221;.vc_custom_1617894482380{padding-right: 15px !important;}&#8221;]<div class=\"key-icon-box icon-default  cont-center ib-hover-1 with-shadow   with-border\" style=\"background-color: #FFFFFF;border: 1px solid #00000000;\" ><a href=\"https:\/\/info.onedoc.ch\/it\/studio-medico-2-0\/\" target=\"_blank\"><span class=\"ib-badge\" >Guida pratica<\/span><div class=\"fullwidth-image\"><div class=\"tt-iconbox-customimg\"><img loading=\"lazy\" decoding=\"async\" width=\"940\" height=\"788\" src=\"https:\/\/info.onedoc.ch\/wp-content\/uploads\/2025\/10\/dossier-lo-studio-medico-2-0.png\" class=\"attachment-full\" alt=\"Scoprite come voi e il vostro studio medico potete trarre vantaggio dalla digitalizzazione\" title=\"dossier-lo-studio-medico-2-0\" srcset=\"https:\/\/info.onedoc.ch\/wp-content\/uploads\/2025\/10\/dossier-lo-studio-medico-2-0.png 940w, https:\/\/info.onedoc.ch\/wp-content\/uploads\/2025\/10\/dossier-lo-studio-medico-2-0-300x251.png 300w, https:\/\/info.onedoc.ch\/wp-content\/uploads\/2025\/10\/dossier-lo-studio-medico-2-0-768x644.png 768w\" sizes=\"auto, (max-width: 940px) 100vw, 940px\" \/><\/div><\/div><div class=\"ib-wrapper\" style=\"padding-top:40px;padding-bottom:40px;padding-left:60px;padding-right:60px;background-color:#FFFFFF;\"><h3 class=\"service-heading\" >Lo studio medico 2.0<\/h3><p style=\"font-size: 16px;\"><\/p>\n<p style=\"text-align: center;\">Lo studio medico digitalizzato \u00e8 ormai una realt\u00e0 e offre numerosi vantaggi. Quali sono? Da dove iniziare per il tuo studio? Ti diamo noi le risposte.<\/p>\n<p>&nbsp;<\/p>\n<p style=\"text-align: center;\"><strong><a href=\"https:\/\/info.onedoc.ch\/it\/studio-medico-2-0\/\">Scarica il dossier<\/a><\/strong><\/p>\n<p><\/p><\/div><\/a><\/div>[\/vc_column_inner][\/vc_row_inner][\/vc_column][\/vc_row][vc_row full_width=&#8221;stretch_row&#8221; kd_background_image_position=&#8221;vc_row-bg-position-top&#8221; css=&#8221;.vc_custom_1757508525276{padding-bottom: 80px !important;}&#8221;][vc_column css=&#8221;.vc_custom_1757508363485{padding-right: 0px !important;padding-bottom: 50px !important;padding-left: 0px !important;}&#8221;]<header class=\"kd-section-title col-lg-12 text-left  subtitle-below-title   \" ><h2 class=\"separator_off\" >I nostri strumenti interattivi<\/h2><\/header>[vc_row_inner kd_background_image_position=&#8221;vc_row-bg-position-top&#8221; css=&#8221;.vc_custom_1757508417401{padding-top: 50px !important;padding-bottom: 50px !important;}&#8221; css_tablet_portrait=&#8221;.vc_custom_1757508417402{padding-bottom: 0px !important;}&#8221; css_mobile=&#8221;.vc_custom_1757508417402{padding-bottom: 0px !important;}&#8221; css_tablet_landscape=&#8221;.vc_custom_1757508417402{padding-bottom: 0px !important;}&#8221;][vc_column_inner width=&#8221;1\/3&#8243; css_tablet_portrait=&#8221;.vc_custom_1617894477724{padding-right: 15px !important;}&#8221; css_mobile=&#8221;.vc_custom_1617894477724{padding-right: 15px !important;}&#8221;]<div class=\"key-icon-box icon-default  cont-center ib-hover-1 with-shadow   with-border    white-shadow\" style=\"background-color: #FFFFFF;border: 1px solid #00000000;\" ><a href=\"https:\/\/info.onedoc.ch\/it\/calcolatore-di-redditivita\/\" target=\"_blank\"><span class=\"ib-badge\" >Calcolatore<\/span><div class=\"fullwidth-image\"><div class=\"tt-iconbox-customimg\"><img loading=\"lazy\" decoding=\"async\" width=\"940\" height=\"600\" src=\"https:\/\/info.onedoc.ch\/wp-content\/uploads\/2025\/12\/calcolatore-di-redditivita-onedoc.png\" class=\"attachment-full\" alt=\"\" title=\"calcolatore-di-redditivita\u0300-onedoc\" srcset=\"https:\/\/info.onedoc.ch\/wp-content\/uploads\/2025\/12\/calcolatore-di-redditivita-onedoc.png 940w, https:\/\/info.onedoc.ch\/wp-content\/uploads\/2025\/12\/calcolatore-di-redditivita-onedoc-300x191.png 300w, https:\/\/info.onedoc.ch\/wp-content\/uploads\/2025\/12\/calcolatore-di-redditivita-onedoc-768x490.png 768w\" sizes=\"auto, (max-width: 940px) 100vw, 940px\" \/><\/div><\/div><div class=\"ib-wrapper\" style=\"padding-top:40px;padding-bottom:40px;padding-left:60px;padding-right:60px;background-color:#FFFFFF;\"><h3 class=\"service-heading\" >I tuoi potenziali guadagni finanziari con OneDoc<\/h3><p style=\"font-size: 16px;\"><\/p>\n<p style=\"text-align: center;\">Prova il nostro calcolatore di redditivit\u00e0 e scopri l&#8217;impatto finanziario di OneDoc sul tuo studio.<\/p>\n<p>&nbsp;<\/p>\n<p style=\"text-align: center;\"><strong><a href=\"https:\/\/info.onedoc.ch\/it\/calcolatore-di-redditivita\/\">Valutare i miei guadagni<\/a><\/strong><\/p>\n<p><\/p><\/div><\/a><\/div>[\/vc_column_inner][vc_column_inner width=&#8221;1\/3&#8243; css_tablet_portrait=&#8221;.vc_custom_1617894482379{padding-right: 15px !important;}&#8221; css_mobile=&#8221;.vc_custom_1617894482380{padding-right: 15px !important;}&#8221;]<div class=\"key-icon-box icon-default  cont-center ib-hover-1 with-shadow   with-border\" style=\"background-color: #FFFFFF;border: 1px solid #00000000;\" ><a href=\"https:\/\/info.onedoc.ch\/it\/audit-della-visibilita-online\/\" target=\"_blank\"><span class=\"ib-badge\" >Audit<\/span><div class=\"fullwidth-image\"><div class=\"tt-iconbox-customimg\"><img loading=\"lazy\" decoding=\"async\" width=\"940\" height=\"600\" src=\"https:\/\/info.onedoc.ch\/wp-content\/uploads\/2025\/12\/audit-della-visibilita-online-onedoc.png\" class=\"attachment-full\" alt=\"\" title=\"audit-della-visibilita\u0300-online-onedoc\" srcset=\"https:\/\/info.onedoc.ch\/wp-content\/uploads\/2025\/12\/audit-della-visibilita-online-onedoc.png 940w, https:\/\/info.onedoc.ch\/wp-content\/uploads\/2025\/12\/audit-della-visibilita-online-onedoc-300x191.png 300w, https:\/\/info.onedoc.ch\/wp-content\/uploads\/2025\/12\/audit-della-visibilita-online-onedoc-768x490.png 768w\" sizes=\"auto, (max-width: 940px) 100vw, 940px\" \/><\/div><\/div><div class=\"ib-wrapper\" style=\"padding-top:40px;padding-bottom:40px;padding-left:60px;padding-right:60px;background-color:#FFFFFF;\"><h3 class=\"service-heading\" >Audit della visibilit\u00e0 online<\/h3><p style=\"font-size: 16px;\"><\/p>\n<p style=\"text-align: center;\">Scoprite se il vostro studio \u00e8 davvero visibile ai pazienti che vi interessano e accedete a consigli personalizzati per aumentare la vostra visibilit\u00e0 e attirare questi pazienti.<\/p>\n<p>&nbsp;<\/p>\n<p style=\"text-align: center;\"><strong><a href=\"https:\/\/info.onedoc.ch\/it\/audit-della-visibilita-online\/\">Verificare la mia visibilit\u00e0<\/a><\/strong><\/p>\n<p><\/p><\/div><\/a><\/div>[\/vc_column_inner][vc_column_inner width=&#8221;1\/3&#8243;]<div class=\"key-icon-box icon-default  cont-center ib-hover-1 with-shadow   with-border\" style=\"background-color: #FFFFFF;border: 1px solid #00000000;\" ><a href=\"https:\/\/info.onedoc.ch\/it\/percorso-del-paziente\/\" target=\"_blank\"><span class=\"ib-badge\" >Scan<\/span><div class=\"fullwidth-image\"><div class=\"tt-iconbox-customimg\"><img loading=\"lazy\" decoding=\"async\" width=\"940\" height=\"600\" src=\"https:\/\/info.onedoc.ch\/wp-content\/uploads\/2025\/12\/check-percorso-del-paziente-onedoc.png\" class=\"attachment-full\" alt=\"\" title=\"check-percorso-del-paziente-onedoc\" srcset=\"https:\/\/info.onedoc.ch\/wp-content\/uploads\/2025\/12\/check-percorso-del-paziente-onedoc.png 940w, https:\/\/info.onedoc.ch\/wp-content\/uploads\/2025\/12\/check-percorso-del-paziente-onedoc-300x191.png 300w, https:\/\/info.onedoc.ch\/wp-content\/uploads\/2025\/12\/check-percorso-del-paziente-onedoc-768x490.png 768w\" sizes=\"auto, (max-width: 940px) 100vw, 940px\" \/><\/div><\/div><div class=\"ib-wrapper\" style=\"padding-top:40px;padding-bottom:40px;padding-left:60px;padding-right:60px;background-color:#FFFFFF;\"><h3 class=\"service-heading\" >Check del percorso del paziente<\/h3><p style=\"font-size: 16px;\"><\/p>\n<p style=\"text-align: center;\">Qual \u00e8 la qualit\u00e0 della tua attuale esperienza come paziente? Scoprilo rispondendo ad alcune domande e ricevi consigli personalizzati!<\/p>\n<p>&nbsp;<\/p>\n<p style=\"text-align: center;\"><strong><a href=\"https:\/\/info.onedoc.ch\/it\/percorso-del-paziente\/\">Prova il mio percorso paziente<\/a><\/strong><\/p>\n<p><\/p><\/div><\/a><\/div>[\/vc_column_inner][\/vc_row_inner][\/vc_column][\/vc_row][vc_row kd_background_image_position=&#8221;vc_row-bg-position-top&#8221; css=&#8221;.vc_custom_1765362692615{margin-top: 80px !important;margin-bottom: 80px !important;padding-top: 50px !important;padding-bottom: 50px !important;background-color: #012E27 !important;border-radius: 5px !important;}&#8221;][vc_column]<header class=\"kd-section-title col-lg-12 text-center  subtitle-below-title    vc_custom_1765362664426\" ><h2 class=\"separator_off\" style=\"color: #FFFFFF;\">Modernizza la gestione del tuo studio legale<br \/>\ncon OneDoc Pro<\/h2><p class=\"subtitle\" style=\"color: #FFFFFF;font-size:15px;\">Hai trovato le risorse che ti servono? Passa alla fase successiva. Con OneDoc Pro, dai visibilit\u00e0 al tuo studio, genera appuntamenti, ottimizza la gestione delle tue risorse e modernizza il modo in cui gestisci la tua attivit\u00e0.<\/p><\/header><a  href=\"\"    class=\"tt_button tt_primary_button btn_primary_color hover_solid_secondary button-center button-action-link    popmake-18858\" ><span class=\"prim_text\">Contatta il nostro team!<\/span><\/a>[\/vc_column][\/vc_row]<\/p>\n<\/div>","protected":false},"excerpt":{"rendered":"<p>[vc_row full_width=&#8221;stretch_row&#8221; content_placement=&#8221;middle&#8221; kd_background_image_position=&#8221;vc_row-bg-position-top&#8221; css=&#8221;.vc_custom_1765363221497{padding-top: 100px !important;padding-bottom: 80px !important;background-position: center !important;background-repeat: no-repeat [&hellip;]<\/p>\n","protected":false},"author":4,"featured_media":0,"parent":0,"menu_order":0,"comment_status":"closed","ping_status":"closed","template":"","meta":{"footnotes":""},"class_list":["post-11262","page","type-page","status-publish","hentry"],"yoast_head":"<!-- This site is optimized with the Yoast SEO Premium plugin v27.2 (Yoast SEO v27.5) - https:\/\/yoast.com\/product\/yoast-seo-premium-wordpress\/ -->\n<title>Risorse e dossier - OneDoc Pro<\/title>\n<meta name=\"description\" content=\"Tutte le nostre guide e i consigli pratici per digitalizzare il tuo studio medico in Svizzera. Guadagna in efficienza nella tua attivit\u00e0 quotidiana.\" \/>\n<meta name=\"robots\" content=\"index, follow, max-snippet:-1, max-image-preview:large, max-video-preview:-1\" \/>\n<link rel=\"canonical\" href=\"https:\/\/info.onedoc.ch\/it\/risorse-dossier\/\" \/>\n<meta property=\"og:locale\" content=\"it_IT\" \/>\n<meta property=\"og:type\" content=\"article\" \/>\n<meta property=\"og:title\" content=\"Risorse e dossier - OneDoc Pro\" \/>\n<meta property=\"og:description\" content=\"Tutte le nostre guide e i consigli pratici per digitalizzare il tuo studio medico in Svizzera. Guadagna in efficienza nella tua attivit\u00e0 quotidiana.\" \/>\n<meta property=\"og:url\" content=\"https:\/\/info.onedoc.ch\/it\/risorse-dossier\/\" \/>\n<meta property=\"og:site_name\" content=\"OneDoc Pro\" \/>\n<meta property=\"article:publisher\" content=\"https:\/\/www.facebook.com\/onedoc.ch\/\" \/>\n<meta property=\"article:modified_time\" content=\"2025-12-10T10:43:35+00:00\" \/>\n<meta name=\"twitter:card\" content=\"summary_large_image\" \/>\n<meta name=\"twitter:title\" content=\"Risorse e dossier - OneDoc Pro\" \/>\n<meta name=\"twitter:description\" content=\"Tutte le nostre guide e i consigli pratici per digitalizzare il tuo studio medico in Svizzera. Guadagna in efficienza nella tua attivit\u00e0 quotidiana.\" \/>\n<meta name=\"twitter:site\" content=\"@onedoc_ch\" \/>\n<meta name=\"twitter:label1\" content=\"Est. reading time\" \/>\n\t<meta name=\"twitter:data1\" content=\"4 minuto\" \/>\n<script type=\"application\/ld+json\" class=\"yoast-schema-graph\">{\"@context\":\"https:\\\/\\\/schema.org\",\"@graph\":[{\"@type\":\"WebPage\",\"@id\":\"https:\\\/\\\/info.onedoc.ch\\\/it\\\/risorse-dossier\\\/\",\"url\":\"https:\\\/\\\/info.onedoc.ch\\\/it\\\/risorse-dossier\\\/\",\"name\":\"Risorse e dossier - OneDoc Pro\",\"isPartOf\":{\"@id\":\"https:\\\/\\\/info.onedoc.ch\\\/it\\\/#website\"},\"datePublished\":\"2025-06-18T11:40:50+00:00\",\"dateModified\":\"2025-12-10T10:43:35+00:00\",\"description\":\"Tutte le nostre guide e i consigli pratici per digitalizzare il tuo studio medico in Svizzera. Guadagna in efficienza nella tua attivit\u00e0 quotidiana.\",\"inLanguage\":\"it-CH\",\"potentialAction\":[{\"@type\":\"ReadAction\",\"target\":[\"https:\\\/\\\/info.onedoc.ch\\\/it\\\/risorse-dossier\\\/\"]}]},{\"@type\":\"WebSite\",\"@id\":\"https:\\\/\\\/info.onedoc.ch\\\/it\\\/#website\",\"url\":\"https:\\\/\\\/info.onedoc.ch\\\/it\\\/\",\"name\":\"OneDoc Pro - Moins d\u2019administratif, plus de temps pour vos patients\",\"description\":\"L&#039;alli\u00e9 des professionnels de sant\u00e9 suisses au quotidien\",\"publisher\":{\"@id\":\"https:\\\/\\\/info.onedoc.ch\\\/it\\\/#organization\"},\"alternateName\":\"OneDoc Pro\",\"potentialAction\":[{\"@type\":\"SearchAction\",\"target\":{\"@type\":\"EntryPoint\",\"urlTemplate\":\"https:\\\/\\\/info.onedoc.ch\\\/it\\\/?s={search_term_string}\"},\"query-input\":{\"@type\":\"PropertyValueSpecification\",\"valueRequired\":true,\"valueName\":\"search_term_string\"}}],\"inLanguage\":\"it-CH\"},{\"@type\":\"Organization\",\"@id\":\"https:\\\/\\\/info.onedoc.ch\\\/it\\\/#organization\",\"name\":\"OneDoc\",\"alternateName\":\"OneDoc.ch\",\"url\":\"https:\\\/\\\/info.onedoc.ch\\\/it\\\/\",\"logo\":{\"@type\":\"ImageObject\",\"inLanguage\":\"it-CH\",\"@id\":\"https:\\\/\\\/info.onedoc.ch\\\/it\\\/#\\\/schema\\\/logo\\\/image\\\/\",\"url\":\"https:\\\/\\\/info.onedoc.ch\\\/wp-content\\\/uploads\\\/2025\\\/06\\\/doki-logo.png\",\"contentUrl\":\"https:\\\/\\\/info.onedoc.ch\\\/wp-content\\\/uploads\\\/2025\\\/06\\\/doki-logo.png\",\"width\":2134,\"height\":2134,\"caption\":\"OneDoc\"},\"image\":{\"@id\":\"https:\\\/\\\/info.onedoc.ch\\\/it\\\/#\\\/schema\\\/logo\\\/image\\\/\"},\"sameAs\":[\"https:\\\/\\\/www.facebook.com\\\/onedoc.ch\\\/\",\"https:\\\/\\\/x.com\\\/onedoc_ch\",\"https:\\\/\\\/www.instagram.com\\\/onedoc.ch\\\/\",\"https:\\\/\\\/www.linkedin.com\\\/company\\\/onedoc.ch\\\/\",\"https:\\\/\\\/www.youtube.com\\\/channel\\\/UCWnlE63em_m8ZioBA5n8Z6w\"],\"description\":\"OneDoc est la plateforme leader en Suisse pour la r\u00e9servation de rendez-vous m\u00e9dicaux. Les patients peuvent rechercher des milliers de professionnels de la sant\u00e9 suisses (m\u00e9decins, dentistes et th\u00e9rapeutes) et r\u00e9server un rendez-vous sur place ou une consultation vid\u00e9o en quelques clics, 24 heures sur 24.\",\"legalName\":\"OneDoc SA\",\"foundingDate\":\"2016-12-31\",\"numberOfEmployees\":{\"@type\":\"QuantitativeValue\",\"minValue\":\"51\",\"maxValue\":\"200\"}}]}<\/script>\n<!-- \/ Yoast SEO Premium plugin. -->","yoast_head_json":{"title":"Risorse e dossier - OneDoc Pro","description":"Tutte le nostre guide e i consigli pratici per digitalizzare il tuo studio medico in Svizzera. Guadagna in efficienza nella tua attivit\u00e0 quotidiana.","robots":{"index":"index","follow":"follow","max-snippet":"max-snippet:-1","max-image-preview":"max-image-preview:large","max-video-preview":"max-video-preview:-1"},"canonical":"https:\/\/info.onedoc.ch\/it\/risorse-dossier\/","og_locale":"it_IT","og_type":"article","og_title":"Risorse e dossier - OneDoc Pro","og_description":"Tutte le nostre guide e i consigli pratici per digitalizzare il tuo studio medico in Svizzera. Guadagna in efficienza nella tua attivit\u00e0 quotidiana.","og_url":"https:\/\/info.onedoc.ch\/it\/risorse-dossier\/","og_site_name":"OneDoc Pro","article_publisher":"https:\/\/www.facebook.com\/onedoc.ch\/","article_modified_time":"2025-12-10T10:43:35+00:00","twitter_card":"summary_large_image","twitter_title":"Risorse e dossier - OneDoc Pro","twitter_description":"Tutte le nostre guide e i consigli pratici per digitalizzare il tuo studio medico in Svizzera. Guadagna in efficienza nella tua attivit\u00e0 quotidiana.","twitter_site":"@onedoc_ch","twitter_misc":{"Est. reading time":"4 minuto"},"schema":{"@context":"https:\/\/schema.org","@graph":[{"@type":"WebPage","@id":"https:\/\/info.onedoc.ch\/it\/risorse-dossier\/","url":"https:\/\/info.onedoc.ch\/it\/risorse-dossier\/","name":"Risorse e dossier - OneDoc Pro","isPartOf":{"@id":"https:\/\/info.onedoc.ch\/it\/#website"},"datePublished":"2025-06-18T11:40:50+00:00","dateModified":"2025-12-10T10:43:35+00:00","description":"Tutte le nostre guide e i consigli pratici per digitalizzare il tuo studio medico in Svizzera. Guadagna in efficienza nella tua attivit\u00e0 quotidiana.","inLanguage":"it-CH","potentialAction":[{"@type":"ReadAction","target":["https:\/\/info.onedoc.ch\/it\/risorse-dossier\/"]}]},{"@type":"WebSite","@id":"https:\/\/info.onedoc.ch\/it\/#website","url":"https:\/\/info.onedoc.ch\/it\/","name":"OneDoc Pro - Moins d\u2019administratif, plus de temps pour vos patients","description":"L&#039;alli\u00e9 des professionnels de sant\u00e9 suisses au quotidien","publisher":{"@id":"https:\/\/info.onedoc.ch\/it\/#organization"},"alternateName":"OneDoc Pro","potentialAction":[{"@type":"SearchAction","target":{"@type":"EntryPoint","urlTemplate":"https:\/\/info.onedoc.ch\/it\/?s={search_term_string}"},"query-input":{"@type":"PropertyValueSpecification","valueRequired":true,"valueName":"search_term_string"}}],"inLanguage":"it-CH"},{"@type":"Organization","@id":"https:\/\/info.onedoc.ch\/it\/#organization","name":"OneDoc","alternateName":"OneDoc.ch","url":"https:\/\/info.onedoc.ch\/it\/","logo":{"@type":"ImageObject","inLanguage":"it-CH","@id":"https:\/\/info.onedoc.ch\/it\/#\/schema\/logo\/image\/","url":"https:\/\/info.onedoc.ch\/wp-content\/uploads\/2025\/06\/doki-logo.png","contentUrl":"https:\/\/info.onedoc.ch\/wp-content\/uploads\/2025\/06\/doki-logo.png","width":2134,"height":2134,"caption":"OneDoc"},"image":{"@id":"https:\/\/info.onedoc.ch\/it\/#\/schema\/logo\/image\/"},"sameAs":["https:\/\/www.facebook.com\/onedoc.ch\/","https:\/\/x.com\/onedoc_ch","https:\/\/www.instagram.com\/onedoc.ch\/","https:\/\/www.linkedin.com\/company\/onedoc.ch\/","https:\/\/www.youtube.com\/channel\/UCWnlE63em_m8ZioBA5n8Z6w"],"description":"OneDoc est la plateforme leader en Suisse pour la r\u00e9servation de rendez-vous m\u00e9dicaux. Les patients peuvent rechercher des milliers de professionnels de la sant\u00e9 suisses (m\u00e9decins, dentistes et th\u00e9rapeutes) et r\u00e9server un rendez-vous sur place ou une consultation vid\u00e9o en quelques clics, 24 heures sur 24.","legalName":"OneDoc SA","foundingDate":"2016-12-31","numberOfEmployees":{"@type":"QuantitativeValue","minValue":"51","maxValue":"200"}}]}},"_links":{"self":[{"href":"https:\/\/info.onedoc.ch\/it\/wp-json\/wp\/v2\/pages\/11262","targetHints":{"allow":["GET"]}}],"collection":[{"href":"https:\/\/info.onedoc.ch\/it\/wp-json\/wp\/v2\/pages"}],"about":[{"href":"https:\/\/info.onedoc.ch\/it\/wp-json\/wp\/v2\/types\/page"}],"author":[{"embeddable":true,"href":"https:\/\/info.onedoc.ch\/it\/wp-json\/wp\/v2\/users\/4"}],"replies":[{"embeddable":true,"href":"https:\/\/info.onedoc.ch\/it\/wp-json\/wp\/v2\/comments?post=11262"}],"version-history":[{"count":21,"href":"https:\/\/info.onedoc.ch\/it\/wp-json\/wp\/v2\/pages\/11262\/revisions"}],"predecessor-version":[{"id":34134,"href":"https:\/\/info.onedoc.ch\/it\/wp-json\/wp\/v2\/pages\/11262\/revisions\/34134"}],"wp:attachment":[{"href":"https:\/\/info.onedoc.ch\/it\/wp-json\/wp\/v2\/media?parent=11262"}],"curies":[{"name":"wp","href":"https:\/\/api.w.org\/{rel}","templated":true}]}}