{"id":35004,"date":"2026-01-09T11:47:51","date_gmt":"2026-01-09T09:47:51","guid":{"rendered":"https:\/\/info.onedoc.ch\/?page_id=35004"},"modified":"2026-03-26T18:27:00","modified_gmt":"2026-03-26T16:27:00","slug":"scripts-messages-repondeur-cabinet-medical","status":"publish","type":"page","link":"https:\/\/info.onedoc.ch\/fr\/scripts-messages-repondeur-cabinet-medical\/","title":{"rendered":"Template message sur le r\u00e9pondeur"},"content":{"rendered":"<div class=\"wpb-content-wrapper\"><p>[vc_row kd_background_image_position=&#8221;vc_row-bg-position-top&#8221; css=&#8221;.vc_custom_1765288789783{padding-top: 15px !important;padding-right: 8px !important;padding-bottom: 15px !important;padding-left: 8px !important;background-color: #FFFFFF !important;}&#8221; el_id=&#8221;top-page&#8221;][vc_column][vc_single_image image=&#8221;27573&#8243; img_size=&#8221;full&#8221; onclick=&#8221;custom_link&#8221; img_link_target=&#8221;_blank&#8221; css=&#8221;.vc_custom_1757489714429{padding-top: 20px !important;padding-bottom: 20px !important;}&#8221; link=&#8221;https:\/\/info.onedoc.ch\/fr\/&#8221; el_class=&#8221;lp-logo&#8221;][vc_separator css=&#8221;&#8221;][\/vc_column][\/vc_row][vc_row kd_background_image_position=&#8221;vc_row-bg-position-top&#8221; css=&#8221;.vc_custom_1763387695541{padding-top: 50px !important;padding-bottom: 50px !important;}&#8221; css_tablet_portrait=&#8221;.vc_custom_1763387695541{padding-top: 0px !important;padding-right: 0px !important;padding-left: 0px !important;}&#8221; css_mobile=&#8221;.vc_custom_1763387695541{padding-top: 0px !important;padding-right: 0px !important;padding-bottom: 0px !important;padding-left: 0px !important;}&#8221;][vc_column width=&#8221;1\/2&#8243; kd_sticky_column=&#8221;true&#8221; css_tablet_portrait=&#8221;.vc_custom_1763387708029{padding-top: 0px !important;padding-right: 0px !important;padding-left: 0px !important;}&#8221; css_mobile=&#8221;.vc_custom_1763387708029{padding-top: 0px !important;padding-right: 0px !important;padding-left: 0px !important;}&#8221;]<header class=\"kd-section-title col-lg-12 text-left  subtitle-above-title   \" ><p class=\"subtitle\" >TEMPLATE<\/p><h1 class=\"separator_off\" >Exemples de <span style=\"color:#1E9585;\">messages pour le r\u00e9pondeur<\/span> de votre cabinet m\u00e9dical<\/h1><\/header>[vc_column_text css=&#8221;&#8221;]Ne laissez plus vos patients dans l\u2019incertitude lorsque vous ne pouvez pas r\u00e9pondre au t\u00e9l\u00e9phone. T\u00e9l\u00e9chargez gratuitement ces scripts pr\u00eats \u00e0 l\u2019emploi, con\u00e7us pour \u00eatre lus et enregistr\u00e9s sur le r\u00e9pondeur de votre cabinet m\u00e9dical. Ils vous permettent de <strong>transmettre des informations claires et rassurante<\/strong>s \u00e0 vos patients en toutes circonstances: cabinet ferm\u00e9, cong\u00e9s, forte affluence ou ligne momentan\u00e9ment occup\u00e9e.[\/vc_column_text][\/vc_column][vc_column width=&#8221;1\/2&#8243; css=&#8221;.vc_custom_1752666371518{padding-top: 0px !important;padding-right: 0px !important;padding-bottom: 0px !important;padding-left: 0px !important;}&#8221;][vc_raw_js el_id=&#8221;dossier-form&#8221; el_class=&#8221;form-shadow&#8221;]JTNDc2NyaXB0JTIwc3JjJTNEJTIyaHR0cHMlM0ElMkYlMkZqcy1ldTEuaHNmb3Jtcy5uZXQlMkZmb3JtcyUyRmVtYmVkJTJGNDY2MzI2MS5qcyUyMiUyMGRlZmVyJTNFJTNDJTJGc2NyaXB0JTNFJTBBJTNDZGl2JTIwY2xhc3MlM0QlMjJocy1mb3JtLWZyYW1lJTIyJTIwZGF0YS1yZWdpb24lM0QlMjJldTElMjIlMjBkYXRhLWZvcm0taWQlM0QlMjI1MzcyZTMxOC1iZGEzLTQ5NzYtYmNjNy0xMmI2YmU5MTU1M2MlMjIlMjBkYXRhLXBvcnRhbC1pZCUzRCUyMjQ2NjMyNjElMjIlM0UlM0MlMkZkaXYlM0U=[\/vc_raw_js][\/vc_column][\/vc_row][vc_row full_width=&#8221;stretch_row&#8221; gap=&#8221;10&#8243; kd_background_image_position=&#8221;vc_row-bg-position-top&#8221; css=&#8221;.vc_custom_1767797604259{padding-top: 50px !important;padding-bottom: 50px !important;background-color: #D5ECE9 !important;border-radius: 5px !important;}&#8221; css_tablet_landscape=&#8221;.vc_custom_1767797604260{padding-top: 80px !important;padding-bottom: 80px !important;}&#8221; css_tablet_portrait=&#8221;.vc_custom_1767797604260{padding-top: 50px !important;padding-bottom: 30px !important;}&#8221; css_mobile=&#8221;.vc_custom_1767797604260{padding-top: 50px !important;padding-bottom: 30px !important;}&#8221;][vc_column width=&#8221;1\/2&#8243;][vc_row_inner content_placement=&#8221;middle&#8221; kd_background_image_position=&#8221;vc_row-bg-position-top&#8221; css=&#8221;.vc_custom_1757335846106{padding-top: 50px !important;padding-bottom: 50px !important;}&#8221;][vc_column_inner css_tablet_portrait=&#8221;.vc_custom_1598622609562{padding-right: 10px !important;padding-left: 10px !important;}&#8221;][vc_single_image image=&#8221;35007&#8243; img_size=&#8221;full&#8221; alignment=&#8221;center&#8221; css=&#8221;&#8221;][\/vc_column_inner][\/vc_row_inner][\/vc_column][vc_column width=&#8221;1\/2&#8243; css=&#8221;.vc_custom_1764944739822{margin-top: 50px !important;}&#8221;]<header class=\"kd-section-title col-lg-12 text-left  subtitle-below-title   \" ><h2 class=\"separator_off\" style=\"color: #000000;margin-bottom:30px;\">Avec ces exemples de messages de r\u00e9pondeur, vous pourrez:<\/h2><\/header>[vc_column_text css=&#8221;&#8221;]<\/p>\n<ul>\n<li><strong>Informer vos patients de mani\u00e8re professionnelle<\/strong> lorsque le cabinet est ferm\u00e9<\/li>\n<li><strong>Adapter vos messages<\/strong> selon les situations: vacances, cong\u00e9s impr\u00e9vus, horaires r\u00e9duits<\/li>\n<li><strong>R\u00e9duire le stress<\/strong> et les appels r\u00e9p\u00e9t\u00e9s de patients inquiets<\/li>\n<li><strong>Am\u00e9liorer l\u2019image de votre cabinet<\/strong> gr\u00e2ce \u00e0 des messages clairs et pr\u00e9cis<\/li>\n<li><strong>Gagner du temps<\/strong> en standardisant vos r\u00e9ponses vocales<\/li>\n<li><strong>Proposer une exp\u00e9rience patient fluide<\/strong>\u00a0et rassurante m\u00eame en dehors des heures d\u2019ouverture<\/li>\n<\/ul>\n<p>[\/vc_column_text][\/vc_column][\/vc_row][vc_row kd_background_image_position=&#8221;vc_row-bg-position-top&#8221; css=&#8221;.vc_custom_1765183962546{margin-top: 80px !important;margin-bottom: 80px !important;padding-top: 50px !important;padding-bottom: 50px !important;}&#8221;][vc_column width=&#8221;1\/2&#8243;]<header class=\"kd-section-title col-lg-12 text-right  subtitle-below-title    vc_custom_1767884567635\" ><h2 class=\"separator_off\" >\ud83d\udd0e Pourquoi est-ce cl\u00e9 de pr\u00e9-enregistrer des messages sur votre r\u00e9pondeur?<\/h2><\/header>[\/vc_column][vc_column width=&#8221;1\/2&#8243;][vc_column_text css=&#8221;.vc_custom_1767884580148{margin-right: 50px !important;margin-left: 50px !important;padding-right: 20px !important;padding-left: 20px !important;}&#8221;]Un message vocal automatique est\u00a0<strong>essentiel pour maintenir une bonne communication avec vos patients, m\u00eame lorsque votre cabinet est ferm\u00e9<\/strong>\u00a0ou le secr\u00e9tariat indisponible. Il permet d\u2019informer vos patients des horaires, des absences temporaires et des proc\u00e9dures \u00e0 suivre en cas d\u2019urgence.<\/p>\n<p>En utilisant des messages clairs et adapt\u00e9s, vous\u00a0<strong>r\u00e9duisez les frustrations des patients<\/strong>, diminuez les appels r\u00e9p\u00e9t\u00e9s et am\u00e9liorez la perception professionnelle de votre cabinet. De plus,\u00a0<strong>des messages standardis\u00e9s et bien formul\u00e9s assurent que toutes les informations importantes sont transmises<\/strong>\u00a0de mani\u00e8re coh\u00e9rente, renfor\u00e7ant ainsi la confiance et la fid\u00e9lit\u00e9 de vos patients.[\/vc_column_text][\/vc_column][\/vc_row][vc_row kd_background_image_position=&#8221;vc_row-bg-position-top&#8221;][vc_column][vc_toggle title=&#8221;Pourquoi dois-je renseigner les informations demand\u00e9es?&#8221; css=&#8221;&#8221; el_class=&#8221;btf-faq&#8221;]Ces informations nous permettent de <strong>vous envoyer le guide directement<\/strong> et vous proposer, si vous le souhaitez, des contenus pertinents en lien avec votre pratique. Vos informations sont trait\u00e9es en toute confidentialit\u00e9 et ne seront jamais partag\u00e9es sans votre accord.[\/vc_toggle][\/vc_column][\/vc_row][vc_row kd_background_image_position=&#8221;vc_row-bg-position-top&#8221; css=&#8221;.vc_custom_1765288774228{margin-top: 80px !important;margin-bottom: 80px !important;padding-top: 50px !important;padding-bottom: 50px !important;background-color: #012E27 !important;border-radius: 5px !important;}&#8221;][vc_column][vc_row_inner kd_background_image_position=&#8221;vc_row-bg-position-top&#8221; css=&#8221;.vc_custom_1619538371141{padding-bottom: 70px !important;}&#8221; css_tablet_portrait=&#8221;.vc_custom_1619538371142{padding-bottom: 0px !important;}&#8221; css_mobile=&#8221;.vc_custom_1619538371142{padding-bottom: 0px !important;}&#8221; css_tablet_landscape=&#8221;.vc_custom_1619538371142{padding-bottom: 0px !important;}&#8221;][vc_column_inner css_tablet_portrait=&#8221;.vc_custom_1617894474157{padding-right: 15px !important;}&#8221; css_mobile=&#8221;.vc_custom_1617894474157{padding-right: 15px !important;}&#8221;]<header class=\"kd-section-title col-lg-12 text-center  subtitle-below-title    vc_custom_1763387747195\" ><h2 class=\"separator_off\" style=\"color: #FFFFFF;\">T\u00e9l\u00e9chargez <span style=\"color:#1D9585;\">gratuitement<\/span> votre guide d\u00e8s maintenant<\/h2><\/header><a  href=\"#top-page\"  class=\"tt_button tt_primary_button btn_primary_color hover_solid_secondary button-center button-scroll-to-section btn-smooth-scroll\" ><span class=\"prim_text\">T\u00e9l\u00e9chargez le guide<\/span><\/a>[\/vc_column_inner][\/vc_row_inner][\/vc_column][\/vc_row][vc_row kd_background_image_position=&#8221;vc_row-bg-position-top&#8221;][vc_column][vc_separator css=&#8221;.vc_custom_1759742010538{padding-bottom: 50px !important;}&#8221;][vc_column_text css=&#8221;&#8221;]<\/p>\n<p class=\"vc_general wpb-copyright vc_custom_1758037594745 wpb_copyright_element wpb_copyright_element-align-center\" style=\"text-align: center;\">Copyright \u00a9 2026 OneDoc SA<\/p>\n<p>[\/vc_column_text][vc_raw_html css=&#8221;&#8221;]JTNDZGl2JTIwc3R5bGUlM0QlMjJtYXJnaW4lM0EwJTNCJTIwdGV4dC1hbGlnbiUzQWNlbnRlciUzQiUyMiUzRSUwQSUyMCUyMCUzQ3VsJTIwc3R5bGUlM0QlMjJsaXN0LXN0eWxlJTNBbm9uZSUzQiUyMHBhZGRpbmclM0EwJTNCJTIwbWFyZ2luJTNBMjBweCUyMGF1dG8lM0IlMjBkaXNwbGF5JTNBaW5saW5lLWJsb2NrJTNCJTIyJTNFJTBBJTIwJTIwJTIwJTIwJTNDbGklMjBzdHlsZSUzRCUyMmRpc3BsYXklM0FpbmxpbmUlM0IlMjBtYXJnaW4lM0EwJTIwMTVweCUzQiUyMiUzRSUwQSUyMCUyMCUyMCUyMCUyMCUyMCUzQ2ElMjBzdHlsZSUzRCUyMmNvbG9yJTNBJTIwJTIzMGYxYTFhJTNCJTIyJTIwaHJlZiUzRCUyMmh0dHBzJTNBJTJGJTJGaW5mby5vbmVkb2MuY2glMkZmciUyRnBvbGl0aXF1ZS1jb29raWVzJTJGJTIyJTNFUG9saXRpcXVlJTIwZGUlMjBjb29raWVzJTNDJTJGYSUzRSUwQSUyMCUyMCUyMCUyMCUzQyUyRmxpJTNFJTBBJTIwJTIwJTIwJTIwJTNDbGklMjBzdHlsZSUzRCUyMmRpc3BsYXklM0FpbmxpbmUlM0IlMjBtYXJnaW4lM0EwJTIwMTVweCUzQiUyMiUzRSUwQSUyMCUyMCUyMCUyMCUyMCUyMCUzQ2ElMjBzdHlsZSUzRCUyMmNvbG9yJTNBJTIwJTIzMGYxYTFhJTNCJTIyJTIwaHJlZiUzRCUyMmh0dHBzJTNBJTJGJTJGcHJpdmFjeS5vbmVkb2MuY2glMkZmciUyMiUzRUNlbnRyZSUyMGRlJTIwY29uZmlkZW50aWFsaXQlQzMlQTklM0MlMkZhJTNFJTBBJTIwJTIwJTIwJTIwJTNDJTJGbGklM0UlMEElMjAlMjAlMjAlMjAlM0NsaSUyMHN0eWxlJTNEJTIyZGlzcGxheSUzQWlubGluZSUzQiUyMG1hcmdpbiUzQTAlMjAxNXB4JTNCJTIyJTNFJTBBJTIwJTIwJTIwJTIwJTIwJTIwJTNDYSUyMHN0eWxlJTNEJTIyY29sb3IlM0ElMjAlMjMwZjFhMWElM0IlMjIlMjBocmVmJTNEJTIyamF2YXNjcmlwdCUzQURpZG9taS5wcmVmZXJlbmNlcy5zaG93JTI4JTI5JTIyJTNFR2VzdGlvbiUyMGR1JTIwY29uc2VudGVtZW50JTNDJTJGYSUzRSUwQSUyMCUyMCUyMCUyMCUzQyUyRmxpJTNFJTBBJTIwJTIwJTNDJTJGdWwlM0UlMEElM0MlMkZkaXYlM0U=[\/vc_raw_html][\/vc_column][\/vc_row][vc_column][\/vc_column]<\/p>\n<\/div>","protected":false},"excerpt":{"rendered":"<p>[vc_row kd_background_image_position=&#8221;vc_row-bg-position-top&#8221; css=&#8221;.vc_custom_1765288789783{padding-top: 15px !important;padding-right: 8px !important;padding-bottom: 15px !important;padding-left: 8px !important;background-color: #FFFFFF [&hellip;]<\/p>\n","protected":false},"author":4,"featured_media":0,"parent":0,"menu_order":0,"comment_status":"closed","ping_status":"closed","template":"","meta":{"footnotes":""},"class_list":["post-35004","page","type-page","status-publish","hentry"],"yoast_head":"<!-- This site is optimized with the Yoast SEO Premium plugin v27.2 (Yoast SEO v27.5) - https:\/\/yoast.com\/product\/yoast-seo-premium-wordpress\/ -->\n<title>Exemples de messages pour le r\u00e9pondeur d&#039;un cabinet m\u00e9dical<\/title>\n<meta name=\"description\" content=\"T\u00e9l\u00e9chargez des messages pr\u00eats \u00e0 l\u2019emploi pour le r\u00e9pondeur de votre cabinet m\u00e9dical, adapt\u00e9s \u00e0 toutes les situations.\" \/>\n<meta name=\"robots\" content=\"index, follow, max-snippet:-1, max-image-preview:large, max-video-preview:-1\" \/>\n<link rel=\"canonical\" href=\"https:\/\/info.onedoc.ch\/fr\/scripts-messages-repondeur-cabinet-medical\/\" \/>\n<meta property=\"og:locale\" content=\"fr_FR\" \/>\n<meta property=\"og:type\" content=\"article\" \/>\n<meta property=\"og:title\" content=\"Exemples de messages pour le r\u00e9pondeur d&#039;un cabinet m\u00e9dical\" \/>\n<meta property=\"og:description\" content=\"T\u00e9l\u00e9chargez des messages pr\u00eats \u00e0 l\u2019emploi pour le r\u00e9pondeur de votre cabinet m\u00e9dical, adapt\u00e9s \u00e0 toutes les situations.\" \/>\n<meta property=\"og:url\" content=\"https:\/\/info.onedoc.ch\/fr\/scripts-messages-repondeur-cabinet-medical\/\" \/>\n<meta property=\"og:site_name\" content=\"OneDoc Pro\" \/>\n<meta property=\"article:publisher\" content=\"https:\/\/www.facebook.com\/onedoc.ch\/\" \/>\n<meta property=\"article:modified_time\" content=\"2026-03-26T16:27:00+00:00\" \/>\n<meta name=\"twitter:card\" content=\"summary_large_image\" \/>\n<meta name=\"twitter:title\" content=\"Exemples de messages pour le r\u00e9pondeur d&#039;un cabinet m\u00e9dical\" \/>\n<meta name=\"twitter:description\" content=\"T\u00e9l\u00e9chargez des messages pr\u00eats \u00e0 l\u2019emploi pour le r\u00e9pondeur de votre cabinet m\u00e9dical, adapt\u00e9s \u00e0 toutes les situations.\" \/>\n<meta name=\"twitter:site\" content=\"@onedoc_ch\" \/>\n<meta name=\"twitter:label1\" content=\"Est. reading time\" \/>\n\t<meta name=\"twitter:data1\" content=\"4 minutes\" \/>\n<script type=\"application\/ld+json\" class=\"yoast-schema-graph\">{\"@context\":\"https:\\\/\\\/schema.org\",\"@graph\":[{\"@type\":\"WebPage\",\"@id\":\"https:\\\/\\\/info.onedoc.ch\\\/fr\\\/scripts-messages-repondeur-cabinet-medical\\\/\",\"url\":\"https:\\\/\\\/info.onedoc.ch\\\/fr\\\/scripts-messages-repondeur-cabinet-medical\\\/\",\"name\":\"Exemples de messages pour le r\u00e9pondeur d'un cabinet m\u00e9dical\",\"isPartOf\":{\"@id\":\"https:\\\/\\\/info.onedoc.ch\\\/fr\\\/#website\"},\"datePublished\":\"2026-01-09T09:47:51+00:00\",\"dateModified\":\"2026-03-26T16:27:00+00:00\",\"description\":\"T\u00e9l\u00e9chargez des messages pr\u00eats \u00e0 l\u2019emploi pour le r\u00e9pondeur de votre cabinet m\u00e9dical, adapt\u00e9s \u00e0 toutes les situations.\",\"inLanguage\":\"fr-CH\",\"potentialAction\":[{\"@type\":\"ReadAction\",\"target\":[\"https:\\\/\\\/info.onedoc.ch\\\/fr\\\/scripts-messages-repondeur-cabinet-medical\\\/\"]}]},{\"@type\":\"WebSite\",\"@id\":\"https:\\\/\\\/info.onedoc.ch\\\/fr\\\/#website\",\"url\":\"https:\\\/\\\/info.onedoc.ch\\\/fr\\\/\",\"name\":\"OneDoc Pro - Moins d\u2019administratif, plus de temps pour vos patients\",\"description\":\"L&#039;alli\u00e9 des professionnels de sant\u00e9 suisses au quotidien\",\"publisher\":{\"@id\":\"https:\\\/\\\/info.onedoc.ch\\\/fr\\\/#organization\"},\"alternateName\":\"OneDoc Pro\",\"potentialAction\":[{\"@type\":\"SearchAction\",\"target\":{\"@type\":\"EntryPoint\",\"urlTemplate\":\"https:\\\/\\\/info.onedoc.ch\\\/fr\\\/?s={search_term_string}\"},\"query-input\":{\"@type\":\"PropertyValueSpecification\",\"valueRequired\":true,\"valueName\":\"search_term_string\"}}],\"inLanguage\":\"fr-CH\"},{\"@type\":\"Organization\",\"@id\":\"https:\\\/\\\/info.onedoc.ch\\\/fr\\\/#organization\",\"name\":\"OneDoc\",\"alternateName\":\"OneDoc.ch\",\"url\":\"https:\\\/\\\/info.onedoc.ch\\\/fr\\\/\",\"logo\":{\"@type\":\"ImageObject\",\"inLanguage\":\"fr-CH\",\"@id\":\"https:\\\/\\\/info.onedoc.ch\\\/fr\\\/#\\\/schema\\\/logo\\\/image\\\/\",\"url\":\"https:\\\/\\\/info.onedoc.ch\\\/wp-content\\\/uploads\\\/2025\\\/06\\\/doki-logo.png\",\"contentUrl\":\"https:\\\/\\\/info.onedoc.ch\\\/wp-content\\\/uploads\\\/2025\\\/06\\\/doki-logo.png\",\"width\":2134,\"height\":2134,\"caption\":\"OneDoc\"},\"image\":{\"@id\":\"https:\\\/\\\/info.onedoc.ch\\\/fr\\\/#\\\/schema\\\/logo\\\/image\\\/\"},\"sameAs\":[\"https:\\\/\\\/www.facebook.com\\\/onedoc.ch\\\/\",\"https:\\\/\\\/x.com\\\/onedoc_ch\",\"https:\\\/\\\/www.instagram.com\\\/onedoc.ch\\\/\",\"https:\\\/\\\/www.linkedin.com\\\/company\\\/onedoc.ch\\\/\",\"https:\\\/\\\/www.youtube.com\\\/channel\\\/UCWnlE63em_m8ZioBA5n8Z6w\"],\"description\":\"OneDoc est la plateforme leader en Suisse pour la r\u00e9servation de rendez-vous m\u00e9dicaux. Les patients peuvent rechercher des milliers de professionnels de la sant\u00e9 suisses (m\u00e9decins, dentistes et th\u00e9rapeutes) et r\u00e9server un rendez-vous sur place ou une consultation vid\u00e9o en quelques clics, 24 heures sur 24.\",\"legalName\":\"OneDoc SA\",\"foundingDate\":\"2016-12-31\",\"numberOfEmployees\":{\"@type\":\"QuantitativeValue\",\"minValue\":\"51\",\"maxValue\":\"200\"}}]}<\/script>\n<!-- \/ Yoast SEO Premium plugin. -->","yoast_head_json":{"title":"Exemples de messages pour le r\u00e9pondeur d'un cabinet m\u00e9dical","description":"T\u00e9l\u00e9chargez des messages pr\u00eats \u00e0 l\u2019emploi pour le r\u00e9pondeur de votre cabinet m\u00e9dical, adapt\u00e9s \u00e0 toutes les situations.","robots":{"index":"index","follow":"follow","max-snippet":"max-snippet:-1","max-image-preview":"max-image-preview:large","max-video-preview":"max-video-preview:-1"},"canonical":"https:\/\/info.onedoc.ch\/fr\/scripts-messages-repondeur-cabinet-medical\/","og_locale":"fr_FR","og_type":"article","og_title":"Exemples de messages pour le r\u00e9pondeur d'un cabinet m\u00e9dical","og_description":"T\u00e9l\u00e9chargez des messages pr\u00eats \u00e0 l\u2019emploi pour le r\u00e9pondeur de votre cabinet m\u00e9dical, adapt\u00e9s \u00e0 toutes les situations.","og_url":"https:\/\/info.onedoc.ch\/fr\/scripts-messages-repondeur-cabinet-medical\/","og_site_name":"OneDoc Pro","article_publisher":"https:\/\/www.facebook.com\/onedoc.ch\/","article_modified_time":"2026-03-26T16:27:00+00:00","twitter_card":"summary_large_image","twitter_title":"Exemples de messages pour le r\u00e9pondeur d'un cabinet m\u00e9dical","twitter_description":"T\u00e9l\u00e9chargez des messages pr\u00eats \u00e0 l\u2019emploi pour le r\u00e9pondeur de votre cabinet m\u00e9dical, adapt\u00e9s \u00e0 toutes les situations.","twitter_site":"@onedoc_ch","twitter_misc":{"Est. reading time":"4 minutes"},"schema":{"@context":"https:\/\/schema.org","@graph":[{"@type":"WebPage","@id":"https:\/\/info.onedoc.ch\/fr\/scripts-messages-repondeur-cabinet-medical\/","url":"https:\/\/info.onedoc.ch\/fr\/scripts-messages-repondeur-cabinet-medical\/","name":"Exemples de messages pour le r\u00e9pondeur d'un cabinet m\u00e9dical","isPartOf":{"@id":"https:\/\/info.onedoc.ch\/fr\/#website"},"datePublished":"2026-01-09T09:47:51+00:00","dateModified":"2026-03-26T16:27:00+00:00","description":"T\u00e9l\u00e9chargez des messages pr\u00eats \u00e0 l\u2019emploi pour le r\u00e9pondeur de votre cabinet m\u00e9dical, adapt\u00e9s \u00e0 toutes les situations.","inLanguage":"fr-CH","potentialAction":[{"@type":"ReadAction","target":["https:\/\/info.onedoc.ch\/fr\/scripts-messages-repondeur-cabinet-medical\/"]}]},{"@type":"WebSite","@id":"https:\/\/info.onedoc.ch\/fr\/#website","url":"https:\/\/info.onedoc.ch\/fr\/","name":"OneDoc Pro - Moins d\u2019administratif, plus de temps pour vos patients","description":"L&#039;alli\u00e9 des professionnels de sant\u00e9 suisses au quotidien","publisher":{"@id":"https:\/\/info.onedoc.ch\/fr\/#organization"},"alternateName":"OneDoc Pro","potentialAction":[{"@type":"SearchAction","target":{"@type":"EntryPoint","urlTemplate":"https:\/\/info.onedoc.ch\/fr\/?s={search_term_string}"},"query-input":{"@type":"PropertyValueSpecification","valueRequired":true,"valueName":"search_term_string"}}],"inLanguage":"fr-CH"},{"@type":"Organization","@id":"https:\/\/info.onedoc.ch\/fr\/#organization","name":"OneDoc","alternateName":"OneDoc.ch","url":"https:\/\/info.onedoc.ch\/fr\/","logo":{"@type":"ImageObject","inLanguage":"fr-CH","@id":"https:\/\/info.onedoc.ch\/fr\/#\/schema\/logo\/image\/","url":"https:\/\/info.onedoc.ch\/wp-content\/uploads\/2025\/06\/doki-logo.png","contentUrl":"https:\/\/info.onedoc.ch\/wp-content\/uploads\/2025\/06\/doki-logo.png","width":2134,"height":2134,"caption":"OneDoc"},"image":{"@id":"https:\/\/info.onedoc.ch\/fr\/#\/schema\/logo\/image\/"},"sameAs":["https:\/\/www.facebook.com\/onedoc.ch\/","https:\/\/x.com\/onedoc_ch","https:\/\/www.instagram.com\/onedoc.ch\/","https:\/\/www.linkedin.com\/company\/onedoc.ch\/","https:\/\/www.youtube.com\/channel\/UCWnlE63em_m8ZioBA5n8Z6w"],"description":"OneDoc est la plateforme leader en Suisse pour la r\u00e9servation de rendez-vous m\u00e9dicaux. Les patients peuvent rechercher des milliers de professionnels de la sant\u00e9 suisses (m\u00e9decins, dentistes et th\u00e9rapeutes) et r\u00e9server un rendez-vous sur place ou une consultation vid\u00e9o en quelques clics, 24 heures sur 24.","legalName":"OneDoc SA","foundingDate":"2016-12-31","numberOfEmployees":{"@type":"QuantitativeValue","minValue":"51","maxValue":"200"}}]}},"_links":{"self":[{"href":"https:\/\/info.onedoc.ch\/fr\/wp-json\/wp\/v2\/pages\/35004","targetHints":{"allow":["GET"]}}],"collection":[{"href":"https:\/\/info.onedoc.ch\/fr\/wp-json\/wp\/v2\/pages"}],"about":[{"href":"https:\/\/info.onedoc.ch\/fr\/wp-json\/wp\/v2\/types\/page"}],"author":[{"embeddable":true,"href":"https:\/\/info.onedoc.ch\/fr\/wp-json\/wp\/v2\/users\/4"}],"replies":[{"embeddable":true,"href":"https:\/\/info.onedoc.ch\/fr\/wp-json\/wp\/v2\/comments?post=35004"}],"version-history":[{"count":5,"href":"https:\/\/info.onedoc.ch\/fr\/wp-json\/wp\/v2\/pages\/35004\/revisions"}],"predecessor-version":[{"id":35072,"href":"https:\/\/info.onedoc.ch\/fr\/wp-json\/wp\/v2\/pages\/35004\/revisions\/35072"}],"wp:attachment":[{"href":"https:\/\/info.onedoc.ch\/fr\/wp-json\/wp\/v2\/media?parent=35004"}],"curies":[{"name":"wp","href":"https:\/\/api.w.org\/{rel}","templated":true}]}}