{"id":34984,"date":"2026-01-09T11:46:13","date_gmt":"2026-01-09T09:46:13","guid":{"rendered":"https:\/\/info.onedoc.ch\/?page_id=34984"},"modified":"2026-01-09T12:24:45","modified_gmt":"2026-01-09T10:24:45","slug":"courriers-dadressage-exemples","status":"publish","type":"page","link":"https:\/\/info.onedoc.ch\/fr\/courriers-dadressage-exemples\/","title":{"rendered":"Template courriers d&#8217;adressage"},"content":{"rendered":"<div class=\"wpb-content-wrapper\"><p>[vc_row kd_background_image_position=&#8221;vc_row-bg-position-top&#8221; css=&#8221;.vc_custom_1765288789783{padding-top: 15px !important;padding-right: 8px !important;padding-bottom: 15px !important;padding-left: 8px !important;background-color: #FFFFFF !important;}&#8221; el_id=&#8221;top-page&#8221;][vc_column][vc_single_image image=&#8221;27573&#8243; img_size=&#8221;full&#8221; onclick=&#8221;custom_link&#8221; img_link_target=&#8221;_blank&#8221; css=&#8221;.vc_custom_1757489714429{padding-top: 20px !important;padding-bottom: 20px !important;}&#8221; link=&#8221;https:\/\/info.onedoc.ch\/fr\/&#8221; el_class=&#8221;lp-logo&#8221;][vc_separator css=&#8221;&#8221;][\/vc_column][\/vc_row][vc_row kd_background_image_position=&#8221;vc_row-bg-position-top&#8221; css=&#8221;.vc_custom_1763387695541{padding-top: 50px !important;padding-bottom: 50px !important;}&#8221; css_tablet_portrait=&#8221;.vc_custom_1763387695541{padding-top: 0px !important;padding-right: 0px !important;padding-left: 0px !important;}&#8221; css_mobile=&#8221;.vc_custom_1763387695541{padding-top: 0px !important;padding-right: 0px !important;padding-bottom: 0px !important;padding-left: 0px !important;}&#8221;][vc_column width=&#8221;1\/2&#8243; kd_sticky_column=&#8221;true&#8221; css_tablet_portrait=&#8221;.vc_custom_1763387708029{padding-top: 0px !important;padding-right: 0px !important;padding-left: 0px !important;}&#8221; css_mobile=&#8221;.vc_custom_1763387708029{padding-top: 0px !important;padding-right: 0px !important;padding-left: 0px !important;}&#8221;]<header class=\"kd-section-title col-lg-12 text-left  subtitle-above-title   \" ><p class=\"subtitle\" >TEMPLATE<\/p><h1 class=\"separator_off\" >Mod\u00e8les gratuits de <span style=\"color:#1E9585;\">courriers d\u2019adressage m\u00e9dical<\/span> pour m\u00e9decins<\/h1><\/header>[vc_column_text css=&#8221;&#8221;]Gagnez du temps et am\u00e9liorez la qualit\u00e9 de vos \u00e9changes interprofessionnels gr\u00e2ce \u00e0 nos exemples de courriers d\u2019adressage m\u00e9dicaux pr\u00eats \u00e0 l\u2019emploi. T\u00e9l\u00e9chargez <strong>gratuitement 3 exemples de lettres de r\u00e9f\u00e9rence claires, structur\u00e9es et conformes aux bonnes pratiques<\/strong> m\u00e9dicales. Un outil essentiel pour optimiser la coordination des soins et la continuit\u00e9 du parcours patient.[\/vc_column_text][\/vc_column][vc_column width=&#8221;1\/2&#8243; css=&#8221;.vc_custom_1752666371518{padding-top: 0px !important;padding-right: 0px !important;padding-bottom: 0px !important;padding-left: 0px !important;}&#8221;][vc_raw_js el_id=&#8221;dossier-form&#8221; el_class=&#8221;form-shadow&#8221;]JTNDc2NyaXB0JTIwc3JjJTNEJTIyaHR0cHMlM0ElMkYlMkZqcy1ldTEuaHNmb3Jtcy5uZXQlMkZmb3JtcyUyRmVtYmVkJTJGNDY2MzI2MS5qcyUyMiUyMGRlZmVyJTNFJTNDJTJGc2NyaXB0JTNFJTBBJTNDZGl2JTIwY2xhc3MlM0QlMjJocy1mb3JtLWZyYW1lJTIyJTIwZGF0YS1yZWdpb24lM0QlMjJldTElMjIlMjBkYXRhLWZvcm0taWQlM0QlMjIzZTcwY2VlNC1lMTQwLTRkNDctOTJjMy1jMGI4YjZkYTRiYzklMjIlMjBkYXRhLXBvcnRhbC1pZCUzRCUyMjQ2NjMyNjElMjIlM0UlM0MlMkZkaXYlM0U=[\/vc_raw_js][\/vc_column][\/vc_row][vc_row full_width=&#8221;stretch_row&#8221; gap=&#8221;10&#8243; kd_background_image_position=&#8221;vc_row-bg-position-top&#8221; css=&#8221;.vc_custom_1767797604259{padding-top: 50px !important;padding-bottom: 50px !important;background-color: #D5ECE9 !important;border-radius: 5px !important;}&#8221; css_tablet_landscape=&#8221;.vc_custom_1767797604260{padding-top: 80px !important;padding-bottom: 80px !important;}&#8221; css_tablet_portrait=&#8221;.vc_custom_1767797604260{padding-top: 50px !important;padding-bottom: 30px !important;}&#8221; css_mobile=&#8221;.vc_custom_1767797604260{padding-top: 50px !important;padding-bottom: 30px !important;}&#8221;][vc_column width=&#8221;1\/2&#8243;][vc_row_inner content_placement=&#8221;middle&#8221; kd_background_image_position=&#8221;vc_row-bg-position-top&#8221; css=&#8221;.vc_custom_1757335846106{padding-top: 50px !important;padding-bottom: 50px !important;}&#8221;][vc_column_inner css_tablet_portrait=&#8221;.vc_custom_1598622609562{padding-right: 10px !important;padding-left: 10px !important;}&#8221;][vc_single_image image=&#8221;34995&#8243; img_size=&#8221;full&#8221; alignment=&#8221;center&#8221; css=&#8221;&#8221;][\/vc_column_inner][\/vc_row_inner][\/vc_column][vc_column width=&#8221;1\/2&#8243; css=&#8221;.vc_custom_1764944739822{margin-top: 50px !important;}&#8221;]<header class=\"kd-section-title col-lg-12 text-left  subtitle-below-title   \" ><h2 class=\"separator_off\" style=\"color: #000000;margin-bottom:30px;\">Avec ces mod\u00e8les de courriers d\u2019adressage, vous pourrez:<\/h2><\/header>[vc_column_text css=&#8221;&#8221;]<\/p>\n<ul>\n<li data-start=\"734\" data-end=\"820\">\n<p data-start=\"736\" data-end=\"820\"><strong>R\u00e9diger rapidement des courriers d\u2019adressage<\/strong> m\u00e9dicaux professionnels et structur\u00e9s<\/p>\n<\/li>\n<li data-start=\"734\" data-end=\"820\">\n<p data-start=\"736\" data-end=\"820\"><strong>Standardiser vos lettres<\/strong> de r\u00e9f\u00e9rence pour am\u00e9liorer la communication entre m\u00e9decins<\/p>\n<\/li>\n<li data-start=\"910\" data-end=\"956\">\n<p data-start=\"912\" data-end=\"956\"><strong>Gagner du temps<\/strong> administratif au quotidien<\/p>\n<\/li>\n<li data-start=\"957\" data-end=\"1044\">\n<p data-start=\"959\" data-end=\"1044\"><strong>Assurer une transmission claire et compl\u00e8te<\/strong> des informations m\u00e9dicales essentielles<\/p>\n<\/li>\n<li data-start=\"1045\" data-end=\"1128\">\n<p data-start=\"1047\" data-end=\"1128\"><strong>Am\u00e9liorer la coordination des soins<\/strong><\/p>\n<\/li>\n<li data-start=\"1230\" data-end=\"1309\">\n<p data-start=\"1232\" data-end=\"1309\"><strong>R\u00e9duire les erreurs<\/strong> et les omissions dans vos lettres de r\u00e9f\u00e9rence m\u00e9dicale<\/p>\n<\/li>\n<\/ul>\n<p>[\/vc_column_text][\/vc_column][\/vc_row][vc_row kd_background_image_position=&#8221;vc_row-bg-position-top&#8221; css=&#8221;.vc_custom_1765183962546{margin-top: 80px !important;margin-bottom: 80px !important;padding-top: 50px !important;padding-bottom: 50px !important;}&#8221;][vc_column width=&#8221;1\/2&#8243;]<header class=\"kd-section-title col-lg-12 text-right  subtitle-below-title    vc_custom_1767796561282\" ><h2 class=\"separator_off\" >\ud83d\udd0e Pourquoi dois-je r\u00e9diger un courrier d\u2019adressage m\u00e9dical ?<\/h2><\/header>[\/vc_column][vc_column width=&#8221;1\/2&#8243;][vc_column_text css=&#8221;.vc_custom_1767796607972{margin-right: 50px !important;margin-left: 50px !important;padding-right: 20px !important;padding-left: 20px !important;}&#8221;]<\/p>\n<p data-start=\"1388\" data-end=\"1661\">Le courrier d\u2019adressage m\u00e9dical est un <strong>\u00e9l\u00e9ment cl\u00e9 de la communication entre professionnels de sant\u00e9<\/strong>. Il permet de transmettre de mani\u00e8re structur\u00e9e et s\u00e9curis\u00e9e les informations cliniques essentielles d\u2019un patient lors d\u2019une orientation vers un confr\u00e8re ou un sp\u00e9cialiste.<\/p>\n<p data-start=\"1663\" data-end=\"2106\">Un courrier d\u2019adressage bien r\u00e9dig\u00e9 <strong>am\u00e9liore la continuit\u00e9 des soins, facilite la prise en charge du patient et renforce la collaboration interdisciplinaire<\/strong>. Il contribue \u00e9galement \u00e0 une meilleure compr\u00e9hension du contexte m\u00e9dical, des ant\u00e9c\u00e9dents et de la demande sp\u00e9cifique du m\u00e9decin adresseur. Dans un environnement m\u00e9dical de plus en plus exigeant, disposer de mod\u00e8les fiables et standardis\u00e9s est <strong>un v\u00e9ritable gain de temps<\/strong> et de qualit\u00e9.<\/p>\n<p>[\/vc_column_text][\/vc_column][\/vc_row][vc_row kd_background_image_position=&#8221;vc_row-bg-position-top&#8221;][vc_column][vc_toggle title=&#8221;Qu\u2019est-ce qu\u2019un courrier d\u2019adressage m\u00e9dical?&#8221; css=&#8221;&#8221; el_class=&#8221;btf-faq&#8221;]Un courrier d\u2019adressage m\u00e9dical (ou lettre de r\u00e9f\u00e9rence) est un document r\u00e9dig\u00e9 par un m\u00e9decin afin d\u2019orienter un patient vers un autre professionnel de sant\u00e9. Il contient les informations m\u00e9dicales pertinentes telles que le motif de l\u2019adressage, les ant\u00e9c\u00e9dents, les examens r\u00e9alis\u00e9s et la question clinique pos\u00e9e. Ce document est indispensable pour assurer une prise en charge optimale et coordonn\u00e9e du patient.[\/vc_toggle][vc_toggle title=&#8221;Existe-t-il des solutions digitales pour l\u2019adressage m\u00e9dical?&#8221; css=&#8221;&#8221;]Oui. Des solutions digitales existent pour simplifier et acc\u00e9l\u00e9rer l\u2019adressage m\u00e9dical. OneDoc, par exemple, propose un <a href=\"https:\/\/info.onedoc.ch\/fr\/hub\/adressage\/\">syst\u00e8me d\u2019adressage int\u00e9gr\u00e9<\/a> qui permet de r\u00e9f\u00e9rer des patients \u00e0 des confr\u00e8res en quelques clics seulement. Cette solution facilite la collaboration entre m\u00e9decins, r\u00e9duit la charge administrative et am\u00e9liore l\u2019exp\u00e9rience patient gr\u00e2ce \u00e0 un processus fluide, s\u00e9curis\u00e9 et enti\u00e8rement num\u00e9rique.[\/vc_toggle][vc_toggle title=&#8221;Pourquoi dois-je renseigner les informations demand\u00e9es?&#8221; css=&#8221;&#8221; el_class=&#8221;btf-faq&#8221;]Ces informations nous permettent de <strong>vous envoyer le guide directement<\/strong> et vous proposer, si vous le souhaitez, des contenus pertinents en lien avec votre pratique. Vos informations sont trait\u00e9es en toute confidentialit\u00e9 et ne seront jamais partag\u00e9es sans votre accord.[\/vc_toggle][\/vc_column][\/vc_row][vc_row kd_background_image_position=&#8221;vc_row-bg-position-top&#8221; css=&#8221;.vc_custom_1765288774228{margin-top: 80px !important;margin-bottom: 80px !important;padding-top: 50px !important;padding-bottom: 50px !important;background-color: #012E27 !important;border-radius: 5px !important;}&#8221;][vc_column][vc_row_inner kd_background_image_position=&#8221;vc_row-bg-position-top&#8221; css=&#8221;.vc_custom_1619538371141{padding-bottom: 70px !important;}&#8221; css_tablet_portrait=&#8221;.vc_custom_1619538371142{padding-bottom: 0px !important;}&#8221; css_mobile=&#8221;.vc_custom_1619538371142{padding-bottom: 0px !important;}&#8221; css_tablet_landscape=&#8221;.vc_custom_1619538371142{padding-bottom: 0px !important;}&#8221;][vc_column_inner css_tablet_portrait=&#8221;.vc_custom_1617894474157{padding-right: 15px !important;}&#8221; css_mobile=&#8221;.vc_custom_1617894474157{padding-right: 15px !important;}&#8221;]<header class=\"kd-section-title col-lg-12 text-center  subtitle-below-title    vc_custom_1763387747195\" ><h2 class=\"separator_off\" style=\"color: #FFFFFF;\">T\u00e9l\u00e9chargez <span style=\"color:#1D9585;\">gratuitement<\/span> votre guide d\u00e8s maintenant<\/h2><\/header><a  href=\"#top-page\"  class=\"tt_button tt_primary_button btn_primary_color hover_solid_secondary button-center button-scroll-to-section btn-smooth-scroll\" ><span class=\"prim_text\">T\u00e9l\u00e9chargez le guide<\/span><\/a>[\/vc_column_inner][\/vc_row_inner][\/vc_column][\/vc_row][vc_row kd_background_image_position=&#8221;vc_row-bg-position-top&#8221;][vc_column][vc_separator css=&#8221;.vc_custom_1759742010538{padding-bottom: 50px !important;}&#8221;][vc_column_text css=&#8221;&#8221;]<\/p>\n<p class=\"vc_general wpb-copyright vc_custom_1758037594745 wpb_copyright_element wpb_copyright_element-align-center\" style=\"text-align: center;\">Copyright \u00a9 2026 OneDoc SA<\/p>\n<p>[\/vc_column_text][vc_raw_html css=&#8221;&#8221;]JTNDZGl2JTIwc3R5bGUlM0QlMjJtYXJnaW4lM0EwJTNCJTIwdGV4dC1hbGlnbiUzQWNlbnRlciUzQiUyMiUzRSUwQSUyMCUyMCUzQ3VsJTIwc3R5bGUlM0QlMjJsaXN0LXN0eWxlJTNBbm9uZSUzQiUyMHBhZGRpbmclM0EwJTNCJTIwbWFyZ2luJTNBMjBweCUyMGF1dG8lM0IlMjBkaXNwbGF5JTNBaW5saW5lLWJsb2NrJTNCJTIyJTNFJTBBJTIwJTIwJTIwJTIwJTNDbGklMjBzdHlsZSUzRCUyMmRpc3BsYXklM0FpbmxpbmUlM0IlMjBtYXJnaW4lM0EwJTIwMTVweCUzQiUyMiUzRSUwQSUyMCUyMCUyMCUyMCUyMCUyMCUzQ2ElMjBzdHlsZSUzRCUyMmNvbG9yJTNBJTIwJTIzMGYxYTFhJTNCJTIyJTIwaHJlZiUzRCUyMmh0dHBzJTNBJTJGJTJGaW5mby5vbmVkb2MuY2glMkZmciUyRnBvbGl0aXF1ZS1jb29raWVzJTJGJTIyJTNFUG9saXRpcXVlJTIwZGUlMjBjb29raWVzJTNDJTJGYSUzRSUwQSUyMCUyMCUyMCUyMCUzQyUyRmxpJTNFJTBBJTIwJTIwJTIwJTIwJTNDbGklMjBzdHlsZSUzRCUyMmRpc3BsYXklM0FpbmxpbmUlM0IlMjBtYXJnaW4lM0EwJTIwMTVweCUzQiUyMiUzRSUwQSUyMCUyMCUyMCUyMCUyMCUyMCUzQ2ElMjBzdHlsZSUzRCUyMmNvbG9yJTNBJTIwJTIzMGYxYTFhJTNCJTIyJTIwaHJlZiUzRCUyMmh0dHBzJTNBJTJGJTJGcHJpdmFjeS5vbmVkb2MuY2glMkZmciUyMiUzRUNlbnRyZSUyMGRlJTIwY29uZmlkZW50aWFsaXQlQzMlQTklM0MlMkZhJTNFJTBBJTIwJTIwJTIwJTIwJTNDJTJGbGklM0UlMEElMjAlMjAlMjAlMjAlM0NsaSUyMHN0eWxlJTNEJTIyZGlzcGxheSUzQWlubGluZSUzQiUyMG1hcmdpbiUzQTAlMjAxNXB4JTNCJTIyJTNFJTBBJTIwJTIwJTIwJTIwJTIwJTIwJTNDYSUyMHN0eWxlJTNEJTIyY29sb3IlM0ElMjAlMjMwZjFhMWElM0IlMjIlMjBocmVmJTNEJTIyamF2YXNjcmlwdCUzQURpZG9taS5wcmVmZXJlbmNlcy5zaG93JTI4JTI5JTIyJTNFR2VzdGlvbiUyMGR1JTIwY29uc2VudGVtZW50JTNDJTJGYSUzRSUwQSUyMCUyMCUyMCUyMCUzQyUyRmxpJTNFJTBBJTIwJTIwJTNDJTJGdWwlM0UlMEElM0MlMkZkaXYlM0U=[\/vc_raw_html][\/vc_column][\/vc_row][vc_column][\/vc_column]<\/p>\n<\/div>","protected":false},"excerpt":{"rendered":"<p>[vc_row kd_background_image_position=&#8221;vc_row-bg-position-top&#8221; css=&#8221;.vc_custom_1765288789783{padding-top: 15px !important;padding-right: 8px !important;padding-bottom: 15px !important;padding-left: 8px !important;background-color: #FFFFFF [&hellip;]<\/p>\n","protected":false},"author":4,"featured_media":0,"parent":0,"menu_order":0,"comment_status":"closed","ping_status":"closed","template":"","meta":{"footnotes":""},"class_list":["post-34984","page","type-page","status-publish","hentry"],"yoast_head":"<!-- This site is optimized with the Yoast SEO Premium plugin v27.2 (Yoast SEO v27.3) - https:\/\/yoast.com\/product\/yoast-seo-premium-wordpress\/ -->\n<title>Mod\u00e8les gratuits de courriers d\u2019adressages m\u00e9dicaux<\/title>\n<meta name=\"description\" content=\"T\u00e9l\u00e9chargez gratuitement 3 mod\u00e8les de courriers d\u2019adressage pr\u00eats \u00e0 l\u2019emploi pour r\u00e9digez des lettres professionnelles, claires et conformes.\" \/>\n<meta name=\"robots\" content=\"index, follow, max-snippet:-1, max-image-preview:large, max-video-preview:-1\" \/>\n<link rel=\"canonical\" href=\"https:\/\/info.onedoc.ch\/fr\/courriers-dadressage-exemples\/\" \/>\n<meta property=\"og:locale\" content=\"fr_FR\" \/>\n<meta property=\"og:type\" content=\"article\" \/>\n<meta property=\"og:title\" content=\"Mod\u00e8les gratuits de courriers d\u2019adressages m\u00e9dicaux\" \/>\n<meta property=\"og:description\" content=\"T\u00e9l\u00e9chargez gratuitement 3 mod\u00e8les de courriers d\u2019adressage pr\u00eats \u00e0 l\u2019emploi pour r\u00e9digez des lettres professionnelles, claires et conformes.\" \/>\n<meta property=\"og:url\" content=\"https:\/\/info.onedoc.ch\/fr\/courriers-dadressage-exemples\/\" \/>\n<meta property=\"og:site_name\" content=\"OneDoc Pro\" \/>\n<meta property=\"article:publisher\" content=\"https:\/\/www.facebook.com\/onedoc.ch\/\" \/>\n<meta property=\"article:modified_time\" content=\"2026-01-09T10:24:45+00:00\" \/>\n<meta name=\"twitter:card\" content=\"summary_large_image\" \/>\n<meta name=\"twitter:title\" content=\"Mod\u00e8les gratuits de courriers d\u2019adressages m\u00e9dicaux\" \/>\n<meta name=\"twitter:description\" content=\"T\u00e9l\u00e9chargez gratuitement 3 mod\u00e8les de courriers d\u2019adressage pr\u00eats \u00e0 l\u2019emploi pour r\u00e9digez des lettres professionnelles, claires et conformes.\" \/>\n<meta name=\"twitter:site\" content=\"@onedoc_ch\" \/>\n<meta name=\"twitter:label1\" content=\"Est. reading time\" \/>\n\t<meta name=\"twitter:data1\" content=\"4 minutes\" \/>\n<script type=\"application\/ld+json\" class=\"yoast-schema-graph\">{\"@context\":\"https:\\\/\\\/schema.org\",\"@graph\":[{\"@type\":\"WebPage\",\"@id\":\"https:\\\/\\\/info.onedoc.ch\\\/fr\\\/courriers-dadressage-exemples\\\/\",\"url\":\"https:\\\/\\\/info.onedoc.ch\\\/fr\\\/courriers-dadressage-exemples\\\/\",\"name\":\"Mod\u00e8les gratuits de courriers d\u2019adressages m\u00e9dicaux\",\"isPartOf\":{\"@id\":\"https:\\\/\\\/info.onedoc.ch\\\/fr\\\/#website\"},\"datePublished\":\"2026-01-09T09:46:13+00:00\",\"dateModified\":\"2026-01-09T10:24:45+00:00\",\"description\":\"T\u00e9l\u00e9chargez gratuitement 3 mod\u00e8les de courriers d\u2019adressage pr\u00eats \u00e0 l\u2019emploi pour r\u00e9digez des lettres professionnelles, claires et conformes.\",\"inLanguage\":\"fr-CH\",\"potentialAction\":[{\"@type\":\"ReadAction\",\"target\":[\"https:\\\/\\\/info.onedoc.ch\\\/fr\\\/courriers-dadressage-exemples\\\/\"]}]},{\"@type\":\"WebSite\",\"@id\":\"https:\\\/\\\/info.onedoc.ch\\\/fr\\\/#website\",\"url\":\"https:\\\/\\\/info.onedoc.ch\\\/fr\\\/\",\"name\":\"OneDoc Pro - Moins d\u2019administratif, plus de temps pour vos patients\",\"description\":\"L&#039;alli\u00e9 des professionnels de sant\u00e9 suisses au quotidien\",\"publisher\":{\"@id\":\"https:\\\/\\\/info.onedoc.ch\\\/fr\\\/#organization\"},\"alternateName\":\"OneDoc Pro\",\"potentialAction\":[{\"@type\":\"SearchAction\",\"target\":{\"@type\":\"EntryPoint\",\"urlTemplate\":\"https:\\\/\\\/info.onedoc.ch\\\/fr\\\/?s={search_term_string}\"},\"query-input\":{\"@type\":\"PropertyValueSpecification\",\"valueRequired\":true,\"valueName\":\"search_term_string\"}}],\"inLanguage\":\"fr-CH\"},{\"@type\":\"Organization\",\"@id\":\"https:\\\/\\\/info.onedoc.ch\\\/fr\\\/#organization\",\"name\":\"OneDoc\",\"alternateName\":\"OneDoc.ch\",\"url\":\"https:\\\/\\\/info.onedoc.ch\\\/fr\\\/\",\"logo\":{\"@type\":\"ImageObject\",\"inLanguage\":\"fr-CH\",\"@id\":\"https:\\\/\\\/info.onedoc.ch\\\/fr\\\/#\\\/schema\\\/logo\\\/image\\\/\",\"url\":\"https:\\\/\\\/info.onedoc.ch\\\/wp-content\\\/uploads\\\/2025\\\/06\\\/doki-logo.png\",\"contentUrl\":\"https:\\\/\\\/info.onedoc.ch\\\/wp-content\\\/uploads\\\/2025\\\/06\\\/doki-logo.png\",\"width\":2134,\"height\":2134,\"caption\":\"OneDoc\"},\"image\":{\"@id\":\"https:\\\/\\\/info.onedoc.ch\\\/fr\\\/#\\\/schema\\\/logo\\\/image\\\/\"},\"sameAs\":[\"https:\\\/\\\/www.facebook.com\\\/onedoc.ch\\\/\",\"https:\\\/\\\/x.com\\\/onedoc_ch\",\"https:\\\/\\\/www.instagram.com\\\/onedoc.ch\\\/\",\"https:\\\/\\\/www.linkedin.com\\\/company\\\/onedoc.ch\\\/\",\"https:\\\/\\\/www.youtube.com\\\/channel\\\/UCWnlE63em_m8ZioBA5n8Z6w\"],\"description\":\"OneDoc est la plateforme leader en Suisse pour la r\u00e9servation de rendez-vous m\u00e9dicaux. Les patients peuvent rechercher des milliers de professionnels de la sant\u00e9 suisses (m\u00e9decins, dentistes et th\u00e9rapeutes) et r\u00e9server un rendez-vous sur place ou une consultation vid\u00e9o en quelques clics, 24 heures sur 24.\",\"legalName\":\"OneDoc SA\",\"foundingDate\":\"2016-12-31\",\"numberOfEmployees\":{\"@type\":\"QuantitativeValue\",\"minValue\":\"51\",\"maxValue\":\"200\"}}]}<\/script>\n<!-- \/ Yoast SEO Premium plugin. -->","yoast_head_json":{"title":"Mod\u00e8les gratuits de courriers d\u2019adressages m\u00e9dicaux","description":"T\u00e9l\u00e9chargez gratuitement 3 mod\u00e8les de courriers d\u2019adressage pr\u00eats \u00e0 l\u2019emploi pour r\u00e9digez des lettres professionnelles, claires et conformes.","robots":{"index":"index","follow":"follow","max-snippet":"max-snippet:-1","max-image-preview":"max-image-preview:large","max-video-preview":"max-video-preview:-1"},"canonical":"https:\/\/info.onedoc.ch\/fr\/courriers-dadressage-exemples\/","og_locale":"fr_FR","og_type":"article","og_title":"Mod\u00e8les gratuits de courriers d\u2019adressages m\u00e9dicaux","og_description":"T\u00e9l\u00e9chargez gratuitement 3 mod\u00e8les de courriers d\u2019adressage pr\u00eats \u00e0 l\u2019emploi pour r\u00e9digez des lettres professionnelles, claires et conformes.","og_url":"https:\/\/info.onedoc.ch\/fr\/courriers-dadressage-exemples\/","og_site_name":"OneDoc Pro","article_publisher":"https:\/\/www.facebook.com\/onedoc.ch\/","article_modified_time":"2026-01-09T10:24:45+00:00","twitter_card":"summary_large_image","twitter_title":"Mod\u00e8les gratuits de courriers d\u2019adressages m\u00e9dicaux","twitter_description":"T\u00e9l\u00e9chargez gratuitement 3 mod\u00e8les de courriers d\u2019adressage pr\u00eats \u00e0 l\u2019emploi pour r\u00e9digez des lettres professionnelles, claires et conformes.","twitter_site":"@onedoc_ch","twitter_misc":{"Est. reading time":"4 minutes"},"schema":{"@context":"https:\/\/schema.org","@graph":[{"@type":"WebPage","@id":"https:\/\/info.onedoc.ch\/fr\/courriers-dadressage-exemples\/","url":"https:\/\/info.onedoc.ch\/fr\/courriers-dadressage-exemples\/","name":"Mod\u00e8les gratuits de courriers d\u2019adressages m\u00e9dicaux","isPartOf":{"@id":"https:\/\/info.onedoc.ch\/fr\/#website"},"datePublished":"2026-01-09T09:46:13+00:00","dateModified":"2026-01-09T10:24:45+00:00","description":"T\u00e9l\u00e9chargez gratuitement 3 mod\u00e8les de courriers d\u2019adressage pr\u00eats \u00e0 l\u2019emploi pour r\u00e9digez des lettres professionnelles, claires et conformes.","inLanguage":"fr-CH","potentialAction":[{"@type":"ReadAction","target":["https:\/\/info.onedoc.ch\/fr\/courriers-dadressage-exemples\/"]}]},{"@type":"WebSite","@id":"https:\/\/info.onedoc.ch\/fr\/#website","url":"https:\/\/info.onedoc.ch\/fr\/","name":"OneDoc Pro - Moins d\u2019administratif, plus de temps pour vos patients","description":"L&#039;alli\u00e9 des professionnels de sant\u00e9 suisses au quotidien","publisher":{"@id":"https:\/\/info.onedoc.ch\/fr\/#organization"},"alternateName":"OneDoc Pro","potentialAction":[{"@type":"SearchAction","target":{"@type":"EntryPoint","urlTemplate":"https:\/\/info.onedoc.ch\/fr\/?s={search_term_string}"},"query-input":{"@type":"PropertyValueSpecification","valueRequired":true,"valueName":"search_term_string"}}],"inLanguage":"fr-CH"},{"@type":"Organization","@id":"https:\/\/info.onedoc.ch\/fr\/#organization","name":"OneDoc","alternateName":"OneDoc.ch","url":"https:\/\/info.onedoc.ch\/fr\/","logo":{"@type":"ImageObject","inLanguage":"fr-CH","@id":"https:\/\/info.onedoc.ch\/fr\/#\/schema\/logo\/image\/","url":"https:\/\/info.onedoc.ch\/wp-content\/uploads\/2025\/06\/doki-logo.png","contentUrl":"https:\/\/info.onedoc.ch\/wp-content\/uploads\/2025\/06\/doki-logo.png","width":2134,"height":2134,"caption":"OneDoc"},"image":{"@id":"https:\/\/info.onedoc.ch\/fr\/#\/schema\/logo\/image\/"},"sameAs":["https:\/\/www.facebook.com\/onedoc.ch\/","https:\/\/x.com\/onedoc_ch","https:\/\/www.instagram.com\/onedoc.ch\/","https:\/\/www.linkedin.com\/company\/onedoc.ch\/","https:\/\/www.youtube.com\/channel\/UCWnlE63em_m8ZioBA5n8Z6w"],"description":"OneDoc est la plateforme leader en Suisse pour la r\u00e9servation de rendez-vous m\u00e9dicaux. Les patients peuvent rechercher des milliers de professionnels de la sant\u00e9 suisses (m\u00e9decins, dentistes et th\u00e9rapeutes) et r\u00e9server un rendez-vous sur place ou une consultation vid\u00e9o en quelques clics, 24 heures sur 24.","legalName":"OneDoc SA","foundingDate":"2016-12-31","numberOfEmployees":{"@type":"QuantitativeValue","minValue":"51","maxValue":"200"}}]}},"_links":{"self":[{"href":"https:\/\/info.onedoc.ch\/fr\/wp-json\/wp\/v2\/pages\/34984","targetHints":{"allow":["GET"]}}],"collection":[{"href":"https:\/\/info.onedoc.ch\/fr\/wp-json\/wp\/v2\/pages"}],"about":[{"href":"https:\/\/info.onedoc.ch\/fr\/wp-json\/wp\/v2\/types\/page"}],"author":[{"embeddable":true,"href":"https:\/\/info.onedoc.ch\/fr\/wp-json\/wp\/v2\/users\/4"}],"replies":[{"embeddable":true,"href":"https:\/\/info.onedoc.ch\/fr\/wp-json\/wp\/v2\/comments?post=34984"}],"version-history":[{"count":7,"href":"https:\/\/info.onedoc.ch\/fr\/wp-json\/wp\/v2\/pages\/34984\/revisions"}],"predecessor-version":[{"id":35196,"href":"https:\/\/info.onedoc.ch\/fr\/wp-json\/wp\/v2\/pages\/34984\/revisions\/35196"}],"wp:attachment":[{"href":"https:\/\/info.onedoc.ch\/fr\/wp-json\/wp\/v2\/media?parent=34984"}],"curies":[{"name":"wp","href":"https:\/\/api.w.org\/{rel}","templated":true}]}}