{"id":32328,"date":"2025-11-17T15:58:27","date_gmt":"2025-11-17T13:58:27","guid":{"rendered":"https:\/\/info.onedoc.ch\/?page_id=32328"},"modified":"2026-01-07T17:32:15","modified_gmt":"2026-01-07T15:32:15","slug":"guide-collaboration-medecin-assistante","status":"publish","type":"page","link":"https:\/\/info.onedoc.ch\/fr\/guide-collaboration-medecin-assistante\/","title":{"rendered":"Guide collaboration m\u00e9decin-assistante"},"content":{"rendered":"<div class=\"wpb-content-wrapper\"><p>[vc_row kd_background_image_position=&#8221;vc_row-bg-position-top&#8221; css=&#8221;.vc_custom_1765288789783{padding-top: 15px !important;padding-right: 8px !important;padding-bottom: 15px !important;padding-left: 8px !important;background-color: #FFFFFF !important;}&#8221; el_id=&#8221;top-page&#8221; top_section_title=&#8221;&#8221; bottom_section_title=&#8221;&#8221;][vc_column][vc_single_image image=&#8221;27573&#8243; img_size=&#8221;full&#8221; onclick=&#8221;custom_link&#8221; img_link_target=&#8221;_blank&#8221; css=&#8221;.vc_custom_1757489714429{padding-top: 20px !important;padding-bottom: 20px !important;}&#8221; link=&#8221;https:\/\/info.onedoc.ch\/fr\/&#8221; el_class=&#8221;lp-logo&#8221;][vc_separator css=&#8221;&#8221;][\/vc_column][\/vc_row][vc_row kd_background_image_position=&#8221;vc_row-bg-position-top&#8221; css=&#8221;.vc_custom_1763387695541{padding-top: 50px !important;padding-bottom: 50px !important;}&#8221; css_tablet_portrait=&#8221;.vc_custom_1763387695541{padding-top: 0px !important;padding-right: 0px !important;padding-left: 0px !important;}&#8221; css_mobile=&#8221;.vc_custom_1763387695541{padding-top: 0px !important;padding-right: 0px !important;padding-bottom: 0px !important;padding-left: 0px !important;}&#8221;][vc_column width=&#8221;1\/2&#8243; kd_sticky_column=&#8221;true&#8221; css_tablet_portrait=&#8221;.vc_custom_1763387708029{padding-top: 0px !important;padding-right: 0px !important;padding-left: 0px !important;}&#8221; css_mobile=&#8221;.vc_custom_1763387708029{padding-top: 0px !important;padding-right: 0px !important;padding-left: 0px !important;}&#8221;]<header class=\"kd-section-title col-lg-12 text-left  subtitle-above-title   \" ><p class=\"subtitle\" >GUIDE<\/p><h1 class=\"separator_off\" >Passez d\u2019une collaboration efficace \u00e0 une <span style=\"color:#1E9585;\">collaboration exceptionnelle<\/span><\/h1><\/header>[vc_column_text css=&#8221;&#8221;]D\u00e9couvrez comment renforcer la synergie entre m\u00e9decins et assistantes gr\u00e2ce \u00e0 une meilleure planification, une communication fluide et une gestion optimale des ressources de votre cabinet m\u00e9dical.[\/vc_column_text][\/vc_column][vc_column width=&#8221;1\/2&#8243; css=&#8221;.vc_custom_1752666371518{padding-top: 0px !important;padding-right: 0px !important;padding-bottom: 0px !important;padding-left: 0px !important;}&#8221;][vc_raw_js el_id=&#8221;dossier-form&#8221; el_class=&#8221;form-shadow&#8221;]JTNDc2NyaXB0JTIwc3JjJTNEJTIyaHR0cHMlM0ElMkYlMkZqcy1ldTEuaHNmb3Jtcy5uZXQlMkZmb3JtcyUyRmVtYmVkJTJGNDY2MzI2MS5qcyUyMiUyMGRlZmVyJTNFJTNDJTJGc2NyaXB0JTNFJTBBJTNDZGl2JTIwY2xhc3MlM0QlMjJocy1mb3JtLWZyYW1lJTIyJTIwZGF0YS1yZWdpb24lM0QlMjJldTElMjIlMjBkYXRhLWZvcm0taWQlM0QlMjI1Mjk1MGI1Ny02MDA2LTQ4MTMtODI4NC1iZDRlMDIxNjkzZmYlMjIlMjBkYXRhLXBvcnRhbC1pZCUzRCUyMjQ2NjMyNjElMjIlM0UlM0MlMkZkaXYlM0U=[\/vc_raw_js][\/vc_column][\/vc_row][vc_row full_width=&#8221;stretch_row&#8221; gap=&#8221;10&#8243; kd_background_image_position=&#8221;vc_row-bg-position-top&#8221; css=&#8221;.vc_custom_1765203671799{padding-top: 50px !important;background-color: #D5ECE9 !important;border-radius: 5px !important;}&#8221; css_tablet_landscape=&#8221;.vc_custom_1765203671799{padding-top: 80px !important;padding-bottom: 80px !important;}&#8221; css_tablet_portrait=&#8221;.vc_custom_1765203671799{padding-top: 50px !important;padding-bottom: 30px !important;}&#8221; css_mobile=&#8221;.vc_custom_1765203671799{padding-top: 50px !important;padding-bottom: 30px !important;}&#8221;][vc_column width=&#8221;1\/2&#8243;][vc_row_inner content_placement=&#8221;middle&#8221; kd_background_image_position=&#8221;vc_row-bg-position-top&#8221; css=&#8221;.vc_custom_1757335846106{padding-top: 50px !important;padding-bottom: 50px !important;}&#8221;][vc_column_inner css_tablet_portrait=&#8221;.vc_custom_1598622609562{padding-right: 10px !important;padding-left: 10px !important;}&#8221;][vc_single_image image=&#8221;34024&#8243; img_size=&#8221;full&#8221; alignment=&#8221;center&#8221; css=&#8221;&#8221;][\/vc_column_inner][\/vc_row_inner][\/vc_column][vc_column width=&#8221;1\/2&#8243; css=&#8221;.vc_custom_1764944739822{margin-top: 50px !important;}&#8221;]<header class=\"kd-section-title col-lg-12 text-left  subtitle-below-title   \" ><h2 class=\"separator_off\" style=\"color: #000000;margin-bottom:30px;\">Avec ce guide, vous apprendrez \u00e0:<\/h2><\/header>[vc_column_text css=&#8221;&#8221;]<\/p>\n<ul>\n<li><strong>Mieux planifier et organiser le travail en \u00e9quipe<\/strong> afin d&#8217;anticiper proactivement les besoins et de r\u00e9duire les impr\u00e9vus.<\/li>\n<li><strong>Am\u00e9liorer la communication et le partage d\u2019informations<\/strong> pour que chaque membre de l\u2019\u00e9quipe dispose des bonnes informations, au bon moment.<\/li>\n<li><strong>Optimiser la gestion des ressources<\/strong> (coll\u00e8gues, salles, mat\u00e9riel) pour gagner en fluidit\u00e9 et en productivit\u00e9.<\/li>\n<li><strong>D\u00e9couvrir des outils digitaux<\/strong> simples et performants qui viendront faciliter la coordination et le suivi des t\u00e2ches.<\/li>\n<\/ul>\n<p>[\/vc_column_text][\/vc_column][\/vc_row][vc_row kd_background_image_position=&#8221;vc_row-bg-position-top&#8221; css=&#8221;.vc_custom_1765183962546{margin-top: 80px !important;margin-bottom: 80px !important;padding-top: 50px !important;padding-bottom: 50px !important;}&#8221;][vc_column width=&#8221;1\/2&#8243;]<header class=\"kd-section-title col-lg-12 text-right  subtitle-below-title    vc_custom_1765288888880\" ><h2 class=\"separator_off\" >\ud83d\udd0e Les outils digitales peuvent-ils \u00e9galement nuire \u00e0 la qualit\u00e9 de la collaboration entre les m\u00e9decins et les assistants?<\/h2><\/header>[\/vc_column][vc_column width=&#8221;1\/2&#8243;][vc_column_text css=&#8221;.vc_custom_1765288940031{margin-right: 50px !important;margin-left: 50px !important;padding-right: 20px !important;padding-left: 20px !important;}&#8221;]Les solutions digitales offrent de nombreux avantages, mais elles peuvent \u00e9galement nuire \u00e0 la collaboration au quotidien si elles ne sont pas mises en \u0153uvre de mani\u00e8re appropri\u00e9e. <strong>Des processus peu clairs, un manque de formation ou des syst\u00e8mes trop complexes peuvent rapidement entra\u00eener des malentendus<\/strong>, une charge de travail suppl\u00e9mentaire et de la frustration au sein de l&#8217;\u00e9quipe.<\/p>\n<p>Il est donc <strong>essentiel de choisir les outils digitales de mani\u00e8re r\u00e9fl\u00e9chie<\/strong>, de les int\u00e9grer correctement et d&#8217;impliquer toutes les parties prenantes. C&#8217;est la seule fa\u00e7on de renforcer la collaboration au lieu de la compliquer.<br \/>\nProfitez des conseils concrets de ce guide pour <strong>optimiser la collaboration au sein de votre \u00e9quipe.<\/strong>[\/vc_column_text][\/vc_column][\/vc_row][vc_row kd_background_image_position=&#8221;vc_row-bg-position-top&#8221;][vc_column][vc_toggle title=&#8221;Ce guide sur la collaboration entre coll\u00e8gues est-elle vraiment gratuite ?&#8221; css=&#8221;&#8221; el_class=&#8221;btf-faq&#8221;]<strong>Oui, ce guide sur la collaboration entre coll\u00e8gues est enti\u00e8rement gratuit <\/strong>et sans aucun engagement. Vous pouvez le t\u00e9l\u00e9charger librement, sans frais cach\u00e9s ni obligations futures. Notre objectif est simplement de vous offrir des ressources utiles pour votre activit\u00e9![\/vc_toggle][vc_toggle title=&#8221;Pourquoi dois-je renseigner les informations demand\u00e9es?&#8221; css=&#8221;&#8221; el_class=&#8221;btf-faq&#8221;]Ces informations nous permettent de <strong>vous envoyer le guide directement<\/strong> et vous proposer, si vous le souhaitez, des contenus pertinents en lien avec votre pratique. Vos informations sont trait\u00e9es en toute confidentialit\u00e9 et ne seront jamais partag\u00e9es sans votre accord.[\/vc_toggle][\/vc_column][\/vc_row][vc_row kd_background_image_position=&#8221;vc_row-bg-position-top&#8221; css=&#8221;.vc_custom_1765288774228{margin-top: 80px !important;margin-bottom: 80px !important;padding-top: 50px !important;padding-bottom: 50px !important;background-color: #012E27 !important;border-radius: 5px !important;}&#8221; top_section_title=&#8221;&#8221; bottom_section_title=&#8221;&#8221;][vc_column][vc_row_inner kd_background_image_position=&#8221;vc_row-bg-position-top&#8221; css=&#8221;.vc_custom_1619538371141{padding-bottom: 70px !important;}&#8221; css_tablet_portrait=&#8221;.vc_custom_1619538371142{padding-bottom: 0px !important;}&#8221; css_mobile=&#8221;.vc_custom_1619538371142{padding-bottom: 0px !important;}&#8221; css_tablet_landscape=&#8221;.vc_custom_1619538371142{padding-bottom: 0px !important;}&#8221;][vc_column_inner css_tablet_portrait=&#8221;.vc_custom_1617894474157{padding-right: 15px !important;}&#8221; css_mobile=&#8221;.vc_custom_1617894474157{padding-right: 15px !important;}&#8221;]<header class=\"kd-section-title col-lg-12 text-center  subtitle-below-title    vc_custom_1763387747195\" ><h2 class=\"separator_off\" style=\"color: #FFFFFF;\">T\u00e9l\u00e9chargez <span style=\"color:#1D9585;\">gratuitement<\/span> votre guide d\u00e8s maintenant<\/h2><\/header><a  href=\"#top-page\"  class=\"tt_button tt_primary_button btn_primary_color hover_solid_secondary button-center button-scroll-to-section btn-smooth-scroll\" ><span class=\"prim_text\">T\u00e9l\u00e9chargez le guide<\/span><\/a>[\/vc_column_inner][\/vc_row_inner][\/vc_column][\/vc_row][vc_row kd_background_image_position=&#8221;vc_row-bg-position-top&#8221;][vc_column][vc_separator css=&#8221;.vc_custom_1759742010538{padding-bottom: 50px !important;}&#8221;][vc_column_text css=&#8221;&#8221;]<\/p>\n<p class=\"vc_general wpb-copyright vc_custom_1758037594745 wpb_copyright_element wpb_copyright_element-align-center\" style=\"text-align: center;\">Copyright \u00a9 2026 OneDoc SA<\/p>\n<p>[\/vc_column_text][vc_raw_html css=&#8221;&#8221;]JTNDZGl2JTIwc3R5bGUlM0QlMjJtYXJnaW4lM0EwJTNCJTIwdGV4dC1hbGlnbiUzQWNlbnRlciUzQiUyMiUzRSUwQSUyMCUyMCUzQ3VsJTIwc3R5bGUlM0QlMjJsaXN0LXN0eWxlJTNBbm9uZSUzQiUyMHBhZGRpbmclM0EwJTNCJTIwbWFyZ2luJTNBMjBweCUyMGF1dG8lM0IlMjBkaXNwbGF5JTNBaW5saW5lLWJsb2NrJTNCJTIyJTNFJTBBJTIwJTIwJTIwJTIwJTNDbGklMjBzdHlsZSUzRCUyMmRpc3BsYXklM0FpbmxpbmUlM0IlMjBtYXJnaW4lM0EwJTIwMTVweCUzQiUyMiUzRSUwQSUyMCUyMCUyMCUyMCUyMCUyMCUzQ2ElMjBzdHlsZSUzRCUyMmNvbG9yJTNBJTIwJTIzMGYxYTFhJTNCJTIyJTIwaHJlZiUzRCUyMmh0dHBzJTNBJTJGJTJGaW5mby5vbmVkb2MuY2glMkZmciUyRnBvbGl0aXF1ZS1jb29raWVzJTJGJTIyJTNFUG9saXRpcXVlJTIwZGUlMjBjb29raWVzJTNDJTJGYSUzRSUwQSUyMCUyMCUyMCUyMCUzQyUyRmxpJTNFJTBBJTIwJTIwJTIwJTIwJTNDbGklMjBzdHlsZSUzRCUyMmRpc3BsYXklM0FpbmxpbmUlM0IlMjBtYXJnaW4lM0EwJTIwMTVweCUzQiUyMiUzRSUwQSUyMCUyMCUyMCUyMCUyMCUyMCUzQ2ElMjBzdHlsZSUzRCUyMmNvbG9yJTNBJTIwJTIzMGYxYTFhJTNCJTIyJTIwaHJlZiUzRCUyMmh0dHBzJTNBJTJGJTJGcHJpdmFjeS5vbmVkb2MuY2glMkZmciUyMiUzRUNlbnRyZSUyMGRlJTIwY29uZmlkZW50aWFsaXQlQzMlQTklM0MlMkZhJTNFJTBBJTIwJTIwJTIwJTIwJTNDJTJGbGklM0UlMEElMjAlMjAlMjAlMjAlM0NsaSUyMHN0eWxlJTNEJTIyZGlzcGxheSUzQWlubGluZSUzQiUyMG1hcmdpbiUzQTAlMjAxNXB4JTNCJTIyJTNFJTBBJTIwJTIwJTIwJTIwJTIwJTIwJTNDYSUyMHN0eWxlJTNEJTIyY29sb3IlM0ElMjAlMjMwZjFhMWElM0IlMjIlMjBocmVmJTNEJTIyamF2YXNjcmlwdCUzQURpZG9taS5wcmVmZXJlbmNlcy5zaG93JTI4JTI5JTIyJTNFR2VzdGlvbiUyMGR1JTIwY29uc2VudGVtZW50JTNDJTJGYSUzRSUwQSUyMCUyMCUyMCUyMCUzQyUyRmxpJTNFJTBBJTIwJTIwJTNDJTJGdWwlM0UlMEElM0MlMkZkaXYlM0U=[\/vc_raw_html][\/vc_column][\/vc_row][vc_column][\/vc_column]<\/p>\n<\/div>","protected":false},"excerpt":{"rendered":"<p>[vc_row kd_background_image_position=&#8221;vc_row-bg-position-top&#8221; css=&#8221;.vc_custom_1765288789783{padding-top: 15px !important;padding-right: 8px !important;padding-bottom: 15px !important;padding-left: 8px !important;background-color: #FFFFFF [&hellip;]<\/p>\n","protected":false},"author":4,"featured_media":0,"parent":0,"menu_order":0,"comment_status":"closed","ping_status":"closed","template":"","meta":{"footnotes":""},"class_list":["post-32328","page","type-page","status-publish","hentry"],"yoast_head":"<!-- This site is optimized with the Yoast SEO Premium plugin v27.2 (Yoast SEO v27.3) - https:\/\/yoast.com\/product\/yoast-seo-premium-wordpress\/ -->\n<title>Guide pour am\u00e9liorer la collaboration entre m\u00e9decins et assistantes<\/title>\n<meta name=\"description\" content=\"Apprenez \u00e0 mieux planifier, communiquer et g\u00e9rer vos ressources pour une collaboration fluide et efficace entre m\u00e9decins et assistantes.\" \/>\n<meta name=\"robots\" content=\"index, follow, max-snippet:-1, max-image-preview:large, max-video-preview:-1\" \/>\n<link rel=\"canonical\" href=\"https:\/\/info.onedoc.ch\/fr\/guide-collaboration-medecin-assistante\/\" \/>\n<meta property=\"og:locale\" content=\"fr_FR\" \/>\n<meta property=\"og:type\" content=\"article\" \/>\n<meta property=\"og:title\" content=\"Guide pour am\u00e9liorer la collaboration entre m\u00e9decins et assistantes\" \/>\n<meta property=\"og:description\" content=\"Apprenez \u00e0 mieux planifier, communiquer et g\u00e9rer vos ressources pour une collaboration fluide et efficace entre m\u00e9decins et assistantes.\" \/>\n<meta property=\"og:url\" content=\"https:\/\/info.onedoc.ch\/fr\/guide-collaboration-medecin-assistante\/\" \/>\n<meta property=\"og:site_name\" content=\"OneDoc Pro\" \/>\n<meta property=\"article:publisher\" content=\"https:\/\/www.facebook.com\/onedoc.ch\/\" \/>\n<meta property=\"article:modified_time\" content=\"2026-01-07T15:32:15+00:00\" \/>\n<meta name=\"twitter:card\" content=\"summary_large_image\" \/>\n<meta name=\"twitter:title\" content=\"Guide pour am\u00e9liorer la collaboration entre m\u00e9decins et assistantes\" \/>\n<meta name=\"twitter:description\" content=\"Apprenez \u00e0 mieux planifier, communiquer et g\u00e9rer vos ressources pour une collaboration fluide et efficace entre m\u00e9decins et assistantes.\" \/>\n<meta name=\"twitter:site\" content=\"@onedoc_ch\" \/>\n<meta name=\"twitter:label1\" content=\"Est. reading time\" \/>\n\t<meta name=\"twitter:data1\" content=\"4 minutes\" \/>\n<script type=\"application\/ld+json\" class=\"yoast-schema-graph\">{\"@context\":\"https:\\\/\\\/schema.org\",\"@graph\":[{\"@type\":\"WebPage\",\"@id\":\"https:\\\/\\\/info.onedoc.ch\\\/fr\\\/guide-collaboration-medecin-assistante\\\/\",\"url\":\"https:\\\/\\\/info.onedoc.ch\\\/fr\\\/guide-collaboration-medecin-assistante\\\/\",\"name\":\"Guide pour am\u00e9liorer la collaboration entre m\u00e9decins et assistantes\",\"isPartOf\":{\"@id\":\"https:\\\/\\\/info.onedoc.ch\\\/fr\\\/#website\"},\"datePublished\":\"2025-11-17T13:58:27+00:00\",\"dateModified\":\"2026-01-07T15:32:15+00:00\",\"description\":\"Apprenez \u00e0 mieux planifier, communiquer et g\u00e9rer vos ressources pour une collaboration fluide et efficace entre m\u00e9decins et assistantes.\",\"inLanguage\":\"fr-CH\",\"potentialAction\":[{\"@type\":\"ReadAction\",\"target\":[\"https:\\\/\\\/info.onedoc.ch\\\/fr\\\/guide-collaboration-medecin-assistante\\\/\"]}]},{\"@type\":\"WebSite\",\"@id\":\"https:\\\/\\\/info.onedoc.ch\\\/fr\\\/#website\",\"url\":\"https:\\\/\\\/info.onedoc.ch\\\/fr\\\/\",\"name\":\"OneDoc Pro - Moins d\u2019administratif, plus de temps pour vos patients\",\"description\":\"L&#039;alli\u00e9 des professionnels de sant\u00e9 suisses au quotidien\",\"publisher\":{\"@id\":\"https:\\\/\\\/info.onedoc.ch\\\/fr\\\/#organization\"},\"alternateName\":\"OneDoc Pro\",\"potentialAction\":[{\"@type\":\"SearchAction\",\"target\":{\"@type\":\"EntryPoint\",\"urlTemplate\":\"https:\\\/\\\/info.onedoc.ch\\\/fr\\\/?s={search_term_string}\"},\"query-input\":{\"@type\":\"PropertyValueSpecification\",\"valueRequired\":true,\"valueName\":\"search_term_string\"}}],\"inLanguage\":\"fr-CH\"},{\"@type\":\"Organization\",\"@id\":\"https:\\\/\\\/info.onedoc.ch\\\/fr\\\/#organization\",\"name\":\"OneDoc\",\"alternateName\":\"OneDoc.ch\",\"url\":\"https:\\\/\\\/info.onedoc.ch\\\/fr\\\/\",\"logo\":{\"@type\":\"ImageObject\",\"inLanguage\":\"fr-CH\",\"@id\":\"https:\\\/\\\/info.onedoc.ch\\\/fr\\\/#\\\/schema\\\/logo\\\/image\\\/\",\"url\":\"https:\\\/\\\/info.onedoc.ch\\\/wp-content\\\/uploads\\\/2025\\\/06\\\/doki-logo.png\",\"contentUrl\":\"https:\\\/\\\/info.onedoc.ch\\\/wp-content\\\/uploads\\\/2025\\\/06\\\/doki-logo.png\",\"width\":2134,\"height\":2134,\"caption\":\"OneDoc\"},\"image\":{\"@id\":\"https:\\\/\\\/info.onedoc.ch\\\/fr\\\/#\\\/schema\\\/logo\\\/image\\\/\"},\"sameAs\":[\"https:\\\/\\\/www.facebook.com\\\/onedoc.ch\\\/\",\"https:\\\/\\\/x.com\\\/onedoc_ch\",\"https:\\\/\\\/www.instagram.com\\\/onedoc.ch\\\/\",\"https:\\\/\\\/www.linkedin.com\\\/company\\\/onedoc.ch\\\/\",\"https:\\\/\\\/www.youtube.com\\\/channel\\\/UCWnlE63em_m8ZioBA5n8Z6w\"],\"description\":\"OneDoc est la plateforme leader en Suisse pour la r\u00e9servation de rendez-vous m\u00e9dicaux. Les patients peuvent rechercher des milliers de professionnels de la sant\u00e9 suisses (m\u00e9decins, dentistes et th\u00e9rapeutes) et r\u00e9server un rendez-vous sur place ou une consultation vid\u00e9o en quelques clics, 24 heures sur 24.\",\"legalName\":\"OneDoc SA\",\"foundingDate\":\"2016-12-31\",\"numberOfEmployees\":{\"@type\":\"QuantitativeValue\",\"minValue\":\"51\",\"maxValue\":\"200\"}}]}<\/script>\n<!-- \/ Yoast SEO Premium plugin. -->","yoast_head_json":{"title":"Guide pour am\u00e9liorer la collaboration entre m\u00e9decins et assistantes","description":"Apprenez \u00e0 mieux planifier, communiquer et g\u00e9rer vos ressources pour une collaboration fluide et efficace entre m\u00e9decins et assistantes.","robots":{"index":"index","follow":"follow","max-snippet":"max-snippet:-1","max-image-preview":"max-image-preview:large","max-video-preview":"max-video-preview:-1"},"canonical":"https:\/\/info.onedoc.ch\/fr\/guide-collaboration-medecin-assistante\/","og_locale":"fr_FR","og_type":"article","og_title":"Guide pour am\u00e9liorer la collaboration entre m\u00e9decins et assistantes","og_description":"Apprenez \u00e0 mieux planifier, communiquer et g\u00e9rer vos ressources pour une collaboration fluide et efficace entre m\u00e9decins et assistantes.","og_url":"https:\/\/info.onedoc.ch\/fr\/guide-collaboration-medecin-assistante\/","og_site_name":"OneDoc Pro","article_publisher":"https:\/\/www.facebook.com\/onedoc.ch\/","article_modified_time":"2026-01-07T15:32:15+00:00","twitter_card":"summary_large_image","twitter_title":"Guide pour am\u00e9liorer la collaboration entre m\u00e9decins et assistantes","twitter_description":"Apprenez \u00e0 mieux planifier, communiquer et g\u00e9rer vos ressources pour une collaboration fluide et efficace entre m\u00e9decins et assistantes.","twitter_site":"@onedoc_ch","twitter_misc":{"Est. reading time":"4 minutes"},"schema":{"@context":"https:\/\/schema.org","@graph":[{"@type":"WebPage","@id":"https:\/\/info.onedoc.ch\/fr\/guide-collaboration-medecin-assistante\/","url":"https:\/\/info.onedoc.ch\/fr\/guide-collaboration-medecin-assistante\/","name":"Guide pour am\u00e9liorer la collaboration entre m\u00e9decins et assistantes","isPartOf":{"@id":"https:\/\/info.onedoc.ch\/fr\/#website"},"datePublished":"2025-11-17T13:58:27+00:00","dateModified":"2026-01-07T15:32:15+00:00","description":"Apprenez \u00e0 mieux planifier, communiquer et g\u00e9rer vos ressources pour une collaboration fluide et efficace entre m\u00e9decins et assistantes.","inLanguage":"fr-CH","potentialAction":[{"@type":"ReadAction","target":["https:\/\/info.onedoc.ch\/fr\/guide-collaboration-medecin-assistante\/"]}]},{"@type":"WebSite","@id":"https:\/\/info.onedoc.ch\/fr\/#website","url":"https:\/\/info.onedoc.ch\/fr\/","name":"OneDoc Pro - Moins d\u2019administratif, plus de temps pour vos patients","description":"L&#039;alli\u00e9 des professionnels de sant\u00e9 suisses au quotidien","publisher":{"@id":"https:\/\/info.onedoc.ch\/fr\/#organization"},"alternateName":"OneDoc Pro","potentialAction":[{"@type":"SearchAction","target":{"@type":"EntryPoint","urlTemplate":"https:\/\/info.onedoc.ch\/fr\/?s={search_term_string}"},"query-input":{"@type":"PropertyValueSpecification","valueRequired":true,"valueName":"search_term_string"}}],"inLanguage":"fr-CH"},{"@type":"Organization","@id":"https:\/\/info.onedoc.ch\/fr\/#organization","name":"OneDoc","alternateName":"OneDoc.ch","url":"https:\/\/info.onedoc.ch\/fr\/","logo":{"@type":"ImageObject","inLanguage":"fr-CH","@id":"https:\/\/info.onedoc.ch\/fr\/#\/schema\/logo\/image\/","url":"https:\/\/info.onedoc.ch\/wp-content\/uploads\/2025\/06\/doki-logo.png","contentUrl":"https:\/\/info.onedoc.ch\/wp-content\/uploads\/2025\/06\/doki-logo.png","width":2134,"height":2134,"caption":"OneDoc"},"image":{"@id":"https:\/\/info.onedoc.ch\/fr\/#\/schema\/logo\/image\/"},"sameAs":["https:\/\/www.facebook.com\/onedoc.ch\/","https:\/\/x.com\/onedoc_ch","https:\/\/www.instagram.com\/onedoc.ch\/","https:\/\/www.linkedin.com\/company\/onedoc.ch\/","https:\/\/www.youtube.com\/channel\/UCWnlE63em_m8ZioBA5n8Z6w"],"description":"OneDoc est la plateforme leader en Suisse pour la r\u00e9servation de rendez-vous m\u00e9dicaux. Les patients peuvent rechercher des milliers de professionnels de la sant\u00e9 suisses (m\u00e9decins, dentistes et th\u00e9rapeutes) et r\u00e9server un rendez-vous sur place ou une consultation vid\u00e9o en quelques clics, 24 heures sur 24.","legalName":"OneDoc SA","foundingDate":"2016-12-31","numberOfEmployees":{"@type":"QuantitativeValue","minValue":"51","maxValue":"200"}}]}},"_links":{"self":[{"href":"https:\/\/info.onedoc.ch\/fr\/wp-json\/wp\/v2\/pages\/32328","targetHints":{"allow":["GET"]}}],"collection":[{"href":"https:\/\/info.onedoc.ch\/fr\/wp-json\/wp\/v2\/pages"}],"about":[{"href":"https:\/\/info.onedoc.ch\/fr\/wp-json\/wp\/v2\/types\/page"}],"author":[{"embeddable":true,"href":"https:\/\/info.onedoc.ch\/fr\/wp-json\/wp\/v2\/users\/4"}],"replies":[{"embeddable":true,"href":"https:\/\/info.onedoc.ch\/fr\/wp-json\/wp\/v2\/comments?post=32328"}],"version-history":[{"count":13,"href":"https:\/\/info.onedoc.ch\/fr\/wp-json\/wp\/v2\/pages\/32328\/revisions"}],"predecessor-version":[{"id":35021,"href":"https:\/\/info.onedoc.ch\/fr\/wp-json\/wp\/v2\/pages\/32328\/revisions\/35021"}],"wp:attachment":[{"href":"https:\/\/info.onedoc.ch\/fr\/wp-json\/wp\/v2\/media?parent=32328"}],"curies":[{"name":"wp","href":"https:\/\/api.w.org\/{rel}","templated":true}]}}