{"id":27618,"date":"2025-09-09T14:14:45","date_gmt":"2025-09-09T12:14:45","guid":{"rendered":"https:\/\/info.onedoc.ch\/?page_id=27618"},"modified":"2025-11-03T13:03:19","modified_gmt":"2025-11-03T11:03:19","slug":"dentagest","status":"publish","type":"page","link":"https:\/\/info.onedoc.ch\/fr\/passerelles\/dentagest\/","title":{"rendered":"DentaGest"},"content":{"rendered":"<div class=\"wpb-content-wrapper\"><p>[vc_row gap=&#8221;30&#8243; kd_background_image_position=&#8221;vc_row-bg-position-top&#8221; css=&#8221;.vc_custom_1753107176502{padding-top: 100px !important;}&#8221; css_tablet_portrait=&#8221;.vc_custom_1753107176503{padding-top: 0px !important;padding-right: 0px !important;padding-left: 0px !important;}&#8221; css_mobile=&#8221;.vc_custom_1753107176503{padding-top: 0px !important;padding-right: 0px !important;padding-bottom: 0px !important;padding-left: 0px !important;}&#8221;][vc_column css=&#8221;.vc_custom_1751971922716{padding-right: 15px !important;}&#8221;]<div  class=\"breadcrumbs breadcrumbs-shortcode bcn-left\" typeof=\"BreadcrumbList\" vocab=\"https:\/\/schema.org\/\" ><span property=\"itemListElement\" typeof=\"ListItem\"><a property=\"item\" typeof=\"WebPage\" title=\"Go to OneDoc Pro.\" href=\"https:\/\/info.onedoc.ch\/fr\/\" class=\"home\" ><span property=\"name\">OneDoc Pro<\/span><\/a><meta property=\"position\" content=\"1\"><\/span> &gt; <span property=\"itemListElement\" typeof=\"ListItem\"><a property=\"item\" typeof=\"WebPage\" title=\"Go to Blog.\" href=\"https:\/\/info.onedoc.ch\/fr\/blog\/\" class=\"post-root post post-post\" aria-current=\"page\"><span property=\"name\">Blog<\/span><\/a><meta property=\"position\" content=\"2\"><\/span><\/div>[\/vc_column][\/vc_row][vc_row gap=&#8221;30&#8243; content_placement=&#8221;top&#8221; kd_background_image_position=&#8221;vc_row-bg-position-top&#8221; css_tablet_portrait=&#8221;.vc_custom_1753107758481{padding-top: 0px !important;padding-right: 0px !important;padding-left: 0px !important;}&#8221; css_mobile=&#8221;.vc_custom_1753107758481{padding-top: 0px !important;padding-right: 0px !important;padding-bottom: 0px !important;padding-left: 0px !important;}&#8221;][vc_column width=&#8221;1\/6&#8243; offset=&#8221;vc_hidden-sm&#8221;][vc_single_image image=&#8221;27646&#8243; style=&#8221;vc_box_circle_2&#8243; css=&#8221;&#8221; el_class=&#8221;grey-border&#8221;][\/vc_column][vc_column width=&#8221;5\/6&#8243;]<header class=\"kd-section-title col-lg-12 text-left  subtitle-below-title   \" ><h1 class=\"separator_off\" >DentaGest<\/h1><h4 class=\"subtitle\" >Simplifiez la gestion de votre cabinet dentaire avec le connecteur entre OneDoc Pro et DentaGest<\/h4><\/header>[\/vc_column][\/vc_row][vc_row gap=&#8221;30&#8243; kd_background_image_position=&#8221;vc_row-bg-position-top&#8221; css=&#8221;.vc_custom_1752742685804{padding-bottom: 80px !important;}&#8221;][vc_column width=&#8221;2\/3&#8243;][vc_single_image image=&#8221;31325&#8243; img_size=&#8221;full&#8221; css=&#8221;.vc_custom_1762167787075{margin-bottom: 0px !important;border-radius: 10px !important;}&#8221;]<header class=\"kd-section-title col-lg-12 text-left  subtitle-below-title    vc_custom_1757418733315\" ><h6 class=\"separator_off\" >Passerelle entre DentaGest et OneDoc Pro<\/h6><\/header>[vc_column_text css=&#8221;&#8221;]D\u00e9tails \u00e0 venir.<br \/>\nLes informations relatives \u00e0 la passerelle entre DentaGest et OneDoc Pro seront ajout\u00e9es prochainement.[\/vc_column_text][\/vc_column][vc_column width=&#8221;1\/3&#8243; kd_sticky_column=&#8221;true&#8221; css=&#8221;.vc_custom_1753107322647{padding-left: 15px !important;background-color: #FFFFFF !important;border-radius: 5px !important;}&#8221;]<header class=\"kd-section-title col-lg-12 text-left  subtitle-below-title    vc_custom_1757418760231\" ><h5 class=\"separator_off\" style=\"margin-bottom:10px;\">\u00c0 propos<\/h5><p class=\"subtitle\" >DentaGest est un logiciel suisse de gestion de cabinets et cliniques dentaires. Utilis\u00e9 par de nombreux praticiens, notamment en Suisse romande, il centralise l\u2019agenda, la facturation, la gestion documentaire et l\u2019archivage des dossiers patients. Ses fonctionnalit\u00e9s couvrent aussi bien l\u2019administration (droits utilisateurs, statistiques exportables, journal interactif des traitements) que l\u2019int\u00e9gration avec la radiologie et d\u2019autres syst\u00e8mes tiers. DentaGest permet ainsi aux \u00e9quipes dentaires d\u2019optimiser leur organisation, de s\u00e9curiser leurs donn\u00e9es et de se concentrer sur la qualit\u00e9 des soins.<\/p><\/header><header class=\"kd-section-title col-lg-12 text-left  subtitle-below-title    vc_custom_1757418768346\" ><h5 class=\"separator_off\" style=\"margin-bottom:10px;\">\u00c9diteur<\/h5><p class=\"subtitle\" >DentaGest SA<\/p><\/header><header class=\"kd-section-title col-lg-12 text-left  subtitle-below-title    vc_custom_1753106326821\" ><h5 class=\"separator_off\" style=\"margin-bottom:10px;\">Site web<\/h5><\/header>[vc_column_text css=&#8221;&#8221;]<a href=\"https:\/\/www.dentagest.ch\/\">https:\/\/www.dentagest.ch\/<\/a>[\/vc_column_text]<a  href=\"\"    class=\"tt_button tt_primary_button btn_primary_color hover_solid_secondary btn-align-left button-action-link   vc_custom_1755166578844  popmake-18523\" ><span class=\"prim_text\">Contactez-nous<\/span><\/a>[\/vc_column][\/vc_row][vc_row content_placement=&#8221;middle&#8221; kd_background_image_position=&#8221;vc_row-bg-position-top&#8221; css=&#8221;.vc_custom_1752081745973{margin-top: 80px !important;margin-bottom: 80px !important;background-color: #012E27 !important;border-radius: 5px !important;}&#8221; css_mobile=&#8221;.vc_custom_1752081745973{margin-top: 30px !important;margin-bottom: 30px !important;}&#8221; css_tablet_portrait=&#8221;.vc_custom_1752081745973{margin-top: 30px !important;margin-bottom: 30px !important;}&#8221;][vc_column el_class=&#8221;highlight-call-to-action-box&#8221;][vc_row_inner content_placement=&#8221;middle&#8221; kd_background_image_position=&#8221;vc_row-bg-position-top&#8221; css=&#8221;.vc_custom_1751470852885{padding-top: 30px !important;padding-right: 30px !important;padding-bottom: 30px !important;padding-left: 30px !important;background-color: #39121200 !important;border-color: #FF2F2F00 !important;}&#8221;][vc_column_inner offset=&#8221;vc_col-lg-offset-0 vc_col-lg-6 vc_col-md-offset-0 vc_col-md-6 vc_col-sm-offset-0 vc_col-xs-12&#8243; css_tablet_portrait=&#8221;.vc_custom_1751447162104{padding-top: 0px !important;padding-right: 0px !important;padding-bottom: 0px !important;padding-left: 0px !important;}&#8221; css_mobile=&#8221;.vc_custom_1751447162104{padding-top: 0px !important;padding-right: 0px !important;padding-bottom: 50px !important;padding-left: 0px !important;}&#8221; css_tablet_landscape=&#8221;.vc_custom_1751447162104{padding-bottom: 0px !important;}&#8221;]<header class=\"kd-section-title col-lg-12 text-left  subtitle-below-title    vc_custom_1757420364551\" ><h2 class=\"separator_off\" style=\"color: #FFFFFF;\">Soyez les premiers inform\u00e9s de la disponibilit\u00e9 du connecteur avec DentaGest<\/h2><\/header><a  href=\"\"    class=\"tt_button tt_primary_button btn_primary_color hover_solid_secondary btn-align-left button-action-link    popmake-18523\" ><span class=\"prim_text\">S'inscrire sur liste d'attente<\/span><\/a>[\/vc_column_inner][vc_column_inner offset=&#8221;vc_col-lg-6 vc_col-md-6 vc_col-xs-12&#8243; css_mobile=&#8221;.vc_custom_1751020792783{padding-left: 0px !important;}&#8221;][vc_single_image image=&#8221;43&#8243; img_size=&#8221;large&#8221; css=&#8221;&#8221;][\/vc_column_inner][\/vc_row_inner][\/vc_column][\/vc_row]<\/p>\n<\/div>","protected":false},"excerpt":{"rendered":"<p>[vc_row gap=&#8221;30&#8243; kd_background_image_position=&#8221;vc_row-bg-position-top&#8221; css=&#8221;.vc_custom_1753107176502{padding-top: 100px !important;}&#8221; css_tablet_portrait=&#8221;.vc_custom_1753107176503{padding-top: 0px !important;padding-right: 0px !important;padding-left: 0px [&hellip;]<\/p>\n","protected":false},"author":2,"featured_media":0,"parent":17550,"menu_order":0,"comment_status":"closed","ping_status":"closed","template":"","meta":{"footnotes":""},"class_list":["post-27618","page","type-page","status-publish","hentry"],"yoast_head":"<!-- This site is optimized with the Yoast SEO Premium plugin v27.2 (Yoast SEO v27.5) - https:\/\/yoast.com\/product\/yoast-seo-premium-wordpress\/ -->\n<title>Passerelle entre DentaGest et OneDoc Pro<\/title>\n<meta name=\"description\" content=\"D\u00e9couvrez le fonctionnement du connecteur entre DentaGest, le logiciel de gestion de votre cabinet dentaire, et OneDoc Pro.\" \/>\n<meta name=\"robots\" content=\"index, follow, max-snippet:-1, max-image-preview:large, max-video-preview:-1\" \/>\n<link rel=\"canonical\" href=\"https:\/\/info.onedoc.ch\/fr\/passerelles\/dentagest\/\" \/>\n<meta property=\"og:locale\" content=\"fr_FR\" \/>\n<meta property=\"og:type\" content=\"article\" \/>\n<meta property=\"og:title\" content=\"Passerelle entre DentaGest et OneDoc Pro\" \/>\n<meta property=\"og:description\" content=\"D\u00e9couvrez le fonctionnement du connecteur entre DentaGest, le logiciel de gestion de votre cabinet dentaire, et OneDoc Pro.\" \/>\n<meta property=\"og:url\" content=\"https:\/\/info.onedoc.ch\/fr\/passerelles\/dentagest\/\" \/>\n<meta property=\"og:site_name\" content=\"OneDoc Pro\" \/>\n<meta property=\"article:publisher\" content=\"https:\/\/www.facebook.com\/onedoc.ch\/\" \/>\n<meta property=\"article:modified_time\" content=\"2025-11-03T11:03:19+00:00\" \/>\n<meta name=\"twitter:card\" content=\"summary_large_image\" \/>\n<meta name=\"twitter:title\" content=\"Passerelle entre DentaGest et OneDoc Pro\" \/>\n<meta name=\"twitter:description\" content=\"D\u00e9couvrez le fonctionnement du connecteur entre DentaGest, le logiciel de gestion de votre cabinet dentaire, et OneDoc Pro.\" \/>\n<meta name=\"twitter:site\" content=\"@onedoc_ch\" \/>\n<meta name=\"twitter:label1\" content=\"Est. reading time\" \/>\n\t<meta name=\"twitter:data1\" content=\"3 minutes\" \/>\n<script type=\"application\/ld+json\" class=\"yoast-schema-graph\">{\"@context\":\"https:\\\/\\\/schema.org\",\"@graph\":[{\"@type\":\"WebPage\",\"@id\":\"https:\\\/\\\/info.onedoc.ch\\\/fr\\\/passerelles\\\/dentagest\\\/\",\"url\":\"https:\\\/\\\/info.onedoc.ch\\\/fr\\\/passerelles\\\/dentagest\\\/\",\"name\":\"Passerelle entre DentaGest et OneDoc Pro\",\"isPartOf\":{\"@id\":\"https:\\\/\\\/info.onedoc.ch\\\/fr\\\/#website\"},\"datePublished\":\"2025-09-09T12:14:45+00:00\",\"dateModified\":\"2025-11-03T11:03:19+00:00\",\"description\":\"D\u00e9couvrez le fonctionnement du connecteur entre DentaGest, le logiciel de gestion de votre cabinet dentaire, et OneDoc Pro.\",\"inLanguage\":\"fr-CH\",\"potentialAction\":[{\"@type\":\"ReadAction\",\"target\":[\"https:\\\/\\\/info.onedoc.ch\\\/fr\\\/passerelles\\\/dentagest\\\/\"]}]},{\"@type\":\"WebSite\",\"@id\":\"https:\\\/\\\/info.onedoc.ch\\\/fr\\\/#website\",\"url\":\"https:\\\/\\\/info.onedoc.ch\\\/fr\\\/\",\"name\":\"OneDoc Pro - Moins d\u2019administratif, plus de temps pour vos patients\",\"description\":\"L&#039;alli\u00e9 des professionnels de sant\u00e9 suisses au quotidien\",\"publisher\":{\"@id\":\"https:\\\/\\\/info.onedoc.ch\\\/fr\\\/#organization\"},\"alternateName\":\"OneDoc Pro\",\"potentialAction\":[{\"@type\":\"SearchAction\",\"target\":{\"@type\":\"EntryPoint\",\"urlTemplate\":\"https:\\\/\\\/info.onedoc.ch\\\/fr\\\/?s={search_term_string}\"},\"query-input\":{\"@type\":\"PropertyValueSpecification\",\"valueRequired\":true,\"valueName\":\"search_term_string\"}}],\"inLanguage\":\"fr-CH\"},{\"@type\":\"Organization\",\"@id\":\"https:\\\/\\\/info.onedoc.ch\\\/fr\\\/#organization\",\"name\":\"OneDoc\",\"alternateName\":\"OneDoc.ch\",\"url\":\"https:\\\/\\\/info.onedoc.ch\\\/fr\\\/\",\"logo\":{\"@type\":\"ImageObject\",\"inLanguage\":\"fr-CH\",\"@id\":\"https:\\\/\\\/info.onedoc.ch\\\/fr\\\/#\\\/schema\\\/logo\\\/image\\\/\",\"url\":\"https:\\\/\\\/info.onedoc.ch\\\/wp-content\\\/uploads\\\/2025\\\/06\\\/doki-logo.png\",\"contentUrl\":\"https:\\\/\\\/info.onedoc.ch\\\/wp-content\\\/uploads\\\/2025\\\/06\\\/doki-logo.png\",\"width\":2134,\"height\":2134,\"caption\":\"OneDoc\"},\"image\":{\"@id\":\"https:\\\/\\\/info.onedoc.ch\\\/fr\\\/#\\\/schema\\\/logo\\\/image\\\/\"},\"sameAs\":[\"https:\\\/\\\/www.facebook.com\\\/onedoc.ch\\\/\",\"https:\\\/\\\/x.com\\\/onedoc_ch\",\"https:\\\/\\\/www.instagram.com\\\/onedoc.ch\\\/\",\"https:\\\/\\\/www.linkedin.com\\\/company\\\/onedoc.ch\\\/\",\"https:\\\/\\\/www.youtube.com\\\/channel\\\/UCWnlE63em_m8ZioBA5n8Z6w\"],\"description\":\"OneDoc est la plateforme leader en Suisse pour la r\u00e9servation de rendez-vous m\u00e9dicaux. Les patients peuvent rechercher des milliers de professionnels de la sant\u00e9 suisses (m\u00e9decins, dentistes et th\u00e9rapeutes) et r\u00e9server un rendez-vous sur place ou une consultation vid\u00e9o en quelques clics, 24 heures sur 24.\",\"legalName\":\"OneDoc SA\",\"foundingDate\":\"2016-12-31\",\"numberOfEmployees\":{\"@type\":\"QuantitativeValue\",\"minValue\":\"51\",\"maxValue\":\"200\"}}]}<\/script>\n<!-- \/ Yoast SEO Premium plugin. -->","yoast_head_json":{"title":"Passerelle entre DentaGest et OneDoc Pro","description":"D\u00e9couvrez le fonctionnement du connecteur entre DentaGest, le logiciel de gestion de votre cabinet dentaire, et OneDoc Pro.","robots":{"index":"index","follow":"follow","max-snippet":"max-snippet:-1","max-image-preview":"max-image-preview:large","max-video-preview":"max-video-preview:-1"},"canonical":"https:\/\/info.onedoc.ch\/fr\/passerelles\/dentagest\/","og_locale":"fr_FR","og_type":"article","og_title":"Passerelle entre DentaGest et OneDoc Pro","og_description":"D\u00e9couvrez le fonctionnement du connecteur entre DentaGest, le logiciel de gestion de votre cabinet dentaire, et OneDoc Pro.","og_url":"https:\/\/info.onedoc.ch\/fr\/passerelles\/dentagest\/","og_site_name":"OneDoc Pro","article_publisher":"https:\/\/www.facebook.com\/onedoc.ch\/","article_modified_time":"2025-11-03T11:03:19+00:00","twitter_card":"summary_large_image","twitter_title":"Passerelle entre DentaGest et OneDoc Pro","twitter_description":"D\u00e9couvrez le fonctionnement du connecteur entre DentaGest, le logiciel de gestion de votre cabinet dentaire, et OneDoc Pro.","twitter_site":"@onedoc_ch","twitter_misc":{"Est. reading time":"3 minutes"},"schema":{"@context":"https:\/\/schema.org","@graph":[{"@type":"WebPage","@id":"https:\/\/info.onedoc.ch\/fr\/passerelles\/dentagest\/","url":"https:\/\/info.onedoc.ch\/fr\/passerelles\/dentagest\/","name":"Passerelle entre DentaGest et OneDoc Pro","isPartOf":{"@id":"https:\/\/info.onedoc.ch\/fr\/#website"},"datePublished":"2025-09-09T12:14:45+00:00","dateModified":"2025-11-03T11:03:19+00:00","description":"D\u00e9couvrez le fonctionnement du connecteur entre DentaGest, le logiciel de gestion de votre cabinet dentaire, et OneDoc Pro.","inLanguage":"fr-CH","potentialAction":[{"@type":"ReadAction","target":["https:\/\/info.onedoc.ch\/fr\/passerelles\/dentagest\/"]}]},{"@type":"WebSite","@id":"https:\/\/info.onedoc.ch\/fr\/#website","url":"https:\/\/info.onedoc.ch\/fr\/","name":"OneDoc Pro - Moins d\u2019administratif, plus de temps pour vos patients","description":"L&#039;alli\u00e9 des professionnels de sant\u00e9 suisses au quotidien","publisher":{"@id":"https:\/\/info.onedoc.ch\/fr\/#organization"},"alternateName":"OneDoc Pro","potentialAction":[{"@type":"SearchAction","target":{"@type":"EntryPoint","urlTemplate":"https:\/\/info.onedoc.ch\/fr\/?s={search_term_string}"},"query-input":{"@type":"PropertyValueSpecification","valueRequired":true,"valueName":"search_term_string"}}],"inLanguage":"fr-CH"},{"@type":"Organization","@id":"https:\/\/info.onedoc.ch\/fr\/#organization","name":"OneDoc","alternateName":"OneDoc.ch","url":"https:\/\/info.onedoc.ch\/fr\/","logo":{"@type":"ImageObject","inLanguage":"fr-CH","@id":"https:\/\/info.onedoc.ch\/fr\/#\/schema\/logo\/image\/","url":"https:\/\/info.onedoc.ch\/wp-content\/uploads\/2025\/06\/doki-logo.png","contentUrl":"https:\/\/info.onedoc.ch\/wp-content\/uploads\/2025\/06\/doki-logo.png","width":2134,"height":2134,"caption":"OneDoc"},"image":{"@id":"https:\/\/info.onedoc.ch\/fr\/#\/schema\/logo\/image\/"},"sameAs":["https:\/\/www.facebook.com\/onedoc.ch\/","https:\/\/x.com\/onedoc_ch","https:\/\/www.instagram.com\/onedoc.ch\/","https:\/\/www.linkedin.com\/company\/onedoc.ch\/","https:\/\/www.youtube.com\/channel\/UCWnlE63em_m8ZioBA5n8Z6w"],"description":"OneDoc est la plateforme leader en Suisse pour la r\u00e9servation de rendez-vous m\u00e9dicaux. Les patients peuvent rechercher des milliers de professionnels de la sant\u00e9 suisses (m\u00e9decins, dentistes et th\u00e9rapeutes) et r\u00e9server un rendez-vous sur place ou une consultation vid\u00e9o en quelques clics, 24 heures sur 24.","legalName":"OneDoc SA","foundingDate":"2016-12-31","numberOfEmployees":{"@type":"QuantitativeValue","minValue":"51","maxValue":"200"}}]}},"_links":{"self":[{"href":"https:\/\/info.onedoc.ch\/fr\/wp-json\/wp\/v2\/pages\/27618","targetHints":{"allow":["GET"]}}],"collection":[{"href":"https:\/\/info.onedoc.ch\/fr\/wp-json\/wp\/v2\/pages"}],"about":[{"href":"https:\/\/info.onedoc.ch\/fr\/wp-json\/wp\/v2\/types\/page"}],"author":[{"embeddable":true,"href":"https:\/\/info.onedoc.ch\/fr\/wp-json\/wp\/v2\/users\/2"}],"replies":[{"embeddable":true,"href":"https:\/\/info.onedoc.ch\/fr\/wp-json\/wp\/v2\/comments?post=27618"}],"version-history":[{"count":7,"href":"https:\/\/info.onedoc.ch\/fr\/wp-json\/wp\/v2\/pages\/27618\/revisions"}],"predecessor-version":[{"id":31333,"href":"https:\/\/info.onedoc.ch\/fr\/wp-json\/wp\/v2\/pages\/27618\/revisions\/31333"}],"up":[{"embeddable":true,"href":"https:\/\/info.onedoc.ch\/fr\/wp-json\/wp\/v2\/pages\/17550"}],"wp:attachment":[{"href":"https:\/\/info.onedoc.ch\/fr\/wp-json\/wp\/v2\/media?parent=27618"}],"curies":[{"name":"wp","href":"https:\/\/api.w.org\/{rel}","templated":true}]}}