{"id":18625,"date":"2025-08-12T07:06:41","date_gmt":"2025-08-12T07:06:41","guid":{"rendered":"https:\/\/info.1doc.ch\/?page_id=18625"},"modified":"2025-08-25T11:16:17","modified_gmt":"2025-08-25T09:16:17","slug":"politique-cookies","status":"publish","type":"page","link":"https:\/\/info.onedoc.ch\/fr\/politique-cookies\/","title":{"rendered":"Politique Cookies"},"content":{"rendered":"<div class=\"wpb-content-wrapper\"><p>[vc_row gap=&#8221;30&#8243; kd_background_image_position=&#8221;vc_row-bg-position-top&#8221; css=&#8221;.vc_custom_1753103330024{padding-top: 100px !important;}&#8221; css_tablet_portrait=&#8221;.vc_custom_1753103330024{padding-top: 0px !important;padding-right: 0px !important;padding-left: 0px !important;}&#8221; css_mobile=&#8221;.vc_custom_1753103330024{padding-top: 0px !important;padding-right: 0px !important;padding-bottom: 0px !important;padding-left: 0px !important;}&#8221;][vc_column css_tablet_portrait=&#8221;.vc_custom_1752046134800{padding-top: 0px !important;padding-right: 0px !important;padding-left: 0px !important;}&#8221; css_mobile=&#8221;.vc_custom_1752046134800{padding-top: 0px !important;padding-right: 0px !important;padding-left: 0px !important;}&#8221;]<div  class=\"breadcrumbs breadcrumbs-shortcode bcn-left\" typeof=\"BreadcrumbList\" vocab=\"https:\/\/schema.org\/\" ><span property=\"itemListElement\" typeof=\"ListItem\"><a property=\"item\" typeof=\"WebPage\" title=\"Go to OneDoc Pro.\" href=\"https:\/\/info.onedoc.ch\/fr\/\" class=\"home\" ><span property=\"name\">OneDoc Pro<\/span><\/a><meta property=\"position\" content=\"1\"><\/span> &gt; <span property=\"itemListElement\" typeof=\"ListItem\"><a property=\"item\" typeof=\"WebPage\" title=\"Go to Blog.\" href=\"https:\/\/info.onedoc.ch\/fr\/blog\/\" class=\"post-root post post-post\" aria-current=\"page\"><span property=\"name\">Blog<\/span><\/a><meta property=\"position\" content=\"2\"><\/span><\/div>[\/vc_column][\/vc_row][vc_row gap=&#8221;30&#8243; kd_background_image_position=&#8221;vc_row-bg-position-top&#8221; css_tablet_portrait=&#8221;.vc_custom_1753104252986{padding-top: 0px !important;padding-right: 0px !important;padding-bottom: 40px !important;padding-left: 0px !important;}&#8221; css_mobile=&#8221;.vc_custom_1753104252987{padding-top: 0px !important;padding-right: 0px !important;padding-bottom: 40px !important;padding-left: 0px !important;}&#8221; css=&#8221;.vc_custom_1753104252986{padding-bottom: 50px !important;}&#8221;][vc_column css_tablet_portrait=&#8221;.vc_custom_1752046134800{padding-top: 0px !important;padding-right: 0px !important;padding-left: 0px !important;}&#8221; css_mobile=&#8221;.vc_custom_1752046134800{padding-top: 0px !important;padding-right: 0px !important;padding-left: 0px !important;}&#8221;]<header class=\"kd-section-title col-lg-12 text-center  subtitle-below-title  no-padding-on-mobile \" ><h1 class=\"separator_off\" >Politique relative aux cookies du site info.onedoc.ch<\/h1><\/header><header class=\"kd-section-title col-lg-8 vc_col-sm-8 text-center  subtitle-below-title  no-padding-on-mobile \" ><p class=\"separator_off\" >Date de mise \u00e0 jour: 12 ao\u00fbt 2025<\/p><\/header>[\/vc_column][\/vc_row][vc_row full_width=&#8221;stretch_row&#8221; gap=&#8221;30&#8243; content_placement=&#8221;middle&#8221; kd_background_image_position=&#8221;vc_row-bg-position-top&#8221; css=&#8221;.vc_custom_1753104570534{padding-top: 80px !important;padding-bottom: 160px !important;}&#8221; css_tablet_landscape=&#8221;.vc_custom_1753104570534{padding-top: 80px !important;padding-bottom: 160px !important;}&#8221; css_mobile=&#8221;.vc_custom_1753104570534{padding-top: 40px !important;padding-bottom: 80px !important;}&#8221; css_tablet_portrait=&#8221;.vc_custom_1753104570534{padding-top: 40px !important;padding-bottom: 80px !important;}&#8221;][vc_column][vc_row_inner content_placement=&#8221;middle&#8221; kd_background_image_position=&#8221;vc_row-bg-position-top&#8221; css=&#8221;.vc_custom_1752761323490{padding-top: 60px !important;padding-bottom: 60px !important;background-color: #39121200 !important;border-color: #FF2F2F00 !important;}&#8221;][vc_column_inner offset=&#8221;vc_col-lg-offset-0 vc_col-lg-12 vc_col-md-offset-0 vc_col-md-12 vc_col-sm-offset-0 vc_col-xs-12&#8243; css_tablet_portrait=&#8221;.vc_custom_1754982565538{padding-top: 0px !important;padding-right: 0px !important;padding-bottom: 0px !important;padding-left: 0px !important;}&#8221; css_mobile=&#8221;.vc_custom_1754982565538{padding-top: 0px !important;padding-right: 0px !important;padding-bottom: 50px !important;padding-left: 0px !important;}&#8221; css_tablet_landscape=&#8221;.vc_custom_1754982565538{padding-bottom: 0px !important;}&#8221;]<header class=\"kd-section-title col-lg-12 text-left  subtitle-below-title   \" ><h6 class=\"separator_off\" style=\"margin-bottom:30px;\">1. Objet de la pr\u00e9sente politique<\/h6><\/header>[vc_column_text css=&#8221;&#8221;]La pr\u00e9sente politique vous informe sur l\u2019utilisation de cookies et autres traceurs lors de votre navigation sur le site info.onedoc.ch, \u00e9dit\u00e9 par OneDoc SA, destin\u00e9 aux professionnels de sant\u00e9.<\/p>\n<p>Nous y d\u00e9crivons :<\/p>\n<ul>\n<li>Ce que sont les cookies et traceurs.<\/li>\n<li>Les finalit\u00e9s pour lesquelles nous les utilisons.<\/li>\n<li>Les moyens dont vous disposez pour les accepter, les refuser ou les param\u00e9trer.<\/li>\n<\/ul>\n<p>Nous respectons la Loi f\u00e9d\u00e9rale sur la protection des donn\u00e9es (LPD), l\u2019Ordonnance sur la protection des donn\u00e9es (OCPD \/ VDSZ) ainsi que le R\u00e8glement g\u00e9n\u00e9ral sur la protection des donn\u00e9es (RGPD) lorsque applicable.[\/vc_column_text][\/vc_column_inner][\/vc_row_inner][vc_row_inner content_placement=&#8221;middle&#8221; kd_background_image_position=&#8221;vc_row-bg-position-top&#8221; css=&#8221;.vc_custom_1752761323490{padding-top: 60px !important;padding-bottom: 60px !important;background-color: #39121200 !important;border-color: #FF2F2F00 !important;}&#8221;][vc_column_inner offset=&#8221;vc_col-lg-offset-0 vc_col-lg-12 vc_col-md-offset-0 vc_col-md-12 vc_col-sm-offset-0 vc_col-xs-12&#8243; css_tablet_portrait=&#8221;.vc_custom_1754982565538{padding-top: 0px !important;padding-right: 0px !important;padding-bottom: 0px !important;padding-left: 0px !important;}&#8221; css_mobile=&#8221;.vc_custom_1754982565538{padding-top: 0px !important;padding-right: 0px !important;padding-bottom: 50px !important;padding-left: 0px !important;}&#8221; css_tablet_landscape=&#8221;.vc_custom_1754982565538{padding-bottom: 0px !important;}&#8221;]<header class=\"kd-section-title col-lg-12 text-left  subtitle-below-title   \" ><h6 class=\"separator_off\" style=\"margin-bottom:30px;\">2. Qu\u2019est-ce qu\u2019un cookie ou un traceur?<\/h6><\/header>[vc_column_text css=&#8221;&#8221;]Un cookie est un petit fichier texte d\u00e9pos\u00e9 et lu lors de la consultation d\u2019un site internet, quel que soit le terminal utilis\u00e9 (ordinateur, smartphone, tablette).<\/p>\n<p>D\u2019autres technologies peuvent remplir des fonctions similaires, comme les pixels, tags, ou stockages locaux (Local Storage \/ Session Storage).[\/vc_column_text][\/vc_column_inner][\/vc_row_inner][vc_row_inner content_placement=&#8221;middle&#8221; kd_background_image_position=&#8221;vc_row-bg-position-top&#8221; css=&#8221;.vc_custom_1752761323490{padding-top: 60px !important;padding-bottom: 60px !important;background-color: #39121200 !important;border-color: #FF2F2F00 !important;}&#8221;][vc_column_inner offset=&#8221;vc_col-lg-offset-0 vc_col-lg-12 vc_col-md-offset-0 vc_col-md-12 vc_col-sm-offset-0 vc_col-xs-12&#8243; css_tablet_portrait=&#8221;.vc_custom_1754982565538{padding-top: 0px !important;padding-right: 0px !important;padding-bottom: 0px !important;padding-left: 0px !important;}&#8221; css_mobile=&#8221;.vc_custom_1754982565538{padding-top: 0px !important;padding-right: 0px !important;padding-bottom: 50px !important;padding-left: 0px !important;}&#8221; css_tablet_landscape=&#8221;.vc_custom_1754982565538{padding-bottom: 0px !important;}&#8221;]<header class=\"kd-section-title col-lg-12 text-left  subtitle-below-title   \" ><h6 class=\"separator_off\" style=\"margin-bottom:30px;\">3. Quels types de cookies utilisons-nous?<\/h6><\/header>[vc_column_text css=&#8221;&#8221;]Nous utilisons diff\u00e9rents types de cookies et traceurs:<\/p>\n<p>&nbsp;<\/p>\n<table>\n<tbody>\n<tr>\n<th>Cat\u00e9gorie<\/th>\n<th>Description<\/th>\n<th>Exemple de services utilis\u00e9s<\/th>\n<\/tr>\n<tr>\n<td>Cookies strictement n\u00e9cessaires<\/td>\n<td>Indispensables au fonctionnement du site ou \u00e0 la fourniture d\u2019un service que vous avez demand\u00e9.<\/td>\n<td>Gestion des pr\u00e9f\u00e9rences de langue, gestion du consentement.<\/td>\n<\/tr>\n<tr>\n<td>Cookies analytiques<\/td>\n<td>Mesurent l\u2019audience, comprennent la navigation des utilisateurs afin d\u2019am\u00e9liorer nos services.<\/td>\n<td>Google Analytics, m\u00e9triques internes OneDoc.<\/td>\n<\/tr>\n<tr>\n<td>Cookies marketing \/ publicitaires<\/td>\n<td>Personnalisent le contenu publicitaire et mesurent l\u2019efficacit\u00e9 de nos campagnes.<\/td>\n<td>Google Ads, Meta Ads, LinkedIn Ads, HubSpot.<\/td>\n<\/tr>\n<\/tbody>\n<\/table>\n<p>[\/vc_column_text][\/vc_column_inner][\/vc_row_inner][vc_row_inner content_placement=&#8221;middle&#8221; kd_background_image_position=&#8221;vc_row-bg-position-top&#8221; css=&#8221;.vc_custom_1752761323490{padding-top: 60px !important;padding-bottom: 60px !important;background-color: #39121200 !important;border-color: #FF2F2F00 !important;}&#8221;][vc_column_inner offset=&#8221;vc_col-lg-offset-0 vc_col-lg-12 vc_col-md-offset-0 vc_col-md-12 vc_col-sm-offset-0 vc_col-xs-12&#8243; css_tablet_portrait=&#8221;.vc_custom_1754982565538{padding-top: 0px !important;padding-right: 0px !important;padding-bottom: 0px !important;padding-left: 0px !important;}&#8221; css_mobile=&#8221;.vc_custom_1754982565538{padding-top: 0px !important;padding-right: 0px !important;padding-bottom: 50px !important;padding-left: 0px !important;}&#8221; css_tablet_landscape=&#8221;.vc_custom_1754982565538{padding-bottom: 0px !important;}&#8221;]<header class=\"kd-section-title col-lg-12 text-left  subtitle-below-title   \" ><h6 class=\"separator_off\" style=\"margin-bottom:30px;\">4. Liste des cookies et traceurs utilis\u00e9s<\/h6><\/header>[vc_column_text css=&#8221;&#8221;]Nous utilisons diff\u00e9rents types de cookies et traceurs:<\/p>\n<table>\n<thead>\n<tr>\n<th>Nom du cookie et partenaire<\/th>\n<th>Finalit\u00e9<\/th>\n<th>Dur\u00e9e de conservation<\/th>\n<\/tr>\n<\/thead>\n<tbody>\n<tr>\n<td>_ga_# (Google Analytics)<\/td>\n<td>Statistiques<\/td>\n<td>13 mois<\/td>\n<\/tr>\n<tr>\n<td>_ga (Google Analytics)<\/td>\n<td>Statistiques<\/td>\n<td>13 mois<\/td>\n<\/tr>\n<tr>\n<td>FPID (OneDoc Metrics)<\/td>\n<td>Statistiques<\/td>\n<td>24 mois<\/td>\n<\/tr>\n<tr>\n<td>FPLC (OneDoc Metrics)<\/td>\n<td>Statistiques<\/td>\n<td>1 jour<\/td>\n<\/tr>\n<tr>\n<td>FPAU (OneDoc Metrics)<\/td>\n<td>Statistiques<\/td>\n<td>3 mois<\/td>\n<\/tr>\n<tr>\n<td>euconsent (Didomi)<\/td>\n<td>Gestion du consentement<\/td>\n<td>13 mois<\/td>\n<\/tr>\n<tr>\n<td>didomi_dcs (Didomi)<\/td>\n<td>Gestion du consentement<\/td>\n<td>13 mois<\/td>\n<\/tr>\n<tr>\n<td>forms-eu1.hsforms.com_\/embed\/v3\/coun (HubSpot)<\/td>\n<td>Formulaires<\/td>\n<td>Session \/ inconnu<\/td>\n<\/tr>\n<tr>\n<td>__cf_bm (HubSpot)<\/td>\n<td>S\u00e9curit\u00e9<\/td>\n<td>0 jour<\/td>\n<\/tr>\n<tr>\n<td>_cfuvid (HubSpot)<\/td>\n<td>S\u00e9curit\u00e9<\/td>\n<td>Session \/ inconnu<\/td>\n<\/tr>\n<tr>\n<td>wp-wpml_current_language (OneDocINFO)<\/td>\n<td>Pr\u00e9f\u00e9rences de langue<\/td>\n<td>Session \/ inconnu<\/td>\n<\/tr>\n<tr>\n<td>didomi_dcs (OneDocINFO)<\/td>\n<td>Gestion du consentement<\/td>\n<td>Session \/ inconnu<\/td>\n<\/tr>\n<tr>\n<td>euconsent (OneDocINFO)<\/td>\n<td>Gestion du consentement<\/td>\n<td>Session \/ inconnu<\/td>\n<\/tr>\n<\/tbody>\n<\/table>\n<p>[\/vc_column_text][\/vc_column_inner][\/vc_row_inner][vc_row_inner content_placement=&#8221;middle&#8221; kd_background_image_position=&#8221;vc_row-bg-position-top&#8221; css=&#8221;.vc_custom_1752761323490{padding-top: 60px !important;padding-bottom: 60px !important;background-color: #39121200 !important;border-color: #FF2F2F00 !important;}&#8221;][vc_column_inner offset=&#8221;vc_col-lg-offset-0 vc_col-lg-12 vc_col-md-offset-0 vc_col-md-12 vc_col-sm-offset-0 vc_col-xs-12&#8243; css_tablet_portrait=&#8221;.vc_custom_1754982565538{padding-top: 0px !important;padding-right: 0px !important;padding-bottom: 0px !important;padding-left: 0px !important;}&#8221; css_mobile=&#8221;.vc_custom_1754982565538{padding-top: 0px !important;padding-right: 0px !important;padding-bottom: 50px !important;padding-left: 0px !important;}&#8221; css_tablet_landscape=&#8221;.vc_custom_1754982565538{padding-bottom: 0px !important;}&#8221;]<header class=\"kd-section-title col-lg-12 text-left  subtitle-below-title   \" ><h6 class=\"separator_off\" style=\"margin-bottom:30px;\">5. Partenaires publicitaires et analytiques<\/h6><\/header>[vc_column_text css=&#8221;&#8221;]M\u00eame si certains partenaires ne d\u00e9posent pas de cookies sur votre navigateur (ex. configuration server-side), des traitements de donn\u00e9es peuvent avoir lieu.<\/p>\n<p>Nous travaillons notamment avec:<\/p>\n<ul>\n<li>Google Analytics (mesure d\u2019audience)<\/li>\n<li>Google Ads (publicit\u00e9 et remarketing)<\/li>\n<li>Meta Ads (Facebook, Instagram) (publicit\u00e9 et remarketing)<\/li>\n<li>LinkedIn Ads (publicit\u00e9 B2B)<\/li>\n<\/ul>\n<p>[\/vc_column_text][\/vc_column_inner][\/vc_row_inner][vc_row_inner content_placement=&#8221;middle&#8221; kd_background_image_position=&#8221;vc_row-bg-position-top&#8221; css=&#8221;.vc_custom_1752761323490{padding-top: 60px !important;padding-bottom: 60px !important;background-color: #39121200 !important;border-color: #FF2F2F00 !important;}&#8221;][vc_column_inner offset=&#8221;vc_col-lg-offset-0 vc_col-lg-12 vc_col-md-offset-0 vc_col-md-12 vc_col-sm-offset-0 vc_col-xs-12&#8243; css_tablet_portrait=&#8221;.vc_custom_1754982565538{padding-top: 0px !important;padding-right: 0px !important;padding-bottom: 0px !important;padding-left: 0px !important;}&#8221; css_mobile=&#8221;.vc_custom_1754982565538{padding-top: 0px !important;padding-right: 0px !important;padding-bottom: 50px !important;padding-left: 0px !important;}&#8221; css_tablet_landscape=&#8221;.vc_custom_1754982565538{padding-bottom: 0px !important;}&#8221;]<header class=\"kd-section-title col-lg-12 text-left  subtitle-below-title   \" ><h6 class=\"separator_off\" style=\"margin-bottom:30px;\">6. Gestion de vos pr\u00e9f\u00e9rences<\/h6><\/header>[vc_column_text css=&#8221;&#8221;]Vous pouvez g\u00e9rer vos pr\u00e9f\u00e9rences \u00e0 tout moment via notre bandeau cookies ou en cliquant sur \u00ab Param\u00e8tres cookies \u00bb en bas de page.<br \/>\nVous pouvez \u00e9galement :<\/p>\n<ul>\n<li>Configurer votre navigateur pour bloquer ou supprimer les cookies.<\/li>\n<li>Retirer votre consentement via notre outil Didomi.<\/li>\n<\/ul>\n<p>[\/vc_column_text][\/vc_column_inner][\/vc_row_inner][vc_row_inner content_placement=&#8221;middle&#8221; kd_background_image_position=&#8221;vc_row-bg-position-top&#8221; css=&#8221;.vc_custom_1752761323490{padding-top: 60px !important;padding-bottom: 60px !important;background-color: #39121200 !important;border-color: #FF2F2F00 !important;}&#8221;][vc_column_inner offset=&#8221;vc_col-lg-offset-0 vc_col-lg-12 vc_col-md-offset-0 vc_col-md-12 vc_col-sm-offset-0 vc_col-xs-12&#8243; css_tablet_portrait=&#8221;.vc_custom_1754982565538{padding-top: 0px !important;padding-right: 0px !important;padding-bottom: 0px !important;padding-left: 0px !important;}&#8221; css_mobile=&#8221;.vc_custom_1754982565538{padding-top: 0px !important;padding-right: 0px !important;padding-bottom: 50px !important;padding-left: 0px !important;}&#8221; css_tablet_landscape=&#8221;.vc_custom_1754982565538{padding-bottom: 0px !important;}&#8221;]<header class=\"kd-section-title col-lg-12 text-left  subtitle-below-title   \" ><h6 class=\"separator_off\" style=\"margin-bottom:30px;\">7. Mises \u00e0 jour<\/h6><\/header>[vc_column_text css=&#8221;&#8221;]La pr\u00e9sente politique peut \u00eatre modifi\u00e9e pour refl\u00e9ter les \u00e9volutions l\u00e9gales, techniques ou organisationnelles. Nous vous invitons \u00e0 la consulter r\u00e9guli\u00e8rement.[\/vc_column_text][\/vc_column_inner][\/vc_row_inner][\/vc_column][\/vc_row]<\/p>\n<\/div>","protected":false},"excerpt":{"rendered":"<p>[vc_row gap=&#8221;30&#8243; kd_background_image_position=&#8221;vc_row-bg-position-top&#8221; css=&#8221;.vc_custom_1753103330024{padding-top: 100px !important;}&#8221; css_tablet_portrait=&#8221;.vc_custom_1753103330024{padding-top: 0px !important;padding-right: 0px !important;padding-left: 0px [&hellip;]<\/p>\n","protected":false},"author":1,"featured_media":0,"parent":0,"menu_order":0,"comment_status":"closed","ping_status":"closed","template":"","meta":{"footnotes":""},"class_list":["post-18625","page","type-page","status-publish","hentry"],"yoast_head":"<!-- This site is optimized with the Yoast SEO Premium plugin v27.2 (Yoast SEO v27.4) - https:\/\/yoast.com\/product\/yoast-seo-premium-wordpress\/ -->\n<title>Politique cookies - OneDoc Pro<\/title>\n<meta name=\"description\" content=\"Informez-vous sur la politique de gestion des cookies OneDoc Pro et son impact sur votre exp\u00e9rience utilisateur.\" \/>\n<meta name=\"robots\" content=\"noindex, nofollow\" \/>\n<meta property=\"og:locale\" content=\"fr_FR\" \/>\n<meta property=\"og:type\" content=\"article\" \/>\n<meta property=\"og:title\" content=\"Politique cookies - OneDoc Pro\" \/>\n<meta property=\"og:description\" content=\"Informez-vous sur la politique de gestion des cookies OneDoc Pro et son impact sur votre exp\u00e9rience utilisateur.\" \/>\n<meta property=\"og:url\" content=\"https:\/\/info.onedoc.ch\/fr\/politique-cookies\/\" \/>\n<meta property=\"og:site_name\" content=\"OneDoc Pro\" \/>\n<meta property=\"article:publisher\" content=\"https:\/\/www.facebook.com\/onedoc.ch\/\" \/>\n<meta property=\"article:modified_time\" content=\"2025-08-25T09:16:17+00:00\" \/>\n<meta name=\"twitter:card\" content=\"summary_large_image\" \/>\n<meta name=\"twitter:title\" content=\"Politique cookies - OneDoc Pro\" \/>\n<meta name=\"twitter:description\" content=\"Informez-vous sur la politique de gestion des cookies OneDoc Pro et son impact sur votre exp\u00e9rience utilisateur.\" \/>\n<meta name=\"twitter:site\" content=\"@onedoc_ch\" \/>\n<meta name=\"twitter:label1\" content=\"Est. reading time\" \/>\n\t<meta name=\"twitter:data1\" content=\"5 minutes\" \/>\n<script type=\"application\/ld+json\" class=\"yoast-schema-graph\">{\"@context\":\"https:\\\/\\\/schema.org\",\"@graph\":[{\"@type\":\"WebPage\",\"@id\":\"https:\\\/\\\/info.onedoc.ch\\\/fr\\\/politique-cookies\\\/\",\"url\":\"https:\\\/\\\/info.onedoc.ch\\\/fr\\\/politique-cookies\\\/\",\"name\":\"Politique cookies - OneDoc Pro\",\"isPartOf\":{\"@id\":\"https:\\\/\\\/info.onedoc.ch\\\/fr\\\/#website\"},\"datePublished\":\"2025-08-12T07:06:41+00:00\",\"dateModified\":\"2025-08-25T09:16:17+00:00\",\"description\":\"Informez-vous sur la politique de gestion des cookies OneDoc Pro et son impact sur votre exp\u00e9rience utilisateur.\",\"inLanguage\":\"fr-CH\",\"potentialAction\":[{\"@type\":\"ReadAction\",\"target\":[\"https:\\\/\\\/info.onedoc.ch\\\/fr\\\/politique-cookies\\\/\"]}]},{\"@type\":\"WebSite\",\"@id\":\"https:\\\/\\\/info.onedoc.ch\\\/fr\\\/#website\",\"url\":\"https:\\\/\\\/info.onedoc.ch\\\/fr\\\/\",\"name\":\"OneDoc Pro - Moins d\u2019administratif, plus de temps pour vos patients\",\"description\":\"L&#039;alli\u00e9 des professionnels de sant\u00e9 suisses au quotidien\",\"publisher\":{\"@id\":\"https:\\\/\\\/info.onedoc.ch\\\/fr\\\/#organization\"},\"alternateName\":\"OneDoc Pro\",\"potentialAction\":[{\"@type\":\"SearchAction\",\"target\":{\"@type\":\"EntryPoint\",\"urlTemplate\":\"https:\\\/\\\/info.onedoc.ch\\\/fr\\\/?s={search_term_string}\"},\"query-input\":{\"@type\":\"PropertyValueSpecification\",\"valueRequired\":true,\"valueName\":\"search_term_string\"}}],\"inLanguage\":\"fr-CH\"},{\"@type\":\"Organization\",\"@id\":\"https:\\\/\\\/info.onedoc.ch\\\/fr\\\/#organization\",\"name\":\"OneDoc\",\"alternateName\":\"OneDoc.ch\",\"url\":\"https:\\\/\\\/info.onedoc.ch\\\/fr\\\/\",\"logo\":{\"@type\":\"ImageObject\",\"inLanguage\":\"fr-CH\",\"@id\":\"https:\\\/\\\/info.onedoc.ch\\\/fr\\\/#\\\/schema\\\/logo\\\/image\\\/\",\"url\":\"https:\\\/\\\/info.onedoc.ch\\\/wp-content\\\/uploads\\\/2025\\\/06\\\/doki-logo.png\",\"contentUrl\":\"https:\\\/\\\/info.onedoc.ch\\\/wp-content\\\/uploads\\\/2025\\\/06\\\/doki-logo.png\",\"width\":2134,\"height\":2134,\"caption\":\"OneDoc\"},\"image\":{\"@id\":\"https:\\\/\\\/info.onedoc.ch\\\/fr\\\/#\\\/schema\\\/logo\\\/image\\\/\"},\"sameAs\":[\"https:\\\/\\\/www.facebook.com\\\/onedoc.ch\\\/\",\"https:\\\/\\\/x.com\\\/onedoc_ch\",\"https:\\\/\\\/www.instagram.com\\\/onedoc.ch\\\/\",\"https:\\\/\\\/www.linkedin.com\\\/company\\\/onedoc.ch\\\/\",\"https:\\\/\\\/www.youtube.com\\\/channel\\\/UCWnlE63em_m8ZioBA5n8Z6w\"],\"description\":\"OneDoc est la plateforme leader en Suisse pour la r\u00e9servation de rendez-vous m\u00e9dicaux. Les patients peuvent rechercher des milliers de professionnels de la sant\u00e9 suisses (m\u00e9decins, dentistes et th\u00e9rapeutes) et r\u00e9server un rendez-vous sur place ou une consultation vid\u00e9o en quelques clics, 24 heures sur 24.\",\"legalName\":\"OneDoc SA\",\"foundingDate\":\"2016-12-31\",\"numberOfEmployees\":{\"@type\":\"QuantitativeValue\",\"minValue\":\"51\",\"maxValue\":\"200\"}}]}<\/script>\n<!-- \/ Yoast SEO Premium plugin. -->","yoast_head_json":{"title":"Politique cookies - OneDoc Pro","description":"Informez-vous sur la politique de gestion des cookies OneDoc Pro et son impact sur votre exp\u00e9rience utilisateur.","robots":{"index":"noindex","follow":"nofollow"},"og_locale":"fr_FR","og_type":"article","og_title":"Politique cookies - OneDoc Pro","og_description":"Informez-vous sur la politique de gestion des cookies OneDoc Pro et son impact sur votre exp\u00e9rience utilisateur.","og_url":"https:\/\/info.onedoc.ch\/fr\/politique-cookies\/","og_site_name":"OneDoc Pro","article_publisher":"https:\/\/www.facebook.com\/onedoc.ch\/","article_modified_time":"2025-08-25T09:16:17+00:00","twitter_card":"summary_large_image","twitter_title":"Politique cookies - OneDoc Pro","twitter_description":"Informez-vous sur la politique de gestion des cookies OneDoc Pro et son impact sur votre exp\u00e9rience utilisateur.","twitter_site":"@onedoc_ch","twitter_misc":{"Est. reading time":"5 minutes"},"schema":{"@context":"https:\/\/schema.org","@graph":[{"@type":"WebPage","@id":"https:\/\/info.onedoc.ch\/fr\/politique-cookies\/","url":"https:\/\/info.onedoc.ch\/fr\/politique-cookies\/","name":"Politique cookies - OneDoc Pro","isPartOf":{"@id":"https:\/\/info.onedoc.ch\/fr\/#website"},"datePublished":"2025-08-12T07:06:41+00:00","dateModified":"2025-08-25T09:16:17+00:00","description":"Informez-vous sur la politique de gestion des cookies OneDoc Pro et son impact sur votre exp\u00e9rience utilisateur.","inLanguage":"fr-CH","potentialAction":[{"@type":"ReadAction","target":["https:\/\/info.onedoc.ch\/fr\/politique-cookies\/"]}]},{"@type":"WebSite","@id":"https:\/\/info.onedoc.ch\/fr\/#website","url":"https:\/\/info.onedoc.ch\/fr\/","name":"OneDoc Pro - Moins d\u2019administratif, plus de temps pour vos patients","description":"L&#039;alli\u00e9 des professionnels de sant\u00e9 suisses au quotidien","publisher":{"@id":"https:\/\/info.onedoc.ch\/fr\/#organization"},"alternateName":"OneDoc Pro","potentialAction":[{"@type":"SearchAction","target":{"@type":"EntryPoint","urlTemplate":"https:\/\/info.onedoc.ch\/fr\/?s={search_term_string}"},"query-input":{"@type":"PropertyValueSpecification","valueRequired":true,"valueName":"search_term_string"}}],"inLanguage":"fr-CH"},{"@type":"Organization","@id":"https:\/\/info.onedoc.ch\/fr\/#organization","name":"OneDoc","alternateName":"OneDoc.ch","url":"https:\/\/info.onedoc.ch\/fr\/","logo":{"@type":"ImageObject","inLanguage":"fr-CH","@id":"https:\/\/info.onedoc.ch\/fr\/#\/schema\/logo\/image\/","url":"https:\/\/info.onedoc.ch\/wp-content\/uploads\/2025\/06\/doki-logo.png","contentUrl":"https:\/\/info.onedoc.ch\/wp-content\/uploads\/2025\/06\/doki-logo.png","width":2134,"height":2134,"caption":"OneDoc"},"image":{"@id":"https:\/\/info.onedoc.ch\/fr\/#\/schema\/logo\/image\/"},"sameAs":["https:\/\/www.facebook.com\/onedoc.ch\/","https:\/\/x.com\/onedoc_ch","https:\/\/www.instagram.com\/onedoc.ch\/","https:\/\/www.linkedin.com\/company\/onedoc.ch\/","https:\/\/www.youtube.com\/channel\/UCWnlE63em_m8ZioBA5n8Z6w"],"description":"OneDoc est la plateforme leader en Suisse pour la r\u00e9servation de rendez-vous m\u00e9dicaux. Les patients peuvent rechercher des milliers de professionnels de la sant\u00e9 suisses (m\u00e9decins, dentistes et th\u00e9rapeutes) et r\u00e9server un rendez-vous sur place ou une consultation vid\u00e9o en quelques clics, 24 heures sur 24.","legalName":"OneDoc SA","foundingDate":"2016-12-31","numberOfEmployees":{"@type":"QuantitativeValue","minValue":"51","maxValue":"200"}}]}},"_links":{"self":[{"href":"https:\/\/info.onedoc.ch\/fr\/wp-json\/wp\/v2\/pages\/18625","targetHints":{"allow":["GET"]}}],"collection":[{"href":"https:\/\/info.onedoc.ch\/fr\/wp-json\/wp\/v2\/pages"}],"about":[{"href":"https:\/\/info.onedoc.ch\/fr\/wp-json\/wp\/v2\/types\/page"}],"author":[{"embeddable":true,"href":"https:\/\/info.onedoc.ch\/fr\/wp-json\/wp\/v2\/users\/1"}],"replies":[{"embeddable":true,"href":"https:\/\/info.onedoc.ch\/fr\/wp-json\/wp\/v2\/comments?post=18625"}],"version-history":[{"count":7,"href":"https:\/\/info.onedoc.ch\/fr\/wp-json\/wp\/v2\/pages\/18625\/revisions"}],"predecessor-version":[{"id":22889,"href":"https:\/\/info.onedoc.ch\/fr\/wp-json\/wp\/v2\/pages\/18625\/revisions\/22889"}],"wp:attachment":[{"href":"https:\/\/info.onedoc.ch\/fr\/wp-json\/wp\/v2\/media?parent=18625"}],"curies":[{"name":"wp","href":"https:\/\/api.w.org\/{rel}","templated":true}]}}