{"id":15947,"date":"2025-07-17T09:36:56","date_gmt":"2025-07-17T09:36:56","guid":{"rendered":"https:\/\/info.1doc.ch\/?page_id=15947"},"modified":"2026-04-01T09:53:43","modified_gmt":"2026-04-01T07:53:43","slug":"besoins","status":"publish","type":"page","link":"https:\/\/info.onedoc.ch\/fr\/besoins\/","title":{"rendered":"Vos besoins"},"content":{"rendered":"<div class=\"wpb-content-wrapper\"><p>[vc_row gap=&#8221;30&#8243; kd_background_image_position=&#8221;vc_row-bg-position-top&#8221; css=&#8221;.vc_custom_1753115618745{padding-top: 100px !important;}&#8221; css_tablet_portrait=&#8221;.vc_custom_1753115618746{padding-top: 0px !important;padding-right: 0px !important;padding-left: 0px !important;}&#8221; css_mobile=&#8221;.vc_custom_1753115618746{padding-top: 0px !important;padding-right: 0px !important;padding-bottom: 0px !important;padding-left: 0px !important;}&#8221;][vc_column css_tablet_portrait=&#8221;.vc_custom_1752674429211{padding-top: 0px !important;padding-right: 0px !important;padding-left: 0px !important;}&#8221; css_mobile=&#8221;.vc_custom_1752674429211{padding-top: 0px !important;padding-right: 0px !important;padding-left: 0px !important;}&#8221;]<div  class=\"breadcrumbs breadcrumbs-shortcode bcn-left\" typeof=\"BreadcrumbList\" vocab=\"https:\/\/schema.org\/\" ><span property=\"itemListElement\" typeof=\"ListItem\"><a property=\"item\" typeof=\"WebPage\" title=\"Go to OneDoc Pro.\" href=\"https:\/\/info.onedoc.ch\/fr\/\" class=\"home\" ><span property=\"name\">OneDoc Pro<\/span><\/a><meta property=\"position\" content=\"1\"><\/span> &gt; <span property=\"itemListElement\" typeof=\"ListItem\"><a property=\"item\" typeof=\"WebPage\" title=\"Go to Blog.\" href=\"https:\/\/info.onedoc.ch\/fr\/blog\/\" class=\"post-root post post-post\" aria-current=\"page\"><span property=\"name\">Blog<\/span><\/a><meta property=\"position\" content=\"2\"><\/span><\/div>[\/vc_column][\/vc_row][vc_row gap=&#8221;30&#8243; kd_background_image_position=&#8221;vc_row-bg-position-top&#8221; css_tablet_portrait=&#8221;.vc_custom_1753115649767{padding-top: 0px !important;padding-right: 0px !important;padding-left: 0px !important;}&#8221; css_mobile=&#8221;.vc_custom_1753115649767{padding-top: 0px !important;padding-right: 0px !important;padding-bottom: 0px !important;padding-left: 0px !important;}&#8221; css=&#8221;.vc_custom_1753115649767{padding-top: 50px !important;}&#8221;][vc_column css_tablet_portrait=&#8221;.vc_custom_1752046134800{padding-top: 0px !important;padding-right: 0px !important;padding-left: 0px !important;}&#8221; css_mobile=&#8221;.vc_custom_1752046134800{padding-top: 0px !important;padding-right: 0px !important;padding-left: 0px !important;}&#8221;]<header class=\"kd-section-title col-lg-12 text-center  subtitle-above-title  no-padding-on-mobile \" ><h1 class=\"separator_off\" >OneDoc Pro r\u00e9pond <span style=\"color:#1D9585;\">aux besoins sp\u00e9cifiques<\/span> \u00e0 votre pratique m\u00e9dicale<\/h1><\/header><header class=\"kd-section-title col-lg-8 vc_col-sm-8 text-center  subtitle-below-title  no-padding-on-mobile \" ><p class=\"separator_off\" >Que vous souhaitiez gagner plus de patients ou r\u00e9duire la charge administrative relative \u00e0 la gestion des rendez-vous, OneDoc Pro vous r\u00e9pond \u00e0 vos besoins et objectifs sp\u00e9cifiques.<\/p><\/header><a  href=\"\"    class=\"tt_button tt_primary_button btn_primary_color hover_solid_secondary button-center button-action-link   vc_custom_1775030007313  popmake-18523\" ><span class=\"prim_text\">Demander une d\u00e9mo personnalis\u00e9e<\/span><\/a>[\/vc_column][\/vc_row][vc_row full_width=&#8221;stretch_row&#8221; kd_background_image_position=&#8221;vc_row-bg-position-top&#8221; css=&#8221;.vc_custom_1752081723363{padding-bottom: 80px !important;}&#8221; css_mobile=&#8221;.vc_custom_1752081723364{padding-bottom: 30px !important;}&#8221; css_tablet_portrait=&#8221;.vc_custom_1752081723364{padding-bottom: 30px !important;}&#8221;][vc_column css=&#8221;.vc_custom_1516008233239{padding-right: 0px !important;padding-left: 0px !important;}&#8221;][vc_row_inner kd_background_image_position=&#8221;vc_row-bg-position-top&#8221; css_tablet_portrait=&#8221;.vc_custom_1751551325507{margin-bottom: 0px !important;}&#8221; css_mobile=&#8221;.vc_custom_1751551325507{margin-bottom: 0px !important;}&#8221;][vc_column_inner offset=&#8221;vc_col-lg-12&#8243;]<header class=\"kd-section-title col-lg-12 text-left  subtitle-below-title   \" ><h6 class=\"separator_off\" >OneDoc Pro vous accompagne, quelque soit vos besoins<\/h6><\/header>[\/vc_column_inner][\/vc_row_inner][vc_row_inner equal_height=&#8221;yes&#8221; kd_background_image_position=&#8221;vc_row-bg-position-top&#8221; css_tablet_portrait=&#8221;.vc_custom_1751551272846{padding-bottom: 0px !important;}&#8221; css_mobile=&#8221;.vc_custom_1751551272846{padding-bottom: 0px !important;}&#8221; css_tablet_landscape=&#8221;.vc_custom_1751551272846{padding-bottom: 0px !important;}&#8221; css=&#8221;.vc_custom_1751551272845{padding-top: 10px !important;padding-bottom: 10px !important;}&#8221;][vc_column_inner width=&#8221;1\/2&#8243; css_mobile=&#8221;.vc_custom_1752058097865{padding-bottom: 20px !important;}&#8221;][vc_column_text css=&#8221;&#8221;]<\/p>\n<h5><a href=\"https:\/\/info.onedoc.ch\/fr\/besoins\/ameliorer-votre-visibilite\/\"><strong>Donnez plus de visibilit\u00e9 \u00e0 votre cabinet\u00a0<\/strong><\/a><\/h5>\n<h5><a href=\"https:\/\/info.onedoc.ch\/fr\/besoins\/gagnez-patients\/\"><strong>Gagnez des nouveaux patients<\/strong><\/a><\/h5>\n<h5><a href=\"https:\/\/info.onedoc.ch\/fr\/besoins\/reduisez-les-appels\/\"><strong>R\u00e9duisez les appels t\u00e9l\u00e9phoniques<\/strong><\/a><\/h5>\n<h5><a href=\"https:\/\/info.onedoc.ch\/fr\/besoins\/fidelisez-vos-patients\/\"><strong>Fid\u00e9lisez vos patients<\/strong><\/a><\/h5>\n<h5><a href=\"https:\/\/info.onedoc.ch\/fr\/besoins\/gerez-protocoles-soins\/\"><strong>G\u00e9rez facilement les protocoles de soin<\/strong><\/a><\/h5>\n<p>[\/vc_column_text][\/vc_column_inner][vc_column_inner width=&#8221;1\/2&#8243; css=&#8221;.vc_custom_1752058109914{padding-right: 45px !important;}&#8221; css_tablet_portrait=&#8221;.vc_custom_1752058109915{padding-right: 15px !important;}&#8221; css_mobile=&#8221;.vc_custom_1752058109915{padding-bottom: 20px !important;}&#8221;][vc_column_text css=&#8221;&#8221;]<\/p>\n<h5><a href=\"https:\/\/info.onedoc.ch\/fr\/besoins\/limitez-rdv-non-honores\/\"><strong>Limitez les rendez-vous non honor\u00e9s<\/strong><\/a><\/h5>\n<h5><a href=\"https:\/\/info.onedoc.ch\/fr\/besoins\/restez-en-contact-avec-patients\/\"><strong>Restez en contact avec vos patients<\/strong><\/a><\/h5>\n<h5><a href=\"https:\/\/info.onedoc.ch\/fr\/besoins\/adressez-vos-patients\/\"><strong>Adressez vos patients<\/strong><\/a><\/h5>\n<h5><a href=\"https:\/\/info.onedoc.ch\/fr\/besoins\/recevez-demandes-adressage\/\"><strong>Recevez des demandes d&#8217;adressage<\/strong><\/a><\/h5>\n<h5><a href=\"https:\/\/info.onedoc.ch\/fr\/besoins\/creez-gerez-factures\/\"><strong>Cr\u00e9ez et g\u00e9rez vos factures<\/strong><\/a><\/h5>\n<p>[\/vc_column_text][\/vc_column_inner][\/vc_row_inner][\/vc_column][\/vc_row][vc_row content_placement=&#8221;middle&#8221; kd_background_image_position=&#8221;vc_row-bg-position-top&#8221; css=&#8221;.vc_custom_1752081745973{margin-top: 80px !important;margin-bottom: 80px !important;background-color: #012E27 !important;border-radius: 5px !important;}&#8221; css_mobile=&#8221;.vc_custom_1752081745973{margin-top: 30px !important;margin-bottom: 30px !important;}&#8221; css_tablet_portrait=&#8221;.vc_custom_1752081745973{margin-top: 30px !important;margin-bottom: 30px !important;}&#8221;][vc_column el_class=&#8221;highlight-call-to-action-box&#8221;][vc_row_inner content_placement=&#8221;middle&#8221; kd_background_image_position=&#8221;vc_row-bg-position-top&#8221; css=&#8221;.vc_custom_1751470852885{padding-top: 30px !important;padding-right: 30px !important;padding-bottom: 30px !important;padding-left: 30px !important;background-color: #39121200 !important;border-color: #FF2F2F00 !important;}&#8221;][vc_column_inner offset=&#8221;vc_col-lg-offset-0 vc_col-lg-6 vc_col-md-offset-0 vc_col-md-6 vc_col-sm-offset-0 vc_col-xs-12&#8243; css_tablet_portrait=&#8221;.vc_custom_1751447162104{padding-top: 0px !important;padding-right: 0px !important;padding-bottom: 0px !important;padding-left: 0px !important;}&#8221; css_mobile=&#8221;.vc_custom_1751447162104{padding-top: 0px !important;padding-right: 0px !important;padding-bottom: 50px !important;padding-left: 0px !important;}&#8221; css_tablet_landscape=&#8221;.vc_custom_1751447162104{padding-bottom: 0px !important;}&#8221;]<header class=\"kd-section-title col-lg-12 text-left  subtitle-below-title    vc_custom_1754899190626\" ><h2 class=\"separator_off\" style=\"color: #FFFFFF;font-size: 30px;line-height: 40px;\">OneDoc Pro: une utilisation qui <span style=\"color:#1D9585;\">s'adapte \u00e0 vos besoins<\/span><\/h2><\/header><a  href=\"\"    class=\"tt_button tt_primary_button btn_primary_color hover_solid_secondary btn-align-left button-action-link    popmake-18523\" ><span class=\"prim_text\">R\u00e9server un appel d\u00e9couverte<\/span><\/a>[\/vc_column_inner][vc_column_inner offset=&#8221;vc_col-lg-6 vc_col-md-6 vc_col-xs-12&#8243; css_mobile=&#8221;.vc_custom_1751020792783{padding-left: 0px !important;}&#8221;][vc_single_image image=&#8221;43&#8243; img_size=&#8221;large&#8221; css=&#8221;&#8221;][\/vc_column_inner][\/vc_row_inner][\/vc_column][\/vc_row][vc_row full_width=&#8221;stretch_row&#8221; equal_height=&#8221;yes&#8221; kd_background_image_position=&#8221;vc_row-bg-position-top&#8221; css=&#8221;.vc_custom_1752081829488{padding-top: 80px !important;padding-bottom: 80px !important;}&#8221; css_tablet_portrait=&#8221;.vc_custom_1752081829488{padding-top: 30px !important;padding-bottom: 30px !important;}&#8221; css_mobile=&#8221;.vc_custom_1752081829488{padding-top: 30px !important;padding-bottom: 30px !important;}&#8221;][vc_column css=&#8221;.vc_custom_1750407089170{margin-bottom: 50px !important;padding-right: 0px !important;padding-left: 0px !important;}&#8221;][vc_row_inner kd_background_image_position=&#8221;vc_row-bg-position-top&#8221; css=&#8221;.vc_custom_1751979693496{padding-bottom: 60px !important;}&#8221;][vc_column_inner]<header class=\"kd-section-title col-lg-12 text-center  subtitle-below-title   \" ><h2 class=\"separator_off\" >OneDoc Pro est simple d'utilisation et notre \u00e9quipe vous accompagne<\/h2><\/header>[\/vc_column_inner][\/vc_row_inner][vc_row_inner equal_height=&#8221;yes&#8221; kd_background_image_position=&#8221;vc_row-bg-position-top&#8221;][vc_column_inner width=&#8221;1\/3&#8243;]<div class=\"key-icon-box icon-default icon-top cont-center ib-no-effect with-shadow   with-border icon-no-background icon-no-border\" style=\"background-color: #FFFFFF;border: 1px solid #EFEFEF;\" ><div class=\"ib-wrapper\" style=\"padding-top:50px;padding-bottom:50px;padding-left:20px;padding-right:20px;background-color:#FFFFFF;\"><div class=\"ib-simple-icon-wrapper\" style=\"margin-bottom:30px;\"><i class=\"fas fa-user-cog\" style=\"color: #1D9585;\"><\/i> <\/div><h3 class=\"service-heading\" >Installation<\/h3><p >Notre \u00e9quipe configure votre compte OneDoc Pro avec vous, pour qu\u2019il s\u2019adapte parfaitement \u00e0 vos m\u00e9thodes de travail<\/p><\/div><\/div>[\/vc_column_inner][vc_column_inner width=&#8221;1\/3&#8243;]<div class=\"key-icon-box icon-default icon-top cont-center ib-no-effect with-shadow   with-border icon-no-background icon-no-border\" style=\"background-color: #FFFFFF;border: 1px solid #EFEFEF;\" ><div class=\"ib-wrapper\" style=\"padding-top:50px;padding-bottom:50px;padding-left:20px;padding-right:20px;background-color:#FFFFFF;\"><div class=\"ib-simple-icon-wrapper\" style=\"margin-bottom:30px;\"><i class=\"fas fa-graduation-cap\" style=\"color: #1D9585;\"><\/i> <\/div><h3 class=\"service-heading\" >Formation<\/h3><p >Nous vous formons gratuitement avec votre \u00e9quipe, afin que vous ma\u00eetrisiez OneDoc Pro rapidement et en tiriez pleinement parti<\/p><\/div><\/div>[\/vc_column_inner][vc_column_inner width=&#8221;1\/3&#8243;]<div class=\"key-icon-box icon-default icon-top cont-center ib-no-effect with-shadow   with-border icon-no-background icon-no-border\" style=\"background-color: #FFFFFF;border: 1px solid #EFEFEF;\" ><div class=\"ib-wrapper\" style=\"padding-top:50px;padding-bottom:50px;padding-left:20px;padding-right:20px;background-color:#FFFFFF;\"><div class=\"ib-simple-icon-wrapper\" style=\"margin-bottom:30px;\"><i class=\"fas fa-headset\" style=\"color: #1D9585;\"><\/i> <\/div><h3 class=\"service-heading\" >Support<\/h3><p >Notre \u00e9quipe de support, bas\u00e9 en Suisse, vous r\u00e9pond gratuitement en fran\u00e7ais, allemand, italien et anglais, par t\u00e9l\u00e9phone ou e-mail.<\/p><\/div><\/div>[\/vc_column_inner][\/vc_row_inner][vc_row_inner kd_background_image_position=&#8221;vc_row-bg-position-top&#8221; css=&#8221;.vc_custom_1754657512867{padding-top: 10px !important;}&#8221;][vc_column_inner css_tablet_portrait=&#8221;.vc_custom_1752058245136{padding-right: 10px !important;padding-left: 10px !important;}&#8221; css=&#8221;.vc_custom_1752058245135{margin-top: 30px !important;}&#8221; css_tablet_landscape=&#8221;.vc_custom_1752058245136{margin-top: 30px !important;}&#8221; css_mobile=&#8221;.vc_custom_1752058245136{margin-top: 0px !important;}&#8221;][vc_column_text css=&#8221;&#8221;]<\/p>\n<p style=\"text-align: center;\">Vous avez une question \u00e0 propos de OneDoc Pro?<\/p>\n<p>[\/vc_column_text]<a  href=\"\"    class=\"tt_button tt_primary_button btn_primary_color  button-center button-action-link    popmake-18523\" ><span class=\"prim_text\">Contactez notre \u00e9quipe!<\/span><\/a>[\/vc_column_inner][\/vc_row_inner][\/vc_column][\/vc_row]<\/p>\n<\/div>","protected":false},"excerpt":{"rendered":"<p>[vc_row gap=&#8221;30&#8243; kd_background_image_position=&#8221;vc_row-bg-position-top&#8221; css=&#8221;.vc_custom_1753115618745{padding-top: 100px !important;}&#8221; css_tablet_portrait=&#8221;.vc_custom_1753115618746{padding-top: 0px !important;padding-right: 0px !important;padding-left: 0px [&hellip;]<\/p>\n","protected":false},"author":2,"featured_media":0,"parent":0,"menu_order":0,"comment_status":"closed","ping_status":"closed","template":"","meta":{"footnotes":""},"class_list":["post-15947","page","type-page","status-publish","hentry"],"yoast_head":"<!-- This site is optimized with the Yoast SEO Premium plugin v27.2 (Yoast SEO v27.4) - https:\/\/yoast.com\/product\/yoast-seo-premium-wordpress\/ -->\n<title>OneDoc Pro: Le logiciel qui r\u00e9pond aux besoins de votre cabinet<\/title>\n<meta name=\"description\" content=\"D\u00e9couvrez comment OneDoc Pro r\u00e9pond \u00e0 vos besoins: plus de patients, gestion simplifi\u00e9e, et conformit\u00e9 suisse! Contactez-nous pour une d\u00e9mo!\" \/>\n<meta name=\"robots\" content=\"index, follow, max-snippet:-1, max-image-preview:large, max-video-preview:-1\" \/>\n<link rel=\"canonical\" href=\"https:\/\/info.onedoc.ch\/fr\/besoins\/\" \/>\n<meta property=\"og:locale\" content=\"fr_FR\" \/>\n<meta property=\"og:type\" content=\"article\" \/>\n<meta property=\"og:title\" content=\"OneDoc Pro: Le logiciel qui r\u00e9pond aux besoins de votre cabinet\" \/>\n<meta property=\"og:description\" content=\"D\u00e9couvrez comment OneDoc Pro r\u00e9pond \u00e0 vos besoins: plus de patients, gestion simplifi\u00e9e, et conformit\u00e9 suisse! Contactez-nous pour une d\u00e9mo!\" \/>\n<meta property=\"og:url\" content=\"https:\/\/info.onedoc.ch\/fr\/besoins\/\" \/>\n<meta property=\"og:site_name\" content=\"OneDoc Pro\" \/>\n<meta property=\"article:publisher\" content=\"https:\/\/www.facebook.com\/onedoc.ch\/\" \/>\n<meta property=\"article:modified_time\" content=\"2026-04-01T07:53:43+00:00\" \/>\n<meta name=\"twitter:card\" content=\"summary_large_image\" \/>\n<meta name=\"twitter:title\" content=\"OneDoc Pro: Le logiciel qui r\u00e9pond aux besoins de votre cabinet\" \/>\n<meta name=\"twitter:description\" content=\"D\u00e9couvrez comment OneDoc Pro r\u00e9pond \u00e0 vos besoins: plus de patients, gestion simplifi\u00e9e, et conformit\u00e9 suisse! Contactez-nous pour une d\u00e9mo!\" \/>\n<meta name=\"twitter:site\" content=\"@onedoc_ch\" \/>\n<meta name=\"twitter:label1\" content=\"Est. reading time\" \/>\n\t<meta name=\"twitter:data1\" content=\"4 minutes\" \/>\n<script type=\"application\/ld+json\" class=\"yoast-schema-graph\">{\"@context\":\"https:\\\/\\\/schema.org\",\"@graph\":[{\"@type\":\"WebPage\",\"@id\":\"https:\\\/\\\/info.onedoc.ch\\\/fr\\\/besoins\\\/\",\"url\":\"https:\\\/\\\/info.onedoc.ch\\\/fr\\\/besoins\\\/\",\"name\":\"OneDoc Pro: Le logiciel qui r\u00e9pond aux besoins de votre cabinet\",\"isPartOf\":{\"@id\":\"https:\\\/\\\/info.onedoc.ch\\\/fr\\\/#website\"},\"datePublished\":\"2025-07-17T09:36:56+00:00\",\"dateModified\":\"2026-04-01T07:53:43+00:00\",\"description\":\"D\u00e9couvrez comment OneDoc Pro r\u00e9pond \u00e0 vos besoins: plus de patients, gestion simplifi\u00e9e, et conformit\u00e9 suisse! Contactez-nous pour une d\u00e9mo!\",\"inLanguage\":\"fr-CH\",\"potentialAction\":[{\"@type\":\"ReadAction\",\"target\":[\"https:\\\/\\\/info.onedoc.ch\\\/fr\\\/besoins\\\/\"]}]},{\"@type\":\"WebSite\",\"@id\":\"https:\\\/\\\/info.onedoc.ch\\\/fr\\\/#website\",\"url\":\"https:\\\/\\\/info.onedoc.ch\\\/fr\\\/\",\"name\":\"OneDoc Pro - Moins d\u2019administratif, plus de temps pour vos patients\",\"description\":\"L&#039;alli\u00e9 des professionnels de sant\u00e9 suisses au quotidien\",\"publisher\":{\"@id\":\"https:\\\/\\\/info.onedoc.ch\\\/fr\\\/#organization\"},\"alternateName\":\"OneDoc Pro\",\"potentialAction\":[{\"@type\":\"SearchAction\",\"target\":{\"@type\":\"EntryPoint\",\"urlTemplate\":\"https:\\\/\\\/info.onedoc.ch\\\/fr\\\/?s={search_term_string}\"},\"query-input\":{\"@type\":\"PropertyValueSpecification\",\"valueRequired\":true,\"valueName\":\"search_term_string\"}}],\"inLanguage\":\"fr-CH\"},{\"@type\":\"Organization\",\"@id\":\"https:\\\/\\\/info.onedoc.ch\\\/fr\\\/#organization\",\"name\":\"OneDoc\",\"alternateName\":\"OneDoc.ch\",\"url\":\"https:\\\/\\\/info.onedoc.ch\\\/fr\\\/\",\"logo\":{\"@type\":\"ImageObject\",\"inLanguage\":\"fr-CH\",\"@id\":\"https:\\\/\\\/info.onedoc.ch\\\/fr\\\/#\\\/schema\\\/logo\\\/image\\\/\",\"url\":\"https:\\\/\\\/info.onedoc.ch\\\/wp-content\\\/uploads\\\/2025\\\/06\\\/doki-logo.png\",\"contentUrl\":\"https:\\\/\\\/info.onedoc.ch\\\/wp-content\\\/uploads\\\/2025\\\/06\\\/doki-logo.png\",\"width\":2134,\"height\":2134,\"caption\":\"OneDoc\"},\"image\":{\"@id\":\"https:\\\/\\\/info.onedoc.ch\\\/fr\\\/#\\\/schema\\\/logo\\\/image\\\/\"},\"sameAs\":[\"https:\\\/\\\/www.facebook.com\\\/onedoc.ch\\\/\",\"https:\\\/\\\/x.com\\\/onedoc_ch\",\"https:\\\/\\\/www.instagram.com\\\/onedoc.ch\\\/\",\"https:\\\/\\\/www.linkedin.com\\\/company\\\/onedoc.ch\\\/\",\"https:\\\/\\\/www.youtube.com\\\/channel\\\/UCWnlE63em_m8ZioBA5n8Z6w\"],\"description\":\"OneDoc est la plateforme leader en Suisse pour la r\u00e9servation de rendez-vous m\u00e9dicaux. Les patients peuvent rechercher des milliers de professionnels de la sant\u00e9 suisses (m\u00e9decins, dentistes et th\u00e9rapeutes) et r\u00e9server un rendez-vous sur place ou une consultation vid\u00e9o en quelques clics, 24 heures sur 24.\",\"legalName\":\"OneDoc SA\",\"foundingDate\":\"2016-12-31\",\"numberOfEmployees\":{\"@type\":\"QuantitativeValue\",\"minValue\":\"51\",\"maxValue\":\"200\"}}]}<\/script>\n<!-- \/ Yoast SEO Premium plugin. -->","yoast_head_json":{"title":"OneDoc Pro: Le logiciel qui r\u00e9pond aux besoins de votre cabinet","description":"D\u00e9couvrez comment OneDoc Pro r\u00e9pond \u00e0 vos besoins: plus de patients, gestion simplifi\u00e9e, et conformit\u00e9 suisse! Contactez-nous pour une d\u00e9mo!","robots":{"index":"index","follow":"follow","max-snippet":"max-snippet:-1","max-image-preview":"max-image-preview:large","max-video-preview":"max-video-preview:-1"},"canonical":"https:\/\/info.onedoc.ch\/fr\/besoins\/","og_locale":"fr_FR","og_type":"article","og_title":"OneDoc Pro: Le logiciel qui r\u00e9pond aux besoins de votre cabinet","og_description":"D\u00e9couvrez comment OneDoc Pro r\u00e9pond \u00e0 vos besoins: plus de patients, gestion simplifi\u00e9e, et conformit\u00e9 suisse! Contactez-nous pour une d\u00e9mo!","og_url":"https:\/\/info.onedoc.ch\/fr\/besoins\/","og_site_name":"OneDoc Pro","article_publisher":"https:\/\/www.facebook.com\/onedoc.ch\/","article_modified_time":"2026-04-01T07:53:43+00:00","twitter_card":"summary_large_image","twitter_title":"OneDoc Pro: Le logiciel qui r\u00e9pond aux besoins de votre cabinet","twitter_description":"D\u00e9couvrez comment OneDoc Pro r\u00e9pond \u00e0 vos besoins: plus de patients, gestion simplifi\u00e9e, et conformit\u00e9 suisse! Contactez-nous pour une d\u00e9mo!","twitter_site":"@onedoc_ch","twitter_misc":{"Est. reading time":"4 minutes"},"schema":{"@context":"https:\/\/schema.org","@graph":[{"@type":"WebPage","@id":"https:\/\/info.onedoc.ch\/fr\/besoins\/","url":"https:\/\/info.onedoc.ch\/fr\/besoins\/","name":"OneDoc Pro: Le logiciel qui r\u00e9pond aux besoins de votre cabinet","isPartOf":{"@id":"https:\/\/info.onedoc.ch\/fr\/#website"},"datePublished":"2025-07-17T09:36:56+00:00","dateModified":"2026-04-01T07:53:43+00:00","description":"D\u00e9couvrez comment OneDoc Pro r\u00e9pond \u00e0 vos besoins: plus de patients, gestion simplifi\u00e9e, et conformit\u00e9 suisse! Contactez-nous pour une d\u00e9mo!","inLanguage":"fr-CH","potentialAction":[{"@type":"ReadAction","target":["https:\/\/info.onedoc.ch\/fr\/besoins\/"]}]},{"@type":"WebSite","@id":"https:\/\/info.onedoc.ch\/fr\/#website","url":"https:\/\/info.onedoc.ch\/fr\/","name":"OneDoc Pro - Moins d\u2019administratif, plus de temps pour vos patients","description":"L&#039;alli\u00e9 des professionnels de sant\u00e9 suisses au quotidien","publisher":{"@id":"https:\/\/info.onedoc.ch\/fr\/#organization"},"alternateName":"OneDoc Pro","potentialAction":[{"@type":"SearchAction","target":{"@type":"EntryPoint","urlTemplate":"https:\/\/info.onedoc.ch\/fr\/?s={search_term_string}"},"query-input":{"@type":"PropertyValueSpecification","valueRequired":true,"valueName":"search_term_string"}}],"inLanguage":"fr-CH"},{"@type":"Organization","@id":"https:\/\/info.onedoc.ch\/fr\/#organization","name":"OneDoc","alternateName":"OneDoc.ch","url":"https:\/\/info.onedoc.ch\/fr\/","logo":{"@type":"ImageObject","inLanguage":"fr-CH","@id":"https:\/\/info.onedoc.ch\/fr\/#\/schema\/logo\/image\/","url":"https:\/\/info.onedoc.ch\/wp-content\/uploads\/2025\/06\/doki-logo.png","contentUrl":"https:\/\/info.onedoc.ch\/wp-content\/uploads\/2025\/06\/doki-logo.png","width":2134,"height":2134,"caption":"OneDoc"},"image":{"@id":"https:\/\/info.onedoc.ch\/fr\/#\/schema\/logo\/image\/"},"sameAs":["https:\/\/www.facebook.com\/onedoc.ch\/","https:\/\/x.com\/onedoc_ch","https:\/\/www.instagram.com\/onedoc.ch\/","https:\/\/www.linkedin.com\/company\/onedoc.ch\/","https:\/\/www.youtube.com\/channel\/UCWnlE63em_m8ZioBA5n8Z6w"],"description":"OneDoc est la plateforme leader en Suisse pour la r\u00e9servation de rendez-vous m\u00e9dicaux. Les patients peuvent rechercher des milliers de professionnels de la sant\u00e9 suisses (m\u00e9decins, dentistes et th\u00e9rapeutes) et r\u00e9server un rendez-vous sur place ou une consultation vid\u00e9o en quelques clics, 24 heures sur 24.","legalName":"OneDoc SA","foundingDate":"2016-12-31","numberOfEmployees":{"@type":"QuantitativeValue","minValue":"51","maxValue":"200"}}]}},"_links":{"self":[{"href":"https:\/\/info.onedoc.ch\/fr\/wp-json\/wp\/v2\/pages\/15947","targetHints":{"allow":["GET"]}}],"collection":[{"href":"https:\/\/info.onedoc.ch\/fr\/wp-json\/wp\/v2\/pages"}],"about":[{"href":"https:\/\/info.onedoc.ch\/fr\/wp-json\/wp\/v2\/types\/page"}],"author":[{"embeddable":true,"href":"https:\/\/info.onedoc.ch\/fr\/wp-json\/wp\/v2\/users\/2"}],"replies":[{"embeddable":true,"href":"https:\/\/info.onedoc.ch\/fr\/wp-json\/wp\/v2\/comments?post=15947"}],"version-history":[{"count":10,"href":"https:\/\/info.onedoc.ch\/fr\/wp-json\/wp\/v2\/pages\/15947\/revisions"}],"predecessor-version":[{"id":39024,"href":"https:\/\/info.onedoc.ch\/fr\/wp-json\/wp\/v2\/pages\/15947\/revisions\/39024"}],"wp:attachment":[{"href":"https:\/\/info.onedoc.ch\/fr\/wp-json\/wp\/v2\/media?parent=15947"}],"curies":[{"name":"wp","href":"https:\/\/api.w.org\/{rel}","templated":true}]}}