{"id":11158,"date":"2025-06-19T06:18:28","date_gmt":"2025-06-19T06:18:28","guid":{"rendered":"https:\/\/info.1doc.ch\/?page_id=11158"},"modified":"2026-03-03T10:53:02","modified_gmt":"2026-03-03T08:53:02","slug":"raison-d-etre","status":"publish","type":"page","link":"https:\/\/info.onedoc.ch\/fr\/raison-d-etre\/","title":{"rendered":"Notre soci\u00e9t\u00e9"},"content":{"rendered":"<div class=\"wpb-content-wrapper\"><p>[vc_row gap=&#8221;30&#8243; content_placement=&#8221;middle&#8221; kd_background_image_position=&#8221;vc_row-bg-position-top&#8221; css=&#8221;.vc_custom_1754914430757{padding-top: 80px !important;padding-bottom: 80px !important;}&#8221; css_tablet_portrait=&#8221;.vc_custom_1754914430758{padding-top: 0px !important;padding-right: 0px !important;padding-left: 0px !important;}&#8221; css_mobile=&#8221;.vc_custom_1754914430759{padding-top: 0px !important;padding-right: 0px !important;padding-bottom: 0px !important;padding-left: 0px !important;}&#8221;][vc_column width=&#8221;1\/2&#8243; css_tablet_portrait=&#8221;.vc_custom_1753084111596{padding-top: 0px !important;padding-right: 0px !important;padding-left: 0px !important;}&#8221; css_mobile=&#8221;.vc_custom_1753084111596{padding-top: 0px !important;padding-right: 0px !important;padding-bottom: 50px !important;padding-left: 0px !important;}&#8221;]<header class=\"kd-section-title col-lg-12 text-left  subtitle-below-title    vc_custom_1754905879835\" ><h1 class=\"separator_off\" >Simplifier <span style=\"color:#1D9585;\">l'acc\u00e8s \u00e0 la sant\u00e9<\/span>, notre raison d'\u00eatre<\/h1><\/header><header class=\"kd-section-title col-lg-12 text-left  subtitle-below-title    vc_custom_1754905896601\" ><p class=\"separator_off\" >OneDoc aide les professionnels de la sant\u00e9 \u00e0 g\u00e9rer plus efficacement leur cabinet et permet aux patients de prendre rendez-vous plus simplement.<\/p><\/header>[\/vc_column][vc_column width=&#8221;1\/2&#8243;][vc_single_image image=&#8221;11446&#8243; img_size=&#8221;full&#8221; css=&#8221;&#8221;][\/vc_column][\/vc_row][vc_row kd_background_image_position=&#8221;vc_row-bg-position-top&#8221; css=&#8221;.vc_custom_1754916836080{padding-bottom: 80px !important;}&#8221;][vc_column]<div class=\"feature-sections-wrapper navigation-icons kd-fsp-69e37cce68a65\">\r\n            <div class=\"feature-sections-tabs  \">\r\n              <nav class=\"kd-feature-tabs\">\r\n                <ul class=\"nav nav-tabs sticky-tabs container\">\r\n                <\/ul>\r\n              <\/nav>\r\n            <\/div>\r\n            <section id=\"onedoc-for-pros\" class=\"featured-right \"><li class=\"nav-label\"><a class=\"feature-tabs-scroll\" href=\"#onedoc-for-pros\"><span class=\"nav-number\"><\/span>Pour les professionnels de sant\u00e9<\/a><\/li><div class=\"container\">\r\n                <div class=\"side-content-wrapper \" ><h2 class=\"side-content-title\" >OneDoc pour les professionnels de sant\u00e9<\/h2><h6 class=\"side-content-subtitle\" >OneDoc Pro s'int\u00e8gre \u00e0 votre logiciel m\u00e9dical, vous permettant ainsi de\u2026<\/h6><div class=\"side-content-text\" ><\/p>\n<ul>\n<li class=\"check\">G\u00e9rez plus efficacement votre emploi du temps<\/li>\n<li class=\"check\">D\u00e9veloppez votre patient\u00e8le<\/li>\n<li class=\"check\">Profitez d&#8217;un r\u00e9f\u00e9rencement optimal sur les moteurs de recherche<\/li>\n<\/ul>\n<p><\/div><div class=\"side-content-link sc-primary-btn\"><a href=\"https:\/\/info.onedoc.ch\/fr\/\" target=\"_self\" title=\"D\u00e9couvrir OneDoc Pro\" class=\"tt_button tt_secondary_button btn_primary_color popmake-18523button-action-link\">D\u00e9couvrir OneDoc Pro<\/a><\/div><\/div><div class=\"side-featured-wrapper fss-rectangle\" >\r\n      <div class=\"featured-image\"><img loading=\"lazy\" decoding=\"async\" width=\"1920\" height=\"1080\" src=\"https:\/\/info.onedoc.ch\/wp-content\/uploads\/2025\/06\/OneDoc-Pro-Patient.png\" class=\"attachment-full\" alt=\"\" title=\"OneDoc-Pro-Patient\" srcset=\"https:\/\/info.onedoc.ch\/wp-content\/uploads\/2025\/06\/OneDoc-Pro-Patient.png 1920w, https:\/\/info.onedoc.ch\/wp-content\/uploads\/2025\/06\/OneDoc-Pro-Patient-300x169.png 300w, https:\/\/info.onedoc.ch\/wp-content\/uploads\/2025\/06\/OneDoc-Pro-Patient-1024x576.png 1024w, https:\/\/info.onedoc.ch\/wp-content\/uploads\/2025\/06\/OneDoc-Pro-Patient-768x432.png 768w, https:\/\/info.onedoc.ch\/wp-content\/uploads\/2025\/06\/OneDoc-Pro-Patient-1536x864.png 1536w\" sizes=\"auto, (max-width: 1920px) 100vw, 1920px\" \/><\/div>\r\n    <\/div><\/div>\r\n            <\/section><section id=\"onedoc-for-patients\" class=\"featured-left \"><li class=\"nav-label\"><a class=\"feature-tabs-scroll\" href=\"#onedoc-for-patients\"><span class=\"nav-number\"><\/span>Pour les patients<\/a><\/li><div class=\"container\">\r\n                <div class=\"side-content-wrapper \" ><h2 class=\"side-content-title\" >OneDoc pour les patients<\/h2><h6 class=\"side-content-subtitle\" >OneDoc est la premi\u00e8re plateforme de sant\u00e9 digitale pour trouver et prendre un rendez-vous en quelques clics.<\/h6><div class=\"side-content-text\" ><\/p>\n<ul class=\"card__check\">\n<li class=\"check\">Prenez facilement rendez-vous en ligne avec vos soignants<\/li>\n<li class=\"check\">G\u00e9rez vos rendez-vous 24h\/24 et 7j\/7<\/li>\n<li class=\"check\">B\u00e9n\u00e9ficiez du plus large r\u00e9seau de professionnels de sant\u00e9 en Suisse<\/li>\n<\/ul>\n<p><\/div><div class=\"side-content-link sc-primary-btn\"><a href=\"https:\/\/www.onedoc.ch\/fr\/\" target=\"_self\" title=\"Se rendre sur onedoc.ch\" class=\"tt_button tt_secondary_button btn_primary_color button-action-link\">Se rendre sur onedoc.ch<\/a><\/div><\/div><div class=\"side-featured-wrapper fss-rectangle\" >\r\n      <div class=\"featured-image\"><img loading=\"lazy\" decoding=\"async\" width=\"1920\" height=\"1080\" src=\"https:\/\/info.onedoc.ch\/wp-content\/uploads\/2025\/06\/OneDoc-Pro-Professionnel-de-sante.png\" class=\"attachment-full\" alt=\"\" title=\"OneDoc-Pro-Professionnel-de-sante\" srcset=\"https:\/\/info.onedoc.ch\/wp-content\/uploads\/2025\/06\/OneDoc-Pro-Professionnel-de-sante.png 1920w, https:\/\/info.onedoc.ch\/wp-content\/uploads\/2025\/06\/OneDoc-Pro-Professionnel-de-sante-300x169.png 300w, https:\/\/info.onedoc.ch\/wp-content\/uploads\/2025\/06\/OneDoc-Pro-Professionnel-de-sante-1024x576.png 1024w, https:\/\/info.onedoc.ch\/wp-content\/uploads\/2025\/06\/OneDoc-Pro-Professionnel-de-sante-768x432.png 768w, https:\/\/info.onedoc.ch\/wp-content\/uploads\/2025\/06\/OneDoc-Pro-Professionnel-de-sante-1536x864.png 1536w\" sizes=\"auto, (max-width: 1920px) 100vw, 1920px\" \/><\/div>\r\n    <\/div><\/div>\r\n            <\/section><section id=\"protection-des-donn\u00e9es\" class=\"featured-right \"><li class=\"nav-label\"><a class=\"feature-tabs-scroll\" href=\"#protection-des-donn\u00e9es\"><span class=\"nav-number\"><\/span>Protection des donn\u00e9es<\/a><\/li><div class=\"container\">\r\n                <div class=\"side-content-wrapper \" ><h2 class=\"side-content-title\" >Nos engagements pour la protection des donn\u00e9es<\/h2><h6 class=\"side-content-subtitle\" >La protection des donn\u00e9es des professionnels de sant\u00e9 et des patients est au c\u0153ur des engagements de OneDoc<\/h6><div class=\"side-content-text\" ><\/p>\n<ul>\n<li>Nous sommes certifi\u00e9s ISO 27001 et OCPD<\/li>\n<li>Nous appliquons la nLDP et et respectons rigoureusement le secret m\u00e9dical<\/li>\n<li>Nous arborons fi\u00e8rement le label &#8220;Swiss-made software, hosted in Switzerland&#8221;<\/li>\n<\/ul>\n<p><\/div><div class=\"side-content-link sc-primary-btn\"><a href=\"https:\/\/privacy.onedoc.ch\/fr\" target=\"_self\" title=\"En savoir plus sur la protection des donn\u00e9es\" class=\"tt_button tt_secondary_button btn_primary_color button-action-link\">En savoir plus sur la protection des donn\u00e9es<\/a><\/div><\/div><div class=\"side-featured-wrapper fss-rectangle\" >\r\n      <div class=\"featured-image\"><img loading=\"lazy\" decoding=\"async\" width=\"700\" height=\"394\" src=\"https:\/\/info.onedoc.ch\/wp-content\/uploads\/2025\/06\/visibilite-en-ligne.jpg.webp\" class=\"attachment-full\" alt=\"\" title=\"visibilite-en-ligne.jpg\" srcset=\"https:\/\/info.onedoc.ch\/wp-content\/uploads\/2025\/06\/visibilite-en-ligne.jpg.webp 700w, https:\/\/info.onedoc.ch\/wp-content\/uploads\/2025\/06\/visibilite-en-ligne.jpg-300x169.webp 300w\" sizes=\"auto, (max-width: 700px) 100vw, 700px\" \/><\/div>\r\n    <\/div><\/div>\r\n            <\/section>\r\n            <\/div><style><\/style>[\/vc_column][\/vc_row][vc_row full_width=&#8221;stretch_row&#8221; kd_background_image_position=&#8221;vc_row-bg-position-top&#8221; css=&#8221;.vc_custom_1754914724955{margin-top: 80px !important;margin-bottom: 80px !important;padding-top: 50px !important;padding-bottom: 50px !important;background-color: #0F1A1A !important;}&#8221; css_tablet_landscape=&#8221;.vc_custom_1754914724956{padding-top: 10px !important;padding-bottom: 10px !important;}&#8221; css_tablet_portrait=&#8221;.vc_custom_1754914724956{padding-top: 10px !important;padding-bottom: 10px !important;}&#8221; css_mobile=&#8221;.vc_custom_1754914724956{padding-top: 10px !important;padding-bottom: 10px !important;}&#8221;][vc_column][vc_row_inner kd_background_image_position=&#8221;vc_row-bg-position-top&#8221; css=&#8221;.vc_custom_1597841918472{padding-top: 100px !important;padding-bottom: 100px !important;}&#8221;][vc_column_inner]<div class=\"slider testimonials white-navigation kd-testimonial-69e37cce6a42d loop_off  without-image\" ><div class=\"tt-content \">\n              <div class=\"tt-content-inner\"><div class=\"tt-image\"><img loading=\"lazy\" decoding=\"async\" width=\"800\" height=\"800\" src=\"https:\/\/info.onedoc.ch\/wp-content\/uploads\/2025\/06\/Arthur-Germain-CEO-OneDoc.jpeg\" class=\"attachment-full\" alt=\"\" title=\"Arthur-Germain-CEO-OneDoc\" srcset=\"https:\/\/info.onedoc.ch\/wp-content\/uploads\/2025\/06\/Arthur-Germain-CEO-OneDoc.jpeg 800w, https:\/\/info.onedoc.ch\/wp-content\/uploads\/2025\/06\/Arthur-Germain-CEO-OneDoc-300x300.jpeg 300w, https:\/\/info.onedoc.ch\/wp-content\/uploads\/2025\/06\/Arthur-Germain-CEO-OneDoc-150x150.jpeg 150w, https:\/\/info.onedoc.ch\/wp-content\/uploads\/2025\/06\/Arthur-Germain-CEO-OneDoc-768x768.jpeg 768w, https:\/\/info.onedoc.ch\/wp-content\/uploads\/2025\/06\/Arthur-Germain-CEO-OneDoc-320x320.jpeg 320w\" sizes=\"auto, (max-width: 800px) 100vw, 800px\" \/><\/div><div class=\"tt-container\" style=\"background-color:#00000000;\"><div class=\"testimonial-quote\" style=\"color:#FFFFFF;\">\u00ab Les professionnels de sant\u00e9 suisses passent un temps consid\u00e9rable dans les t\u00e2ches administratives. Notre mission est de les soutenir en int\u00e9grant des solutions digitales innovantes, permettant ainsi de recentrer leur temps et leur \u00e9nergie sur la qualit\u00e9 des soins et le bien-\u00eatre des patients. \u00bb<\/div><span class=\"author\" style=\"color: #FFFFFF;\"><span class=\"author-name\">Arthur Germain<\/span><span class=\"content\" style=\"color: #FFFFFF;\">CEO de OneDoc<\/span>\n                    <\/span>\n                <\/div><\/div>\n            <\/div><\/div><script>\n              jQuery(document).ready(function($){\n                if ($(\".slider.testimonials.kd-testimonial-69e37cce6a42d\").length) {\n                  $(\".slider.testimonials.kd-testimonial-69e37cce6a42d\").owlCarousel({\n                    stageClass: \"owl-wrapper\",\n                    stageOuterClass: \"owl-wrapper-outer\",\n                    loadedClass: \"owl-carousel\",responsive:{\n                        0:{\n                            dots: false,\n                            nav: true,\n                            navSpeed: 500,\n                        },\n                        1366:{nav: true,\n                              navSpeed: 500,\n                              dots: false,}\n                    },\n                    items: 1,loop: false, rewind: false, margin: 1,autoplay: false,autoplayHoverPause: false,\n                  });\n                }\n              });\n            <\/script>[\/vc_column_inner][\/vc_row_inner][\/vc_column][\/vc_row][vc_row full_width=&#8221;stretch_row&#8221; content_placement=&#8221;middle&#8221; kd_background_image_position=&#8221;vc_row-bg-position-top&#8221; css=&#8221;.vc_custom_1754914498853{padding-top: 80px !important;padding-bottom: 80px !important;}&#8221;][vc_column][vc_row_inner content_placement=&#8221;middle&#8221; kd_background_image_position=&#8221;vc_row-bg-position-top&#8221;][vc_column_inner css=&#8221;.vc_custom_1606140057037{padding-right: 100px !important;padding-left: 0px !important;}&#8221; offset=&#8221;vc_col-lg-offset-0 vc_col-lg-6 vc_col-md-offset-0 vc_col-md-6 vc_col-sm-offset-0 vc_col-xs-12&#8243; css_tablet_portrait=&#8221;.vc_custom_1606140057040{padding-top: 0px !important;padding-right: 0px !important;padding-bottom: 0px !important;padding-left: 0px !important;}&#8221; css_mobile=&#8221;.vc_custom_1606140057041{padding-top: 0px !important;padding-right: 0px !important;padding-bottom: 50px !important;padding-left: 0px !important;}&#8221; css_tablet_landscape=&#8221;.vc_custom_1606140057038{padding-bottom: 0px !important;}&#8221;]<header class=\"kd-section-title col-lg-12 text-left  subtitle-below-title    vc_custom_1754914416558\" ><h2 class=\"separator_off\" style=\"font-size: 28px;margin-bottom:30px;\">Envie de faire partie de l'\u00e9quipe?<\/h2><p class=\"subtitle\" ><b>OneDoc recrute!<\/b><br \/>\nNous sommes toujours en qu\u00eate de personnes talentueuses et visionnaires pour rejoindrenotre \u00e9quipe. Pr\u00eat \u00e0 embrasser une nouvelle aventure professionnelle? Rejoignez-nous pour contribuer \u00e0 am\u00e9liorer l\u2019exp\u00e9rience digitale des patients et des professionnels de sant\u00e9 en Suisse! \ud83c\udde8\ud83c\udded<\/p><\/header><a  href=\"https:\/\/career.onedoc.ch\/fr\"  target=\"_blank\"  title=\"\"  class=\"tt_button tt_primary_button btn_primary_color  btn-align-left button-action-link icon_right\" ><span class=\"prim_text\">D\u00e9couvrez nos offres d\u2019emploi<\/span><span class=\" iconita\" ><\/span><\/a>[\/vc_column_inner][vc_column_inner offset=&#8221;vc_col-lg-6 vc_col-md-6 vc_col-xs-12&#8243; css=&#8221;.vc_custom_1750259044001{padding-right: 0px !important;padding-left: 40px !important;}&#8221; css_mobile=&#8221;.vc_custom_1750259044003{padding-left: 0px !important;}&#8221;][vc_single_image image=&#8221;11149&#8243; img_size=&#8221;large&#8221; css=&#8221;&#8221;][\/vc_column_inner][\/vc_row_inner][\/vc_column][\/vc_row]<\/p>\n<\/div>","protected":false},"excerpt":{"rendered":"<p>[vc_row gap=&#8221;30&#8243; content_placement=&#8221;middle&#8221; kd_background_image_position=&#8221;vc_row-bg-position-top&#8221; css=&#8221;.vc_custom_1754914430757{padding-top: 80px !important;padding-bottom: 80px !important;}&#8221; css_tablet_portrait=&#8221;.vc_custom_1754914430758{padding-top: 0px !important;padding-right: [&hellip;]<\/p>\n","protected":false},"author":3,"featured_media":0,"parent":0,"menu_order":0,"comment_status":"closed","ping_status":"closed","template":"","meta":{"footnotes":""},"class_list":["post-11158","page","type-page","status-publish","hentry"],"yoast_head":"<!-- This site is optimized with the Yoast SEO Premium plugin v27.2 (Yoast SEO v27.4) - https:\/\/yoast.com\/product\/yoast-seo-premium-wordpress\/ -->\n<title>Raison d&#039;\u00eatre - OneDoc Pro<\/title>\n<meta name=\"description\" content=\"Notre raison d&#039;\u00eatre est d&#039;aider les professionnels de la sant\u00e9 \u00e0 g\u00e9rer plus efficacement leur cabinet et \u00e0 simplifier le parcours patient.\" \/>\n<meta name=\"robots\" content=\"index, follow, max-snippet:-1, max-image-preview:large, max-video-preview:-1\" \/>\n<link rel=\"canonical\" href=\"https:\/\/info.onedoc.ch\/fr\/raison-d-etre\/\" \/>\n<meta property=\"og:locale\" content=\"fr_FR\" \/>\n<meta property=\"og:type\" content=\"article\" \/>\n<meta property=\"og:title\" content=\"Raison d&#039;\u00eatre - OneDoc Pro\" \/>\n<meta property=\"og:description\" content=\"Notre raison d&#039;\u00eatre est d&#039;aider les professionnels de la sant\u00e9 \u00e0 g\u00e9rer plus efficacement leur cabinet et \u00e0 simplifier le parcours patient.\" \/>\n<meta property=\"og:url\" content=\"https:\/\/info.onedoc.ch\/fr\/raison-d-etre\/\" \/>\n<meta property=\"og:site_name\" content=\"OneDoc Pro\" \/>\n<meta property=\"article:publisher\" content=\"https:\/\/www.facebook.com\/onedoc.ch\/\" \/>\n<meta property=\"article:modified_time\" content=\"2026-03-03T08:53:02+00:00\" \/>\n<meta name=\"twitter:card\" content=\"summary_large_image\" \/>\n<meta name=\"twitter:title\" content=\"Raison d&#039;\u00eatre - OneDoc Pro\" \/>\n<meta name=\"twitter:description\" content=\"Notre raison d&#039;\u00eatre est d&#039;aider les professionnels de la sant\u00e9 \u00e0 g\u00e9rer plus efficacement leur cabinet et \u00e0 simplifier le parcours patient.\" \/>\n<meta name=\"twitter:site\" content=\"@onedoc_ch\" \/>\n<meta name=\"twitter:label1\" content=\"Est. reading time\" \/>\n\t<meta name=\"twitter:data1\" content=\"6 minutes\" \/>\n<script type=\"application\/ld+json\" class=\"yoast-schema-graph\">{\"@context\":\"https:\\\/\\\/schema.org\",\"@graph\":[{\"@type\":\"WebPage\",\"@id\":\"https:\\\/\\\/info.onedoc.ch\\\/fr\\\/raison-d-etre\\\/\",\"url\":\"https:\\\/\\\/info.onedoc.ch\\\/fr\\\/raison-d-etre\\\/\",\"name\":\"Raison d'\u00eatre - OneDoc Pro\",\"isPartOf\":{\"@id\":\"https:\\\/\\\/info.onedoc.ch\\\/fr\\\/#website\"},\"datePublished\":\"2025-06-19T06:18:28+00:00\",\"dateModified\":\"2026-03-03T08:53:02+00:00\",\"description\":\"Notre raison d'\u00eatre est d'aider les professionnels de la sant\u00e9 \u00e0 g\u00e9rer plus efficacement leur cabinet et \u00e0 simplifier le parcours patient.\",\"inLanguage\":\"fr-CH\",\"potentialAction\":[{\"@type\":\"ReadAction\",\"target\":[\"https:\\\/\\\/info.onedoc.ch\\\/fr\\\/raison-d-etre\\\/\"]}]},{\"@type\":\"WebSite\",\"@id\":\"https:\\\/\\\/info.onedoc.ch\\\/fr\\\/#website\",\"url\":\"https:\\\/\\\/info.onedoc.ch\\\/fr\\\/\",\"name\":\"OneDoc Pro - Moins d\u2019administratif, plus de temps pour vos patients\",\"description\":\"L&#039;alli\u00e9 des professionnels de sant\u00e9 suisses au quotidien\",\"publisher\":{\"@id\":\"https:\\\/\\\/info.onedoc.ch\\\/fr\\\/#organization\"},\"alternateName\":\"OneDoc Pro\",\"potentialAction\":[{\"@type\":\"SearchAction\",\"target\":{\"@type\":\"EntryPoint\",\"urlTemplate\":\"https:\\\/\\\/info.onedoc.ch\\\/fr\\\/?s={search_term_string}\"},\"query-input\":{\"@type\":\"PropertyValueSpecification\",\"valueRequired\":true,\"valueName\":\"search_term_string\"}}],\"inLanguage\":\"fr-CH\"},{\"@type\":\"Organization\",\"@id\":\"https:\\\/\\\/info.onedoc.ch\\\/fr\\\/#organization\",\"name\":\"OneDoc\",\"alternateName\":\"OneDoc.ch\",\"url\":\"https:\\\/\\\/info.onedoc.ch\\\/fr\\\/\",\"logo\":{\"@type\":\"ImageObject\",\"inLanguage\":\"fr-CH\",\"@id\":\"https:\\\/\\\/info.onedoc.ch\\\/fr\\\/#\\\/schema\\\/logo\\\/image\\\/\",\"url\":\"https:\\\/\\\/info.onedoc.ch\\\/wp-content\\\/uploads\\\/2025\\\/06\\\/doki-logo.png\",\"contentUrl\":\"https:\\\/\\\/info.onedoc.ch\\\/wp-content\\\/uploads\\\/2025\\\/06\\\/doki-logo.png\",\"width\":2134,\"height\":2134,\"caption\":\"OneDoc\"},\"image\":{\"@id\":\"https:\\\/\\\/info.onedoc.ch\\\/fr\\\/#\\\/schema\\\/logo\\\/image\\\/\"},\"sameAs\":[\"https:\\\/\\\/www.facebook.com\\\/onedoc.ch\\\/\",\"https:\\\/\\\/x.com\\\/onedoc_ch\",\"https:\\\/\\\/www.instagram.com\\\/onedoc.ch\\\/\",\"https:\\\/\\\/www.linkedin.com\\\/company\\\/onedoc.ch\\\/\",\"https:\\\/\\\/www.youtube.com\\\/channel\\\/UCWnlE63em_m8ZioBA5n8Z6w\"],\"description\":\"OneDoc est la plateforme leader en Suisse pour la r\u00e9servation de rendez-vous m\u00e9dicaux. Les patients peuvent rechercher des milliers de professionnels de la sant\u00e9 suisses (m\u00e9decins, dentistes et th\u00e9rapeutes) et r\u00e9server un rendez-vous sur place ou une consultation vid\u00e9o en quelques clics, 24 heures sur 24.\",\"legalName\":\"OneDoc SA\",\"foundingDate\":\"2016-12-31\",\"numberOfEmployees\":{\"@type\":\"QuantitativeValue\",\"minValue\":\"51\",\"maxValue\":\"200\"}}]}<\/script>\n<!-- \/ Yoast SEO Premium plugin. -->","yoast_head_json":{"title":"Raison d'\u00eatre - OneDoc Pro","description":"Notre raison d'\u00eatre est d'aider les professionnels de la sant\u00e9 \u00e0 g\u00e9rer plus efficacement leur cabinet et \u00e0 simplifier le parcours patient.","robots":{"index":"index","follow":"follow","max-snippet":"max-snippet:-1","max-image-preview":"max-image-preview:large","max-video-preview":"max-video-preview:-1"},"canonical":"https:\/\/info.onedoc.ch\/fr\/raison-d-etre\/","og_locale":"fr_FR","og_type":"article","og_title":"Raison d'\u00eatre - OneDoc Pro","og_description":"Notre raison d'\u00eatre est d'aider les professionnels de la sant\u00e9 \u00e0 g\u00e9rer plus efficacement leur cabinet et \u00e0 simplifier le parcours patient.","og_url":"https:\/\/info.onedoc.ch\/fr\/raison-d-etre\/","og_site_name":"OneDoc Pro","article_publisher":"https:\/\/www.facebook.com\/onedoc.ch\/","article_modified_time":"2026-03-03T08:53:02+00:00","twitter_card":"summary_large_image","twitter_title":"Raison d'\u00eatre - OneDoc Pro","twitter_description":"Notre raison d'\u00eatre est d'aider les professionnels de la sant\u00e9 \u00e0 g\u00e9rer plus efficacement leur cabinet et \u00e0 simplifier le parcours patient.","twitter_site":"@onedoc_ch","twitter_misc":{"Est. reading time":"6 minutes"},"schema":{"@context":"https:\/\/schema.org","@graph":[{"@type":"WebPage","@id":"https:\/\/info.onedoc.ch\/fr\/raison-d-etre\/","url":"https:\/\/info.onedoc.ch\/fr\/raison-d-etre\/","name":"Raison d'\u00eatre - OneDoc Pro","isPartOf":{"@id":"https:\/\/info.onedoc.ch\/fr\/#website"},"datePublished":"2025-06-19T06:18:28+00:00","dateModified":"2026-03-03T08:53:02+00:00","description":"Notre raison d'\u00eatre est d'aider les professionnels de la sant\u00e9 \u00e0 g\u00e9rer plus efficacement leur cabinet et \u00e0 simplifier le parcours patient.","inLanguage":"fr-CH","potentialAction":[{"@type":"ReadAction","target":["https:\/\/info.onedoc.ch\/fr\/raison-d-etre\/"]}]},{"@type":"WebSite","@id":"https:\/\/info.onedoc.ch\/fr\/#website","url":"https:\/\/info.onedoc.ch\/fr\/","name":"OneDoc Pro - Moins d\u2019administratif, plus de temps pour vos patients","description":"L&#039;alli\u00e9 des professionnels de sant\u00e9 suisses au quotidien","publisher":{"@id":"https:\/\/info.onedoc.ch\/fr\/#organization"},"alternateName":"OneDoc Pro","potentialAction":[{"@type":"SearchAction","target":{"@type":"EntryPoint","urlTemplate":"https:\/\/info.onedoc.ch\/fr\/?s={search_term_string}"},"query-input":{"@type":"PropertyValueSpecification","valueRequired":true,"valueName":"search_term_string"}}],"inLanguage":"fr-CH"},{"@type":"Organization","@id":"https:\/\/info.onedoc.ch\/fr\/#organization","name":"OneDoc","alternateName":"OneDoc.ch","url":"https:\/\/info.onedoc.ch\/fr\/","logo":{"@type":"ImageObject","inLanguage":"fr-CH","@id":"https:\/\/info.onedoc.ch\/fr\/#\/schema\/logo\/image\/","url":"https:\/\/info.onedoc.ch\/wp-content\/uploads\/2025\/06\/doki-logo.png","contentUrl":"https:\/\/info.onedoc.ch\/wp-content\/uploads\/2025\/06\/doki-logo.png","width":2134,"height":2134,"caption":"OneDoc"},"image":{"@id":"https:\/\/info.onedoc.ch\/fr\/#\/schema\/logo\/image\/"},"sameAs":["https:\/\/www.facebook.com\/onedoc.ch\/","https:\/\/x.com\/onedoc_ch","https:\/\/www.instagram.com\/onedoc.ch\/","https:\/\/www.linkedin.com\/company\/onedoc.ch\/","https:\/\/www.youtube.com\/channel\/UCWnlE63em_m8ZioBA5n8Z6w"],"description":"OneDoc est la plateforme leader en Suisse pour la r\u00e9servation de rendez-vous m\u00e9dicaux. Les patients peuvent rechercher des milliers de professionnels de la sant\u00e9 suisses (m\u00e9decins, dentistes et th\u00e9rapeutes) et r\u00e9server un rendez-vous sur place ou une consultation vid\u00e9o en quelques clics, 24 heures sur 24.","legalName":"OneDoc SA","foundingDate":"2016-12-31","numberOfEmployees":{"@type":"QuantitativeValue","minValue":"51","maxValue":"200"}}]}},"_links":{"self":[{"href":"https:\/\/info.onedoc.ch\/fr\/wp-json\/wp\/v2\/pages\/11158","targetHints":{"allow":["GET"]}}],"collection":[{"href":"https:\/\/info.onedoc.ch\/fr\/wp-json\/wp\/v2\/pages"}],"about":[{"href":"https:\/\/info.onedoc.ch\/fr\/wp-json\/wp\/v2\/types\/page"}],"author":[{"embeddable":true,"href":"https:\/\/info.onedoc.ch\/fr\/wp-json\/wp\/v2\/users\/3"}],"replies":[{"embeddable":true,"href":"https:\/\/info.onedoc.ch\/fr\/wp-json\/wp\/v2\/comments?post=11158"}],"version-history":[{"count":45,"href":"https:\/\/info.onedoc.ch\/fr\/wp-json\/wp\/v2\/pages\/11158\/revisions"}],"predecessor-version":[{"id":37919,"href":"https:\/\/info.onedoc.ch\/fr\/wp-json\/wp\/v2\/pages\/11158\/revisions\/37919"}],"wp:attachment":[{"href":"https:\/\/info.onedoc.ch\/fr\/wp-json\/wp\/v2\/media?parent=11158"}],"curies":[{"name":"wp","href":"https:\/\/api.w.org\/{rel}","templated":true}]}}