{"id":27619,"date":"2025-09-09T14:14:45","date_gmt":"2025-09-09T12:14:45","guid":{"rendered":"https:\/\/info.onedoc.ch\/?page_id=27619"},"modified":"2025-11-03T13:04:39","modified_gmt":"2025-11-03T11:04:39","slug":"dentagest","status":"publish","type":"page","link":"https:\/\/info.onedoc.ch\/en\/connectors\/dentagest\/","title":{"rendered":"DentaGest"},"content":{"rendered":"<div class=\"wpb-content-wrapper\"><p>[vc_row gap=&#8221;30&#8243; kd_background_image_position=&#8221;vc_row-bg-position-top&#8221; css=&#8221;.vc_custom_1753107176502{padding-top: 100px !important;}&#8221; css_tablet_portrait=&#8221;.vc_custom_1753107176503{padding-top: 0px !important;padding-right: 0px !important;padding-left: 0px !important;}&#8221; css_mobile=&#8221;.vc_custom_1753107176503{padding-top: 0px !important;padding-right: 0px !important;padding-bottom: 0px !important;padding-left: 0px !important;}&#8221;][vc_column css=&#8221;.vc_custom_1751971922716{padding-right: 15px !important;}&#8221;]<div  class=\"breadcrumbs breadcrumbs-shortcode bcn-left\" typeof=\"BreadcrumbList\" vocab=\"https:\/\/schema.org\/\" ><span property=\"itemListElement\" typeof=\"ListItem\"><a property=\"item\" typeof=\"WebPage\" title=\"Go to OneDoc Pro.\" href=\"https:\/\/info.onedoc.ch\/en\/\" class=\"home\" ><span property=\"name\">OneDoc Pro<\/span><\/a><meta property=\"position\" content=\"1\"><\/span> &gt; <span property=\"itemListElement\" typeof=\"ListItem\"><a property=\"item\" typeof=\"WebPage\" title=\"Go to Blog.\" href=\"https:\/\/info.onedoc.ch\/en\/blog\/\" class=\"post-root post post-post\" aria-current=\"page\"><span property=\"name\">Blog<\/span><\/a><meta property=\"position\" content=\"2\"><\/span><\/div>[\/vc_column][\/vc_row][vc_row gap=&#8221;30&#8243; content_placement=&#8221;top&#8221; kd_background_image_position=&#8221;vc_row-bg-position-top&#8221; css_tablet_portrait=&#8221;.vc_custom_1753107758481{padding-top: 0px !important;padding-right: 0px !important;padding-left: 0px !important;}&#8221; css_mobile=&#8221;.vc_custom_1753107758481{padding-top: 0px !important;padding-right: 0px !important;padding-bottom: 0px !important;padding-left: 0px !important;}&#8221;][vc_column width=&#8221;1\/6&#8243; offset=&#8221;vc_hidden-sm&#8221;][vc_single_image image=&#8221;27647&#8243; style=&#8221;vc_box_circle_2&#8243; css=&#8221;&#8221; el_class=&#8221;grey-border&#8221;][\/vc_column][vc_column width=&#8221;5\/6&#8243;]<header class=\"kd-section-title col-lg-12 text-left  subtitle-below-title   \" ><h1 class=\"separator_off\" >DentaGest<\/h1><h4 class=\"subtitle\" >Simplify your dental practice management with the connector between OneDoc Pro and DentaGest<\/h4><\/header>[\/vc_column][\/vc_row][vc_row gap=&#8221;30&#8243; kd_background_image_position=&#8221;vc_row-bg-position-top&#8221; css=&#8221;.vc_custom_1752742685804{padding-bottom: 80px !important;}&#8221;][vc_column width=&#8221;2\/3&#8243;][vc_single_image image=&#8221;31326&#8243; img_size=&#8221;full&#8221; css=&#8221;.vc_custom_1762167867890{margin-bottom: 0px !important;border-radius: 10px !important;}&#8221;]<header class=\"kd-section-title col-lg-12 text-left  subtitle-below-title    vc_custom_1757418733315\" ><h6 class=\"separator_off\" >DentaGest and OneDoc Pro integration overview<\/h6><\/header>[vc_column_text css=&#8221;&#8221;]Details coming soon.<br \/>\nInformation about the gateway between DentaGest and OneDoc Pro will be added shortly.[\/vc_column_text][\/vc_column][vc_column width=&#8221;1\/3&#8243; kd_sticky_column=&#8221;true&#8221; css=&#8221;.vc_custom_1753107322647{padding-left: 15px !important;background-color: #FFFFFF !important;border-radius: 5px !important;}&#8221;]<header class=\"kd-section-title col-lg-12 text-left  subtitle-below-title    vc_custom_1757418760231\" ><h5 class=\"separator_off\" style=\"margin-bottom:10px;\">About<\/h5><p class=\"subtitle\" >DentaGest is a Swiss software solution for dental practices and clinics. Widely used by practitioners, specifically in Romandie, it centralizes scheduling, invoicing, document management, and patient record. Its features cover both administrative tasks (user rights management, statistics, treatment follow-up) and integrations with radiology and other third-party systems. By bringing everything together, DentaGest enables dental teams to simplify their organization, secure their data, and focus on delivering high-quality care.<\/p><\/header><header class=\"kd-section-title col-lg-12 text-left  subtitle-below-title    vc_custom_1757418768346\" ><h5 class=\"separator_off\" style=\"margin-bottom:10px;\">Editor:<\/h5><p class=\"subtitle\" >DentaGest SA<\/p><\/header><header class=\"kd-section-title col-lg-12 text-left  subtitle-below-title    vc_custom_1753106326821\" ><h5 class=\"separator_off\" style=\"margin-bottom:10px;\">Website:<\/h5><\/header>[vc_column_text css=&#8221;&#8221;]<a href=\"https:\/\/www.dentagest.ch\/\">https:\/\/www.dentagest.ch\/<\/a>[\/vc_column_text]<a  href=\"\"    class=\"tt_button tt_primary_button btn_primary_color hover_solid_secondary btn-align-left button-action-link   vc_custom_1757424651270  popmake-18722\" ><span class=\"prim_text\">Contact us<\/span><\/a>[\/vc_column][\/vc_row][vc_row content_placement=&#8221;middle&#8221; kd_background_image_position=&#8221;vc_row-bg-position-top&#8221; css=&#8221;.vc_custom_1752081745973{margin-top: 80px !important;margin-bottom: 80px !important;background-color: #012E27 !important;border-radius: 5px !important;}&#8221; css_mobile=&#8221;.vc_custom_1752081745973{margin-top: 30px !important;margin-bottom: 30px !important;}&#8221; css_tablet_portrait=&#8221;.vc_custom_1752081745973{margin-top: 30px !important;margin-bottom: 30px !important;}&#8221;][vc_column el_class=&#8221;highlight-call-to-action-box&#8221;][vc_row_inner content_placement=&#8221;middle&#8221; kd_background_image_position=&#8221;vc_row-bg-position-top&#8221; css=&#8221;.vc_custom_1751470852885{padding-top: 30px !important;padding-right: 30px !important;padding-bottom: 30px !important;padding-left: 30px !important;background-color: #39121200 !important;border-color: #FF2F2F00 !important;}&#8221;][vc_column_inner offset=&#8221;vc_col-lg-offset-0 vc_col-lg-6 vc_col-md-offset-0 vc_col-md-6 vc_col-sm-offset-0 vc_col-xs-12&#8243; css_tablet_portrait=&#8221;.vc_custom_1751447162104{padding-top: 0px !important;padding-right: 0px !important;padding-bottom: 0px !important;padding-left: 0px !important;}&#8221; css_mobile=&#8221;.vc_custom_1751447162104{padding-top: 0px !important;padding-right: 0px !important;padding-bottom: 50px !important;padding-left: 0px !important;}&#8221; css_tablet_landscape=&#8221;.vc_custom_1751447162104{padding-bottom: 0px !important;}&#8221;]<header class=\"kd-section-title col-lg-12 text-left  subtitle-below-title    vc_custom_1757420364551\" ><h2 class=\"separator_off\" style=\"color: #FFFFFF;\">Get notified as soon as the DentaGest connector is available<\/h2><\/header><a  href=\"\"    class=\"tt_button tt_primary_button btn_primary_color hover_solid_secondary btn-align-left button-action-link    popmake-18722\" ><span class=\"prim_text\">Join the waiting list<\/span><\/a>[\/vc_column_inner][vc_column_inner offset=&#8221;vc_col-lg-6 vc_col-md-6 vc_col-xs-12&#8243; css_mobile=&#8221;.vc_custom_1751020792783{padding-left: 0px !important;}&#8221;][vc_single_image image=&#8221;9942&#8243; img_size=&#8221;large&#8221; css=&#8221;&#8221;][\/vc_column_inner][\/vc_row_inner][\/vc_column][\/vc_row]<\/p>\n<\/div>","protected":false},"excerpt":{"rendered":"<p>[vc_row gap=&#8221;30&#8243; kd_background_image_position=&#8221;vc_row-bg-position-top&#8221; css=&#8221;.vc_custom_1753107176502{padding-top: 100px !important;}&#8221; css_tablet_portrait=&#8221;.vc_custom_1753107176503{padding-top: 0px !important;padding-right: 0px !important;padding-left: 0px [&hellip;]<\/p>\n","protected":false},"author":2,"featured_media":0,"parent":18876,"menu_order":0,"comment_status":"closed","ping_status":"closed","template":"","meta":{"footnotes":""},"class_list":["post-27619","page","type-page","status-publish","hentry"],"yoast_head":"<!-- This site is optimized with the Yoast SEO Premium plugin v27.2 (Yoast SEO v27.5) - https:\/\/yoast.com\/product\/yoast-seo-premium-wordpress\/ -->\n<title>DentaGest and OneDoc Pro integration overview<\/title>\n<meta name=\"description\" content=\"Discover how the connector between DentaGest, your dental practice management software, and OneDoc Pro works.\" \/>\n<meta name=\"robots\" content=\"index, follow, max-snippet:-1, max-image-preview:large, max-video-preview:-1\" \/>\n<link rel=\"canonical\" href=\"https:\/\/info.onedoc.ch\/en\/connectors\/dentagest\/\" \/>\n<meta property=\"og:locale\" content=\"en_US\" \/>\n<meta property=\"og:type\" content=\"article\" \/>\n<meta property=\"og:title\" content=\"DentaGest and OneDoc Pro integration overview\" \/>\n<meta property=\"og:description\" content=\"Discover how the connector between DentaGest, your dental practice management software, and OneDoc Pro works.\" \/>\n<meta property=\"og:url\" content=\"https:\/\/info.onedoc.ch\/en\/connectors\/dentagest\/\" \/>\n<meta property=\"og:site_name\" content=\"OneDoc Pro\" \/>\n<meta property=\"article:publisher\" content=\"https:\/\/www.facebook.com\/onedoc.ch\/\" \/>\n<meta property=\"article:modified_time\" content=\"2025-11-03T11:04:39+00:00\" \/>\n<meta name=\"twitter:card\" content=\"summary_large_image\" \/>\n<meta name=\"twitter:title\" content=\"DentaGest and OneDoc Pro integration overview\" \/>\n<meta name=\"twitter:description\" content=\"Discover how the connector between DentaGest, your dental practice management software, and OneDoc Pro works.\" \/>\n<meta name=\"twitter:site\" content=\"@onedoc_ch\" \/>\n<meta name=\"twitter:label1\" content=\"Est. reading time\" \/>\n\t<meta name=\"twitter:data1\" content=\"3 minutes\" \/>\n<script type=\"application\/ld+json\" class=\"yoast-schema-graph\">{\"@context\":\"https:\\\/\\\/schema.org\",\"@graph\":[{\"@type\":\"WebPage\",\"@id\":\"https:\\\/\\\/info.onedoc.ch\\\/en\\\/connectors\\\/dentagest\\\/\",\"url\":\"https:\\\/\\\/info.onedoc.ch\\\/en\\\/connectors\\\/dentagest\\\/\",\"name\":\"DentaGest and OneDoc Pro integration overview\",\"isPartOf\":{\"@id\":\"https:\\\/\\\/info.onedoc.ch\\\/en\\\/#website\"},\"datePublished\":\"2025-09-09T12:14:45+00:00\",\"dateModified\":\"2025-11-03T11:04:39+00:00\",\"description\":\"Discover how the connector between DentaGest, your dental practice management software, and OneDoc Pro works.\",\"inLanguage\":\"en-US\",\"potentialAction\":[{\"@type\":\"ReadAction\",\"target\":[\"https:\\\/\\\/info.onedoc.ch\\\/en\\\/connectors\\\/dentagest\\\/\"]}]},{\"@type\":\"WebSite\",\"@id\":\"https:\\\/\\\/info.onedoc.ch\\\/en\\\/#website\",\"url\":\"https:\\\/\\\/info.onedoc.ch\\\/en\\\/\",\"name\":\"OneDoc Pro - Moins d\u2019administratif, plus de temps pour vos patients\",\"description\":\"L&#039;alli\u00e9 des professionnels de sant\u00e9 suisses au quotidien\",\"publisher\":{\"@id\":\"https:\\\/\\\/info.onedoc.ch\\\/en\\\/#organization\"},\"alternateName\":\"OneDoc Pro\",\"potentialAction\":[{\"@type\":\"SearchAction\",\"target\":{\"@type\":\"EntryPoint\",\"urlTemplate\":\"https:\\\/\\\/info.onedoc.ch\\\/en\\\/?s={search_term_string}\"},\"query-input\":{\"@type\":\"PropertyValueSpecification\",\"valueRequired\":true,\"valueName\":\"search_term_string\"}}],\"inLanguage\":\"en-US\"},{\"@type\":\"Organization\",\"@id\":\"https:\\\/\\\/info.onedoc.ch\\\/en\\\/#organization\",\"name\":\"OneDoc\",\"alternateName\":\"OneDoc.ch\",\"url\":\"https:\\\/\\\/info.onedoc.ch\\\/en\\\/\",\"logo\":{\"@type\":\"ImageObject\",\"inLanguage\":\"en-US\",\"@id\":\"https:\\\/\\\/info.onedoc.ch\\\/en\\\/#\\\/schema\\\/logo\\\/image\\\/\",\"url\":\"https:\\\/\\\/info.onedoc.ch\\\/wp-content\\\/uploads\\\/2025\\\/06\\\/doki-logo.png\",\"contentUrl\":\"https:\\\/\\\/info.onedoc.ch\\\/wp-content\\\/uploads\\\/2025\\\/06\\\/doki-logo.png\",\"width\":2134,\"height\":2134,\"caption\":\"OneDoc\"},\"image\":{\"@id\":\"https:\\\/\\\/info.onedoc.ch\\\/en\\\/#\\\/schema\\\/logo\\\/image\\\/\"},\"sameAs\":[\"https:\\\/\\\/www.facebook.com\\\/onedoc.ch\\\/\",\"https:\\\/\\\/x.com\\\/onedoc_ch\",\"https:\\\/\\\/www.instagram.com\\\/onedoc.ch\\\/\",\"https:\\\/\\\/www.linkedin.com\\\/company\\\/onedoc.ch\\\/\",\"https:\\\/\\\/www.youtube.com\\\/channel\\\/UCWnlE63em_m8ZioBA5n8Z6w\"],\"description\":\"OneDoc est la plateforme leader en Suisse pour la r\u00e9servation de rendez-vous m\u00e9dicaux. Les patients peuvent rechercher des milliers de professionnels de la sant\u00e9 suisses (m\u00e9decins, dentistes et th\u00e9rapeutes) et r\u00e9server un rendez-vous sur place ou une consultation vid\u00e9o en quelques clics, 24 heures sur 24.\",\"legalName\":\"OneDoc SA\",\"foundingDate\":\"2016-12-31\",\"numberOfEmployees\":{\"@type\":\"QuantitativeValue\",\"minValue\":\"51\",\"maxValue\":\"200\"}}]}<\/script>\n<!-- \/ Yoast SEO Premium plugin. -->","yoast_head_json":{"title":"DentaGest and OneDoc Pro integration overview","description":"Discover how the connector between DentaGest, your dental practice management software, and OneDoc Pro works.","robots":{"index":"index","follow":"follow","max-snippet":"max-snippet:-1","max-image-preview":"max-image-preview:large","max-video-preview":"max-video-preview:-1"},"canonical":"https:\/\/info.onedoc.ch\/en\/connectors\/dentagest\/","og_locale":"en_US","og_type":"article","og_title":"DentaGest and OneDoc Pro integration overview","og_description":"Discover how the connector between DentaGest, your dental practice management software, and OneDoc Pro works.","og_url":"https:\/\/info.onedoc.ch\/en\/connectors\/dentagest\/","og_site_name":"OneDoc Pro","article_publisher":"https:\/\/www.facebook.com\/onedoc.ch\/","article_modified_time":"2025-11-03T11:04:39+00:00","twitter_card":"summary_large_image","twitter_title":"DentaGest and OneDoc Pro integration overview","twitter_description":"Discover how the connector between DentaGest, your dental practice management software, and OneDoc Pro works.","twitter_site":"@onedoc_ch","twitter_misc":{"Est. reading time":"3 minutes"},"schema":{"@context":"https:\/\/schema.org","@graph":[{"@type":"WebPage","@id":"https:\/\/info.onedoc.ch\/en\/connectors\/dentagest\/","url":"https:\/\/info.onedoc.ch\/en\/connectors\/dentagest\/","name":"DentaGest and OneDoc Pro integration overview","isPartOf":{"@id":"https:\/\/info.onedoc.ch\/en\/#website"},"datePublished":"2025-09-09T12:14:45+00:00","dateModified":"2025-11-03T11:04:39+00:00","description":"Discover how the connector between DentaGest, your dental practice management software, and OneDoc Pro works.","inLanguage":"en-US","potentialAction":[{"@type":"ReadAction","target":["https:\/\/info.onedoc.ch\/en\/connectors\/dentagest\/"]}]},{"@type":"WebSite","@id":"https:\/\/info.onedoc.ch\/en\/#website","url":"https:\/\/info.onedoc.ch\/en\/","name":"OneDoc Pro - Moins d\u2019administratif, plus de temps pour vos patients","description":"L&#039;alli\u00e9 des professionnels de sant\u00e9 suisses au quotidien","publisher":{"@id":"https:\/\/info.onedoc.ch\/en\/#organization"},"alternateName":"OneDoc Pro","potentialAction":[{"@type":"SearchAction","target":{"@type":"EntryPoint","urlTemplate":"https:\/\/info.onedoc.ch\/en\/?s={search_term_string}"},"query-input":{"@type":"PropertyValueSpecification","valueRequired":true,"valueName":"search_term_string"}}],"inLanguage":"en-US"},{"@type":"Organization","@id":"https:\/\/info.onedoc.ch\/en\/#organization","name":"OneDoc","alternateName":"OneDoc.ch","url":"https:\/\/info.onedoc.ch\/en\/","logo":{"@type":"ImageObject","inLanguage":"en-US","@id":"https:\/\/info.onedoc.ch\/en\/#\/schema\/logo\/image\/","url":"https:\/\/info.onedoc.ch\/wp-content\/uploads\/2025\/06\/doki-logo.png","contentUrl":"https:\/\/info.onedoc.ch\/wp-content\/uploads\/2025\/06\/doki-logo.png","width":2134,"height":2134,"caption":"OneDoc"},"image":{"@id":"https:\/\/info.onedoc.ch\/en\/#\/schema\/logo\/image\/"},"sameAs":["https:\/\/www.facebook.com\/onedoc.ch\/","https:\/\/x.com\/onedoc_ch","https:\/\/www.instagram.com\/onedoc.ch\/","https:\/\/www.linkedin.com\/company\/onedoc.ch\/","https:\/\/www.youtube.com\/channel\/UCWnlE63em_m8ZioBA5n8Z6w"],"description":"OneDoc est la plateforme leader en Suisse pour la r\u00e9servation de rendez-vous m\u00e9dicaux. Les patients peuvent rechercher des milliers de professionnels de la sant\u00e9 suisses (m\u00e9decins, dentistes et th\u00e9rapeutes) et r\u00e9server un rendez-vous sur place ou une consultation vid\u00e9o en quelques clics, 24 heures sur 24.","legalName":"OneDoc SA","foundingDate":"2016-12-31","numberOfEmployees":{"@type":"QuantitativeValue","minValue":"51","maxValue":"200"}}]}},"_links":{"self":[{"href":"https:\/\/info.onedoc.ch\/en\/wp-json\/wp\/v2\/pages\/27619","targetHints":{"allow":["GET"]}}],"collection":[{"href":"https:\/\/info.onedoc.ch\/en\/wp-json\/wp\/v2\/pages"}],"about":[{"href":"https:\/\/info.onedoc.ch\/en\/wp-json\/wp\/v2\/types\/page"}],"author":[{"embeddable":true,"href":"https:\/\/info.onedoc.ch\/en\/wp-json\/wp\/v2\/users\/2"}],"replies":[{"embeddable":true,"href":"https:\/\/info.onedoc.ch\/en\/wp-json\/wp\/v2\/comments?post=27619"}],"version-history":[{"count":8,"href":"https:\/\/info.onedoc.ch\/en\/wp-json\/wp\/v2\/pages\/27619\/revisions"}],"predecessor-version":[{"id":31334,"href":"https:\/\/info.onedoc.ch\/en\/wp-json\/wp\/v2\/pages\/27619\/revisions\/31334"}],"up":[{"embeddable":true,"href":"https:\/\/info.onedoc.ch\/en\/wp-json\/wp\/v2\/pages\/18876"}],"wp:attachment":[{"href":"https:\/\/info.onedoc.ch\/en\/wp-json\/wp\/v2\/media?parent=27619"}],"curies":[{"name":"wp","href":"https:\/\/api.w.org\/{rel}","templated":true}]}}