{"id":22955,"date":"2025-08-12T07:06:41","date_gmt":"2025-08-12T05:06:41","guid":{"rendered":"https:\/\/info.1doc.ch\/politique-cookies\/"},"modified":"2025-08-25T11:48:26","modified_gmt":"2025-08-25T09:48:26","slug":"cookie-policy","status":"publish","type":"page","link":"https:\/\/info.onedoc.ch\/en\/cookie-policy\/","title":{"rendered":"Cookie policy"},"content":{"rendered":"<div class=\"wpb-content-wrapper\"><p>[vc_row gap=&#8221;30&#8243; kd_background_image_position=&#8221;vc_row-bg-position-top&#8221; css=&#8221;.vc_custom_1753103330024{padding-top: 100px !important;}&#8221; css_tablet_portrait=&#8221;.vc_custom_1753103330024{padding-top: 0px !important;padding-right: 0px !important;padding-left: 0px !important;}&#8221; css_mobile=&#8221;.vc_custom_1753103330024{padding-top: 0px !important;padding-right: 0px !important;padding-bottom: 0px !important;padding-left: 0px !important;}&#8221;][vc_column css_tablet_portrait=&#8221;.vc_custom_1752046134800{padding-top: 0px !important;padding-right: 0px !important;padding-left: 0px !important;}&#8221; css_mobile=&#8221;.vc_custom_1752046134800{padding-top: 0px !important;padding-right: 0px !important;padding-left: 0px !important;}&#8221;]<div  class=\"breadcrumbs breadcrumbs-shortcode bcn-left\" typeof=\"BreadcrumbList\" vocab=\"https:\/\/schema.org\/\" ><span property=\"itemListElement\" typeof=\"ListItem\"><a property=\"item\" typeof=\"WebPage\" title=\"Go to OneDoc Pro.\" href=\"https:\/\/info.onedoc.ch\/en\/\" class=\"home\" ><span property=\"name\">OneDoc Pro<\/span><\/a><meta property=\"position\" content=\"1\"><\/span> &gt; <span property=\"itemListElement\" typeof=\"ListItem\"><a property=\"item\" typeof=\"WebPage\" title=\"Go to Blog.\" href=\"https:\/\/info.onedoc.ch\/en\/blog\/\" class=\"post-root post post-post\" aria-current=\"page\"><span property=\"name\">Blog<\/span><\/a><meta property=\"position\" content=\"2\"><\/span><\/div>[\/vc_column][\/vc_row][vc_row gap=&#8221;30&#8243; kd_background_image_position=&#8221;vc_row-bg-position-top&#8221; css_tablet_portrait=&#8221;.vc_custom_1753104252986{padding-top: 0px !important;padding-right: 0px !important;padding-bottom: 40px !important;padding-left: 0px !important;}&#8221; css_mobile=&#8221;.vc_custom_1753104252987{padding-top: 0px !important;padding-right: 0px !important;padding-bottom: 40px !important;padding-left: 0px !important;}&#8221; css=&#8221;.vc_custom_1753104252986{padding-bottom: 50px !important;}&#8221;][vc_column css_tablet_portrait=&#8221;.vc_custom_1752046134800{padding-top: 0px !important;padding-right: 0px !important;padding-left: 0px !important;}&#8221; css_mobile=&#8221;.vc_custom_1752046134800{padding-top: 0px !important;padding-right: 0px !important;padding-left: 0px !important;}&#8221;]<header class=\"kd-section-title col-lg-12 text-center  subtitle-below-title  no-padding-on-mobile \" ><h1 class=\"separator_off\" >Cookie policy for the info.onedoc.ch website<\/h1><\/header><header class=\"kd-section-title col-lg-8 vc_col-sm-8 text-center  subtitle-below-title  no-padding-on-mobile \" ><p class=\"separator_off\" >Date of update: August 12, 2025<\/p><\/header>[\/vc_column][\/vc_row][vc_row full_width=&#8221;stretch_row&#8221; gap=&#8221;30&#8243; content_placement=&#8221;middle&#8221; kd_background_image_position=&#8221;vc_row-bg-position-top&#8221; css=&#8221;.vc_custom_1753104570534{padding-top: 80px !important;padding-bottom: 160px !important;}&#8221; css_tablet_landscape=&#8221;.vc_custom_1753104570534{padding-top: 80px !important;padding-bottom: 160px !important;}&#8221; css_mobile=&#8221;.vc_custom_1753104570534{padding-top: 40px !important;padding-bottom: 80px !important;}&#8221; css_tablet_portrait=&#8221;.vc_custom_1753104570534{padding-top: 40px !important;padding-bottom: 80px !important;}&#8221;][vc_column][vc_row_inner content_placement=&#8221;middle&#8221; kd_background_image_position=&#8221;vc_row-bg-position-top&#8221; css=&#8221;.vc_custom_1752761323490{padding-top: 60px !important;padding-bottom: 60px !important;background-color: #39121200 !important;border-color: #FF2F2F00 !important;}&#8221;][vc_column_inner offset=&#8221;vc_col-lg-offset-0 vc_col-lg-12 vc_col-md-offset-0 vc_col-md-12 vc_col-sm-offset-0 vc_col-xs-12&#8243; css_tablet_portrait=&#8221;.vc_custom_1754982565538{padding-top: 0px !important;padding-right: 0px !important;padding-bottom: 0px !important;padding-left: 0px !important;}&#8221; css_mobile=&#8221;.vc_custom_1754982565538{padding-top: 0px !important;padding-right: 0px !important;padding-bottom: 50px !important;padding-left: 0px !important;}&#8221; css_tablet_landscape=&#8221;.vc_custom_1754982565538{padding-bottom: 0px !important;}&#8221;]<header class=\"kd-section-title col-lg-12 text-left  subtitle-below-title   \" ><h6 class=\"separator_off\" style=\"margin-bottom:30px;\">1. Purpose of this policy<\/h6><\/header>[vc_column_text css=&#8221;&#8221;]This policy informs you about the use of cookies and other trackers when you browse the info.onedoc.ch website, published by OneDoc SA, intended for healthcare professionals.<\/p>\n<p>In this policy, we describe:<\/p>\n<ul>\n<li>What are cookies and trackers<\/li>\n<li>The purposes for which we use them.<\/li>\n<li>The means at your disposal to accept them, refuse them or configure them.<\/li>\n<\/ul>\n<p>We comply with the Federal Data Protection Act (FADP), the Data Protection Ordinance (DPO) and the General Data Protection Regulation (GDPR) where applicable.[\/vc_column_text][\/vc_column_inner][\/vc_row_inner][vc_row_inner content_placement=&#8221;middle&#8221; kd_background_image_position=&#8221;vc_row-bg-position-top&#8221; css=&#8221;.vc_custom_1752761323490{padding-top: 60px !important;padding-bottom: 60px !important;background-color: #39121200 !important;border-color: #FF2F2F00 !important;}&#8221;][vc_column_inner offset=&#8221;vc_col-lg-offset-0 vc_col-lg-12 vc_col-md-offset-0 vc_col-md-12 vc_col-sm-offset-0 vc_col-xs-12&#8243; css_tablet_portrait=&#8221;.vc_custom_1754982565538{padding-top: 0px !important;padding-right: 0px !important;padding-bottom: 0px !important;padding-left: 0px !important;}&#8221; css_mobile=&#8221;.vc_custom_1754982565538{padding-top: 0px !important;padding-right: 0px !important;padding-bottom: 50px !important;padding-left: 0px !important;}&#8221; css_tablet_landscape=&#8221;.vc_custom_1754982565538{padding-bottom: 0px !important;}&#8221;]<header class=\"kd-section-title col-lg-12 text-left  subtitle-below-title   \" ><h6 class=\"separator_off\" style=\"margin-bottom:30px;\">2. What is a cookie or a tracker?<\/h6><\/header>[vc_column_text css=&#8221;&#8221;]A cookie is a small text file that is stored and read when you visit a website, regardless of the device you are using (computer, smartphone, tablet).<\/p>\n<p>Other technologies can perform similar functions, such as pixels, tags, or local storage (Local Storage \/ Session Storage).[\/vc_column_text][\/vc_column_inner][\/vc_row_inner][vc_row_inner content_placement=&#8221;middle&#8221; kd_background_image_position=&#8221;vc_row-bg-position-top&#8221; css=&#8221;.vc_custom_1752761323490{padding-top: 60px !important;padding-bottom: 60px !important;background-color: #39121200 !important;border-color: #FF2F2F00 !important;}&#8221;][vc_column_inner offset=&#8221;vc_col-lg-offset-0 vc_col-lg-12 vc_col-md-offset-0 vc_col-md-12 vc_col-sm-offset-0 vc_col-xs-12&#8243; css_tablet_portrait=&#8221;.vc_custom_1754982565538{padding-top: 0px !important;padding-right: 0px !important;padding-bottom: 0px !important;padding-left: 0px !important;}&#8221; css_mobile=&#8221;.vc_custom_1754982565538{padding-top: 0px !important;padding-right: 0px !important;padding-bottom: 50px !important;padding-left: 0px !important;}&#8221; css_tablet_landscape=&#8221;.vc_custom_1754982565538{padding-bottom: 0px !important;}&#8221;]<header class=\"kd-section-title col-lg-12 text-left  subtitle-below-title   \" ><h6 class=\"separator_off\" style=\"margin-bottom:30px;\">3. What types of cookies do we use?<\/h6><\/header>[vc_column_text css=&#8221;&#8221;]We use different types of cookies and trackers:<\/p>\n<p>&nbsp;<\/p>\n<table>\n<tbody>\n<tr>\n<th>Category<\/th>\n<th>Description<\/th>\n<th>Example of services used<\/th>\n<\/tr>\n<tr>\n<td>Cookies strictly necessary<\/td>\n<td>Essential for the functioning of the website or to the provision of a service that you have requested.<\/td>\n<td>Management of language preferences of, management of consent.<\/td>\n<\/tr>\n<tr>\n<td>Analytical cookies<\/td>\n<td>Measure audience, understand user navigation in order to improve our services.<\/td>\n<td>Google Analytics, metrics internal OneDoc.<\/td>\n<\/tr>\n<tr>\n<td>Marketing\/advertising cookies<\/td>\n<td>Personalize the advertising content and measure the effectiveness of our campaigns.<\/td>\n<td>Google Ads, Meta Ads, LinkedIn Ads, HubSpot.<\/td>\n<\/tr>\n<\/tbody>\n<\/table>\n<p>[\/vc_column_text][\/vc_column_inner][\/vc_row_inner][vc_row_inner content_placement=&#8221;middle&#8221; kd_background_image_position=&#8221;vc_row-bg-position-top&#8221; css=&#8221;.vc_custom_1752761323490{padding-top: 60px !important;padding-bottom: 60px !important;background-color: #39121200 !important;border-color: #FF2F2F00 !important;}&#8221;][vc_column_inner offset=&#8221;vc_col-lg-offset-0 vc_col-lg-12 vc_col-md-offset-0 vc_col-md-12 vc_col-sm-offset-0 vc_col-xs-12&#8243; css_tablet_portrait=&#8221;.vc_custom_1754982565538{padding-top: 0px !important;padding-right: 0px !important;padding-bottom: 0px !important;padding-left: 0px !important;}&#8221; css_mobile=&#8221;.vc_custom_1754982565538{padding-top: 0px !important;padding-right: 0px !important;padding-bottom: 50px !important;padding-left: 0px !important;}&#8221; css_tablet_landscape=&#8221;.vc_custom_1754982565538{padding-bottom: 0px !important;}&#8221;]<header class=\"kd-section-title col-lg-12 text-left  subtitle-below-title   \" ><h6 class=\"separator_off\" style=\"margin-bottom:30px;\">4. List of cookies and trackers used<\/h6><\/header>[vc_column_text css=&#8221;&#8221;]We use different types of cookies and trackers:<\/p>\n<table>\n<thead>\n<tr>\n<th>Name of the cookie and partner<\/th>\n<th>Purpose<\/th>\n<th>Duration of storage<\/th>\n<\/tr>\n<\/thead>\n<tbody>\n<tr>\n<td>_ga_# (Google Analytics)<\/td>\n<td>Statistics<\/td>\n<td>13 months<\/td>\n<\/tr>\n<tr>\n<td>_ga (Google Analytics)<\/td>\n<td>Statistics<\/td>\n<td>13 months<\/td>\n<\/tr>\n<tr>\n<td>FPID (OneDoc Metrics)<\/td>\n<td>Statistics<\/td>\n<td>24 months<\/td>\n<\/tr>\n<tr>\n<td>FPLC (OneDoc Metrics)<\/td>\n<td>Statistics<\/td>\n<td>1 day<\/td>\n<\/tr>\n<tr>\n<td>FPAU (OneDoc Metrics)<\/td>\n<td>Statistics<\/td>\n<td>3 months<\/td>\n<\/tr>\n<tr>\n<td>euconsent (Didomi)<\/td>\n<td>Management of consent<\/td>\n<td>13 months<\/td>\n<\/tr>\n<tr>\n<td>didomi_dcs (Didomi)<\/td>\n<td>Management of consent<\/td>\n<td>13 months<\/td>\n<\/tr>\n<tr>\n<td>forms-eu1.hsforms.com_\/embed\/v3\/coun (HubSpot)<\/td>\n<td>Forms<\/td>\n<td>Session \/ unknown<\/td>\n<\/tr>\n<tr>\n<td>__cf_bm (HubSpot)<\/td>\n<td>Security<\/td>\n<td>0 days<\/td>\n<\/tr>\n<tr>\n<td>_cfuvid (HubSpot)<\/td>\n<td>Security<\/td>\n<td>Session \/ unknown<\/td>\n<\/tr>\n<tr>\n<td>wp-wpml_current_language (OneDocINFO)<\/td>\n<td>Preferences for language<\/td>\n<td>Session \/ unknown<\/td>\n<\/tr>\n<tr>\n<td>didomi_dcs (OneDocINFO)<\/td>\n<td>Management of consent<\/td>\n<td>Session \/ unknown<\/td>\n<\/tr>\n<tr>\n<td>euconsent (OneDocINFO)<\/td>\n<td>Management of consent<\/td>\n<td>Session \/ unknown<\/td>\n<\/tr>\n<\/tbody>\n<\/table>\n<p>[\/vc_column_text][\/vc_column_inner][\/vc_row_inner][vc_row_inner content_placement=&#8221;middle&#8221; kd_background_image_position=&#8221;vc_row-bg-position-top&#8221; css=&#8221;.vc_custom_1752761323490{padding-top: 60px !important;padding-bottom: 60px !important;background-color: #39121200 !important;border-color: #FF2F2F00 !important;}&#8221;][vc_column_inner offset=&#8221;vc_col-lg-offset-0 vc_col-lg-12 vc_col-md-offset-0 vc_col-md-12 vc_col-sm-offset-0 vc_col-xs-12&#8243; css_tablet_portrait=&#8221;.vc_custom_1754982565538{padding-top: 0px !important;padding-right: 0px !important;padding-bottom: 0px !important;padding-left: 0px !important;}&#8221; css_mobile=&#8221;.vc_custom_1754982565538{padding-top: 0px !important;padding-right: 0px !important;padding-bottom: 50px !important;padding-left: 0px !important;}&#8221; css_tablet_landscape=&#8221;.vc_custom_1754982565538{padding-bottom: 0px !important;}&#8221;]<header class=\"kd-section-title col-lg-12 text-left  subtitle-below-title   \" ><h6 class=\"separator_off\" style=\"margin-bottom:30px;\">5. Advertising and analytics partners<\/h6><\/header>[vc_column_text css=&#8221;&#8221;]Even if some partners do not place cookies on your browser (e.g., server-side configuration), data processing may still take place.<\/p>\n<p>We work with:<\/p>\n<ul>\n<li>Google Analytics (audience measurement)<\/li>\n<li>Google Ads (advertising and remarketing)<\/li>\n<li>Meta Ads (Facebook, Instagram) (advertising and remarketing)<\/li>\n<li>LinkedIn Ads (B2B advertising)<\/li>\n<\/ul>\n<p>[\/vc_column_text][\/vc_column_inner][\/vc_row_inner][vc_row_inner content_placement=&#8221;middle&#8221; kd_background_image_position=&#8221;vc_row-bg-position-top&#8221; css=&#8221;.vc_custom_1752761323490{padding-top: 60px !important;padding-bottom: 60px !important;background-color: #39121200 !important;border-color: #FF2F2F00 !important;}&#8221;][vc_column_inner offset=&#8221;vc_col-lg-offset-0 vc_col-lg-12 vc_col-md-offset-0 vc_col-md-12 vc_col-sm-offset-0 vc_col-xs-12&#8243; css_tablet_portrait=&#8221;.vc_custom_1754982565538{padding-top: 0px !important;padding-right: 0px !important;padding-bottom: 0px !important;padding-left: 0px !important;}&#8221; css_mobile=&#8221;.vc_custom_1754982565538{padding-top: 0px !important;padding-right: 0px !important;padding-bottom: 50px !important;padding-left: 0px !important;}&#8221; css_tablet_landscape=&#8221;.vc_custom_1754982565538{padding-bottom: 0px !important;}&#8221;]<header class=\"kd-section-title col-lg-12 text-left  subtitle-below-title   \" ><h6 class=\"separator_off\" style=\"margin-bottom:30px;\">6. Managing your preferences<\/h6><\/header>[vc_column_text css=&#8221;&#8221;]You can manage your preferences at any time via our cookie banner or by clicking on &#8220;Cookie settings&#8221; at the bottom of the page. You can also:<\/p>\n<ul>\n<li>Configure your browser to block or delete cookies.<\/li>\n<li>Withdraw your consent via our Didomi tool.<\/li>\n<\/ul>\n<p>[\/vc_column_text][\/vc_column_inner][\/vc_row_inner][vc_row_inner content_placement=&#8221;middle&#8221; kd_background_image_position=&#8221;vc_row-bg-position-top&#8221; css=&#8221;.vc_custom_1752761323490{padding-top: 60px !important;padding-bottom: 60px !important;background-color: #39121200 !important;border-color: #FF2F2F00 !important;}&#8221;][vc_column_inner offset=&#8221;vc_col-lg-offset-0 vc_col-lg-12 vc_col-md-offset-0 vc_col-md-12 vc_col-sm-offset-0 vc_col-xs-12&#8243; css_tablet_portrait=&#8221;.vc_custom_1754982565538{padding-top: 0px !important;padding-right: 0px !important;padding-bottom: 0px !important;padding-left: 0px !important;}&#8221; css_mobile=&#8221;.vc_custom_1754982565538{padding-top: 0px !important;padding-right: 0px !important;padding-bottom: 50px !important;padding-left: 0px !important;}&#8221; css_tablet_landscape=&#8221;.vc_custom_1754982565538{padding-bottom: 0px !important;}&#8221;]<header class=\"kd-section-title col-lg-12 text-left  subtitle-below-title   \" ><h6 class=\"separator_off\" style=\"margin-bottom:30px;\">7. Updates<\/h6><\/header>[vc_column_text css=&#8221;&#8221;]This policy may be amended to reflect legal, technical, or organizational changes. We encourage you to review it regularly.[\/vc_column_text][\/vc_column_inner][\/vc_row_inner][\/vc_column][\/vc_row]<\/p>\n<\/div>","protected":false},"excerpt":{"rendered":"<p>[vc_row gap=&#8221;30&#8243; kd_background_image_position=&#8221;vc_row-bg-position-top&#8221; css=&#8221;.vc_custom_1753103330024{padding-top: 100px !important;}&#8221; css_tablet_portrait=&#8221;.vc_custom_1753103330024{padding-top: 0px !important;padding-right: 0px !important;padding-left: 0px [&hellip;]<\/p>\n","protected":false},"author":1,"featured_media":0,"parent":0,"menu_order":0,"comment_status":"closed","ping_status":"closed","template":"","meta":{"footnotes":""},"class_list":["post-22955","page","type-page","status-publish","hentry"],"yoast_head":"<!-- This site is optimized with the Yoast SEO Premium plugin v27.2 (Yoast SEO v27.4) - https:\/\/yoast.com\/product\/yoast-seo-premium-wordpress\/ -->\n<title>Cookie policy - OneDoc Pro<\/title>\n<meta name=\"description\" content=\"Learn about OneDoc Pro&#039;s cookie management policy and how it affects your user experience.\" \/>\n<meta name=\"robots\" content=\"noindex, nofollow\" \/>\n<meta property=\"og:locale\" content=\"en_US\" \/>\n<meta property=\"og:type\" content=\"article\" \/>\n<meta property=\"og:title\" content=\"Cookie policy - OneDoc Pro\" \/>\n<meta property=\"og:description\" content=\"Learn about OneDoc Pro&#039;s cookie management policy and how it affects your user experience.\" \/>\n<meta property=\"og:url\" content=\"https:\/\/info.onedoc.ch\/en\/cookie-policy\/\" \/>\n<meta property=\"og:site_name\" content=\"OneDoc Pro\" \/>\n<meta property=\"article:publisher\" content=\"https:\/\/www.facebook.com\/onedoc.ch\/\" \/>\n<meta property=\"article:modified_time\" content=\"2025-08-25T09:48:26+00:00\" \/>\n<meta name=\"twitter:card\" content=\"summary_large_image\" \/>\n<meta name=\"twitter:title\" content=\"Cookie policy - OneDoc Pro\" \/>\n<meta name=\"twitter:description\" content=\"Learn about OneDoc Pro&#039;s cookie management policy and how it affects your user experience.\" \/>\n<meta name=\"twitter:site\" content=\"@onedoc_ch\" \/>\n<meta name=\"twitter:label1\" content=\"Est. reading time\" \/>\n\t<meta name=\"twitter:data1\" content=\"5 minutes\" \/>\n<script type=\"application\/ld+json\" class=\"yoast-schema-graph\">{\"@context\":\"https:\\\/\\\/schema.org\",\"@graph\":[{\"@type\":\"WebPage\",\"@id\":\"https:\\\/\\\/info.onedoc.ch\\\/en\\\/cookie-policy\\\/\",\"url\":\"https:\\\/\\\/info.onedoc.ch\\\/en\\\/cookie-policy\\\/\",\"name\":\"Cookie policy - OneDoc Pro\",\"isPartOf\":{\"@id\":\"https:\\\/\\\/info.onedoc.ch\\\/en\\\/#website\"},\"datePublished\":\"2025-08-12T05:06:41+00:00\",\"dateModified\":\"2025-08-25T09:48:26+00:00\",\"description\":\"Learn about OneDoc Pro's cookie management policy and how it affects your user experience.\",\"inLanguage\":\"en-US\",\"potentialAction\":[{\"@type\":\"ReadAction\",\"target\":[\"https:\\\/\\\/info.onedoc.ch\\\/en\\\/cookie-policy\\\/\"]}]},{\"@type\":\"WebSite\",\"@id\":\"https:\\\/\\\/info.onedoc.ch\\\/en\\\/#website\",\"url\":\"https:\\\/\\\/info.onedoc.ch\\\/en\\\/\",\"name\":\"OneDoc Pro - Moins d\u2019administratif, plus de temps pour vos patients\",\"description\":\"L&#039;alli\u00e9 des professionnels de sant\u00e9 suisses au quotidien\",\"publisher\":{\"@id\":\"https:\\\/\\\/info.onedoc.ch\\\/en\\\/#organization\"},\"alternateName\":\"OneDoc Pro\",\"potentialAction\":[{\"@type\":\"SearchAction\",\"target\":{\"@type\":\"EntryPoint\",\"urlTemplate\":\"https:\\\/\\\/info.onedoc.ch\\\/en\\\/?s={search_term_string}\"},\"query-input\":{\"@type\":\"PropertyValueSpecification\",\"valueRequired\":true,\"valueName\":\"search_term_string\"}}],\"inLanguage\":\"en-US\"},{\"@type\":\"Organization\",\"@id\":\"https:\\\/\\\/info.onedoc.ch\\\/en\\\/#organization\",\"name\":\"OneDoc\",\"alternateName\":\"OneDoc.ch\",\"url\":\"https:\\\/\\\/info.onedoc.ch\\\/en\\\/\",\"logo\":{\"@type\":\"ImageObject\",\"inLanguage\":\"en-US\",\"@id\":\"https:\\\/\\\/info.onedoc.ch\\\/en\\\/#\\\/schema\\\/logo\\\/image\\\/\",\"url\":\"https:\\\/\\\/info.onedoc.ch\\\/wp-content\\\/uploads\\\/2025\\\/06\\\/doki-logo.png\",\"contentUrl\":\"https:\\\/\\\/info.onedoc.ch\\\/wp-content\\\/uploads\\\/2025\\\/06\\\/doki-logo.png\",\"width\":2134,\"height\":2134,\"caption\":\"OneDoc\"},\"image\":{\"@id\":\"https:\\\/\\\/info.onedoc.ch\\\/en\\\/#\\\/schema\\\/logo\\\/image\\\/\"},\"sameAs\":[\"https:\\\/\\\/www.facebook.com\\\/onedoc.ch\\\/\",\"https:\\\/\\\/x.com\\\/onedoc_ch\",\"https:\\\/\\\/www.instagram.com\\\/onedoc.ch\\\/\",\"https:\\\/\\\/www.linkedin.com\\\/company\\\/onedoc.ch\\\/\",\"https:\\\/\\\/www.youtube.com\\\/channel\\\/UCWnlE63em_m8ZioBA5n8Z6w\"],\"description\":\"OneDoc est la plateforme leader en Suisse pour la r\u00e9servation de rendez-vous m\u00e9dicaux. Les patients peuvent rechercher des milliers de professionnels de la sant\u00e9 suisses (m\u00e9decins, dentistes et th\u00e9rapeutes) et r\u00e9server un rendez-vous sur place ou une consultation vid\u00e9o en quelques clics, 24 heures sur 24.\",\"legalName\":\"OneDoc SA\",\"foundingDate\":\"2016-12-31\",\"numberOfEmployees\":{\"@type\":\"QuantitativeValue\",\"minValue\":\"51\",\"maxValue\":\"200\"}}]}<\/script>\n<!-- \/ Yoast SEO Premium plugin. -->","yoast_head_json":{"title":"Cookie policy - OneDoc Pro","description":"Learn about OneDoc Pro's cookie management policy and how it affects your user experience.","robots":{"index":"noindex","follow":"nofollow"},"og_locale":"en_US","og_type":"article","og_title":"Cookie policy - OneDoc Pro","og_description":"Learn about OneDoc Pro's cookie management policy and how it affects your user experience.","og_url":"https:\/\/info.onedoc.ch\/en\/cookie-policy\/","og_site_name":"OneDoc Pro","article_publisher":"https:\/\/www.facebook.com\/onedoc.ch\/","article_modified_time":"2025-08-25T09:48:26+00:00","twitter_card":"summary_large_image","twitter_title":"Cookie policy - OneDoc Pro","twitter_description":"Learn about OneDoc Pro's cookie management policy and how it affects your user experience.","twitter_site":"@onedoc_ch","twitter_misc":{"Est. reading time":"5 minutes"},"schema":{"@context":"https:\/\/schema.org","@graph":[{"@type":"WebPage","@id":"https:\/\/info.onedoc.ch\/en\/cookie-policy\/","url":"https:\/\/info.onedoc.ch\/en\/cookie-policy\/","name":"Cookie policy - OneDoc Pro","isPartOf":{"@id":"https:\/\/info.onedoc.ch\/en\/#website"},"datePublished":"2025-08-12T05:06:41+00:00","dateModified":"2025-08-25T09:48:26+00:00","description":"Learn about OneDoc Pro's cookie management policy and how it affects your user experience.","inLanguage":"en-US","potentialAction":[{"@type":"ReadAction","target":["https:\/\/info.onedoc.ch\/en\/cookie-policy\/"]}]},{"@type":"WebSite","@id":"https:\/\/info.onedoc.ch\/en\/#website","url":"https:\/\/info.onedoc.ch\/en\/","name":"OneDoc Pro - Moins d\u2019administratif, plus de temps pour vos patients","description":"L&#039;alli\u00e9 des professionnels de sant\u00e9 suisses au quotidien","publisher":{"@id":"https:\/\/info.onedoc.ch\/en\/#organization"},"alternateName":"OneDoc Pro","potentialAction":[{"@type":"SearchAction","target":{"@type":"EntryPoint","urlTemplate":"https:\/\/info.onedoc.ch\/en\/?s={search_term_string}"},"query-input":{"@type":"PropertyValueSpecification","valueRequired":true,"valueName":"search_term_string"}}],"inLanguage":"en-US"},{"@type":"Organization","@id":"https:\/\/info.onedoc.ch\/en\/#organization","name":"OneDoc","alternateName":"OneDoc.ch","url":"https:\/\/info.onedoc.ch\/en\/","logo":{"@type":"ImageObject","inLanguage":"en-US","@id":"https:\/\/info.onedoc.ch\/en\/#\/schema\/logo\/image\/","url":"https:\/\/info.onedoc.ch\/wp-content\/uploads\/2025\/06\/doki-logo.png","contentUrl":"https:\/\/info.onedoc.ch\/wp-content\/uploads\/2025\/06\/doki-logo.png","width":2134,"height":2134,"caption":"OneDoc"},"image":{"@id":"https:\/\/info.onedoc.ch\/en\/#\/schema\/logo\/image\/"},"sameAs":["https:\/\/www.facebook.com\/onedoc.ch\/","https:\/\/x.com\/onedoc_ch","https:\/\/www.instagram.com\/onedoc.ch\/","https:\/\/www.linkedin.com\/company\/onedoc.ch\/","https:\/\/www.youtube.com\/channel\/UCWnlE63em_m8ZioBA5n8Z6w"],"description":"OneDoc est la plateforme leader en Suisse pour la r\u00e9servation de rendez-vous m\u00e9dicaux. Les patients peuvent rechercher des milliers de professionnels de la sant\u00e9 suisses (m\u00e9decins, dentistes et th\u00e9rapeutes) et r\u00e9server un rendez-vous sur place ou une consultation vid\u00e9o en quelques clics, 24 heures sur 24.","legalName":"OneDoc SA","foundingDate":"2016-12-31","numberOfEmployees":{"@type":"QuantitativeValue","minValue":"51","maxValue":"200"}}]}},"_links":{"self":[{"href":"https:\/\/info.onedoc.ch\/en\/wp-json\/wp\/v2\/pages\/22955","targetHints":{"allow":["GET"]}}],"collection":[{"href":"https:\/\/info.onedoc.ch\/en\/wp-json\/wp\/v2\/pages"}],"about":[{"href":"https:\/\/info.onedoc.ch\/en\/wp-json\/wp\/v2\/types\/page"}],"author":[{"embeddable":true,"href":"https:\/\/info.onedoc.ch\/en\/wp-json\/wp\/v2\/users\/1"}],"replies":[{"embeddable":true,"href":"https:\/\/info.onedoc.ch\/en\/wp-json\/wp\/v2\/comments?post=22955"}],"version-history":[{"count":4,"href":"https:\/\/info.onedoc.ch\/en\/wp-json\/wp\/v2\/pages\/22955\/revisions"}],"predecessor-version":[{"id":22981,"href":"https:\/\/info.onedoc.ch\/en\/wp-json\/wp\/v2\/pages\/22955\/revisions\/22981"}],"wp:attachment":[{"href":"https:\/\/info.onedoc.ch\/en\/wp-json\/wp\/v2\/media?parent=22955"}],"curies":[{"name":"wp","href":"https:\/\/api.w.org\/{rel}","templated":true}]}}