{"id":35460,"date":"2026-01-22T11:53:20","date_gmt":"2026-01-22T09:53:20","guid":{"rendered":"https:\/\/info.onedoc.ch\/?page_id=35460"},"modified":"2026-01-29T15:12:36","modified_gmt":"2026-01-29T13:12:36","slug":"beratung-vereinbaren","status":"publish","type":"page","link":"https:\/\/info.onedoc.ch\/de\/beratung-vereinbaren\/","title":{"rendered":"Beratung vereinbaren"},"content":{"rendered":"<div class=\"wpb-content-wrapper\"><p>[vc_row kd_background_image_position=&#8221;vc_row-bg-position-top&#8221; css=&#8221;.vc_custom_1756159653871{padding-top: 15px !important;padding-right: 8px !important;padding-bottom: 15px !important;padding-left: 8px !important;background-color: #FFFFFF !important;}&#8221;][vc_column][vc_single_image image=&#8221;12003&#8243; img_size=&#8221;110&#215;21.69&#8243; onclick=&#8221;custom_link&#8221; img_link_target=&#8221;_blank&#8221; css=&#8221;.vc_custom_1756159505294{padding-top: 20px !important;padding-bottom: 20px !important;}&#8221; link=&#8221;https:\/\/info.onedoc.ch\/de\/&#8221;][vc_separator css=&#8221;&#8221;][\/vc_column][\/vc_row][vc_row gap=&#8221;35&#8243; equal_height=&#8221;yes&#8221; content_placement=&#8221;top&#8221; kd_background_image_position=&#8221;vc_row-bg-position-top&#8221; css=&#8221;.vc_custom_1766078331874{padding-top: 20px !important;padding-bottom: 80px !important;}&#8221; css_tablet_portrait=&#8221;.vc_custom_1766078331874{padding-top: 20px !important;padding-right: 0px !important;padding-bottom: 60px !important;padding-left: 0px !important;}&#8221; css_mobile=&#8221;.vc_custom_1766078331874{padding-top: 60px !important;padding-right: 0px !important;padding-bottom: 60px !important;padding-left: 0px !important;}&#8221;][vc_column width=&#8221;1\/2&#8243; css_tablet_landscape=&#8221;.vc_custom_1768902312335{padding-left: 0px !important;}&#8221; css_tablet_portrait=&#8221;.vc_custom_1768902312335{padding-left: 0px !important;}&#8221; el_class=&#8221;form-shadow&#8221;][vc_raw_html css=&#8221;&#8221;]JTNDc2NyaXB0JTIwc3JjJTNEJTIyaHR0cHMlM0ElMkYlMkZqcy1ldTEuaHNmb3Jtcy5uZXQlMkZmb3JtcyUyRmVtYmVkJTJGNDY2MzI2MS5qcyUyMiUyMGRlZmVyJTNFJTNDJTJGc2NyaXB0JTNFJTBBJTNDZGl2JTIwY2xhc3MlM0QlMjJocy1mb3JtLWZyYW1lJTIyJTIwZGF0YS1yZWdpb24lM0QlMjJldTElMjIlMjBkYXRhLWZvcm0taWQlM0QlMjJhM2NkYjJmMy0zYjYzLTRiNDMtODI0YS05M2FmMzkxNzI1ZTMlMjIlMjBkYXRhLXBvcnRhbC1pZCUzRCUyMjQ2NjMyNjElMjIlM0UlM0MlMkZkaXYlM0U=[\/vc_raw_html][\/vc_column][vc_column width=&#8221;1\/2&#8243; css_tablet_portrait=&#8221;.vc_custom_1768902308208{padding-top: 0px !important;padding-right: 0px !important;padding-left: 0px !important;}&#8221; css_mobile=&#8221;.vc_custom_1768902308208{padding-top: 0px !important;padding-right: 0px !important;padding-left: 0px !important;}&#8221;][vc_column_text css=&#8221;.vc_custom_1769692352909{padding-top: 30px !important;}&#8221;]<\/p>\n<h1><strong>Vereinbaren Sie eine unverbindliche Beratung\u00a0<\/strong><\/h1>\n<p>\ud83d\udc49 Nach Auswahl eines passenden Termins, wird einer unserer Berater Sie zum gew\u00e4hlten Zeitpunkt <strong>telefonisch kontaktieren<\/strong>.[\/vc_column_text][vc_row_inner gap=&#8221;20&#8243; kd_background_image_position=&#8221;vc_row-bg-position-top&#8221;][vc_column_inner width=&#8221;1\/2&#8243;][vc_single_image image=&#8221;26157&#8243; css=&#8221;&#8221;][\/vc_column_inner][vc_column_inner width=&#8221;1\/2&#8243;][vc_single_image image=&#8221;26161&#8243; css=&#8221;&#8221;][\/vc_column_inner][\/vc_row_inner][\/vc_column][\/vc_row][vc_row kd_background_image_position=&#8221;vc_row-bg-position-top&#8221;][vc_column]<header class=\"kd-section-title col-lg-12 text-center  subtitle-below-title   \" ><h4 class=\"separator_off\" >Bereits <span style=\"color:#1D9585;\">13.000 Gesundheitsfachpersonen<\/span> in der Schweiz nutzen OneDoc t\u00e4glich. Warum nicht auch Sie?<\/h4><\/header><div class=\"slider clients no-effect kd-client-69d62d1c03d92  \"><div class=\"clients-content \" ><img loading=\"lazy\" decoding=\"async\" width=\"1024\" height=\"1024\" src=\"https:\/\/info.onedoc.ch\/wp-content\/uploads\/2025\/07\/zuger-kantonsspital-logo.webp\" class=\"attachment-full\" alt=\"\" title=\"zuger-kantonsspital-logo\" srcset=\"https:\/\/info.onedoc.ch\/wp-content\/uploads\/2025\/07\/zuger-kantonsspital-logo.webp 1024w, https:\/\/info.onedoc.ch\/wp-content\/uploads\/2025\/07\/zuger-kantonsspital-logo-300x300.webp 300w, https:\/\/info.onedoc.ch\/wp-content\/uploads\/2025\/07\/zuger-kantonsspital-logo-150x150.webp 150w, https:\/\/info.onedoc.ch\/wp-content\/uploads\/2025\/07\/zuger-kantonsspital-logo-768x768.webp 768w, https:\/\/info.onedoc.ch\/wp-content\/uploads\/2025\/07\/zuger-kantonsspital-logo-320x320.webp 320w\" sizes=\"auto, (max-width: 1024px) 100vw, 1024px\" \/><\/div><div class=\"clients-content \" ><img loading=\"lazy\" decoding=\"async\" width=\"1024\" height=\"1024\" src=\"https:\/\/info.onedoc.ch\/wp-content\/uploads\/2025\/08\/Logo-Coop-Vitality.png\" class=\"attachment-full\" alt=\"\" title=\"Logo-Coop-Vitality\" srcset=\"https:\/\/info.onedoc.ch\/wp-content\/uploads\/2025\/08\/Logo-Coop-Vitality.png 1024w, https:\/\/info.onedoc.ch\/wp-content\/uploads\/2025\/08\/Logo-Coop-Vitality-300x300.png 300w, https:\/\/info.onedoc.ch\/wp-content\/uploads\/2025\/08\/Logo-Coop-Vitality-150x150.png 150w, https:\/\/info.onedoc.ch\/wp-content\/uploads\/2025\/08\/Logo-Coop-Vitality-768x768.png 768w, https:\/\/info.onedoc.ch\/wp-content\/uploads\/2025\/08\/Logo-Coop-Vitality-320x320.png 320w\" sizes=\"auto, (max-width: 1024px) 100vw, 1024px\" \/><\/div><div class=\"clients-content \" ><img loading=\"lazy\" decoding=\"async\" width=\"1024\" height=\"1024\" src=\"https:\/\/info.onedoc.ch\/wp-content\/uploads\/2025\/08\/Logo-Medbase.webp\" class=\"attachment-full\" alt=\"\" title=\"Logo-Medbase\" srcset=\"https:\/\/info.onedoc.ch\/wp-content\/uploads\/2025\/08\/Logo-Medbase.webp 1024w, https:\/\/info.onedoc.ch\/wp-content\/uploads\/2025\/08\/Logo-Medbase-300x300.webp 300w, https:\/\/info.onedoc.ch\/wp-content\/uploads\/2025\/08\/Logo-Medbase-150x150.webp 150w, https:\/\/info.onedoc.ch\/wp-content\/uploads\/2025\/08\/Logo-Medbase-768x768.webp 768w, https:\/\/info.onedoc.ch\/wp-content\/uploads\/2025\/08\/Logo-Medbase-320x320.webp 320w\" sizes=\"auto, (max-width: 1024px) 100vw, 1024px\" \/><\/div><div class=\"clients-content \" ><img loading=\"lazy\" decoding=\"async\" width=\"1024\" height=\"1024\" src=\"https:\/\/info.onedoc.ch\/wp-content\/uploads\/2025\/07\/ZurRose-Logo.png\" class=\"attachment-full\" alt=\"\" title=\"ZurRose-Logo\" srcset=\"https:\/\/info.onedoc.ch\/wp-content\/uploads\/2025\/07\/ZurRose-Logo.png 1024w, https:\/\/info.onedoc.ch\/wp-content\/uploads\/2025\/07\/ZurRose-Logo-300x300.png 300w, https:\/\/info.onedoc.ch\/wp-content\/uploads\/2025\/07\/ZurRose-Logo-150x150.png 150w, https:\/\/info.onedoc.ch\/wp-content\/uploads\/2025\/07\/ZurRose-Logo-768x768.png 768w, https:\/\/info.onedoc.ch\/wp-content\/uploads\/2025\/07\/ZurRose-Logo-320x320.png 320w\" sizes=\"auto, (max-width: 1024px) 100vw, 1024px\" \/><\/div><div class=\"clients-content \" ><img loading=\"lazy\" decoding=\"async\" width=\"1024\" height=\"1024\" src=\"https:\/\/info.onedoc.ch\/wp-content\/uploads\/2025\/08\/ono-oplus.png\" class=\"attachment-full\" alt=\"\" title=\"ono-oplus\" srcset=\"https:\/\/info.onedoc.ch\/wp-content\/uploads\/2025\/08\/ono-oplus.png 1024w, https:\/\/info.onedoc.ch\/wp-content\/uploads\/2025\/08\/ono-oplus-300x300.png 300w, https:\/\/info.onedoc.ch\/wp-content\/uploads\/2025\/08\/ono-oplus-150x150.png 150w, https:\/\/info.onedoc.ch\/wp-content\/uploads\/2025\/08\/ono-oplus-768x768.png 768w, https:\/\/info.onedoc.ch\/wp-content\/uploads\/2025\/08\/ono-oplus-320x320.png 320w\" sizes=\"auto, (max-width: 1024px) 100vw, 1024px\" \/><\/div><div class=\"clients-content \" ><img loading=\"lazy\" decoding=\"async\" width=\"1024\" height=\"1024\" src=\"https:\/\/info.onedoc.ch\/wp-content\/uploads\/2025\/08\/Logo-Hirslanden.webp\" class=\"attachment-full\" alt=\"\" title=\"Logo-Hirslanden\" srcset=\"https:\/\/info.onedoc.ch\/wp-content\/uploads\/2025\/08\/Logo-Hirslanden.webp 1024w, https:\/\/info.onedoc.ch\/wp-content\/uploads\/2025\/08\/Logo-Hirslanden-300x300.webp 300w, https:\/\/info.onedoc.ch\/wp-content\/uploads\/2025\/08\/Logo-Hirslanden-150x150.webp 150w, https:\/\/info.onedoc.ch\/wp-content\/uploads\/2025\/08\/Logo-Hirslanden-768x768.webp 768w, https:\/\/info.onedoc.ch\/wp-content\/uploads\/2025\/08\/Logo-Hirslanden-320x320.webp 320w\" sizes=\"auto, (max-width: 1024px) 100vw, 1024px\" \/><\/div><\/div><script>\r\n              jQuery(document).ready(function($){\r\n                if ($(\".slider.clients.kd-client-69d62d1c03d92\").length) {\r\n                  $(\".slider.clients.kd-client-69d62d1c03d92\").owlCarousel({\r\n                    stageClass: \"owl-wrapper\",\r\n                    stageOuterClass: \"owl-wrapper-outer\",\r\n                    loadedClass: \"owl-carousel\",\r\n                    responsiveClass:true,responsive:{\r\n                      0:{\r\n                          items:2,dots: false,},\r\n                      415:{\r\n                          items:3,dots: false,},\r\n                      960:{\r\n                          items:6,dots: false,}\r\n                    },\r\n                  });\r\n                }\r\n              });\r\n            <\/script>[\/vc_column][\/vc_row]<\/p>\n<\/div>","protected":false},"excerpt":{"rendered":"<p>[vc_row kd_background_image_position=&#8221;vc_row-bg-position-top&#8221; css=&#8221;.vc_custom_1756159653871{padding-top: 15px !important;padding-right: 8px !important;padding-bottom: 15px !important;padding-left: 8px !important;background-color: #FFFFFF [&hellip;]<\/p>\n","protected":false},"author":4,"featured_media":0,"parent":0,"menu_order":0,"comment_status":"closed","ping_status":"closed","template":"","meta":{"footnotes":""},"class_list":["post-35460","page","type-page","status-publish","hentry"],"yoast_head":"<!-- This site is optimized with the Yoast SEO Premium plugin v27.2 (Yoast SEO v27.3) - https:\/\/yoast.com\/product\/yoast-seo-premium-wordpress\/ -->\n<title>OneDoc Pro: Sprechen Sie mit einem Berater um mehr zu erfahren<\/title>\n<meta name=\"description\" content=\"Sie haben Fragen zu OneDoc? Erfahren Sie wie OneDoc Pro sich an Ihre Bed\u00fcrfnisse anpasst \u2013 in einem kurzen Gespr\u00e4ch mit einem unserer Berater.\" \/>\n<meta name=\"robots\" content=\"index, nofollow, max-snippet:-1, max-image-preview:large, max-video-preview:-1\" \/>\n<link rel=\"canonical\" href=\"https:\/\/info.onedoc.ch\/de\/beratung-vereinbaren\/\" \/>\n<meta property=\"og:locale\" content=\"de_DE\" \/>\n<meta property=\"og:type\" content=\"article\" \/>\n<meta property=\"og:title\" content=\"OneDoc Pro: Sprechen Sie mit einem Berater um mehr zu erfahren\" \/>\n<meta property=\"og:description\" content=\"Sie haben Fragen zu OneDoc? Erfahren Sie wie OneDoc Pro sich an Ihre Bed\u00fcrfnisse anpasst \u2013 in einem kurzen Gespr\u00e4ch mit einem unserer Berater.\" \/>\n<meta property=\"og:url\" content=\"https:\/\/info.onedoc.ch\/de\/beratung-vereinbaren\/\" \/>\n<meta property=\"og:site_name\" content=\"OneDoc Pro\" \/>\n<meta property=\"article:publisher\" content=\"https:\/\/www.facebook.com\/onedoc.ch\/\" \/>\n<meta property=\"article:modified_time\" content=\"2026-01-29T13:12:36+00:00\" \/>\n<meta name=\"twitter:card\" content=\"summary_large_image\" \/>\n<meta name=\"twitter:title\" content=\"OneDoc Pro: Sprechen Sie mit einem Berater um mehr zu erfahren\" \/>\n<meta name=\"twitter:description\" content=\"Sie haben Fragen zu OneDoc? Erfahren Sie wie OneDoc Pro sich an Ihre Bed\u00fcrfnisse anpasst \u2013 in einem kurzen Gespr\u00e4ch mit einem unserer Berater.\" \/>\n<meta name=\"twitter:site\" content=\"@onedoc_ch\" \/>\n<meta name=\"twitter:label1\" content=\"Gesch\u00e4tzte Lesezeit\" \/>\n\t<meta name=\"twitter:data1\" content=\"2\u00a0Minute\" \/>\n<script type=\"application\/ld+json\" class=\"yoast-schema-graph\">{\"@context\":\"https:\\\/\\\/schema.org\",\"@graph\":[{\"@type\":\"WebPage\",\"@id\":\"https:\\\/\\\/info.onedoc.ch\\\/de\\\/beratung-vereinbaren\\\/\",\"url\":\"https:\\\/\\\/info.onedoc.ch\\\/de\\\/beratung-vereinbaren\\\/\",\"name\":\"OneDoc Pro: Sprechen Sie mit einem Berater um mehr zu erfahren\",\"isPartOf\":{\"@id\":\"https:\\\/\\\/info.onedoc.ch\\\/de\\\/#website\"},\"datePublished\":\"2026-01-22T09:53:20+00:00\",\"dateModified\":\"2026-01-29T13:12:36+00:00\",\"description\":\"Sie haben Fragen zu OneDoc? Erfahren Sie wie OneDoc Pro sich an Ihre Bed\u00fcrfnisse anpasst \u2013 in einem kurzen Gespr\u00e4ch mit einem unserer Berater.\",\"inLanguage\":\"de-CH\",\"potentialAction\":[{\"@type\":\"ReadAction\",\"target\":[\"https:\\\/\\\/info.onedoc.ch\\\/de\\\/beratung-vereinbaren\\\/\"]}]},{\"@type\":\"WebSite\",\"@id\":\"https:\\\/\\\/info.onedoc.ch\\\/de\\\/#website\",\"url\":\"https:\\\/\\\/info.onedoc.ch\\\/de\\\/\",\"name\":\"OneDoc Pro - Moins d\u2019administratif, plus de temps pour vos patients\",\"description\":\"L&#039;alli\u00e9 des professionnels de sant\u00e9 suisses au quotidien\",\"publisher\":{\"@id\":\"https:\\\/\\\/info.onedoc.ch\\\/de\\\/#organization\"},\"alternateName\":\"OneDoc Pro\",\"potentialAction\":[{\"@type\":\"SearchAction\",\"target\":{\"@type\":\"EntryPoint\",\"urlTemplate\":\"https:\\\/\\\/info.onedoc.ch\\\/de\\\/?s={search_term_string}\"},\"query-input\":{\"@type\":\"PropertyValueSpecification\",\"valueRequired\":true,\"valueName\":\"search_term_string\"}}],\"inLanguage\":\"de-CH\"},{\"@type\":\"Organization\",\"@id\":\"https:\\\/\\\/info.onedoc.ch\\\/de\\\/#organization\",\"name\":\"OneDoc\",\"alternateName\":\"OneDoc.ch\",\"url\":\"https:\\\/\\\/info.onedoc.ch\\\/de\\\/\",\"logo\":{\"@type\":\"ImageObject\",\"inLanguage\":\"de-CH\",\"@id\":\"https:\\\/\\\/info.onedoc.ch\\\/de\\\/#\\\/schema\\\/logo\\\/image\\\/\",\"url\":\"https:\\\/\\\/info.onedoc.ch\\\/wp-content\\\/uploads\\\/2025\\\/06\\\/doki-logo.png\",\"contentUrl\":\"https:\\\/\\\/info.onedoc.ch\\\/wp-content\\\/uploads\\\/2025\\\/06\\\/doki-logo.png\",\"width\":2134,\"height\":2134,\"caption\":\"OneDoc\"},\"image\":{\"@id\":\"https:\\\/\\\/info.onedoc.ch\\\/de\\\/#\\\/schema\\\/logo\\\/image\\\/\"},\"sameAs\":[\"https:\\\/\\\/www.facebook.com\\\/onedoc.ch\\\/\",\"https:\\\/\\\/x.com\\\/onedoc_ch\",\"https:\\\/\\\/www.instagram.com\\\/onedoc.ch\\\/\",\"https:\\\/\\\/www.linkedin.com\\\/company\\\/onedoc.ch\\\/\",\"https:\\\/\\\/www.youtube.com\\\/channel\\\/UCWnlE63em_m8ZioBA5n8Z6w\"],\"description\":\"OneDoc est la plateforme leader en Suisse pour la r\u00e9servation de rendez-vous m\u00e9dicaux. Les patients peuvent rechercher des milliers de professionnels de la sant\u00e9 suisses (m\u00e9decins, dentistes et th\u00e9rapeutes) et r\u00e9server un rendez-vous sur place ou une consultation vid\u00e9o en quelques clics, 24 heures sur 24.\",\"legalName\":\"OneDoc SA\",\"foundingDate\":\"2016-12-31\",\"numberOfEmployees\":{\"@type\":\"QuantitativeValue\",\"minValue\":\"51\",\"maxValue\":\"200\"}}]}<\/script>\n<!-- \/ Yoast SEO Premium plugin. -->","yoast_head_json":{"title":"OneDoc Pro: Sprechen Sie mit einem Berater um mehr zu erfahren","description":"Sie haben Fragen zu OneDoc? Erfahren Sie wie OneDoc Pro sich an Ihre Bed\u00fcrfnisse anpasst \u2013 in einem kurzen Gespr\u00e4ch mit einem unserer Berater.","robots":{"index":"index","follow":"nofollow","max-snippet":"max-snippet:-1","max-image-preview":"max-image-preview:large","max-video-preview":"max-video-preview:-1"},"canonical":"https:\/\/info.onedoc.ch\/de\/beratung-vereinbaren\/","og_locale":"de_DE","og_type":"article","og_title":"OneDoc Pro: Sprechen Sie mit einem Berater um mehr zu erfahren","og_description":"Sie haben Fragen zu OneDoc? Erfahren Sie wie OneDoc Pro sich an Ihre Bed\u00fcrfnisse anpasst \u2013 in einem kurzen Gespr\u00e4ch mit einem unserer Berater.","og_url":"https:\/\/info.onedoc.ch\/de\/beratung-vereinbaren\/","og_site_name":"OneDoc Pro","article_publisher":"https:\/\/www.facebook.com\/onedoc.ch\/","article_modified_time":"2026-01-29T13:12:36+00:00","twitter_card":"summary_large_image","twitter_title":"OneDoc Pro: Sprechen Sie mit einem Berater um mehr zu erfahren","twitter_description":"Sie haben Fragen zu OneDoc? Erfahren Sie wie OneDoc Pro sich an Ihre Bed\u00fcrfnisse anpasst \u2013 in einem kurzen Gespr\u00e4ch mit einem unserer Berater.","twitter_site":"@onedoc_ch","twitter_misc":{"Gesch\u00e4tzte Lesezeit":"2\u00a0Minute"},"schema":{"@context":"https:\/\/schema.org","@graph":[{"@type":"WebPage","@id":"https:\/\/info.onedoc.ch\/de\/beratung-vereinbaren\/","url":"https:\/\/info.onedoc.ch\/de\/beratung-vereinbaren\/","name":"OneDoc Pro: Sprechen Sie mit einem Berater um mehr zu erfahren","isPartOf":{"@id":"https:\/\/info.onedoc.ch\/de\/#website"},"datePublished":"2026-01-22T09:53:20+00:00","dateModified":"2026-01-29T13:12:36+00:00","description":"Sie haben Fragen zu OneDoc? Erfahren Sie wie OneDoc Pro sich an Ihre Bed\u00fcrfnisse anpasst \u2013 in einem kurzen Gespr\u00e4ch mit einem unserer Berater.","inLanguage":"de-CH","potentialAction":[{"@type":"ReadAction","target":["https:\/\/info.onedoc.ch\/de\/beratung-vereinbaren\/"]}]},{"@type":"WebSite","@id":"https:\/\/info.onedoc.ch\/de\/#website","url":"https:\/\/info.onedoc.ch\/de\/","name":"OneDoc Pro - Moins d\u2019administratif, plus de temps pour vos patients","description":"L&#039;alli\u00e9 des professionnels de sant\u00e9 suisses au quotidien","publisher":{"@id":"https:\/\/info.onedoc.ch\/de\/#organization"},"alternateName":"OneDoc Pro","potentialAction":[{"@type":"SearchAction","target":{"@type":"EntryPoint","urlTemplate":"https:\/\/info.onedoc.ch\/de\/?s={search_term_string}"},"query-input":{"@type":"PropertyValueSpecification","valueRequired":true,"valueName":"search_term_string"}}],"inLanguage":"de-CH"},{"@type":"Organization","@id":"https:\/\/info.onedoc.ch\/de\/#organization","name":"OneDoc","alternateName":"OneDoc.ch","url":"https:\/\/info.onedoc.ch\/de\/","logo":{"@type":"ImageObject","inLanguage":"de-CH","@id":"https:\/\/info.onedoc.ch\/de\/#\/schema\/logo\/image\/","url":"https:\/\/info.onedoc.ch\/wp-content\/uploads\/2025\/06\/doki-logo.png","contentUrl":"https:\/\/info.onedoc.ch\/wp-content\/uploads\/2025\/06\/doki-logo.png","width":2134,"height":2134,"caption":"OneDoc"},"image":{"@id":"https:\/\/info.onedoc.ch\/de\/#\/schema\/logo\/image\/"},"sameAs":["https:\/\/www.facebook.com\/onedoc.ch\/","https:\/\/x.com\/onedoc_ch","https:\/\/www.instagram.com\/onedoc.ch\/","https:\/\/www.linkedin.com\/company\/onedoc.ch\/","https:\/\/www.youtube.com\/channel\/UCWnlE63em_m8ZioBA5n8Z6w"],"description":"OneDoc est la plateforme leader en Suisse pour la r\u00e9servation de rendez-vous m\u00e9dicaux. Les patients peuvent rechercher des milliers de professionnels de la sant\u00e9 suisses (m\u00e9decins, dentistes et th\u00e9rapeutes) et r\u00e9server un rendez-vous sur place ou une consultation vid\u00e9o en quelques clics, 24 heures sur 24.","legalName":"OneDoc SA","foundingDate":"2016-12-31","numberOfEmployees":{"@type":"QuantitativeValue","minValue":"51","maxValue":"200"}}]}},"_links":{"self":[{"href":"https:\/\/info.onedoc.ch\/de\/wp-json\/wp\/v2\/pages\/35460","targetHints":{"allow":["GET"]}}],"collection":[{"href":"https:\/\/info.onedoc.ch\/de\/wp-json\/wp\/v2\/pages"}],"about":[{"href":"https:\/\/info.onedoc.ch\/de\/wp-json\/wp\/v2\/types\/page"}],"author":[{"embeddable":true,"href":"https:\/\/info.onedoc.ch\/de\/wp-json\/wp\/v2\/users\/4"}],"replies":[{"embeddable":true,"href":"https:\/\/info.onedoc.ch\/de\/wp-json\/wp\/v2\/comments?post=35460"}],"version-history":[{"count":4,"href":"https:\/\/info.onedoc.ch\/de\/wp-json\/wp\/v2\/pages\/35460\/revisions"}],"predecessor-version":[{"id":35848,"href":"https:\/\/info.onedoc.ch\/de\/wp-json\/wp\/v2\/pages\/35460\/revisions\/35848"}],"wp:attachment":[{"href":"https:\/\/info.onedoc.ch\/de\/wp-json\/wp\/v2\/media?parent=35460"}],"curies":[{"name":"wp","href":"https:\/\/api.w.org\/{rel}","templated":true}]}}