{"id":35074,"date":"2026-01-09T11:47:51","date_gmt":"2026-01-09T09:47:51","guid":{"rendered":"https:\/\/info.onedoc.ch\/?page_id=35074"},"modified":"2026-01-09T11:52:56","modified_gmt":"2026-01-09T09:52:56","slug":"anrufbeantworter-nachrichten-praxis-beispiele","status":"publish","type":"page","link":"https:\/\/info.onedoc.ch\/de\/anrufbeantworter-nachrichten-praxis-beispiele\/","title":{"rendered":"Template Anrufbeantworter Nachrichten"},"content":{"rendered":"<div class=\"wpb-content-wrapper\"><p>[vc_row kd_background_image_position=&#8221;vc_row-bg-position-top&#8221; css=&#8221;.vc_custom_1765288789783{padding-top: 15px !important;padding-right: 8px !important;padding-bottom: 15px !important;padding-left: 8px !important;background-color: #FFFFFF !important;}&#8221; el_id=&#8221;top-page&#8221;][vc_column][vc_single_image image=&#8221;27575&#8243; img_size=&#8221;full&#8221; onclick=&#8221;custom_link&#8221; img_link_target=&#8221;_blank&#8221; css=&#8221;.vc_custom_1757489714429{padding-top: 20px !important;padding-bottom: 20px !important;}&#8221; link=&#8221;https:\/\/info.onedoc.ch\/fr\/&#8221; el_class=&#8221;lp-logo&#8221;][vc_separator css=&#8221;&#8221;][\/vc_column][\/vc_row][vc_row kd_background_image_position=&#8221;vc_row-bg-position-top&#8221; css=&#8221;.vc_custom_1763387695541{padding-top: 50px !important;padding-bottom: 50px !important;}&#8221; css_tablet_portrait=&#8221;.vc_custom_1763387695541{padding-top: 0px !important;padding-right: 0px !important;padding-left: 0px !important;}&#8221; css_mobile=&#8221;.vc_custom_1763387695541{padding-top: 0px !important;padding-right: 0px !important;padding-bottom: 0px !important;padding-left: 0px !important;}&#8221;][vc_column width=&#8221;1\/2&#8243; kd_sticky_column=&#8221;true&#8221; css_tablet_portrait=&#8221;.vc_custom_1763387708029{padding-top: 0px !important;padding-right: 0px !important;padding-left: 0px !important;}&#8221; css_mobile=&#8221;.vc_custom_1763387708029{padding-top: 0px !important;padding-right: 0px !important;padding-left: 0px !important;}&#8221;]<header class=\"kd-section-title col-lg-12 text-left  subtitle-above-title   \" ><p class=\"subtitle\" >TEMPLATE<\/p><h1 class=\"separator_off\" >Beispiele f\u00fcr <span style=\"color:#1E9585;\">Anrufbeantworter-<br \/>\nansagen<\/span> f\u00fcr Ihre Arztpraxis<\/h1><\/header>[vc_column_text css=&#8221;&#8221;]Lassen Sie Ihre Patienten nicht l\u00e4nger im Ungewissen, wenn Sie nicht ans Telefon gehen k\u00f6nnen. Laden Sie diese gebrauchsfertigen Skripte kostenlos herunter, die zum Vorlesen und Aufzeichnen auf dem Anrufbeantworter Ihrer Arztpraxis konzipiert sind. Mit ihnen k\u00f6nnen Sie <strong>Ihren Patienten unter allen Umst\u00e4nden klare und beruhigende Informationen<\/strong> \u00fcbermitteln: bei geschlossener Praxis, Urlaub, hohem Andrang oder vor\u00fcbergehend besetzter Leitung.[\/vc_column_text][\/vc_column][vc_column width=&#8221;1\/2&#8243; css=&#8221;.vc_custom_1752666371518{padding-top: 0px !important;padding-right: 0px !important;padding-bottom: 0px !important;padding-left: 0px !important;}&#8221;][vc_raw_js el_id=&#8221;dossier-form&#8221; el_class=&#8221;form-shadow&#8221;]JTNDc2NyaXB0JTIwc3JjJTNEJTIyaHR0cHMlM0ElMkYlMkZqcy1ldTEuaHNmb3Jtcy5uZXQlMkZmb3JtcyUyRmVtYmVkJTJGNDY2MzI2MS5qcyUyMiUyMGRlZmVyJTNFJTNDJTJGc2NyaXB0JTNFJTBBJTNDZGl2JTIwY2xhc3MlM0QlMjJocy1mb3JtLWZyYW1lJTIyJTIwZGF0YS1yZWdpb24lM0QlMjJldTElMjIlMjBkYXRhLWZvcm0taWQlM0QlMjJiNTM4ZTIzNS04Mjg2LTQwNjAtYjQyOS05MmNkMmVjNmQ4MTAlMjIlMjBkYXRhLXBvcnRhbC1pZCUzRCUyMjQ2NjMyNjElMjIlM0UlM0MlMkZkaXYlM0U=[\/vc_raw_js][\/vc_column][\/vc_row][vc_row full_width=&#8221;stretch_row&#8221; gap=&#8221;10&#8243; kd_background_image_position=&#8221;vc_row-bg-position-top&#8221; css=&#8221;.vc_custom_1767797604259{padding-top: 50px !important;padding-bottom: 50px !important;background-color: #D5ECE9 !important;border-radius: 5px !important;}&#8221; css_tablet_landscape=&#8221;.vc_custom_1767797604260{padding-top: 80px !important;padding-bottom: 80px !important;}&#8221; css_tablet_portrait=&#8221;.vc_custom_1767797604260{padding-top: 50px !important;padding-bottom: 30px !important;}&#8221; css_mobile=&#8221;.vc_custom_1767797604260{padding-top: 50px !important;padding-bottom: 30px !important;}&#8221;][vc_column width=&#8221;1\/2&#8243;][vc_row_inner content_placement=&#8221;middle&#8221; kd_background_image_position=&#8221;vc_row-bg-position-top&#8221; css=&#8221;.vc_custom_1757335846106{padding-top: 50px !important;padding-bottom: 50px !important;}&#8221;][vc_column_inner css_tablet_portrait=&#8221;.vc_custom_1598622609562{padding-right: 10px !important;padding-left: 10px !important;}&#8221;][vc_single_image image=&#8221;35083&#8243; img_size=&#8221;full&#8221; alignment=&#8221;center&#8221; css=&#8221;&#8221;][\/vc_column_inner][\/vc_row_inner][\/vc_column][vc_column width=&#8221;1\/2&#8243; css=&#8221;.vc_custom_1764944739822{margin-top: 50px !important;}&#8221;]<header class=\"kd-section-title col-lg-12 text-left  subtitle-below-title   \" ><h2 class=\"separator_off\" style=\"color: #000000;margin-bottom:30px;\">Mit diesen Beispielen f\u00fcr Anrufbeantworteransagen k\u00f6nnen Sie:<\/h2><\/header>[vc_column_text css=&#8221;&#8221;]<\/p>\n<ul>\n<li><strong>Informieren Sie Ihre Patienten<\/strong> professionell, wenn die Praxis geschlossen ist.<\/li>\n<li><strong>Passen Sie Ihre Nachrichten an<\/strong> die jeweilige Situation an: Urlaub, unvorhergesehene Abwesenheiten, verk\u00fcrzte \u00d6ffnungszeiten.<\/li>\n<li><strong>Reduzieren Sie Stress<\/strong> und wiederholte Anrufe von besorgten Patienten.<\/li>\n<li><strong>Sparen Sie Zeit<\/strong> durch die Standardisierung Ihrer Sprachansagen.<\/li>\n<li>Bieten Sie Ihren Patienten auch ausserhalb der \u00d6ffnungszeiten ein r<strong>eibungsloses und beruhigendes Erlebnis.<\/strong><\/li>\n<\/ul>\n<p>[\/vc_column_text][\/vc_column][\/vc_row][vc_row kd_background_image_position=&#8221;vc_row-bg-position-top&#8221; css=&#8221;.vc_custom_1765183962546{margin-top: 80px !important;margin-bottom: 80px !important;padding-top: 50px !important;padding-bottom: 50px !important;}&#8221;][vc_column width=&#8221;1\/2&#8243;]<header class=\"kd-section-title col-lg-12 text-right  subtitle-below-title    vc_custom_1767885113479\" ><h2 class=\"separator_off\" >\ud83d\udd0e Warum ist es wichtig, Nachrichten auf Ihrem Anrufbeantworter vorab aufzuzeichnen?<\/h2><\/header>[\/vc_column][vc_column width=&#8221;1\/2&#8243;][vc_column_text css=&#8221;.vc_custom_1767885144167{margin-right: 50px !important;margin-left: 50px !important;padding-right: 20px !important;padding-left: 20px !important;}&#8221;]Eine automatische Sprachansage ist unerl\u00e4sslich, um eine <strong>gute Kommunikation mit Ihren Patienten aufrechtzuerhalten<\/strong>, auch wenn Ihre Praxis geschlossen oder das Sekretariat nicht erreichbar ist. Sie <strong>informiert Ihre Patienten \u00fcber \u00d6ffnungszeiten, vor\u00fcbergehende Abwesenheiten und das Vorgehen in Notf\u00e4llen.<\/strong><\/p>\n<p>Durch klare und angemessene Nachrichten reduzieren Sie die Frustration Ihrer Patienten,<strong> verringern wiederholte Anrufe und verbessern die professionelle Wahrnehmung<\/strong> Ihrer Praxis. Dar\u00fcber hinaus stellen standardisierte und gut formulierte Nachrichten sicher, dass alle wichtigen Informationen konsistent vermittelt werden, was das Vertrauen und die Loyalit\u00e4t Ihrer Patienten st\u00e4rkt.[\/vc_column_text][\/vc_column][\/vc_row][vc_row kd_background_image_position=&#8221;vc_row-bg-position-top&#8221;][vc_column][vc_toggle title=&#8221;Warum muss ich die angeforderten Daten angeben?&#8221; css=&#8221;&#8221; el_class=&#8221;btf-faq&#8221;]Anhand dieser Informationen k\u00f6nnen wir Ihnen das Template direkt zusenden und Ihnen auf Wunsch relevante Inhalte anbieten, die f\u00fcr Ihre Praxis von Interesse sind. Ihre Daten werden streng vertraulich behandelt und ohne Ihre Zustimmung niemals weitergegeben.[\/vc_toggle][\/vc_column][\/vc_row][vc_row kd_background_image_position=&#8221;vc_row-bg-position-top&#8221; css=&#8221;.vc_custom_1765288774228{margin-top: 80px !important;margin-bottom: 80px !important;padding-top: 50px !important;padding-bottom: 50px !important;background-color: #012E27 !important;border-radius: 5px !important;}&#8221;][vc_column][vc_row_inner kd_background_image_position=&#8221;vc_row-bg-position-top&#8221; css=&#8221;.vc_custom_1619538371141{padding-bottom: 70px !important;}&#8221; css_tablet_portrait=&#8221;.vc_custom_1619538371142{padding-bottom: 0px !important;}&#8221; css_mobile=&#8221;.vc_custom_1619538371142{padding-bottom: 0px !important;}&#8221; css_tablet_landscape=&#8221;.vc_custom_1619538371142{padding-bottom: 0px !important;}&#8221;][vc_column_inner css_tablet_portrait=&#8221;.vc_custom_1617894474157{padding-right: 15px !important;}&#8221; css_mobile=&#8221;.vc_custom_1617894474157{padding-right: 15px !important;}&#8221;]<header class=\"kd-section-title col-lg-12 text-center  subtitle-below-title    vc_custom_1767885204572\" ><h2 class=\"separator_off\" style=\"color: #FFFFFF;\">Laden Sie Ihr kostenloses Template kostenlos herunter<\/h2><\/header><a  href=\"#top-page\"  class=\"tt_button tt_primary_button btn_primary_color hover_solid_secondary button-center button-scroll-to-section btn-smooth-scroll\" ><span class=\"prim_text\">Jetzt herunterladen<\/span><\/a>[\/vc_column_inner][\/vc_row_inner][\/vc_column][\/vc_row][vc_row kd_background_image_position=&#8221;vc_row-bg-position-top&#8221;][vc_column][vc_separator css=&#8221;.vc_custom_1759742010538{padding-bottom: 50px !important;}&#8221;][vc_column_text css=&#8221;&#8221;]<\/p>\n<p class=\"vc_general wpb-copyright vc_custom_1758037594745 wpb_copyright_element wpb_copyright_element-align-center\" style=\"text-align: center;\">Copyright \u00a9 2026 OneDoc SA<\/p>\n<p>[\/vc_column_text][vc_raw_html css=&#8221;&#8221;]JTNDZGl2JTIwc3R5bGUlM0QlMjJtYXJnaW4lM0EwJTNCJTIwdGV4dC1hbGlnbiUzQWNlbnRlciUzQiUyMiUzRSUwQSUyMCUyMCUzQ3VsJTIwc3R5bGUlM0QlMjJsaXN0LXN0eWxlJTNBbm9uZSUzQiUyMHBhZGRpbmclM0EwJTNCJTIwbWFyZ2luJTNBMjBweCUyMGF1dG8lM0IlMjBkaXNwbGF5JTNBaW5saW5lLWJsb2NrJTNCJTIyJTNFJTBBJTIwJTIwJTIwJTIwJTNDbGklMjBzdHlsZSUzRCUyMmRpc3BsYXklM0FpbmxpbmUlM0IlMjBtYXJnaW4lM0EwJTIwMTVweCUzQiUyMiUzRSUwQSUyMCUyMCUyMCUyMCUyMCUyMCUzQ2ElMjBzdHlsZSUzRCUyMmNvbG9yJTNBJTIwJTIzMGYxYTFhJTNCJTIyJTIwaHJlZiUzRCUyMmh0dHBzJTNBJTJGJTJGaW5mby5vbmVkb2MuY2glMkZkZSUyRnZlcndhbHR1bmctZGVyLWNvb2tpZXMlMkYlMjIlM0VDb29raWVzJTIwUmljaHRsaW5pZW4lM0MlMkZhJTNFJTBBJTIwJTIwJTIwJTIwJTNDJTJGbGklM0UlMEElMjAlMjAlMjAlMjAlM0NsaSUyMHN0eWxlJTNEJTIyZGlzcGxheSUzQWlubGluZSUzQiUyMG1hcmdpbiUzQTAlMjAxNXB4JTNCJTIyJTNFJTBBJTIwJTIwJTIwJTIwJTIwJTIwJTNDYSUyMHN0eWxlJTNEJTIyY29sb3IlM0ElMjAlMjMwZjFhMWElM0IlMjIlMjBocmVmJTNEJTIyaHR0cHMlM0ElMkYlMkZwcml2YWN5Lm9uZWRvYy5jaCUyRmRlJTIyJTNFRGF0ZW5zY2h1dHp6ZW50cnVtJTNDJTJGYSUzRSUwQSUyMCUyMCUyMCUyMCUzQyUyRmxpJTNFJTBBJTIwJTIwJTIwJTIwJTNDbGklMjBzdHlsZSUzRCUyMmRpc3BsYXklM0FpbmxpbmUlM0IlMjBtYXJnaW4lM0EwJTIwMTVweCUzQiUyMiUzRSUwQSUyMCUyMCUyMCUyMCUyMCUyMCUzQ2ElMjBzdHlsZSUzRCUyMmNvbG9yJTNBJTIwJTIzMGYxYTFhJTNCJTIyJTIwaHJlZiUzRCUyMmphdmFzY3JpcHQlM0FEaWRvbWkucHJlZmVyZW5jZXMuc2hvdyUyOCUyOSUyMiUzRVZlcndhbHR1bmclMjBkZXIlMjBFaW53aWxsaWd1bmclM0MlMkZhJTNFJTBBJTIwJTIwJTIwJTIwJTNDJTJGbGklM0UlMEElMjAlMjAlM0MlMkZ1bCUzRSUwQSUzQyUyRmRpdiUzRQ==[\/vc_raw_html][\/vc_column][\/vc_row]<\/p>\n<\/div>","protected":false},"excerpt":{"rendered":"<p>[vc_row kd_background_image_position=&#8221;vc_row-bg-position-top&#8221; css=&#8221;.vc_custom_1765288789783{padding-top: 15px !important;padding-right: 8px !important;padding-bottom: 15px !important;padding-left: 8px !important;background-color: #FFFFFF [&hellip;]<\/p>\n","protected":false},"author":4,"featured_media":0,"parent":0,"menu_order":0,"comment_status":"closed","ping_status":"closed","template":"","meta":{"footnotes":""},"class_list":["post-35074","page","type-page","status-publish","hentry"],"yoast_head":"<!-- This site is optimized with the Yoast SEO Premium plugin v27.2 (Yoast SEO v27.3) - https:\/\/yoast.com\/product\/yoast-seo-premium-wordpress\/ -->\n<title>Beispiele f\u00fcr einen klaren Anrufbeantworter in Ihrer Praxis<\/title>\n<meta name=\"description\" content=\"Laden Sie kostenfreie Beispiele f\u00fcr Anrufbeantworteransagen herunter und stellen Sie sicher, dass Ihre Patienten zu jeder Zeit gut informiert sind.\" \/>\n<meta name=\"robots\" content=\"index, follow, max-snippet:-1, max-image-preview:large, max-video-preview:-1\" \/>\n<link rel=\"canonical\" href=\"https:\/\/info.onedoc.ch\/de\/anrufbeantworter-nachrichten-praxis-beispiele\/\" \/>\n<meta property=\"og:locale\" content=\"de_DE\" \/>\n<meta property=\"og:type\" content=\"article\" \/>\n<meta property=\"og:title\" content=\"Beispiele f\u00fcr einen klaren Anrufbeantworter in Ihrer Praxis\" \/>\n<meta property=\"og:description\" content=\"Laden Sie kostenfreie Beispiele f\u00fcr Anrufbeantworteransagen herunter und stellen Sie sicher, dass Ihre Patienten zu jeder Zeit gut informiert sind.\" \/>\n<meta property=\"og:url\" content=\"https:\/\/info.onedoc.ch\/de\/anrufbeantworter-nachrichten-praxis-beispiele\/\" \/>\n<meta property=\"og:site_name\" content=\"OneDoc Pro\" \/>\n<meta property=\"article:publisher\" content=\"https:\/\/www.facebook.com\/onedoc.ch\/\" \/>\n<meta property=\"article:modified_time\" content=\"2026-01-09T09:52:56+00:00\" \/>\n<meta name=\"twitter:card\" content=\"summary_large_image\" \/>\n<meta name=\"twitter:title\" content=\"Beispiele f\u00fcr einen klaren Anrufbeantworter in Ihrer Praxis\" \/>\n<meta name=\"twitter:description\" content=\"Laden Sie kostenfreie Beispiele f\u00fcr Anrufbeantworteransagen herunter und stellen Sie sicher, dass Ihre Patienten zu jeder Zeit gut informiert sind.\" \/>\n<meta name=\"twitter:site\" content=\"@onedoc_ch\" \/>\n<meta name=\"twitter:label1\" content=\"Gesch\u00e4tzte Lesezeit\" \/>\n\t<meta name=\"twitter:data1\" content=\"4\u00a0Minute\" \/>\n<script type=\"application\/ld+json\" class=\"yoast-schema-graph\">{\"@context\":\"https:\\\/\\\/schema.org\",\"@graph\":[{\"@type\":\"WebPage\",\"@id\":\"https:\\\/\\\/info.onedoc.ch\\\/de\\\/anrufbeantworter-nachrichten-praxis-beispiele\\\/\",\"url\":\"https:\\\/\\\/info.onedoc.ch\\\/de\\\/anrufbeantworter-nachrichten-praxis-beispiele\\\/\",\"name\":\"Beispiele f\u00fcr einen klaren Anrufbeantworter in Ihrer Praxis\",\"isPartOf\":{\"@id\":\"https:\\\/\\\/info.onedoc.ch\\\/de\\\/#website\"},\"datePublished\":\"2026-01-09T09:47:51+00:00\",\"dateModified\":\"2026-01-09T09:52:56+00:00\",\"description\":\"Laden Sie kostenfreie Beispiele f\u00fcr Anrufbeantworteransagen herunter und stellen Sie sicher, dass Ihre Patienten zu jeder Zeit gut informiert sind.\",\"inLanguage\":\"de-CH\",\"potentialAction\":[{\"@type\":\"ReadAction\",\"target\":[\"https:\\\/\\\/info.onedoc.ch\\\/de\\\/anrufbeantworter-nachrichten-praxis-beispiele\\\/\"]}]},{\"@type\":\"WebSite\",\"@id\":\"https:\\\/\\\/info.onedoc.ch\\\/de\\\/#website\",\"url\":\"https:\\\/\\\/info.onedoc.ch\\\/de\\\/\",\"name\":\"OneDoc Pro - Moins d\u2019administratif, plus de temps pour vos patients\",\"description\":\"L&#039;alli\u00e9 des professionnels de sant\u00e9 suisses au quotidien\",\"publisher\":{\"@id\":\"https:\\\/\\\/info.onedoc.ch\\\/de\\\/#organization\"},\"alternateName\":\"OneDoc Pro\",\"potentialAction\":[{\"@type\":\"SearchAction\",\"target\":{\"@type\":\"EntryPoint\",\"urlTemplate\":\"https:\\\/\\\/info.onedoc.ch\\\/de\\\/?s={search_term_string}\"},\"query-input\":{\"@type\":\"PropertyValueSpecification\",\"valueRequired\":true,\"valueName\":\"search_term_string\"}}],\"inLanguage\":\"de-CH\"},{\"@type\":\"Organization\",\"@id\":\"https:\\\/\\\/info.onedoc.ch\\\/de\\\/#organization\",\"name\":\"OneDoc\",\"alternateName\":\"OneDoc.ch\",\"url\":\"https:\\\/\\\/info.onedoc.ch\\\/de\\\/\",\"logo\":{\"@type\":\"ImageObject\",\"inLanguage\":\"de-CH\",\"@id\":\"https:\\\/\\\/info.onedoc.ch\\\/de\\\/#\\\/schema\\\/logo\\\/image\\\/\",\"url\":\"https:\\\/\\\/info.onedoc.ch\\\/wp-content\\\/uploads\\\/2025\\\/06\\\/doki-logo.png\",\"contentUrl\":\"https:\\\/\\\/info.onedoc.ch\\\/wp-content\\\/uploads\\\/2025\\\/06\\\/doki-logo.png\",\"width\":2134,\"height\":2134,\"caption\":\"OneDoc\"},\"image\":{\"@id\":\"https:\\\/\\\/info.onedoc.ch\\\/de\\\/#\\\/schema\\\/logo\\\/image\\\/\"},\"sameAs\":[\"https:\\\/\\\/www.facebook.com\\\/onedoc.ch\\\/\",\"https:\\\/\\\/x.com\\\/onedoc_ch\",\"https:\\\/\\\/www.instagram.com\\\/onedoc.ch\\\/\",\"https:\\\/\\\/www.linkedin.com\\\/company\\\/onedoc.ch\\\/\",\"https:\\\/\\\/www.youtube.com\\\/channel\\\/UCWnlE63em_m8ZioBA5n8Z6w\"],\"description\":\"OneDoc est la plateforme leader en Suisse pour la r\u00e9servation de rendez-vous m\u00e9dicaux. Les patients peuvent rechercher des milliers de professionnels de la sant\u00e9 suisses (m\u00e9decins, dentistes et th\u00e9rapeutes) et r\u00e9server un rendez-vous sur place ou une consultation vid\u00e9o en quelques clics, 24 heures sur 24.\",\"legalName\":\"OneDoc SA\",\"foundingDate\":\"2016-12-31\",\"numberOfEmployees\":{\"@type\":\"QuantitativeValue\",\"minValue\":\"51\",\"maxValue\":\"200\"}}]}<\/script>\n<!-- \/ Yoast SEO Premium plugin. -->","yoast_head_json":{"title":"Beispiele f\u00fcr einen klaren Anrufbeantworter in Ihrer Praxis","description":"Laden Sie kostenfreie Beispiele f\u00fcr Anrufbeantworteransagen herunter und stellen Sie sicher, dass Ihre Patienten zu jeder Zeit gut informiert sind.","robots":{"index":"index","follow":"follow","max-snippet":"max-snippet:-1","max-image-preview":"max-image-preview:large","max-video-preview":"max-video-preview:-1"},"canonical":"https:\/\/info.onedoc.ch\/de\/anrufbeantworter-nachrichten-praxis-beispiele\/","og_locale":"de_DE","og_type":"article","og_title":"Beispiele f\u00fcr einen klaren Anrufbeantworter in Ihrer Praxis","og_description":"Laden Sie kostenfreie Beispiele f\u00fcr Anrufbeantworteransagen herunter und stellen Sie sicher, dass Ihre Patienten zu jeder Zeit gut informiert sind.","og_url":"https:\/\/info.onedoc.ch\/de\/anrufbeantworter-nachrichten-praxis-beispiele\/","og_site_name":"OneDoc Pro","article_publisher":"https:\/\/www.facebook.com\/onedoc.ch\/","article_modified_time":"2026-01-09T09:52:56+00:00","twitter_card":"summary_large_image","twitter_title":"Beispiele f\u00fcr einen klaren Anrufbeantworter in Ihrer Praxis","twitter_description":"Laden Sie kostenfreie Beispiele f\u00fcr Anrufbeantworteransagen herunter und stellen Sie sicher, dass Ihre Patienten zu jeder Zeit gut informiert sind.","twitter_site":"@onedoc_ch","twitter_misc":{"Gesch\u00e4tzte Lesezeit":"4\u00a0Minute"},"schema":{"@context":"https:\/\/schema.org","@graph":[{"@type":"WebPage","@id":"https:\/\/info.onedoc.ch\/de\/anrufbeantworter-nachrichten-praxis-beispiele\/","url":"https:\/\/info.onedoc.ch\/de\/anrufbeantworter-nachrichten-praxis-beispiele\/","name":"Beispiele f\u00fcr einen klaren Anrufbeantworter in Ihrer Praxis","isPartOf":{"@id":"https:\/\/info.onedoc.ch\/de\/#website"},"datePublished":"2026-01-09T09:47:51+00:00","dateModified":"2026-01-09T09:52:56+00:00","description":"Laden Sie kostenfreie Beispiele f\u00fcr Anrufbeantworteransagen herunter und stellen Sie sicher, dass Ihre Patienten zu jeder Zeit gut informiert sind.","inLanguage":"de-CH","potentialAction":[{"@type":"ReadAction","target":["https:\/\/info.onedoc.ch\/de\/anrufbeantworter-nachrichten-praxis-beispiele\/"]}]},{"@type":"WebSite","@id":"https:\/\/info.onedoc.ch\/de\/#website","url":"https:\/\/info.onedoc.ch\/de\/","name":"OneDoc Pro - Moins d\u2019administratif, plus de temps pour vos patients","description":"L&#039;alli\u00e9 des professionnels de sant\u00e9 suisses au quotidien","publisher":{"@id":"https:\/\/info.onedoc.ch\/de\/#organization"},"alternateName":"OneDoc Pro","potentialAction":[{"@type":"SearchAction","target":{"@type":"EntryPoint","urlTemplate":"https:\/\/info.onedoc.ch\/de\/?s={search_term_string}"},"query-input":{"@type":"PropertyValueSpecification","valueRequired":true,"valueName":"search_term_string"}}],"inLanguage":"de-CH"},{"@type":"Organization","@id":"https:\/\/info.onedoc.ch\/de\/#organization","name":"OneDoc","alternateName":"OneDoc.ch","url":"https:\/\/info.onedoc.ch\/de\/","logo":{"@type":"ImageObject","inLanguage":"de-CH","@id":"https:\/\/info.onedoc.ch\/de\/#\/schema\/logo\/image\/","url":"https:\/\/info.onedoc.ch\/wp-content\/uploads\/2025\/06\/doki-logo.png","contentUrl":"https:\/\/info.onedoc.ch\/wp-content\/uploads\/2025\/06\/doki-logo.png","width":2134,"height":2134,"caption":"OneDoc"},"image":{"@id":"https:\/\/info.onedoc.ch\/de\/#\/schema\/logo\/image\/"},"sameAs":["https:\/\/www.facebook.com\/onedoc.ch\/","https:\/\/x.com\/onedoc_ch","https:\/\/www.instagram.com\/onedoc.ch\/","https:\/\/www.linkedin.com\/company\/onedoc.ch\/","https:\/\/www.youtube.com\/channel\/UCWnlE63em_m8ZioBA5n8Z6w"],"description":"OneDoc est la plateforme leader en Suisse pour la r\u00e9servation de rendez-vous m\u00e9dicaux. Les patients peuvent rechercher des milliers de professionnels de la sant\u00e9 suisses (m\u00e9decins, dentistes et th\u00e9rapeutes) et r\u00e9server un rendez-vous sur place ou une consultation vid\u00e9o en quelques clics, 24 heures sur 24.","legalName":"OneDoc SA","foundingDate":"2016-12-31","numberOfEmployees":{"@type":"QuantitativeValue","minValue":"51","maxValue":"200"}}]}},"_links":{"self":[{"href":"https:\/\/info.onedoc.ch\/de\/wp-json\/wp\/v2\/pages\/35074","targetHints":{"allow":["GET"]}}],"collection":[{"href":"https:\/\/info.onedoc.ch\/de\/wp-json\/wp\/v2\/pages"}],"about":[{"href":"https:\/\/info.onedoc.ch\/de\/wp-json\/wp\/v2\/types\/page"}],"author":[{"embeddable":true,"href":"https:\/\/info.onedoc.ch\/de\/wp-json\/wp\/v2\/users\/4"}],"replies":[{"embeddable":true,"href":"https:\/\/info.onedoc.ch\/de\/wp-json\/wp\/v2\/comments?post=35074"}],"version-history":[{"count":6,"href":"https:\/\/info.onedoc.ch\/de\/wp-json\/wp\/v2\/pages\/35074\/revisions"}],"predecessor-version":[{"id":35099,"href":"https:\/\/info.onedoc.ch\/de\/wp-json\/wp\/v2\/pages\/35074\/revisions\/35099"}],"wp:attachment":[{"href":"https:\/\/info.onedoc.ch\/de\/wp-json\/wp\/v2\/media?parent=35074"}],"curies":[{"name":"wp","href":"https:\/\/api.w.org\/{rel}","templated":true}]}}