{"id":32337,"date":"2025-11-17T15:43:16","date_gmt":"2025-11-17T13:43:16","guid":{"rendered":"https:\/\/info.onedoc.ch\/?page_id=32337"},"modified":"2026-01-08T17:17:03","modified_gmt":"2026-01-08T15:17:03","slug":"guide-patienten-gewinnen","status":"publish","type":"page","link":"https:\/\/info.onedoc.ch\/de\/guide-patienten-gewinnen\/","title":{"rendered":"Guide Patienten gewinnen"},"content":{"rendered":"<div class=\"wpb-content-wrapper\"><p>[vc_row kd_background_image_position=&#8221;vc_row-bg-position-top&#8221; css=&#8221;.vc_custom_1765284317293{padding-top: 15px !important;padding-right: 8px !important;padding-bottom: 15px !important;padding-left: 8px !important;background-color: #FFFFFF !important;}&#8221; el_id=&#8221;top-page&#8221;][vc_column][vc_single_image image=&#8221;27575&#8243; img_size=&#8221;full&#8221; onclick=&#8221;custom_link&#8221; img_link_target=&#8221;_blank&#8221; css=&#8221;.vc_custom_1763113303003{padding-top: 20px !important;padding-bottom: 20px !important;}&#8221; link=&#8221;https:\/\/info.onedoc.ch\/de\/&#8221; el_class=&#8221;lp-logo&#8221;][vc_separator css=&#8221;&#8221;][\/vc_column][\/vc_row][vc_row kd_background_image_position=&#8221;vc_row-bg-position-top&#8221; css=&#8221;.vc_custom_1763386830174{padding-top: 50px !important;padding-bottom: 50px !important;}&#8221; css_tablet_portrait=&#8221;.vc_custom_1763386830175{padding-top: 0px !important;padding-right: 0px !important;padding-left: 0px !important;}&#8221; css_mobile=&#8221;.vc_custom_1763386830175{padding-top: 0px !important;padding-right: 0px !important;padding-bottom: 0px !important;padding-left: 0px !important;}&#8221;][vc_column width=&#8221;1\/2&#8243; kd_sticky_column=&#8221;true&#8221; css_tablet_portrait=&#8221;.vc_custom_1763386820134{padding-top: 0px !important;padding-right: 0px !important;padding-left: 0px !important;}&#8221; css_mobile=&#8221;.vc_custom_1763386820135{padding-top: 0px !important;padding-right: 0px !important;padding-left: 0px !important;}&#8221;]<header class=\"kd-section-title col-lg-12 text-left  subtitle-above-title   \" ><p class=\"subtitle\" >LEITFADEN<\/p><h1 class=\"separator_off\" >Steigern Sie Ihre Online-Sichtbarkeit und <span style=\"color:#1E9585;\">gewinnen Sie neue Patienten<\/span><\/h1><\/header>[vc_column_text css=&#8221;&#8221;]<\/p>\n<p data-start=\"305\" data-end=\"502\">Erfahren Sie, wie Sie Ihre digitale Pr\u00e4senz verbessern und das Vertrauen der Patientinnen und Patienten st\u00e4rken \u2013 mit einer einfachen und wirkungsvollen Strategie, die speziell f\u00fcr Gesundheitsfachpersonen in der Schweiz entwickelt wurde.<\/p>\n<p>[\/vc_column_text][\/vc_column][vc_column width=&#8221;1\/2&#8243; css=&#8221;.vc_custom_1763386898397{padding-top: 0px !important;padding-right: 0px !important;padding-bottom: 0px !important;padding-left: 0px !important;}&#8221; el_id=&#8221;dossier-form&#8221;][vc_raw_js el_class=&#8221;form-shadow&#8221;]JTNDc2NyaXB0JTIwc3JjJTNEJTIyaHR0cHMlM0ElMkYlMkZqcy1ldTEuaHNmb3Jtcy5uZXQlMkZmb3JtcyUyRmVtYmVkJTJGNDY2MzI2MS5qcyUyMiUyMGRlZmVyJTNFJTNDJTJGc2NyaXB0JTNFJTBBJTNDZGl2JTIwY2xhc3MlM0QlMjJocy1mb3JtLWZyYW1lJTIyJTIwZGF0YS1yZWdpb24lM0QlMjJldTElMjIlMjBkYXRhLWZvcm0taWQlM0QlMjI4YjhkZWEyYy00YTA1LTRkMmEtODE2MS00OWJmYzA1NjQ3ZTglMjIlMjBkYXRhLXBvcnRhbC1pZCUzRCUyMjQ2NjMyNjElMjIlM0UlM0MlMkZkaXYlM0U=[\/vc_raw_js][\/vc_column][\/vc_row][vc_row full_width=&#8221;stretch_row&#8221; gap=&#8221;10&#8243; kd_background_image_position=&#8221;vc_row-bg-position-top&#8221; css=&#8221;.vc_custom_1765284535058{padding-top: 30px !important;background-color: #D5ECE9 !important;}&#8221; top_section_title=&#8221;&#8221; bottom_section_title=&#8221;&#8221;][vc_column width=&#8221;1\/2&#8243;][vc_single_image image=&#8221;33974&#8243; img_size=&#8221;full&#8221; css=&#8221;&#8221;][\/vc_column][vc_column width=&#8221;1\/2&#8243;]<header class=\"kd-section-title col-lg-12 text-center  subtitle-below-title    vc_custom_1765266595748\" ><h2 class=\"separator_off\" >Was erwartet Sie?<\/h2><\/header>[vc_column_text css=&#8221;&#8221;]Dieser praxisnahe Leitfaden hilft Ihnen dabei:<\/p>\n<ul>\n<li><strong>Ihre aktuelle digitale Positionierung zu bewerten:<\/strong> identifizieren Sie St\u00e4rken und Verbesserungsbereiche.<\/li>\n<li><strong>Ihre lokale Sichtbarkeit zu optimieren:<\/strong> lernen Sie, wie Sie von Patientinnen und Patienten in Ihrer Region leicht gefunden werden.<\/li>\n<li><strong>Ihr Online-Image zu st\u00e4rken:<\/strong> entwickeln Sie eine glaubw\u00fcrdige und professionelle Pr\u00e4senz auf digitalen Kan\u00e4len.<\/li>\n<li><strong>Konkrete Massnahmen umzusetzen:<\/strong> setzen Sie einfache Tipps um, um noch heute neue Patientinnen und Patienten zu gewinnen.<\/li>\n<\/ul>\n<p>[\/vc_column_text][\/vc_column][\/vc_row][vc_row kd_background_image_position=&#8221;vc_row-bg-position-top&#8221; css=&#8221;.vc_custom_1765266630918{margin-top: 80px !important;margin-bottom: 80px !important;padding-top: 50px !important;padding-bottom: 50px !important;}&#8221;][vc_column width=&#8221;1\/2&#8243;]<header class=\"kd-section-title col-lg-12 text-right  subtitle-below-title   \" ><h2 class=\"separator_off\" >\ud83d\udd0e Warum ist Online-Sichtbarkeit so wichtig f\u00fcr medizinische Fachpersonen?<\/h2><\/header>[\/vc_column][vc_column width=&#8221;1\/2&#8243;][vc_column_text css=&#8221;.vc_custom_1765284419805{margin-right: 50px !important;margin-left: 50px !important;padding-right: 20px !important;padding-left: 20px !important;}&#8221;]In einer Welt, in der Patient:innen ihre Gesundheitsdienstleister mittlerweile im Internet suchen, ist eine starke Online-Pr\u00e4senz kein Vorteil mehr, sondern eine Notwendigkeit.<\/p>\n<p>Dieser Leitfaden <strong>begleitet Sie Schritt f\u00fcr Schritt dabei, die Mechanismen der digitalen Sichtbarkeit zu verstehen<\/strong>, Ihr berufliches Image zu optimieren und die f\u00fcr Sie passenden Patienten zu gewinnen. Sie <strong>entdecken einfache Strategien, konkrete Tools und bew\u00e4hrte Methoden<\/strong>, um Ihre Glaubw\u00fcrdigkeit zu st\u00e4rken, Ihre Erreichbarkeit zu verbessern und Ihren Patientenstamm nachhaltig auszubauen.[\/vc_column_text][\/vc_column][\/vc_row][vc_row kd_background_image_position=&#8221;vc_row-bg-position-top&#8221;][vc_column][vc_toggle title=&#8221;Ist dieser Leitfaden zur Online-Sichtbarkeit wirklich kostenlos?&#8221; css=&#8221;&#8221;]<strong>Ja, dieser Leitfaden zur Online-Sichtbarkeit ist v\u00f6llig kostenlos<\/strong> und unverbindlich. Sie k\u00f6nnen ihn kostenlos herunterladen, ohne versteckte Kosten oder zuk\u00fcnftige Verpflichtungen. Unser Ziel ist es lediglich, Ihnen n\u00fctzliche Ressourcen f\u00fcr Ihre T\u00e4tigkeit anzubieten![\/vc_toggle][vc_toggle title=&#8221;Warum muss ich die angeforderten Informationen angeben?&#8221; css=&#8221;&#8221;]Anhand dieser Informationen k\u00f6nnen wir Ihnen <strong>den Leitfaden direkt zusenden<\/strong> und Ihnen auf Wunsch relevante Inhalte anbieten, die f\u00fcr Ihre Praxis von Interesse sind. Ihre <strong>Daten werden streng vertraulich behandelt<\/strong> und ohne Ihre Zustimmung niemals weitergegeben.[\/vc_toggle][\/vc_column][\/vc_row][vc_row kd_background_image_position=&#8221;vc_row-bg-position-top&#8221; css=&#8221;.vc_custom_1763386332900{margin-top: 80px !important;margin-bottom: 80px !important;padding-top: 50px !important;padding-bottom: 50px !important;background-color: #012E27 !important;border-radius: 5px !important;}&#8221; el_id=&#8221;dossier-form&#8221;][vc_column][vc_row_inner kd_background_image_position=&#8221;vc_row-bg-position-top&#8221; css=&#8221;.vc_custom_1619538371141{padding-bottom: 70px !important;}&#8221; css_tablet_portrait=&#8221;.vc_custom_1619538371142{padding-bottom: 0px !important;}&#8221; css_mobile=&#8221;.vc_custom_1619538371142{padding-bottom: 0px !important;}&#8221; css_tablet_landscape=&#8221;.vc_custom_1619538371142{padding-bottom: 0px !important;}&#8221;][vc_column_inner css_tablet_portrait=&#8221;.vc_custom_1617894474157{padding-right: 15px !important;}&#8221; css_mobile=&#8221;.vc_custom_1617894474157{padding-right: 15px !important;}&#8221;]<header class=\"kd-section-title col-lg-12 text-center  subtitle-below-title    vc_custom_1763386942439\" ><h2 class=\"separator_off\" style=\"color: #FFFFFF;\">Laden Sie Ihren <span style=\"color:#1D9585;\">kostenlosen Leitfaden<\/span> jetzt herunter<\/h2><\/header><a  href=\"#dossier-form\"  class=\"tt_button tt_primary_button btn_primary_color hover_solid_secondary button-center button-scroll-to-section btn-smooth-scroll\" ><span class=\"prim_text\">Herunterladen<\/span><\/a>[\/vc_column_inner][\/vc_row_inner][\/vc_column][\/vc_row][vc_row kd_background_image_position=&#8221;vc_row-bg-position-top&#8221;][vc_column][vc_separator css=&#8221;.vc_custom_1759742010538{padding-bottom: 50px !important;}&#8221;][vc_column_text css=&#8221;&#8221;]<\/p>\n<p class=\"vc_general wpb-copyright vc_custom_1758037594745 wpb_copyright_element wpb_copyright_element-align-center\" style=\"text-align: center;\">Copyright \u00a9 2026 OneDoc SA<\/p>\n<p>[\/vc_column_text][vc_raw_html css=&#8221;&#8221;]JTNDZGl2JTIwc3R5bGUlM0QlMjJtYXJnaW4lM0EwJTNCJTIwdGV4dC1hbGlnbiUzQWNlbnRlciUzQiUyMiUzRSUwQSUyMCUyMCUzQ3VsJTIwc3R5bGUlM0QlMjJsaXN0LXN0eWxlJTNBbm9uZSUzQiUyMHBhZGRpbmclM0EwJTNCJTIwbWFyZ2luJTNBMjBweCUyMGF1dG8lM0IlMjBkaXNwbGF5JTNBaW5saW5lLWJsb2NrJTNCJTIyJTNFJTBBJTIwJTIwJTIwJTIwJTNDbGklMjBzdHlsZSUzRCUyMmRpc3BsYXklM0FpbmxpbmUlM0IlMjBtYXJnaW4lM0EwJTIwMTVweCUzQiUyMiUzRSUwQSUyMCUyMCUyMCUyMCUyMCUyMCUzQ2ElMjBzdHlsZSUzRCUyMmNvbG9yJTNBJTIwJTIzMGYxYTFhJTNCJTIyJTIwaHJlZiUzRCUyMmh0dHBzJTNBJTJGJTJGaW5mby5vbmVkb2MuY2glMkZkZSUyRnZlcndhbHR1bmctZGVyLWNvb2tpZXMlMkYlMjIlM0VDb29raWVzJTIwUmljaHRsaW5pZW4lM0MlMkZhJTNFJTBBJTIwJTIwJTIwJTIwJTNDJTJGbGklM0UlMEElMjAlMjAlMjAlMjAlM0NsaSUyMHN0eWxlJTNEJTIyZGlzcGxheSUzQWlubGluZSUzQiUyMG1hcmdpbiUzQTAlMjAxNXB4JTNCJTIyJTNFJTBBJTIwJTIwJTIwJTIwJTIwJTIwJTNDYSUyMHN0eWxlJTNEJTIyY29sb3IlM0ElMjAlMjMwZjFhMWElM0IlMjIlMjBocmVmJTNEJTIyaHR0cHMlM0ElMkYlMkZwcml2YWN5Lm9uZWRvYy5jaCUyRmRlJTIyJTNFRGF0ZW5zY2h1dHp6ZW50cnVtJTNDJTJGYSUzRSUwQSUyMCUyMCUyMCUyMCUzQyUyRmxpJTNFJTBBJTIwJTIwJTIwJTIwJTNDbGklMjBzdHlsZSUzRCUyMmRpc3BsYXklM0FpbmxpbmUlM0IlMjBtYXJnaW4lM0EwJTIwMTVweCUzQiUyMiUzRSUwQSUyMCUyMCUyMCUyMCUyMCUyMCUzQ2ElMjBzdHlsZSUzRCUyMmNvbG9yJTNBJTIwJTIzMGYxYTFhJTNCJTIyJTIwaHJlZiUzRCUyMmphdmFzY3JpcHQlM0FEaWRvbWkucHJlZmVyZW5jZXMuc2hvdyUyOCUyOSUyMiUzRVZlcndhbHR1bmclMjBkZXIlMjBFaW53aWxsaWd1bmclM0MlMkZhJTNFJTBBJTIwJTIwJTIwJTIwJTNDJTJGbGklM0UlMEElMjAlMjAlM0MlMkZ1bCUzRSUwQSUzQyUyRmRpdiUzRQ==[\/vc_raw_html][\/vc_column][\/vc_row]<\/p>\n<\/div>","protected":false},"excerpt":{"rendered":"<p>[vc_row kd_background_image_position=&#8221;vc_row-bg-position-top&#8221; css=&#8221;.vc_custom_1765284317293{padding-top: 15px !important;padding-right: 8px !important;padding-bottom: 15px !important;padding-left: 8px !important;background-color: #FFFFFF [&hellip;]<\/p>\n","protected":false},"author":4,"featured_media":0,"parent":0,"menu_order":0,"comment_status":"closed","ping_status":"closed","template":"","meta":{"footnotes":""},"class_list":["post-32337","page","type-page","status-publish","hentry"],"yoast_head":"<!-- This site is optimized with the Yoast SEO Premium plugin v27.2 (Yoast SEO v27.5) - https:\/\/yoast.com\/product\/yoast-seo-premium-wordpress\/ -->\n<title>Definieren Sie Ihre digitale Strategie, um Patienten zu gewinnen<\/title>\n<meta name=\"description\" content=\"Praktischer Leitfaden, der Schweizer \u00c4rzten dabei hilft, ihre digitale Pr\u00e4senz zu st\u00e4rken und neue Patienten zu gewinnen.\" \/>\n<meta name=\"robots\" content=\"index, follow, max-snippet:-1, max-image-preview:large, max-video-preview:-1\" \/>\n<link rel=\"canonical\" href=\"https:\/\/info.onedoc.ch\/de\/guide-patienten-gewinnen\/\" \/>\n<meta property=\"og:locale\" content=\"de_DE\" \/>\n<meta property=\"og:type\" content=\"article\" \/>\n<meta property=\"og:title\" content=\"Definieren Sie Ihre digitale Strategie, um Patienten zu gewinnen\" \/>\n<meta property=\"og:description\" content=\"Praktischer Leitfaden, der Schweizer \u00c4rzten dabei hilft, ihre digitale Pr\u00e4senz zu st\u00e4rken und neue Patienten zu gewinnen.\" \/>\n<meta property=\"og:url\" content=\"https:\/\/info.onedoc.ch\/de\/guide-patienten-gewinnen\/\" \/>\n<meta property=\"og:site_name\" content=\"OneDoc Pro\" \/>\n<meta property=\"article:publisher\" content=\"https:\/\/www.facebook.com\/onedoc.ch\/\" \/>\n<meta property=\"article:modified_time\" content=\"2026-01-08T15:17:03+00:00\" \/>\n<meta name=\"twitter:card\" content=\"summary_large_image\" \/>\n<meta name=\"twitter:title\" content=\"Definieren Sie Ihre digitale Strategie, um Patienten zu gewinnen\" \/>\n<meta name=\"twitter:description\" content=\"Praktischer Leitfaden, der Schweizer \u00c4rzten dabei hilft, ihre digitale Pr\u00e4senz zu st\u00e4rken und neue Patienten zu gewinnen.\" \/>\n<meta name=\"twitter:site\" content=\"@onedoc_ch\" \/>\n<meta name=\"twitter:label1\" content=\"Gesch\u00e4tzte Lesezeit\" \/>\n\t<meta name=\"twitter:data1\" content=\"3\u00a0Minute\" \/>\n<script type=\"application\/ld+json\" class=\"yoast-schema-graph\">{\"@context\":\"https:\\\/\\\/schema.org\",\"@graph\":[{\"@type\":\"WebPage\",\"@id\":\"https:\\\/\\\/info.onedoc.ch\\\/de\\\/guide-patienten-gewinnen\\\/\",\"url\":\"https:\\\/\\\/info.onedoc.ch\\\/de\\\/guide-patienten-gewinnen\\\/\",\"name\":\"Definieren Sie Ihre digitale Strategie, um Patienten zu gewinnen\",\"isPartOf\":{\"@id\":\"https:\\\/\\\/info.onedoc.ch\\\/de\\\/#website\"},\"datePublished\":\"2025-11-17T13:43:16+00:00\",\"dateModified\":\"2026-01-08T15:17:03+00:00\",\"description\":\"Praktischer Leitfaden, der Schweizer \u00c4rzten dabei hilft, ihre digitale Pr\u00e4senz zu st\u00e4rken und neue Patienten zu gewinnen.\",\"inLanguage\":\"de-CH\",\"potentialAction\":[{\"@type\":\"ReadAction\",\"target\":[\"https:\\\/\\\/info.onedoc.ch\\\/de\\\/guide-patienten-gewinnen\\\/\"]}]},{\"@type\":\"WebSite\",\"@id\":\"https:\\\/\\\/info.onedoc.ch\\\/de\\\/#website\",\"url\":\"https:\\\/\\\/info.onedoc.ch\\\/de\\\/\",\"name\":\"OneDoc Pro - Moins d\u2019administratif, plus de temps pour vos patients\",\"description\":\"L&#039;alli\u00e9 des professionnels de sant\u00e9 suisses au quotidien\",\"publisher\":{\"@id\":\"https:\\\/\\\/info.onedoc.ch\\\/de\\\/#organization\"},\"alternateName\":\"OneDoc Pro\",\"potentialAction\":[{\"@type\":\"SearchAction\",\"target\":{\"@type\":\"EntryPoint\",\"urlTemplate\":\"https:\\\/\\\/info.onedoc.ch\\\/de\\\/?s={search_term_string}\"},\"query-input\":{\"@type\":\"PropertyValueSpecification\",\"valueRequired\":true,\"valueName\":\"search_term_string\"}}],\"inLanguage\":\"de-CH\"},{\"@type\":\"Organization\",\"@id\":\"https:\\\/\\\/info.onedoc.ch\\\/de\\\/#organization\",\"name\":\"OneDoc\",\"alternateName\":\"OneDoc.ch\",\"url\":\"https:\\\/\\\/info.onedoc.ch\\\/de\\\/\",\"logo\":{\"@type\":\"ImageObject\",\"inLanguage\":\"de-CH\",\"@id\":\"https:\\\/\\\/info.onedoc.ch\\\/de\\\/#\\\/schema\\\/logo\\\/image\\\/\",\"url\":\"https:\\\/\\\/info.onedoc.ch\\\/wp-content\\\/uploads\\\/2025\\\/06\\\/doki-logo.png\",\"contentUrl\":\"https:\\\/\\\/info.onedoc.ch\\\/wp-content\\\/uploads\\\/2025\\\/06\\\/doki-logo.png\",\"width\":2134,\"height\":2134,\"caption\":\"OneDoc\"},\"image\":{\"@id\":\"https:\\\/\\\/info.onedoc.ch\\\/de\\\/#\\\/schema\\\/logo\\\/image\\\/\"},\"sameAs\":[\"https:\\\/\\\/www.facebook.com\\\/onedoc.ch\\\/\",\"https:\\\/\\\/x.com\\\/onedoc_ch\",\"https:\\\/\\\/www.instagram.com\\\/onedoc.ch\\\/\",\"https:\\\/\\\/www.linkedin.com\\\/company\\\/onedoc.ch\\\/\",\"https:\\\/\\\/www.youtube.com\\\/channel\\\/UCWnlE63em_m8ZioBA5n8Z6w\"],\"description\":\"OneDoc est la plateforme leader en Suisse pour la r\u00e9servation de rendez-vous m\u00e9dicaux. Les patients peuvent rechercher des milliers de professionnels de la sant\u00e9 suisses (m\u00e9decins, dentistes et th\u00e9rapeutes) et r\u00e9server un rendez-vous sur place ou une consultation vid\u00e9o en quelques clics, 24 heures sur 24.\",\"legalName\":\"OneDoc SA\",\"foundingDate\":\"2016-12-31\",\"numberOfEmployees\":{\"@type\":\"QuantitativeValue\",\"minValue\":\"51\",\"maxValue\":\"200\"}}]}<\/script>\n<!-- \/ Yoast SEO Premium plugin. -->","yoast_head_json":{"title":"Definieren Sie Ihre digitale Strategie, um Patienten zu gewinnen","description":"Praktischer Leitfaden, der Schweizer \u00c4rzten dabei hilft, ihre digitale Pr\u00e4senz zu st\u00e4rken und neue Patienten zu gewinnen.","robots":{"index":"index","follow":"follow","max-snippet":"max-snippet:-1","max-image-preview":"max-image-preview:large","max-video-preview":"max-video-preview:-1"},"canonical":"https:\/\/info.onedoc.ch\/de\/guide-patienten-gewinnen\/","og_locale":"de_DE","og_type":"article","og_title":"Definieren Sie Ihre digitale Strategie, um Patienten zu gewinnen","og_description":"Praktischer Leitfaden, der Schweizer \u00c4rzten dabei hilft, ihre digitale Pr\u00e4senz zu st\u00e4rken und neue Patienten zu gewinnen.","og_url":"https:\/\/info.onedoc.ch\/de\/guide-patienten-gewinnen\/","og_site_name":"OneDoc Pro","article_publisher":"https:\/\/www.facebook.com\/onedoc.ch\/","article_modified_time":"2026-01-08T15:17:03+00:00","twitter_card":"summary_large_image","twitter_title":"Definieren Sie Ihre digitale Strategie, um Patienten zu gewinnen","twitter_description":"Praktischer Leitfaden, der Schweizer \u00c4rzten dabei hilft, ihre digitale Pr\u00e4senz zu st\u00e4rken und neue Patienten zu gewinnen.","twitter_site":"@onedoc_ch","twitter_misc":{"Gesch\u00e4tzte Lesezeit":"3\u00a0Minute"},"schema":{"@context":"https:\/\/schema.org","@graph":[{"@type":"WebPage","@id":"https:\/\/info.onedoc.ch\/de\/guide-patienten-gewinnen\/","url":"https:\/\/info.onedoc.ch\/de\/guide-patienten-gewinnen\/","name":"Definieren Sie Ihre digitale Strategie, um Patienten zu gewinnen","isPartOf":{"@id":"https:\/\/info.onedoc.ch\/de\/#website"},"datePublished":"2025-11-17T13:43:16+00:00","dateModified":"2026-01-08T15:17:03+00:00","description":"Praktischer Leitfaden, der Schweizer \u00c4rzten dabei hilft, ihre digitale Pr\u00e4senz zu st\u00e4rken und neue Patienten zu gewinnen.","inLanguage":"de-CH","potentialAction":[{"@type":"ReadAction","target":["https:\/\/info.onedoc.ch\/de\/guide-patienten-gewinnen\/"]}]},{"@type":"WebSite","@id":"https:\/\/info.onedoc.ch\/de\/#website","url":"https:\/\/info.onedoc.ch\/de\/","name":"OneDoc Pro - Moins d\u2019administratif, plus de temps pour vos patients","description":"L&#039;alli\u00e9 des professionnels de sant\u00e9 suisses au quotidien","publisher":{"@id":"https:\/\/info.onedoc.ch\/de\/#organization"},"alternateName":"OneDoc Pro","potentialAction":[{"@type":"SearchAction","target":{"@type":"EntryPoint","urlTemplate":"https:\/\/info.onedoc.ch\/de\/?s={search_term_string}"},"query-input":{"@type":"PropertyValueSpecification","valueRequired":true,"valueName":"search_term_string"}}],"inLanguage":"de-CH"},{"@type":"Organization","@id":"https:\/\/info.onedoc.ch\/de\/#organization","name":"OneDoc","alternateName":"OneDoc.ch","url":"https:\/\/info.onedoc.ch\/de\/","logo":{"@type":"ImageObject","inLanguage":"de-CH","@id":"https:\/\/info.onedoc.ch\/de\/#\/schema\/logo\/image\/","url":"https:\/\/info.onedoc.ch\/wp-content\/uploads\/2025\/06\/doki-logo.png","contentUrl":"https:\/\/info.onedoc.ch\/wp-content\/uploads\/2025\/06\/doki-logo.png","width":2134,"height":2134,"caption":"OneDoc"},"image":{"@id":"https:\/\/info.onedoc.ch\/de\/#\/schema\/logo\/image\/"},"sameAs":["https:\/\/www.facebook.com\/onedoc.ch\/","https:\/\/x.com\/onedoc_ch","https:\/\/www.instagram.com\/onedoc.ch\/","https:\/\/www.linkedin.com\/company\/onedoc.ch\/","https:\/\/www.youtube.com\/channel\/UCWnlE63em_m8ZioBA5n8Z6w"],"description":"OneDoc est la plateforme leader en Suisse pour la r\u00e9servation de rendez-vous m\u00e9dicaux. Les patients peuvent rechercher des milliers de professionnels de la sant\u00e9 suisses (m\u00e9decins, dentistes et th\u00e9rapeutes) et r\u00e9server un rendez-vous sur place ou une consultation vid\u00e9o en quelques clics, 24 heures sur 24.","legalName":"OneDoc SA","foundingDate":"2016-12-31","numberOfEmployees":{"@type":"QuantitativeValue","minValue":"51","maxValue":"200"}}]}},"_links":{"self":[{"href":"https:\/\/info.onedoc.ch\/de\/wp-json\/wp\/v2\/pages\/32337","targetHints":{"allow":["GET"]}}],"collection":[{"href":"https:\/\/info.onedoc.ch\/de\/wp-json\/wp\/v2\/pages"}],"about":[{"href":"https:\/\/info.onedoc.ch\/de\/wp-json\/wp\/v2\/types\/page"}],"author":[{"embeddable":true,"href":"https:\/\/info.onedoc.ch\/de\/wp-json\/wp\/v2\/users\/4"}],"replies":[{"embeddable":true,"href":"https:\/\/info.onedoc.ch\/de\/wp-json\/wp\/v2\/comments?post=32337"}],"version-history":[{"count":11,"href":"https:\/\/info.onedoc.ch\/de\/wp-json\/wp\/v2\/pages\/32337\/revisions"}],"predecessor-version":[{"id":35079,"href":"https:\/\/info.onedoc.ch\/de\/wp-json\/wp\/v2\/pages\/32337\/revisions\/35079"}],"wp:attachment":[{"href":"https:\/\/info.onedoc.ch\/de\/wp-json\/wp\/v2\/media?parent=32337"}],"curies":[{"name":"wp","href":"https:\/\/api.w.org\/{rel}","templated":true}]}}