{"id":32331,"date":"2025-11-17T15:50:10","date_gmt":"2025-11-17T13:50:10","guid":{"rendered":"https:\/\/info.onedoc.ch\/?page_id=32331"},"modified":"2026-01-09T15:43:00","modified_gmt":"2026-01-09T13:43:00","slug":"checkliste-videosprechstunden-psychologie","status":"publish","type":"page","link":"https:\/\/info.onedoc.ch\/de\/checkliste-videosprechstunden-psychologie\/","title":{"rendered":"Checkliste Videosprechstunden Psychologie"},"content":{"rendered":"<div class=\"wpb-content-wrapper\"><p>[vc_row kd_background_image_position=&#8221;vc_row-bg-position-top&#8221; css=&#8221;.vc_custom_1765284938778{padding-top: 15px !important;padding-right: 8px !important;padding-bottom: 15px !important;padding-left: 8px !important;background-color: #FFFFFF !important;}&#8221; el_id=&#8221;top-page&#8221;][vc_column][vc_single_image image=&#8221;27575&#8243; img_size=&#8221;full&#8221; onclick=&#8221;custom_link&#8221; img_link_target=&#8221;_blank&#8221; css=&#8221;.vc_custom_1757489714429{padding-top: 20px !important;padding-bottom: 20px !important;}&#8221; link=&#8221;https:\/\/info.onedoc.ch\/de\/&#8221; el_class=&#8221;lp-logo&#8221;][vc_separator css=&#8221;&#8221;][\/vc_column][\/vc_row][vc_row kd_background_image_position=&#8221;vc_row-bg-position-top&#8221; css=&#8221;.vc_custom_1763387302939{padding-top: 50px !important;padding-bottom: 50px !important;}&#8221; css_tablet_portrait=&#8221;.vc_custom_1763387302939{padding-top: 0px !important;padding-right: 0px !important;padding-left: 0px !important;}&#8221; css_mobile=&#8221;.vc_custom_1763387302939{padding-top: 0px !important;padding-right: 0px !important;padding-bottom: 0px !important;padding-left: 0px !important;}&#8221;][vc_column width=&#8221;1\/2&#8243; kd_sticky_column=&#8221;true&#8221; css_tablet_portrait=&#8221;.vc_custom_1763387306767{padding-top: 0px !important;padding-right: 0px !important;padding-left: 0px !important;}&#8221; css_mobile=&#8221;.vc_custom_1763387306767{padding-top: 0px !important;padding-right: 0px !important;padding-left: 0px !important;}&#8221;]<header class=\"kd-section-title col-lg-12 text-left  subtitle-above-title   \" ><p class=\"subtitle\" >CHCECKLISTE<\/p><h1 class=\"separator_off\" >Bieten Sie <span style=\"color:#1E9585;\">professionelle Videosprechstunden<\/span> in Ihrer psychologischen Praxis an<\/h1><\/header>[vc_column_text css=&#8221;&#8221;]Laden Sie die vollst\u00e4ndige Checkliste herunter, um professionelle Videosprechstunden zu organisieren \u2013 von der Wahl der Plattform bis zur Kommunikation mit Ihren Patientinnen und Patienten.[\/vc_column_text][\/vc_column][vc_column width=&#8221;1\/2&#8243; css=&#8221;.vc_custom_1752666371518{padding-top: 0px !important;padding-right: 0px !important;padding-bottom: 0px !important;padding-left: 0px !important;}&#8221;][vc_raw_js el_id=&#8221;dossier-form&#8221; el_class=&#8221;form-shadow&#8221;]JTNDc2NyaXB0JTIwc3JjJTNEJTIyaHR0cHMlM0ElMkYlMkZqcy1ldTEuaHNmb3Jtcy5uZXQlMkZmb3JtcyUyRmVtYmVkJTJGNDY2MzI2MS5qcyUyMiUyMGRlZmVyJTNFJTNDJTJGc2NyaXB0JTNFJTBBJTNDZGl2JTIwY2xhc3MlM0QlMjJocy1mb3JtLWZyYW1lJTIyJTIwZGF0YS1yZWdpb24lM0QlMjJldTElMjIlMjBkYXRhLWZvcm0taWQlM0QlMjI3ZDhjZTVmMy05ZmI4LTQ2MzQtYmVlNC04MGU3NWIyMWMxZWYlMjIlMjBkYXRhLXBvcnRhbC1pZCUzRCUyMjQ2NjMyNjElMjIlM0UlM0MlMkZkaXYlM0U=[\/vc_raw_js][\/vc_column][\/vc_row][vc_row full_width=&#8221;stretch_row&#8221; gap=&#8221;10&#8243; kd_background_image_position=&#8221;vc_row-bg-position-top&#8221; css=&#8221;.vc_custom_1765285722101{padding-top: 30px !important;padding-bottom: 50px !important;background-color: #D5ECE9 !important;}&#8221;][vc_column width=&#8221;1\/2&#8243;][vc_single_image image=&#8221;33984&#8243; img_size=&#8221;full&#8221; css=&#8221;.vc_custom_1765285749148{padding-top: 50px !important;}&#8221;][\/vc_column][vc_column width=&#8221;1\/2&#8243;]<header class=\"kd-section-title col-lg-12 text-center  subtitle-below-title    vc_custom_1765285808058\" ><h2 class=\"separator_off\" >Mit dieser Checkliste k\u00f6nnen Sie:<\/h2><\/header>[vc_column_text css=&#8221;&#8221;]<\/p>\n<ul>\n<li><strong>Die passende L\u00f6sung f\u00fcr Videosprechstunden ausw\u00e4hlen<\/strong>, die f\u00fcr die psychologische Praxis geeignet ist und die Anforderungen an Sicherheit und Vertraulichkeit erf\u00fcllt.<\/li>\n<li><strong>Ihre digitale Praxis vorbereiten<\/strong>, indem Sie sicherstellen, dass die erforderliche Ausstattung und die technischen Voraussetzungen vorhanden sind.<\/li>\n<li><strong>Ihre Patientinnen und Patienten wirkungsvoll informieren<\/strong>, indem Sie Funktionsweise und Vorteile der Videosprechstunde klar erkl\u00e4ren.<\/li>\n<li><strong>Eine professionelle Videosprechstunde durchf\u00fchren<\/strong>, und dabei die Beziehungs- und Therapiequalit\u00e4t Ihrer Gespr\u00e4che aufrechterhalten.<\/li>\n<\/ul>\n<p>[\/vc_column_text][\/vc_column][\/vc_row][vc_row kd_background_image_position=&#8221;vc_row-bg-position-top&#8221; css=&#8221;.vc_custom_1765266630918{margin-top: 80px !important;margin-bottom: 80px !important;padding-top: 50px !important;padding-bottom: 50px !important;}&#8221;][vc_column width=&#8221;1\/2&#8243;]<header class=\"kd-section-title col-lg-12 text-right  subtitle-below-title   \" ><h2 class=\"separator_off\" >\ud83d\udd0e Warum sollte ich Videosprechstunden in meiner psychologischen Praxis anbieten?<\/h2><\/header>[\/vc_column][vc_column width=&#8221;1\/2&#8243;][vc_column_text css=&#8221;.vc_custom_1765285370524{margin-right: 50px !important;margin-left: 50px !important;padding-right: 20px !important;padding-left: 20px !important;}&#8221;]Patient:innen suchen heute nach <strong>flexiblen und zug\u00e4nglichen L\u00f6sungen<\/strong>, um psychologische Unterst\u00fctzung zu erhalten. Videokonsultationen tragen dazu bei, geografische Barrieren abzubauen, <strong>die Kontinuit\u00e4t der Versorgung zu verbessern<\/strong> und einen komfortablen Rahmen f\u00fcr den Patientinnen und Patienten zu schaffen.<\/p>\n<p>Zudem kann es f\u00fcr einige Patient:innen die <strong>Hemmschwelle senken<\/strong>, eine psychologische Beratung in Anspruch zu nehmen. Diese Checkliste hilft Ihnen dabei, diesen Service sicher, effizient und konform einzurichten, sodass Sie und Ihre Patient:innen davon profitieren k\u00f6nnen.[\/vc_column_text][\/vc_column][\/vc_row][vc_row kd_background_image_position=&#8221;vc_row-bg-position-top&#8221;][vc_column][vc_toggle title=&#8221;Ist diese Checkliste zu Videosprechstunden in der Psychologie wirklich kostenlos?&#8221; css=&#8221;&#8221;]Ja, diese Checkliste zu Videosprechstunden in der Psychologie ist v\u00f6llig kostenlos und unverbindlich. Sie k\u00f6nnen ihn kostenlos herunterladen, ohne versteckte Kosten oder zuk\u00fcnftige Verpflichtungen. Unser Ziel ist es lediglich, Ihnen n\u00fctzliche Ressourcen f\u00fcr Ihre T\u00e4tigkeit anzubieten![\/vc_toggle][vc_toggle title=&#8221;Warum muss ich die angeforderten Informationen angeben?&#8221; css=&#8221;&#8221;]Anhand dieser Informationen k\u00f6nnen wir Ihnen den Leitfaden direkt zusenden und Ihnen auf Wunsch relevante Inhalte anbieten, die f\u00fcr Ihre Praxis von Interesse sind. Ihre Daten werden streng vertraulich behandelt und ohne Ihre Zustimmung niemals weitergegeben.[\/vc_toggle][\/vc_column][\/vc_row][vc_row kd_background_image_position=&#8221;vc_row-bg-position-top&#8221; css=&#8221;.vc_custom_1765284976985{margin-top: 80px !important;margin-bottom: 80px !important;padding-top: 50px !important;padding-bottom: 50px !important;background-color: #012E27 !important;border-radius: 5px !important;}&#8221;][vc_column][vc_row_inner kd_background_image_position=&#8221;vc_row-bg-position-top&#8221; css=&#8221;.vc_custom_1619538371141{padding-bottom: 70px !important;}&#8221; css_tablet_portrait=&#8221;.vc_custom_1619538371142{padding-bottom: 0px !important;}&#8221; css_mobile=&#8221;.vc_custom_1619538371142{padding-bottom: 0px !important;}&#8221; css_tablet_landscape=&#8221;.vc_custom_1619538371142{padding-bottom: 0px !important;}&#8221;][vc_column_inner css_tablet_portrait=&#8221;.vc_custom_1617894474157{padding-right: 15px !important;}&#8221; css_mobile=&#8221;.vc_custom_1617894474157{padding-right: 15px !important;}&#8221;]<header class=\"kd-section-title col-lg-12 text-center  subtitle-below-title    vc_custom_1763387373576\" ><h2 class=\"separator_off\" style=\"color: #FFFFFF;\">Laden Sie jetzt Ihre <span style=\"color:#1D9585;\">kostenlose Checkliste<\/span> herunter<\/h2><\/header><a  href=\"#top-page\"  class=\"tt_button tt_primary_button btn_primary_color hover_solid_secondary button-center button-scroll-to-section btn-smooth-scroll\" ><span class=\"prim_text\">Herunterladen<\/span><\/a>[\/vc_column_inner][\/vc_row_inner][\/vc_column][\/vc_row][vc_row kd_background_image_position=&#8221;vc_row-bg-position-top&#8221;][vc_column][vc_separator css=&#8221;.vc_custom_1759742010538{padding-bottom: 50px !important;}&#8221;][vc_column_text css=&#8221;&#8221;]<\/p>\n<p style=\"text-align: center;\">Copyright \u00a9 2026 OneDoc SA<\/p>\n<p>[\/vc_column_text][vc_raw_html css=&#8221;&#8221;]JTNDZGl2JTIwc3R5bGUlM0QlMjJtYXJnaW4lM0EwJTNCJTIwdGV4dC1hbGlnbiUzQWNlbnRlciUzQiUyMiUzRSUwQSUyMCUyMCUzQ3VsJTIwc3R5bGUlM0QlMjJsaXN0LXN0eWxlJTNBbm9uZSUzQiUyMHBhZGRpbmclM0EwJTNCJTIwbWFyZ2luJTNBMjBweCUyMGF1dG8lM0IlMjBkaXNwbGF5JTNBaW5saW5lLWJsb2NrJTNCJTIyJTNFJTBBJTIwJTIwJTIwJTIwJTNDbGklMjBzdHlsZSUzRCUyMmRpc3BsYXklM0FpbmxpbmUlM0IlMjBtYXJnaW4lM0EwJTIwMTVweCUzQiUyMiUzRSUwQSUyMCUyMCUyMCUyMCUyMCUyMCUzQ2ElMjBzdHlsZSUzRCUyMmNvbG9yJTNBJTIwJTIzMGYxYTFhJTNCJTIyJTIwaHJlZiUzRCUyMmh0dHBzJTNBJTJGJTJGaW5mby5vbmVkb2MuY2glMkZkZSUyRnZlcndhbHR1bmctZGVyLWNvb2tpZXMlMkYlMjIlM0VDb29raWVzJTIwUmljaHRsaW5pZW4lM0MlMkZhJTNFJTBBJTIwJTIwJTIwJTIwJTNDJTJGbGklM0UlMEElMjAlMjAlMjAlMjAlM0NsaSUyMHN0eWxlJTNEJTIyZGlzcGxheSUzQWlubGluZSUzQiUyMG1hcmdpbiUzQTAlMjAxNXB4JTNCJTIyJTNFJTBBJTIwJTIwJTIwJTIwJTIwJTIwJTNDYSUyMHN0eWxlJTNEJTIyY29sb3IlM0ElMjAlMjMwZjFhMWElM0IlMjIlMjBocmVmJTNEJTIyaHR0cHMlM0ElMkYlMkZwcml2YWN5Lm9uZWRvYy5jaCUyRmRlJTIyJTNFRGF0ZW5zY2h1dHp6ZW50cnVtJTNDJTJGYSUzRSUwQSUyMCUyMCUyMCUyMCUzQyUyRmxpJTNFJTBBJTIwJTIwJTIwJTIwJTNDbGklMjBzdHlsZSUzRCUyMmRpc3BsYXklM0FpbmxpbmUlM0IlMjBtYXJnaW4lM0EwJTIwMTVweCUzQiUyMiUzRSUwQSUyMCUyMCUyMCUyMCUyMCUyMCUzQ2ElMjBzdHlsZSUzRCUyMmNvbG9yJTNBJTIwJTIzMGYxYTFhJTNCJTIyJTIwaHJlZiUzRCUyMmphdmFzY3JpcHQlM0FEaWRvbWkucHJlZmVyZW5jZXMuc2hvdyUyOCUyOSUyMiUzRVZlcndhbHR1bmclMjBkZXIlMjBFaW53aWxsaWd1bmclM0MlMkZhJTNFJTBBJTIwJTIwJTIwJTIwJTNDJTJGbGklM0UlMEElMjAlMjAlM0MlMkZ1bCUzRSUwQSUzQyUyRmRpdiUzRQ==[\/vc_raw_html][\/vc_column][\/vc_row]<\/p>\n<\/div>","protected":false},"excerpt":{"rendered":"<p>[vc_row kd_background_image_position=&#8221;vc_row-bg-position-top&#8221; css=&#8221;.vc_custom_1765284938778{padding-top: 15px !important;padding-right: 8px !important;padding-bottom: 15px !important;padding-left: 8px !important;background-color: #FFFFFF [&hellip;]<\/p>\n","protected":false},"author":4,"featured_media":0,"parent":0,"menu_order":0,"comment_status":"closed","ping_status":"closed","template":"","meta":{"footnotes":""},"class_list":["post-32331","page","type-page","status-publish","hentry"],"yoast_head":"<!-- This site is optimized with the Yoast SEO Premium plugin v27.2 (Yoast SEO v27.5) - https:\/\/yoast.com\/product\/yoast-seo-premium-wordpress\/ -->\n<title>Checkliste: Videosprechstunden in der Psychologie anbieten<\/title>\n<meta name=\"description\" content=\"Praktische Checkliste f\u00fcr Psychologen: Finden Sie die passende Plattform und bieten Sie professionelle und sichere Videosprechstunden an.\" \/>\n<meta name=\"robots\" content=\"index, follow, max-snippet:-1, max-image-preview:large, max-video-preview:-1\" \/>\n<link rel=\"canonical\" href=\"https:\/\/info.onedoc.ch\/de\/checkliste-videosprechstunden-psychologie\/\" \/>\n<meta property=\"og:locale\" content=\"de_DE\" \/>\n<meta property=\"og:type\" content=\"article\" \/>\n<meta property=\"og:title\" content=\"Checkliste: Videosprechstunden in der Psychologie anbieten\" \/>\n<meta property=\"og:description\" content=\"Praktische Checkliste f\u00fcr Psychologen: Finden Sie die passende Plattform und bieten Sie professionelle und sichere Videosprechstunden an.\" \/>\n<meta property=\"og:url\" content=\"https:\/\/info.onedoc.ch\/de\/checkliste-videosprechstunden-psychologie\/\" \/>\n<meta property=\"og:site_name\" content=\"OneDoc Pro\" \/>\n<meta property=\"article:publisher\" content=\"https:\/\/www.facebook.com\/onedoc.ch\/\" \/>\n<meta property=\"article:modified_time\" content=\"2026-01-09T13:43:00+00:00\" \/>\n<meta name=\"twitter:card\" content=\"summary_large_image\" \/>\n<meta name=\"twitter:title\" content=\"Checkliste: Videosprechstunden in der Psychologie anbieten\" \/>\n<meta name=\"twitter:description\" content=\"Praktische Checkliste f\u00fcr Psychologen: Finden Sie die passende Plattform und bieten Sie professionelle und sichere Videosprechstunden an.\" \/>\n<meta name=\"twitter:site\" content=\"@onedoc_ch\" \/>\n<meta name=\"twitter:label1\" content=\"Gesch\u00e4tzte Lesezeit\" \/>\n\t<meta name=\"twitter:data1\" content=\"3\u00a0Minute\" \/>\n<script type=\"application\/ld+json\" class=\"yoast-schema-graph\">{\"@context\":\"https:\\\/\\\/schema.org\",\"@graph\":[{\"@type\":\"WebPage\",\"@id\":\"https:\\\/\\\/info.onedoc.ch\\\/de\\\/checkliste-videosprechstunden-psychologie\\\/\",\"url\":\"https:\\\/\\\/info.onedoc.ch\\\/de\\\/checkliste-videosprechstunden-psychologie\\\/\",\"name\":\"Checkliste: Videosprechstunden in der Psychologie anbieten\",\"isPartOf\":{\"@id\":\"https:\\\/\\\/info.onedoc.ch\\\/de\\\/#website\"},\"datePublished\":\"2025-11-17T13:50:10+00:00\",\"dateModified\":\"2026-01-09T13:43:00+00:00\",\"description\":\"Praktische Checkliste f\u00fcr Psychologen: Finden Sie die passende Plattform und bieten Sie professionelle und sichere Videosprechstunden an.\",\"inLanguage\":\"de-CH\",\"potentialAction\":[{\"@type\":\"ReadAction\",\"target\":[\"https:\\\/\\\/info.onedoc.ch\\\/de\\\/checkliste-videosprechstunden-psychologie\\\/\"]}]},{\"@type\":\"WebSite\",\"@id\":\"https:\\\/\\\/info.onedoc.ch\\\/de\\\/#website\",\"url\":\"https:\\\/\\\/info.onedoc.ch\\\/de\\\/\",\"name\":\"OneDoc Pro - Moins d\u2019administratif, plus de temps pour vos patients\",\"description\":\"L&#039;alli\u00e9 des professionnels de sant\u00e9 suisses au quotidien\",\"publisher\":{\"@id\":\"https:\\\/\\\/info.onedoc.ch\\\/de\\\/#organization\"},\"alternateName\":\"OneDoc Pro\",\"potentialAction\":[{\"@type\":\"SearchAction\",\"target\":{\"@type\":\"EntryPoint\",\"urlTemplate\":\"https:\\\/\\\/info.onedoc.ch\\\/de\\\/?s={search_term_string}\"},\"query-input\":{\"@type\":\"PropertyValueSpecification\",\"valueRequired\":true,\"valueName\":\"search_term_string\"}}],\"inLanguage\":\"de-CH\"},{\"@type\":\"Organization\",\"@id\":\"https:\\\/\\\/info.onedoc.ch\\\/de\\\/#organization\",\"name\":\"OneDoc\",\"alternateName\":\"OneDoc.ch\",\"url\":\"https:\\\/\\\/info.onedoc.ch\\\/de\\\/\",\"logo\":{\"@type\":\"ImageObject\",\"inLanguage\":\"de-CH\",\"@id\":\"https:\\\/\\\/info.onedoc.ch\\\/de\\\/#\\\/schema\\\/logo\\\/image\\\/\",\"url\":\"https:\\\/\\\/info.onedoc.ch\\\/wp-content\\\/uploads\\\/2025\\\/06\\\/doki-logo.png\",\"contentUrl\":\"https:\\\/\\\/info.onedoc.ch\\\/wp-content\\\/uploads\\\/2025\\\/06\\\/doki-logo.png\",\"width\":2134,\"height\":2134,\"caption\":\"OneDoc\"},\"image\":{\"@id\":\"https:\\\/\\\/info.onedoc.ch\\\/de\\\/#\\\/schema\\\/logo\\\/image\\\/\"},\"sameAs\":[\"https:\\\/\\\/www.facebook.com\\\/onedoc.ch\\\/\",\"https:\\\/\\\/x.com\\\/onedoc_ch\",\"https:\\\/\\\/www.instagram.com\\\/onedoc.ch\\\/\",\"https:\\\/\\\/www.linkedin.com\\\/company\\\/onedoc.ch\\\/\",\"https:\\\/\\\/www.youtube.com\\\/channel\\\/UCWnlE63em_m8ZioBA5n8Z6w\"],\"description\":\"OneDoc est la plateforme leader en Suisse pour la r\u00e9servation de rendez-vous m\u00e9dicaux. Les patients peuvent rechercher des milliers de professionnels de la sant\u00e9 suisses (m\u00e9decins, dentistes et th\u00e9rapeutes) et r\u00e9server un rendez-vous sur place ou une consultation vid\u00e9o en quelques clics, 24 heures sur 24.\",\"legalName\":\"OneDoc SA\",\"foundingDate\":\"2016-12-31\",\"numberOfEmployees\":{\"@type\":\"QuantitativeValue\",\"minValue\":\"51\",\"maxValue\":\"200\"}}]}<\/script>\n<!-- \/ Yoast SEO Premium plugin. -->","yoast_head_json":{"title":"Checkliste: Videosprechstunden in der Psychologie anbieten","description":"Praktische Checkliste f\u00fcr Psychologen: Finden Sie die passende Plattform und bieten Sie professionelle und sichere Videosprechstunden an.","robots":{"index":"index","follow":"follow","max-snippet":"max-snippet:-1","max-image-preview":"max-image-preview:large","max-video-preview":"max-video-preview:-1"},"canonical":"https:\/\/info.onedoc.ch\/de\/checkliste-videosprechstunden-psychologie\/","og_locale":"de_DE","og_type":"article","og_title":"Checkliste: Videosprechstunden in der Psychologie anbieten","og_description":"Praktische Checkliste f\u00fcr Psychologen: Finden Sie die passende Plattform und bieten Sie professionelle und sichere Videosprechstunden an.","og_url":"https:\/\/info.onedoc.ch\/de\/checkliste-videosprechstunden-psychologie\/","og_site_name":"OneDoc Pro","article_publisher":"https:\/\/www.facebook.com\/onedoc.ch\/","article_modified_time":"2026-01-09T13:43:00+00:00","twitter_card":"summary_large_image","twitter_title":"Checkliste: Videosprechstunden in der Psychologie anbieten","twitter_description":"Praktische Checkliste f\u00fcr Psychologen: Finden Sie die passende Plattform und bieten Sie professionelle und sichere Videosprechstunden an.","twitter_site":"@onedoc_ch","twitter_misc":{"Gesch\u00e4tzte Lesezeit":"3\u00a0Minute"},"schema":{"@context":"https:\/\/schema.org","@graph":[{"@type":"WebPage","@id":"https:\/\/info.onedoc.ch\/de\/checkliste-videosprechstunden-psychologie\/","url":"https:\/\/info.onedoc.ch\/de\/checkliste-videosprechstunden-psychologie\/","name":"Checkliste: Videosprechstunden in der Psychologie anbieten","isPartOf":{"@id":"https:\/\/info.onedoc.ch\/de\/#website"},"datePublished":"2025-11-17T13:50:10+00:00","dateModified":"2026-01-09T13:43:00+00:00","description":"Praktische Checkliste f\u00fcr Psychologen: Finden Sie die passende Plattform und bieten Sie professionelle und sichere Videosprechstunden an.","inLanguage":"de-CH","potentialAction":[{"@type":"ReadAction","target":["https:\/\/info.onedoc.ch\/de\/checkliste-videosprechstunden-psychologie\/"]}]},{"@type":"WebSite","@id":"https:\/\/info.onedoc.ch\/de\/#website","url":"https:\/\/info.onedoc.ch\/de\/","name":"OneDoc Pro - Moins d\u2019administratif, plus de temps pour vos patients","description":"L&#039;alli\u00e9 des professionnels de sant\u00e9 suisses au quotidien","publisher":{"@id":"https:\/\/info.onedoc.ch\/de\/#organization"},"alternateName":"OneDoc Pro","potentialAction":[{"@type":"SearchAction","target":{"@type":"EntryPoint","urlTemplate":"https:\/\/info.onedoc.ch\/de\/?s={search_term_string}"},"query-input":{"@type":"PropertyValueSpecification","valueRequired":true,"valueName":"search_term_string"}}],"inLanguage":"de-CH"},{"@type":"Organization","@id":"https:\/\/info.onedoc.ch\/de\/#organization","name":"OneDoc","alternateName":"OneDoc.ch","url":"https:\/\/info.onedoc.ch\/de\/","logo":{"@type":"ImageObject","inLanguage":"de-CH","@id":"https:\/\/info.onedoc.ch\/de\/#\/schema\/logo\/image\/","url":"https:\/\/info.onedoc.ch\/wp-content\/uploads\/2025\/06\/doki-logo.png","contentUrl":"https:\/\/info.onedoc.ch\/wp-content\/uploads\/2025\/06\/doki-logo.png","width":2134,"height":2134,"caption":"OneDoc"},"image":{"@id":"https:\/\/info.onedoc.ch\/de\/#\/schema\/logo\/image\/"},"sameAs":["https:\/\/www.facebook.com\/onedoc.ch\/","https:\/\/x.com\/onedoc_ch","https:\/\/www.instagram.com\/onedoc.ch\/","https:\/\/www.linkedin.com\/company\/onedoc.ch\/","https:\/\/www.youtube.com\/channel\/UCWnlE63em_m8ZioBA5n8Z6w"],"description":"OneDoc est la plateforme leader en Suisse pour la r\u00e9servation de rendez-vous m\u00e9dicaux. Les patients peuvent rechercher des milliers de professionnels de la sant\u00e9 suisses (m\u00e9decins, dentistes et th\u00e9rapeutes) et r\u00e9server un rendez-vous sur place ou une consultation vid\u00e9o en quelques clics, 24 heures sur 24.","legalName":"OneDoc SA","foundingDate":"2016-12-31","numberOfEmployees":{"@type":"QuantitativeValue","minValue":"51","maxValue":"200"}}]}},"_links":{"self":[{"href":"https:\/\/info.onedoc.ch\/de\/wp-json\/wp\/v2\/pages\/32331","targetHints":{"allow":["GET"]}}],"collection":[{"href":"https:\/\/info.onedoc.ch\/de\/wp-json\/wp\/v2\/pages"}],"about":[{"href":"https:\/\/info.onedoc.ch\/de\/wp-json\/wp\/v2\/types\/page"}],"author":[{"embeddable":true,"href":"https:\/\/info.onedoc.ch\/de\/wp-json\/wp\/v2\/users\/4"}],"replies":[{"embeddable":true,"href":"https:\/\/info.onedoc.ch\/de\/wp-json\/wp\/v2\/comments?post=32331"}],"version-history":[{"count":14,"href":"https:\/\/info.onedoc.ch\/de\/wp-json\/wp\/v2\/pages\/32331\/revisions"}],"predecessor-version":[{"id":35240,"href":"https:\/\/info.onedoc.ch\/de\/wp-json\/wp\/v2\/pages\/32331\/revisions\/35240"}],"wp:attachment":[{"href":"https:\/\/info.onedoc.ch\/de\/wp-json\/wp\/v2\/media?parent=32331"}],"curies":[{"name":"wp","href":"https:\/\/api.w.org\/{rel}","templated":true}]}}