{"id":27797,"date":"2025-09-10T15:57:28","date_gmt":"2025-09-10T13:57:28","guid":{"rendered":"https:\/\/info.onedoc.ch\/?page_id=27797"},"modified":"2025-12-09T09:55:57","modified_gmt":"2025-12-09T07:55:57","slug":"leiftaden-videosprechstunde","status":"publish","type":"page","link":"https:\/\/info.onedoc.ch\/de\/leiftaden-videosprechstunde\/","title":{"rendered":"Leitfaden zur Videosprechstunde"},"content":{"rendered":"<div class=\"wpb-content-wrapper\"><p>[vc_row kd_background_image_position=&#8221;vc_row-bg-position-top&#8221; css=&#8221;.vc_custom_1765265806110{padding-top: 15px !important;padding-right: 8px !important;padding-bottom: 15px !important;padding-left: 8px !important;background-color: #FFFFFF !important;}&#8221; el_id=&#8221;top-page&#8221;][vc_column][vc_single_image image=&#8221;27575&#8243; img_size=&#8221;full&#8221; onclick=&#8221;custom_link&#8221; img_link_target=&#8221;_blank&#8221; css=&#8221;.vc_custom_1757489714429{padding-top: 20px !important;padding-bottom: 20px !important;}&#8221; link=&#8221;https:\/\/info.onedoc.ch\/de\/&#8221; el_class=&#8221;lp-logo&#8221;][vc_separator css=&#8221;&#8221;][\/vc_column][\/vc_row][vc_row kd_background_image_position=&#8221;vc_row-bg-position-top&#8221; css=&#8221;.vc_custom_1765265922741{padding-top: 50px !important;padding-bottom: 50px !important;}&#8221; css_tablet_portrait=&#8221;.vc_custom_1765265922742{padding-top: 0px !important;padding-right: 0px !important;padding-left: 0px !important;}&#8221; css_mobile=&#8221;.vc_custom_1765265922742{padding-top: 0px !important;padding-right: 0px !important;padding-bottom: 0px !important;padding-left: 0px !important;}&#8221;][vc_column width=&#8221;1\/2&#8243; kd_sticky_column=&#8221;true&#8221; css_tablet_portrait=&#8221;.vc_custom_1765265913072{padding-top: 0px !important;padding-right: 0px !important;padding-left: 0px !important;}&#8221; css_mobile=&#8221;.vc_custom_1765265913072{padding-top: 0px !important;padding-right: 0px !important;padding-left: 0px !important;}&#8221;]<header class=\"kd-section-title col-lg-12 text-left  subtitle-below-title   \" ><h1 class=\"separator_off\" >Der <span style=\"color:#1E9585;\">Leitfaden zur Videosprechstunde<\/span> in der Schweiz<\/h1><\/header>[vc_column_text css=&#8221;&#8221;]Wann sollte man es verwenden? Welches Werkzeug sollte man w\u00e4hlen? Gibt es echte finanzielle Vorteile, wenn man diese Art der Beratung anbietet? Die Antworten finden Sie in diesem umfassenden Leitfaden![\/vc_column_text][vc_single_image image=&#8221;30586&#8243; img_size=&#8221;full&#8221; css=&#8221;&#8221;][\/vc_column][vc_column width=&#8221;1\/2&#8243; css=&#8221;.vc_custom_1752666371518{padding-top: 0px !important;padding-right: 0px !important;padding-bottom: 0px !important;padding-left: 0px !important;}&#8221;][vc_raw_js el_class=&#8221;form-shadow&#8221;]JTNDc2NyaXB0JTIwc3JjJTNEJTIyaHR0cHMlM0ElMkYlMkZqcy1ldTEuaHNmb3Jtcy5uZXQlMkZmb3JtcyUyRmVtYmVkJTJGNDY2MzI2MS5qcyUyMiUyMGRlZmVyJTNFJTNDJTJGc2NyaXB0JTNFJTBBJTNDZGl2JTIwY2xhc3MlM0QlMjJocy1mb3JtLWZyYW1lJTIyJTIwZGF0YS1yZWdpb24lM0QlMjJldTElMjIlMjBkYXRhLWZvcm0taWQlM0QlMjI5NDk0Zjk4ZS0yNDc4LTRhYzYtYjc0Ni04NDNhZjFmY2UwYWIlMjIlMjBkYXRhLXBvcnRhbC1pZCUzRCUyMjQ2NjMyNjElMjIlM0UlM0MlMkZkaXYlM0U=[\/vc_raw_js][\/vc_column][\/vc_row][vc_row full_width=&#8221;stretch_row&#8221; gap=&#8221;10&#8243; kd_background_image_position=&#8221;vc_row-bg-position-top&#8221; css=&#8221;.vc_custom_1765266792796{padding-top: 50px !important;background-color: #D5ECE9 !important;}&#8221;][vc_column width=&#8221;1\/2&#8243;][vc_single_image image=&#8221;33871&#8243; img_size=&#8221;full&#8221; css=&#8221;&#8221;][\/vc_column][vc_column width=&#8221;1\/2&#8243;]<header class=\"kd-section-title col-lg-12 text-center  subtitle-below-title    vc_custom_1765266595748\" ><h2 class=\"separator_off\" >Was erwartet Sie?<\/h2><\/header>[vc_column_text css=&#8221;&#8221;]<\/p>\n<ul>\n<li>Praktischer Leitfaden f\u00fcr Ihre Videokonsultationen<\/li>\n<li>Wichtige Grundlagen f\u00fcr den Umgang mit dieser neuen Behandlungsmethode<\/li>\n<li>Konkrete Vorteile der Telekonsultation<\/li>\n<li>Notwendige Informationen f\u00fcr die Auswahl der am besten geeigneten L\u00f6sung<\/li>\n<li>Tipps f\u00fcr effiziente und hochwertige Fernkonsultationen<\/li>\n<\/ul>\n<p>[\/vc_column_text][\/vc_column][\/vc_row][vc_row kd_background_image_position=&#8221;vc_row-bg-position-top&#8221; css=&#8221;.vc_custom_1765266630918{margin-top: 80px !important;margin-bottom: 80px !important;padding-top: 50px !important;padding-bottom: 50px !important;}&#8221;][vc_column]<header class=\"kd-section-title col-lg-12 text-center  subtitle-below-title   \" ><h2 class=\"separator_off\" >Warum die Telemedizin f\u00fcr Sie von Bedeutung ist<\/h2><\/header>[vc_column_text css=&#8221;.vc_custom_1765266617316{margin-right: 50px !important;margin-left: 50px !important;padding-right: 20px !important;padding-left: 20px !important;}&#8221;]<\/p>\n<p style=\"text-align: center;\">Telemedizin und Videosprechstunden spielen in der Schweiz eine wichtige Rolle. Sie <strong>verbessern den Zugang zur Gesundheitsversorgung<\/strong>, verk\u00fcrzen Wartezeiten und bieten eine hochwertige medizinische Betreuung, unabh\u00e4ngig vom Standort oder der Mobilit\u00e4t der Patienten.<\/p>\n<p style=\"text-align: center;\">Telekonsultationen erm\u00f6glichen eine schnelle Beurteilung, st\u00e4rken die Kontinuit\u00e4t der Versorgung und tragen zur Entlastung des Gesundheitssystems bei. Da sie in der Schweiz immer beliebter werden, <strong>riskiert man heute, eine wichtige Entwicklung im Gesundheitswesen zu verpassen<\/strong>, ineffiziente Prozesse zu nutzen und die Erwartungen der Patienten nicht mehr zu erf\u00fcllen, wenn man sich nicht daf\u00fcr interessiert.<\/p>\n<p>[\/vc_column_text][\/vc_column][\/vc_row][vc_row kd_background_image_position=&#8221;vc_row-bg-position-top&#8221;][vc_column][vc_toggle title=&#8221;Warum wird davon abgeraten, Google Meet, Teams, WhatsApp oder Zoom f\u00fcr Telekonsultationen zu verwenden?&#8221; css=&#8221;&#8221;]In der Schweiz unterliegt eine Telekonsultation denselben Verpflichtungen wie eine Konsultation in einer Praxis, n\u00e4mlich:<\/p>\n<ul>\n<li>Der Sorgfaltspflicht des Arztes (MedG)<\/li>\n<li>Der strikten Einhaltung der \u00e4rztlichen Schweigepflicht (Strafgesetzbuch)<\/li>\n<li>Der Einhaltung des Bundesgesetzes \u00fcber den Datenschutz (nDSG).<\/li>\n<\/ul>\n<p>Dies bedeutet, dass der gew\u00e4hlte Videokanal gew\u00e4hrleisten muss, dass <strong>nur befugte Personen Zugang zur Konsultation und zu den ausgetauschten Daten haben<\/strong>, was nicht das Hauptziel dieser Telekonsultationstools ist. Dar\u00fcber hinaus <strong>k\u00f6nnen die Daten \u00fcber Server ausserhalb der Schweiz \u00fcbertragen werden<\/strong>.[\/vc_toggle][vc_toggle title=&#8221;Ist dieser Leitfaden zur Telekonsultation wirklich kostenlos?&#8221; css=&#8221;&#8221;]<strong>Ja, dieser Leitfaden zur Telekonsultation ist v\u00f6llig kostenlos<\/strong> und unverbindlich. Sie k\u00f6nnen ihn kostenlos herunterladen, ohne versteckte Kosten oder zuk\u00fcnftige Verpflichtungen. Unser Ziel ist es lediglich, Ihnen n\u00fctzliche Ressourcen f\u00fcr Ihre T\u00e4tigkeit anzubieten![\/vc_toggle][vc_toggle title=&#8221;Warum muss ich die angeforderten Informationen angeben?&#8221; css=&#8221;&#8221;]Anhand dieser Informationen k\u00f6nnen wir Ihnen <strong>den Leitfaden direkt zusenden<\/strong> und Ihnen auf Wunsch relevante Inhalte anbieten, die f\u00fcr Ihre Praxis von Interesse sind. Ihre <strong>Daten werden streng vertraulich behandelt<\/strong> und ohne Ihre Zustimmung niemals weitergegeben.[\/vc_toggle][\/vc_column][\/vc_row][vc_row kd_background_image_position=&#8221;vc_row-bg-position-top&#8221; css=&#8221;.vc_custom_1765266949930{margin-top: 80px !important;margin-bottom: 80px !important;padding-top: 50px !important;padding-bottom: 50px !important;background-color: #012E27 !important;border-radius: 5px !important;}&#8221; css_tablet_landscape=&#8221;.vc_custom_1765266949930{padding-top: 80px !important;padding-bottom: 80px !important;}&#8221; css_tablet_portrait=&#8221;.vc_custom_1765266949930{padding-top: 50px !important;padding-bottom: 30px !important;}&#8221; css_mobile=&#8221;.vc_custom_1765266949930{padding-top: 50px !important;padding-bottom: 30px !important;}&#8221; top_section_title=&#8221;&#8221; bottom_section_title=&#8221;&#8221;][vc_column][vc_row_inner kd_background_image_position=&#8221;vc_row-bg-position-top&#8221; css=&#8221;.vc_custom_1765266875845{padding-top: 50px !important;padding-bottom: 50px !important;}&#8221;][vc_column_inner css_tablet_portrait=&#8221;.vc_custom_1598622609562{padding-right: 10px !important;padding-left: 10px !important;}&#8221;]<header class=\"kd-section-title col-lg-12 text-center  subtitle-below-title    vc_custom_1765266954216\" ><h2 class=\"separator_off\" style=\"color: #FFFFFF;\">Lernen Sie mehr \u00fcber die Telemedizin in diesem kostenlosen Dossier<\/h2><\/header><a  href=\"#top-page\"  class=\"tt_button tt_primary_button btn_primary_color hover_solid_secondary button-center button-scroll-to-section btn-smooth-scroll\" ><span class=\"prim_text\">Dossier herunterladen<\/span><\/a>[\/vc_column_inner][\/vc_row_inner][\/vc_column][\/vc_row][vc_row kd_background_image_position=&#8221;vc_row-bg-position-top&#8221;][vc_column][vc_separator css=&#8221;.vc_custom_1759742010538{padding-bottom: 50px !important;}&#8221;][vc_column_text css=&#8221;&#8221;]<\/p>\n<p class=\"vc_general wpb-copyright vc_custom_1758037594745 wpb_copyright_element wpb_copyright_element-align-center\" style=\"text-align: center;\">Copyright \u00a9 2025 OneDoc SA<\/p>\n<p>[\/vc_column_text][vc_raw_html css=&#8221;&#8221;]JTNDZGl2JTIwc3R5bGUlM0QlMjJtYXJnaW4lM0EwJTNCJTIwdGV4dC1hbGlnbiUzQWNlbnRlciUzQiUyMiUzRSUwQSUyMCUyMCUzQ3VsJTIwc3R5bGUlM0QlMjJsaXN0LXN0eWxlJTNBbm9uZSUzQiUyMHBhZGRpbmclM0EwJTNCJTIwbWFyZ2luJTNBMjBweCUyMGF1dG8lM0IlMjBkaXNwbGF5JTNBaW5saW5lLWJsb2NrJTNCJTIyJTNFJTBBJTIwJTIwJTIwJTIwJTNDbGklMjBzdHlsZSUzRCUyMmRpc3BsYXklM0FpbmxpbmUlM0IlMjBtYXJnaW4lM0EwJTIwMTVweCUzQiUyMiUzRSUwQSUyMCUyMCUyMCUyMCUyMCUyMCUzQ2ElMjBzdHlsZSUzRCUyMmNvbG9yJTNBJTIwJTIzMGYxYTFhJTNCJTIyJTIwaHJlZiUzRCUyMmh0dHBzJTNBJTJGJTJGaW5mby5vbmVkb2MuY2glMkZkZSUyRnZlcndhbHR1bmctZGVyLWNvb2tpZXMlMkYlMjIlM0VDb29raWVzJTIwUmljaHRsaW5pZW4lM0MlMkZhJTNFJTBBJTIwJTIwJTIwJTIwJTNDJTJGbGklM0UlMEElMjAlMjAlMjAlMjAlM0NsaSUyMHN0eWxlJTNEJTIyZGlzcGxheSUzQWlubGluZSUzQiUyMG1hcmdpbiUzQTAlMjAxNXB4JTNCJTIyJTNFJTBBJTIwJTIwJTIwJTIwJTIwJTIwJTNDYSUyMHN0eWxlJTNEJTIyY29sb3IlM0ElMjAlMjMwZjFhMWElM0IlMjIlMjBocmVmJTNEJTIyaHR0cHMlM0ElMkYlMkZwcml2YWN5Lm9uZWRvYy5jaCUyRmRlJTIyJTNFRGF0ZW5zY2h1dHp6ZW50cnVtJTNDJTJGYSUzRSUwQSUyMCUyMCUyMCUyMCUzQyUyRmxpJTNFJTBBJTIwJTIwJTIwJTIwJTNDbGklMjBzdHlsZSUzRCUyMmRpc3BsYXklM0FpbmxpbmUlM0IlMjBtYXJnaW4lM0EwJTIwMTVweCUzQiUyMiUzRSUwQSUyMCUyMCUyMCUyMCUyMCUyMCUzQ2ElMjBzdHlsZSUzRCUyMmNvbG9yJTNBJTIwJTIzMGYxYTFhJTNCJTIyJTIwaHJlZiUzRCUyMmphdmFzY3JpcHQlM0FEaWRvbWkucHJlZmVyZW5jZXMuc2hvdyUyOCUyOSUyMiUzRVZlcndhbHR1bmclMjBkZXIlMjBFaW53aWxsaWd1bmclM0MlMkZhJTNFJTBBJTIwJTIwJTIwJTIwJTNDJTJGbGklM0UlMEElMjAlMjAlM0MlMkZ1bCUzRSUwQSUzQyUyRmRpdiUzRQ==[\/vc_raw_html][\/vc_column][\/vc_row]<\/p>\n<\/div>","protected":false},"excerpt":{"rendered":"<p>[vc_row kd_background_image_position=&#8221;vc_row-bg-position-top&#8221; css=&#8221;.vc_custom_1765265806110{padding-top: 15px !important;padding-right: 8px !important;padding-bottom: 15px !important;padding-left: 8px !important;background-color: #FFFFFF [&hellip;]<\/p>\n","protected":false},"author":2,"featured_media":0,"parent":0,"menu_order":0,"comment_status":"closed","ping_status":"closed","template":"","meta":{"footnotes":""},"class_list":["post-27797","page","type-page","status-publish","hentry"],"yoast_head":"<!-- This site is optimized with the Yoast SEO Premium plugin v27.2 (Yoast SEO v27.5) - https:\/\/yoast.com\/product\/yoast-seo-premium-wordpress\/ -->\n<title>Der Leitfaden zur Videosprechstunde in der Schweiz \u2013 OneDoc Pro<\/title>\n<meta name=\"description\" content=\"Vorteile, Wahl der L\u00f6sung, Datensicherheit \u2026 Erfahren Sie in diesem Leitfaden alles, was Sie \u00fcber Telekonsultationen in der Schweiz wissen m\u00fcssen.\" \/>\n<meta name=\"robots\" content=\"index, nofollow, max-snippet:-1, max-image-preview:large, max-video-preview:-1\" \/>\n<link rel=\"canonical\" href=\"https:\/\/info.onedoc.ch\/de\/leiftaden-videosprechstunde\/\" \/>\n<meta property=\"og:locale\" content=\"de_DE\" \/>\n<meta property=\"og:type\" content=\"article\" \/>\n<meta property=\"og:title\" content=\"Der Leitfaden zur Videosprechstunde in der Schweiz \u2013 OneDoc Pro\" \/>\n<meta property=\"og:description\" content=\"Vorteile, Wahl der L\u00f6sung, Datensicherheit \u2026 Erfahren Sie in diesem Leitfaden alles, was Sie \u00fcber Telekonsultationen in der Schweiz wissen m\u00fcssen.\" \/>\n<meta property=\"og:url\" content=\"https:\/\/info.onedoc.ch\/de\/leiftaden-videosprechstunde\/\" \/>\n<meta property=\"og:site_name\" content=\"OneDoc Pro\" \/>\n<meta property=\"article:publisher\" content=\"https:\/\/www.facebook.com\/onedoc.ch\/\" \/>\n<meta property=\"article:modified_time\" content=\"2025-12-09T07:55:57+00:00\" \/>\n<meta name=\"twitter:card\" content=\"summary_large_image\" \/>\n<meta name=\"twitter:title\" content=\"Der Leitfaden zur Videosprechstunde in der Schweiz \u2013 OneDoc Pro\" \/>\n<meta name=\"twitter:description\" content=\"Vorteile, Wahl der L\u00f6sung, Datensicherheit \u2026 Erfahren Sie in diesem Leitfaden alles, was Sie \u00fcber Telekonsultationen in der Schweiz wissen m\u00fcssen.\" \/>\n<meta name=\"twitter:site\" content=\"@onedoc_ch\" \/>\n<meta name=\"twitter:label1\" content=\"Gesch\u00e4tzte Lesezeit\" \/>\n\t<meta name=\"twitter:data1\" content=\"4\u00a0Minute\" \/>\n<script type=\"application\/ld+json\" class=\"yoast-schema-graph\">{\"@context\":\"https:\\\/\\\/schema.org\",\"@graph\":[{\"@type\":\"WebPage\",\"@id\":\"https:\\\/\\\/info.onedoc.ch\\\/de\\\/leiftaden-videosprechstunde\\\/\",\"url\":\"https:\\\/\\\/info.onedoc.ch\\\/de\\\/leiftaden-videosprechstunde\\\/\",\"name\":\"Der Leitfaden zur Videosprechstunde in der Schweiz \u2013 OneDoc Pro\",\"isPartOf\":{\"@id\":\"https:\\\/\\\/info.onedoc.ch\\\/de\\\/#website\"},\"datePublished\":\"2025-09-10T13:57:28+00:00\",\"dateModified\":\"2025-12-09T07:55:57+00:00\",\"description\":\"Vorteile, Wahl der L\u00f6sung, Datensicherheit \u2026 Erfahren Sie in diesem Leitfaden alles, was Sie \u00fcber Telekonsultationen in der Schweiz wissen m\u00fcssen.\",\"inLanguage\":\"de-CH\",\"potentialAction\":[{\"@type\":\"ReadAction\",\"target\":[\"https:\\\/\\\/info.onedoc.ch\\\/de\\\/leiftaden-videosprechstunde\\\/\"]}]},{\"@type\":\"WebSite\",\"@id\":\"https:\\\/\\\/info.onedoc.ch\\\/de\\\/#website\",\"url\":\"https:\\\/\\\/info.onedoc.ch\\\/de\\\/\",\"name\":\"OneDoc Pro - Moins d\u2019administratif, plus de temps pour vos patients\",\"description\":\"L&#039;alli\u00e9 des professionnels de sant\u00e9 suisses au quotidien\",\"publisher\":{\"@id\":\"https:\\\/\\\/info.onedoc.ch\\\/de\\\/#organization\"},\"alternateName\":\"OneDoc Pro\",\"potentialAction\":[{\"@type\":\"SearchAction\",\"target\":{\"@type\":\"EntryPoint\",\"urlTemplate\":\"https:\\\/\\\/info.onedoc.ch\\\/de\\\/?s={search_term_string}\"},\"query-input\":{\"@type\":\"PropertyValueSpecification\",\"valueRequired\":true,\"valueName\":\"search_term_string\"}}],\"inLanguage\":\"de-CH\"},{\"@type\":\"Organization\",\"@id\":\"https:\\\/\\\/info.onedoc.ch\\\/de\\\/#organization\",\"name\":\"OneDoc\",\"alternateName\":\"OneDoc.ch\",\"url\":\"https:\\\/\\\/info.onedoc.ch\\\/de\\\/\",\"logo\":{\"@type\":\"ImageObject\",\"inLanguage\":\"de-CH\",\"@id\":\"https:\\\/\\\/info.onedoc.ch\\\/de\\\/#\\\/schema\\\/logo\\\/image\\\/\",\"url\":\"https:\\\/\\\/info.onedoc.ch\\\/wp-content\\\/uploads\\\/2025\\\/06\\\/doki-logo.png\",\"contentUrl\":\"https:\\\/\\\/info.onedoc.ch\\\/wp-content\\\/uploads\\\/2025\\\/06\\\/doki-logo.png\",\"width\":2134,\"height\":2134,\"caption\":\"OneDoc\"},\"image\":{\"@id\":\"https:\\\/\\\/info.onedoc.ch\\\/de\\\/#\\\/schema\\\/logo\\\/image\\\/\"},\"sameAs\":[\"https:\\\/\\\/www.facebook.com\\\/onedoc.ch\\\/\",\"https:\\\/\\\/x.com\\\/onedoc_ch\",\"https:\\\/\\\/www.instagram.com\\\/onedoc.ch\\\/\",\"https:\\\/\\\/www.linkedin.com\\\/company\\\/onedoc.ch\\\/\",\"https:\\\/\\\/www.youtube.com\\\/channel\\\/UCWnlE63em_m8ZioBA5n8Z6w\"],\"description\":\"OneDoc est la plateforme leader en Suisse pour la r\u00e9servation de rendez-vous m\u00e9dicaux. Les patients peuvent rechercher des milliers de professionnels de la sant\u00e9 suisses (m\u00e9decins, dentistes et th\u00e9rapeutes) et r\u00e9server un rendez-vous sur place ou une consultation vid\u00e9o en quelques clics, 24 heures sur 24.\",\"legalName\":\"OneDoc SA\",\"foundingDate\":\"2016-12-31\",\"numberOfEmployees\":{\"@type\":\"QuantitativeValue\",\"minValue\":\"51\",\"maxValue\":\"200\"}}]}<\/script>\n<!-- \/ Yoast SEO Premium plugin. -->","yoast_head_json":{"title":"Der Leitfaden zur Videosprechstunde in der Schweiz \u2013 OneDoc Pro","description":"Vorteile, Wahl der L\u00f6sung, Datensicherheit \u2026 Erfahren Sie in diesem Leitfaden alles, was Sie \u00fcber Telekonsultationen in der Schweiz wissen m\u00fcssen.","robots":{"index":"index","follow":"nofollow","max-snippet":"max-snippet:-1","max-image-preview":"max-image-preview:large","max-video-preview":"max-video-preview:-1"},"canonical":"https:\/\/info.onedoc.ch\/de\/leiftaden-videosprechstunde\/","og_locale":"de_DE","og_type":"article","og_title":"Der Leitfaden zur Videosprechstunde in der Schweiz \u2013 OneDoc Pro","og_description":"Vorteile, Wahl der L\u00f6sung, Datensicherheit \u2026 Erfahren Sie in diesem Leitfaden alles, was Sie \u00fcber Telekonsultationen in der Schweiz wissen m\u00fcssen.","og_url":"https:\/\/info.onedoc.ch\/de\/leiftaden-videosprechstunde\/","og_site_name":"OneDoc Pro","article_publisher":"https:\/\/www.facebook.com\/onedoc.ch\/","article_modified_time":"2025-12-09T07:55:57+00:00","twitter_card":"summary_large_image","twitter_title":"Der Leitfaden zur Videosprechstunde in der Schweiz \u2013 OneDoc Pro","twitter_description":"Vorteile, Wahl der L\u00f6sung, Datensicherheit \u2026 Erfahren Sie in diesem Leitfaden alles, was Sie \u00fcber Telekonsultationen in der Schweiz wissen m\u00fcssen.","twitter_site":"@onedoc_ch","twitter_misc":{"Gesch\u00e4tzte Lesezeit":"4\u00a0Minute"},"schema":{"@context":"https:\/\/schema.org","@graph":[{"@type":"WebPage","@id":"https:\/\/info.onedoc.ch\/de\/leiftaden-videosprechstunde\/","url":"https:\/\/info.onedoc.ch\/de\/leiftaden-videosprechstunde\/","name":"Der Leitfaden zur Videosprechstunde in der Schweiz \u2013 OneDoc Pro","isPartOf":{"@id":"https:\/\/info.onedoc.ch\/de\/#website"},"datePublished":"2025-09-10T13:57:28+00:00","dateModified":"2025-12-09T07:55:57+00:00","description":"Vorteile, Wahl der L\u00f6sung, Datensicherheit \u2026 Erfahren Sie in diesem Leitfaden alles, was Sie \u00fcber Telekonsultationen in der Schweiz wissen m\u00fcssen.","inLanguage":"de-CH","potentialAction":[{"@type":"ReadAction","target":["https:\/\/info.onedoc.ch\/de\/leiftaden-videosprechstunde\/"]}]},{"@type":"WebSite","@id":"https:\/\/info.onedoc.ch\/de\/#website","url":"https:\/\/info.onedoc.ch\/de\/","name":"OneDoc Pro - Moins d\u2019administratif, plus de temps pour vos patients","description":"L&#039;alli\u00e9 des professionnels de sant\u00e9 suisses au quotidien","publisher":{"@id":"https:\/\/info.onedoc.ch\/de\/#organization"},"alternateName":"OneDoc Pro","potentialAction":[{"@type":"SearchAction","target":{"@type":"EntryPoint","urlTemplate":"https:\/\/info.onedoc.ch\/de\/?s={search_term_string}"},"query-input":{"@type":"PropertyValueSpecification","valueRequired":true,"valueName":"search_term_string"}}],"inLanguage":"de-CH"},{"@type":"Organization","@id":"https:\/\/info.onedoc.ch\/de\/#organization","name":"OneDoc","alternateName":"OneDoc.ch","url":"https:\/\/info.onedoc.ch\/de\/","logo":{"@type":"ImageObject","inLanguage":"de-CH","@id":"https:\/\/info.onedoc.ch\/de\/#\/schema\/logo\/image\/","url":"https:\/\/info.onedoc.ch\/wp-content\/uploads\/2025\/06\/doki-logo.png","contentUrl":"https:\/\/info.onedoc.ch\/wp-content\/uploads\/2025\/06\/doki-logo.png","width":2134,"height":2134,"caption":"OneDoc"},"image":{"@id":"https:\/\/info.onedoc.ch\/de\/#\/schema\/logo\/image\/"},"sameAs":["https:\/\/www.facebook.com\/onedoc.ch\/","https:\/\/x.com\/onedoc_ch","https:\/\/www.instagram.com\/onedoc.ch\/","https:\/\/www.linkedin.com\/company\/onedoc.ch\/","https:\/\/www.youtube.com\/channel\/UCWnlE63em_m8ZioBA5n8Z6w"],"description":"OneDoc est la plateforme leader en Suisse pour la r\u00e9servation de rendez-vous m\u00e9dicaux. Les patients peuvent rechercher des milliers de professionnels de la sant\u00e9 suisses (m\u00e9decins, dentistes et th\u00e9rapeutes) et r\u00e9server un rendez-vous sur place ou une consultation vid\u00e9o en quelques clics, 24 heures sur 24.","legalName":"OneDoc SA","foundingDate":"2016-12-31","numberOfEmployees":{"@type":"QuantitativeValue","minValue":"51","maxValue":"200"}}]}},"_links":{"self":[{"href":"https:\/\/info.onedoc.ch\/de\/wp-json\/wp\/v2\/pages\/27797","targetHints":{"allow":["GET"]}}],"collection":[{"href":"https:\/\/info.onedoc.ch\/de\/wp-json\/wp\/v2\/pages"}],"about":[{"href":"https:\/\/info.onedoc.ch\/de\/wp-json\/wp\/v2\/types\/page"}],"author":[{"embeddable":true,"href":"https:\/\/info.onedoc.ch\/de\/wp-json\/wp\/v2\/users\/2"}],"replies":[{"embeddable":true,"href":"https:\/\/info.onedoc.ch\/de\/wp-json\/wp\/v2\/comments?post=27797"}],"version-history":[{"count":37,"href":"https:\/\/info.onedoc.ch\/de\/wp-json\/wp\/v2\/pages\/27797\/revisions"}],"predecessor-version":[{"id":33886,"href":"https:\/\/info.onedoc.ch\/de\/wp-json\/wp\/v2\/pages\/27797\/revisions\/33886"}],"wp:attachment":[{"href":"https:\/\/info.onedoc.ch\/de\/wp-json\/wp\/v2\/media?parent=27797"}],"curies":[{"name":"wp","href":"https:\/\/api.w.org\/{rel}","templated":true}]}}