{"id":22956,"date":"2025-08-12T07:06:41","date_gmt":"2025-08-12T05:06:41","guid":{"rendered":"https:\/\/info.1doc.ch\/politique-cookies\/"},"modified":"2025-08-25T11:49:43","modified_gmt":"2025-08-25T09:49:43","slug":"verwaltung-der-cookies","status":"publish","type":"page","link":"https:\/\/info.onedoc.ch\/de\/verwaltung-der-cookies\/","title":{"rendered":"Verwaltung der Cookies"},"content":{"rendered":"<div class=\"wpb-content-wrapper\"><p>[vc_row gap=&#8221;30&#8243; kd_background_image_position=&#8221;vc_row-bg-position-top&#8221; css=&#8221;.vc_custom_1753103330024{padding-top: 100px !important;}&#8221; css_tablet_portrait=&#8221;.vc_custom_1753103330024{padding-top: 0px !important;padding-right: 0px !important;padding-left: 0px !important;}&#8221; css_mobile=&#8221;.vc_custom_1753103330024{padding-top: 0px !important;padding-right: 0px !important;padding-bottom: 0px !important;padding-left: 0px !important;}&#8221;][vc_column css_tablet_portrait=&#8221;.vc_custom_1752046134800{padding-top: 0px !important;padding-right: 0px !important;padding-left: 0px !important;}&#8221; css_mobile=&#8221;.vc_custom_1752046134800{padding-top: 0px !important;padding-right: 0px !important;padding-left: 0px !important;}&#8221;]<div  class=\"breadcrumbs breadcrumbs-shortcode bcn-left\" typeof=\"BreadcrumbList\" vocab=\"https:\/\/schema.org\/\" ><span property=\"itemListElement\" typeof=\"ListItem\"><a property=\"item\" typeof=\"WebPage\" title=\"Gehe zu OneDoc Pro.\" href=\"https:\/\/info.onedoc.ch\/de\/\" class=\"home\" ><span property=\"name\">OneDoc Pro<\/span><\/a><meta property=\"position\" content=\"1\"><\/span> &gt; <span property=\"itemListElement\" typeof=\"ListItem\"><a property=\"item\" typeof=\"WebPage\" title=\"Gehe zu Blog.\" href=\"https:\/\/info.onedoc.ch\/de\/blog\/\" class=\"post-root post post-post\" aria-current=\"page\"><span property=\"name\">Blog<\/span><\/a><meta property=\"position\" content=\"2\"><\/span><\/div>[\/vc_column][\/vc_row][vc_row gap=&#8221;30&#8243; kd_background_image_position=&#8221;vc_row-bg-position-top&#8221; css_tablet_portrait=&#8221;.vc_custom_1753104252986{padding-top: 0px !important;padding-right: 0px !important;padding-bottom: 40px !important;padding-left: 0px !important;}&#8221; css_mobile=&#8221;.vc_custom_1753104252987{padding-top: 0px !important;padding-right: 0px !important;padding-bottom: 40px !important;padding-left: 0px !important;}&#8221; css=&#8221;.vc_custom_1753104252986{padding-bottom: 50px !important;}&#8221;][vc_column css_tablet_portrait=&#8221;.vc_custom_1752046134800{padding-top: 0px !important;padding-right: 0px !important;padding-left: 0px !important;}&#8221; css_mobile=&#8221;.vc_custom_1752046134800{padding-top: 0px !important;padding-right: 0px !important;padding-left: 0px !important;}&#8221;]<header class=\"kd-section-title col-lg-12 text-center  subtitle-below-title  no-padding-on-mobile \" ><h1 class=\"separator_off\" >Cookie-Richtlinie der Website info.onedoc.ch<\/h1><\/header><header class=\"kd-section-title col-lg-8 vc_col-sm-8 text-center  subtitle-below-title  no-padding-on-mobile \" ><p class=\"separator_off\" >Aktualisierungsdatum: 12. August 2025<\/p><\/header>[\/vc_column][\/vc_row][vc_row full_width=&#8221;stretch_row&#8221; gap=&#8221;30&#8243; content_placement=&#8221;middle&#8221; kd_background_image_position=&#8221;vc_row-bg-position-top&#8221; css=&#8221;.vc_custom_1753104570534{padding-top: 80px !important;padding-bottom: 160px !important;}&#8221; css_tablet_landscape=&#8221;.vc_custom_1753104570534{padding-top: 80px !important;padding-bottom: 160px !important;}&#8221; css_mobile=&#8221;.vc_custom_1753104570534{padding-top: 40px !important;padding-bottom: 80px !important;}&#8221; css_tablet_portrait=&#8221;.vc_custom_1753104570534{padding-top: 40px !important;padding-bottom: 80px !important;}&#8221;][vc_column][vc_row_inner content_placement=&#8221;middle&#8221; kd_background_image_position=&#8221;vc_row-bg-position-top&#8221; css=&#8221;.vc_custom_1752761323490{padding-top: 60px !important;padding-bottom: 60px !important;background-color: #39121200 !important;border-color: #FF2F2F00 !important;}&#8221;][vc_column_inner offset=&#8221;vc_col-lg-offset-0 vc_col-lg-12 vc_col-md-offset-0 vc_col-md-12 vc_col-sm-offset-0 vc_col-xs-12&#8243; css_tablet_portrait=&#8221;.vc_custom_1754982565538{padding-top: 0px !important;padding-right: 0px !important;padding-bottom: 0px !important;padding-left: 0px !important;}&#8221; css_mobile=&#8221;.vc_custom_1754982565538{padding-top: 0px !important;padding-right: 0px !important;padding-bottom: 50px !important;padding-left: 0px !important;}&#8221; css_tablet_landscape=&#8221;.vc_custom_1754982565538{padding-bottom: 0px !important;}&#8221;]<header class=\"kd-section-title col-lg-12 text-left  subtitle-below-title   \" ><h6 class=\"separator_off\" style=\"margin-bottom:30px;\">1. Gegenstand dieser Richtlinie<\/h6><\/header>[vc_column_text css=&#8221;&#8221;]Die vorliegende Richtlinie informiert Sie \u00fcber die Verwendung von Cookies und anderen Trackern beim Surfen auf der Website info.onedoc.ch, die von OneDoc SA herausgegeben wird und sich an Fachleute im Gesundheitswesen richtet.<\/p>\n<p>Wir beschreiben darin:<\/p>\n<ul>\n<li>Was sind Cookies und Tracer<\/li>\n<li>Die Zwecke f\u00fcr die wir sie verwenden verwenden.<\/li>\n<li>Die Ihnen zur Verf\u00fcgung stehenden Mittel, um diese zu akzeptieren, abzulehnen oder zu konfigurieren.<\/li>\n<\/ul>\n<p>Wir halten uns an das Bundesgesetz \u00fcber den Datenschutz (DSG), die Datenschutzverordnung (OCPD \/ VSDZ) sowie die Datenschutz-Grundverordnung (DSGVO), sofern diese anwendbar ist.[\/vc_column_text][\/vc_column_inner][\/vc_row_inner][vc_row_inner content_placement=&#8221;middle&#8221; kd_background_image_position=&#8221;vc_row-bg-position-top&#8221; css=&#8221;.vc_custom_1752761323490{padding-top: 60px !important;padding-bottom: 60px !important;background-color: #39121200 !important;border-color: #FF2F2F00 !important;}&#8221;][vc_column_inner offset=&#8221;vc_col-lg-offset-0 vc_col-lg-12 vc_col-md-offset-0 vc_col-md-12 vc_col-sm-offset-0 vc_col-xs-12&#8243; css_tablet_portrait=&#8221;.vc_custom_1754982565538{padding-top: 0px !important;padding-right: 0px !important;padding-bottom: 0px !important;padding-left: 0px !important;}&#8221; css_mobile=&#8221;.vc_custom_1754982565538{padding-top: 0px !important;padding-right: 0px !important;padding-bottom: 50px !important;padding-left: 0px !important;}&#8221; css_tablet_landscape=&#8221;.vc_custom_1754982565538{padding-bottom: 0px !important;}&#8221;]<header class=\"kd-section-title col-lg-12 text-left  subtitle-below-title   \" ><h6 class=\"separator_off\" style=\"margin-bottom:30px;\">2. Was ist ein Cookie oder ein Tracker?<\/h6><\/header>[vc_column_text css=&#8221;&#8221;]Ein Cookie ist eine kleine Textdatei, die beim Besuch einer Website gespeichert und gelesen wird, unabh\u00e4ngig vom verwendeten Endger\u00e4t (Computer, Smartphone, Tablet).<\/p>\n<p>Andere Technologien k\u00f6nnen \u00e4hnliche Funktionen erf\u00fcllen, wie Pixel, Tags oder lokale Speicher (Local Storage \/ Session Storage).[\/vc_column_text][\/vc_column_inner][\/vc_row_inner][vc_row_inner content_placement=&#8221;middle&#8221; kd_background_image_position=&#8221;vc_row-bg-position-top&#8221; css=&#8221;.vc_custom_1752761323490{padding-top: 60px !important;padding-bottom: 60px !important;background-color: #39121200 !important;border-color: #FF2F2F00 !important;}&#8221;][vc_column_inner offset=&#8221;vc_col-lg-offset-0 vc_col-lg-12 vc_col-md-offset-0 vc_col-md-12 vc_col-sm-offset-0 vc_col-xs-12&#8243; css_tablet_portrait=&#8221;.vc_custom_1754982565538{padding-top: 0px !important;padding-right: 0px !important;padding-bottom: 0px !important;padding-left: 0px !important;}&#8221; css_mobile=&#8221;.vc_custom_1754982565538{padding-top: 0px !important;padding-right: 0px !important;padding-bottom: 50px !important;padding-left: 0px !important;}&#8221; css_tablet_landscape=&#8221;.vc_custom_1754982565538{padding-bottom: 0px !important;}&#8221;]<header class=\"kd-section-title col-lg-12 text-left  subtitle-below-title   \" ><h6 class=\"separator_off\" style=\"margin-bottom:30px;\">3. Welche Arten von Cookies verwenden wir?<\/h6><\/header>[vc_column_text css=&#8221;&#8221;]Wir verwenden verschiedene Arten von Cookies und Trackern:<\/p>\n<p>&nbsp;<\/p>\n<table>\n<tbody>\n<tr>\n<th>Kategorie<\/th>\n<th>Beschreibung<\/th>\n<th>Beispiele f\u00fcr genutzte Dienste<\/th>\n<\/tr>\n<tr>\n<td>Unbedingt erforderliche Cookies<\/td>\n<td>Unverzichtbar f\u00fcr das Funktionieren der Website oder die Bereitstellung einer von Ihnen angeforderten Dienstleistung.<\/td>\n<td>Verwaltung der Spracheinstellungen, Verwaltung der Einwilligung.<\/td>\n<\/tr>\n<tr>\n<td>Analytische Cookies<\/td>\n<td>Messen die Besucherzahlen, erfassen die Navigation der Nutzer mit dem Ziel, unsere Dienstleistungen zu verbessern.<\/td>\n<td>Google Analytics, interne Metriken OneDoc.<\/td>\n<\/tr>\n<tr>\n<td>Marketing-\/Werbe-Cookies<\/td>\n<td>Personalisieren Werbeinhalte und messen die Wirksamkeit unserer Kampagnen.<\/td>\n<td>Google Ads, Meta Ads, LinkedIn Ads, HubSpot.<\/td>\n<\/tr>\n<\/tbody>\n<\/table>\n<p>[\/vc_column_text][\/vc_column_inner][\/vc_row_inner][vc_row_inner content_placement=&#8221;middle&#8221; kd_background_image_position=&#8221;vc_row-bg-position-top&#8221; css=&#8221;.vc_custom_1752761323490{padding-top: 60px !important;padding-bottom: 60px !important;background-color: #39121200 !important;border-color: #FF2F2F00 !important;}&#8221;][vc_column_inner offset=&#8221;vc_col-lg-offset-0 vc_col-lg-12 vc_col-md-offset-0 vc_col-md-12 vc_col-sm-offset-0 vc_col-xs-12&#8243; css_tablet_portrait=&#8221;.vc_custom_1754982565538{padding-top: 0px !important;padding-right: 0px !important;padding-bottom: 0px !important;padding-left: 0px !important;}&#8221; css_mobile=&#8221;.vc_custom_1754982565538{padding-top: 0px !important;padding-right: 0px !important;padding-bottom: 50px !important;padding-left: 0px !important;}&#8221; css_tablet_landscape=&#8221;.vc_custom_1754982565538{padding-bottom: 0px !important;}&#8221;]<header class=\"kd-section-title col-lg-12 text-left  subtitle-below-title   \" ><h6 class=\"separator_off\" style=\"margin-bottom:30px;\">4. Liste der verwendeten Cookies und Tracker<\/h6><\/header>[vc_column_text css=&#8221;&#8221;]Wir verwenden verschiedene Arten von Cookies und Trackern:<\/p>\n<table>\n<thead>\n<tr>\n<th>Name des Cookies und Partner<\/th>\n<th>Zweck<\/th>\n<th>Speicherdauer<\/th>\n<\/tr>\n<\/thead>\n<tbody>\n<tr>\n<td>_ga_# (Google Analytics)<\/td>\n<td>Statistiken<\/td>\n<td>13 Monate<\/td>\n<\/tr>\n<tr>\n<td>_ga (Google Analytics)<\/td>\n<td>Statistiken<\/td>\n<td>13 Monate<\/td>\n<\/tr>\n<tr>\n<td>FPID (OneDoc Metrics)<\/td>\n<td>Statistiken<\/td>\n<td>24 Monate<\/td>\n<\/tr>\n<tr>\n<td>FPLC (OneDoc Metrics)<\/td>\n<td>Statistiken<\/td>\n<td>1 Tag<\/td>\n<\/tr>\n<tr>\n<td>FPAU (OneDoc Metrics)<\/td>\n<td>Statistiken<\/td>\n<td>3 Monate<\/td>\n<\/tr>\n<tr>\n<td>euconsent (Didomi)<\/td>\n<td>Verwaltung der Einwilligung<\/td>\n<td>13 Monate<\/td>\n<\/tr>\n<tr>\n<td>didomi_dcs (Didomi)<\/td>\n<td>Einwilligungsverwaltung<\/td>\n<td>13 Monate<\/td>\n<\/tr>\n<tr>\n<td>forms-eu1.hsforms.com_\/embed\/v3\/coun (HubSpot)<\/td>\n<td>Formulare<\/td>\n<td>Sitzung \/ unbekannt<\/td>\n<\/tr>\n<tr>\n<td>__cf_bm (HubSpot)<\/td>\n<td>Sicherheit<\/td>\n<td>0 Tage<\/td>\n<\/tr>\n<tr>\n<td>_cfuvid (HubSpot)<\/td>\n<td>Sicherheit<\/td>\n<td>Sitzung \/ unbekannt<\/td>\n<\/tr>\n<tr>\n<td>wp-wpml_current_language (OneDocINFO)<\/td>\n<td>Spracheinstellungen<\/td>\n<td>Sitzung \/ unbekannt<\/td>\n<\/tr>\n<tr>\n<td>didomi_dcs (OneDocINFO)<\/td>\n<td>Einwilligungsverwaltung<\/td>\n<td>Sitzung \/ unbekannt<\/td>\n<\/tr>\n<tr>\n<td>euconsent (OneDocINFO)<\/td>\n<td>Verwaltung der Einwilligung<\/td>\n<td>Sitzung \/ unbekannt<\/td>\n<\/tr>\n<\/tbody>\n<\/table>\n<p>[\/vc_column_text][\/vc_column_inner][\/vc_row_inner][vc_row_inner content_placement=&#8221;middle&#8221; kd_background_image_position=&#8221;vc_row-bg-position-top&#8221; css=&#8221;.vc_custom_1752761323490{padding-top: 60px !important;padding-bottom: 60px !important;background-color: #39121200 !important;border-color: #FF2F2F00 !important;}&#8221;][vc_column_inner offset=&#8221;vc_col-lg-offset-0 vc_col-lg-12 vc_col-md-offset-0 vc_col-md-12 vc_col-sm-offset-0 vc_col-xs-12&#8243; css_tablet_portrait=&#8221;.vc_custom_1754982565538{padding-top: 0px !important;padding-right: 0px !important;padding-bottom: 0px !important;padding-left: 0px !important;}&#8221; css_mobile=&#8221;.vc_custom_1754982565538{padding-top: 0px !important;padding-right: 0px !important;padding-bottom: 50px !important;padding-left: 0px !important;}&#8221; css_tablet_landscape=&#8221;.vc_custom_1754982565538{padding-bottom: 0px !important;}&#8221;]<header class=\"kd-section-title col-lg-12 text-left  subtitle-below-title   \" ><h6 class=\"separator_off\" style=\"margin-bottom:30px;\">5. Werbe- und Analysepartner<\/h6><\/header>[vc_column_text css=&#8221;&#8221;]Auch wenn einige Partner keine Cookies in Ihrem Browser ablegen (z. B. bei einer serverseitigen Konfiguration), kann es dennoch zu einer Datenverarbeitung kommen.<\/p>\n<p>Wir arbeiten insbesondere mit folgenden Unternehmen zusammen:<\/p>\n<ul>\n<li>Google Analytics (Besucherstatistik)<\/li>\n<li>Google Ads (Werbung und Remarketing)<\/li>\n<li>Meta Ads (Facebook, Instagram) (Werbung und Remarketing)<\/li>\n<li>LinkedIn Ads (B2B-Werbung)<\/li>\n<\/ul>\n<p>[\/vc_column_text][\/vc_column_inner][\/vc_row_inner][vc_row_inner content_placement=&#8221;middle&#8221; kd_background_image_position=&#8221;vc_row-bg-position-top&#8221; css=&#8221;.vc_custom_1752761323490{padding-top: 60px !important;padding-bottom: 60px !important;background-color: #39121200 !important;border-color: #FF2F2F00 !important;}&#8221;][vc_column_inner offset=&#8221;vc_col-lg-offset-0 vc_col-lg-12 vc_col-md-offset-0 vc_col-md-12 vc_col-sm-offset-0 vc_col-xs-12&#8243; css_tablet_portrait=&#8221;.vc_custom_1754982565538{padding-top: 0px !important;padding-right: 0px !important;padding-bottom: 0px !important;padding-left: 0px !important;}&#8221; css_mobile=&#8221;.vc_custom_1754982565538{padding-top: 0px !important;padding-right: 0px !important;padding-bottom: 50px !important;padding-left: 0px !important;}&#8221; css_tablet_landscape=&#8221;.vc_custom_1754982565538{padding-bottom: 0px !important;}&#8221;]<header class=\"kd-section-title col-lg-12 text-left  subtitle-below-title   \" ><h6 class=\"separator_off\" style=\"margin-bottom:30px;\">6. Verwaltung Ihrer Einstellungen<\/h6><\/header>[vc_column_text css=&#8221;&#8221;]Sie k\u00f6nnen Ihre Einstellungen jederzeit \u00fcber unser Cookie-Banner oder durch Klicken auf \u201eCookie-Einstellungen\u201d unten auf der Seite verwalten. Sie k\u00f6nnen auch:<\/p>\n<ul>\n<li>Konfigurieren Sie Ihren Browser so, dass Cookies blockiert oder gel\u00f6scht werden.<\/li>\n<li>Widerrufen Sie Ihre Einwilligung \u00fcber unser Didomi-Tool.<\/li>\n<\/ul>\n<p>[\/vc_column_text][\/vc_column_inner][\/vc_row_inner][vc_row_inner content_placement=&#8221;middle&#8221; kd_background_image_position=&#8221;vc_row-bg-position-top&#8221; css=&#8221;.vc_custom_1752761323490{padding-top: 60px !important;padding-bottom: 60px !important;background-color: #39121200 !important;border-color: #FF2F2F00 !important;}&#8221;][vc_column_inner offset=&#8221;vc_col-lg-offset-0 vc_col-lg-12 vc_col-md-offset-0 vc_col-md-12 vc_col-sm-offset-0 vc_col-xs-12&#8243; css_tablet_portrait=&#8221;.vc_custom_1754982565538{padding-top: 0px !important;padding-right: 0px !important;padding-bottom: 0px !important;padding-left: 0px !important;}&#8221; css_mobile=&#8221;.vc_custom_1754982565538{padding-top: 0px !important;padding-right: 0px !important;padding-bottom: 50px !important;padding-left: 0px !important;}&#8221; css_tablet_landscape=&#8221;.vc_custom_1754982565538{padding-bottom: 0px !important;}&#8221;]<header class=\"kd-section-title col-lg-12 text-left  subtitle-below-title   \" ><h6 class=\"separator_off\" style=\"margin-bottom:30px;\">7. Aktualisierungen<\/h6><\/header>[vc_column_text css=&#8221;&#8221;]Diese Richtlinie kann ge\u00e4ndert werden, um rechtlichen, technischen oder organisatorischen Entwicklungen Rechnung zu tragen. Wir empfehlen Ihnen, sie regelm\u00e4\u00dfig zu konsultieren.[\/vc_column_text][\/vc_column_inner][\/vc_row_inner][\/vc_column][\/vc_row]<\/p>\n<\/div>","protected":false},"excerpt":{"rendered":"<p>[vc_row gap=&#8221;30&#8243; kd_background_image_position=&#8221;vc_row-bg-position-top&#8221; css=&#8221;.vc_custom_1753103330024{padding-top: 100px !important;}&#8221; css_tablet_portrait=&#8221;.vc_custom_1753103330024{padding-top: 0px !important;padding-right: 0px !important;padding-left: 0px [&hellip;]<\/p>\n","protected":false},"author":1,"featured_media":0,"parent":0,"menu_order":0,"comment_status":"closed","ping_status":"closed","template":"","meta":{"footnotes":""},"class_list":["post-22956","page","type-page","status-publish","hentry"],"yoast_head":"<!-- This site is optimized with the Yoast SEO Premium plugin v27.2 (Yoast SEO v27.5) - https:\/\/yoast.com\/product\/yoast-seo-premium-wordpress\/ -->\n<title>Verwaltung der Cookies - OneDoc Pro<\/title>\n<meta name=\"description\" content=\"Informieren Sie sich \u00fcber die Cookie-Richtlinie von OneDoc Pro und deren Auswirkungen auf Ihre Benutzererfahrung.\" \/>\n<meta name=\"robots\" content=\"noindex, nofollow\" \/>\n<meta property=\"og:locale\" content=\"de_DE\" \/>\n<meta property=\"og:type\" content=\"article\" \/>\n<meta property=\"og:title\" content=\"Verwaltung der Cookies - OneDoc Pro\" \/>\n<meta property=\"og:description\" content=\"Informieren Sie sich \u00fcber die Cookie-Richtlinie von OneDoc Pro und deren Auswirkungen auf Ihre Benutzererfahrung.\" \/>\n<meta property=\"og:url\" content=\"https:\/\/info.onedoc.ch\/de\/verwaltung-der-cookies\/\" \/>\n<meta property=\"og:site_name\" content=\"OneDoc Pro\" \/>\n<meta property=\"article:publisher\" content=\"https:\/\/www.facebook.com\/onedoc.ch\/\" \/>\n<meta property=\"article:modified_time\" content=\"2025-08-25T09:49:43+00:00\" \/>\n<meta name=\"twitter:card\" content=\"summary_large_image\" \/>\n<meta name=\"twitter:title\" content=\"Verwaltung der Cookies - OneDoc Pro\" \/>\n<meta name=\"twitter:description\" content=\"Informieren Sie sich \u00fcber die Cookie-Richtlinie von OneDoc Pro und deren Auswirkungen auf Ihre Benutzererfahrung.\" \/>\n<meta name=\"twitter:site\" content=\"@onedoc_ch\" \/>\n<meta name=\"twitter:label1\" content=\"Gesch\u00e4tzte Lesezeit\" \/>\n\t<meta name=\"twitter:data1\" content=\"5\u00a0Minute\" \/>\n<script type=\"application\/ld+json\" class=\"yoast-schema-graph\">{\"@context\":\"https:\\\/\\\/schema.org\",\"@graph\":[{\"@type\":\"WebPage\",\"@id\":\"https:\\\/\\\/info.onedoc.ch\\\/de\\\/verwaltung-der-cookies\\\/\",\"url\":\"https:\\\/\\\/info.onedoc.ch\\\/de\\\/verwaltung-der-cookies\\\/\",\"name\":\"Verwaltung der Cookies - OneDoc Pro\",\"isPartOf\":{\"@id\":\"https:\\\/\\\/info.onedoc.ch\\\/de\\\/#website\"},\"datePublished\":\"2025-08-12T05:06:41+00:00\",\"dateModified\":\"2025-08-25T09:49:43+00:00\",\"description\":\"Informieren Sie sich \u00fcber die Cookie-Richtlinie von OneDoc Pro und deren Auswirkungen auf Ihre Benutzererfahrung.\",\"inLanguage\":\"de-CH\",\"potentialAction\":[{\"@type\":\"ReadAction\",\"target\":[\"https:\\\/\\\/info.onedoc.ch\\\/de\\\/verwaltung-der-cookies\\\/\"]}]},{\"@type\":\"WebSite\",\"@id\":\"https:\\\/\\\/info.onedoc.ch\\\/de\\\/#website\",\"url\":\"https:\\\/\\\/info.onedoc.ch\\\/de\\\/\",\"name\":\"OneDoc Pro - Moins d\u2019administratif, plus de temps pour vos patients\",\"description\":\"L&#039;alli\u00e9 des professionnels de sant\u00e9 suisses au quotidien\",\"publisher\":{\"@id\":\"https:\\\/\\\/info.onedoc.ch\\\/de\\\/#organization\"},\"alternateName\":\"OneDoc Pro\",\"potentialAction\":[{\"@type\":\"SearchAction\",\"target\":{\"@type\":\"EntryPoint\",\"urlTemplate\":\"https:\\\/\\\/info.onedoc.ch\\\/de\\\/?s={search_term_string}\"},\"query-input\":{\"@type\":\"PropertyValueSpecification\",\"valueRequired\":true,\"valueName\":\"search_term_string\"}}],\"inLanguage\":\"de-CH\"},{\"@type\":\"Organization\",\"@id\":\"https:\\\/\\\/info.onedoc.ch\\\/de\\\/#organization\",\"name\":\"OneDoc\",\"alternateName\":\"OneDoc.ch\",\"url\":\"https:\\\/\\\/info.onedoc.ch\\\/de\\\/\",\"logo\":{\"@type\":\"ImageObject\",\"inLanguage\":\"de-CH\",\"@id\":\"https:\\\/\\\/info.onedoc.ch\\\/de\\\/#\\\/schema\\\/logo\\\/image\\\/\",\"url\":\"https:\\\/\\\/info.onedoc.ch\\\/wp-content\\\/uploads\\\/2025\\\/06\\\/doki-logo.png\",\"contentUrl\":\"https:\\\/\\\/info.onedoc.ch\\\/wp-content\\\/uploads\\\/2025\\\/06\\\/doki-logo.png\",\"width\":2134,\"height\":2134,\"caption\":\"OneDoc\"},\"image\":{\"@id\":\"https:\\\/\\\/info.onedoc.ch\\\/de\\\/#\\\/schema\\\/logo\\\/image\\\/\"},\"sameAs\":[\"https:\\\/\\\/www.facebook.com\\\/onedoc.ch\\\/\",\"https:\\\/\\\/x.com\\\/onedoc_ch\",\"https:\\\/\\\/www.instagram.com\\\/onedoc.ch\\\/\",\"https:\\\/\\\/www.linkedin.com\\\/company\\\/onedoc.ch\\\/\",\"https:\\\/\\\/www.youtube.com\\\/channel\\\/UCWnlE63em_m8ZioBA5n8Z6w\"],\"description\":\"OneDoc est la plateforme leader en Suisse pour la r\u00e9servation de rendez-vous m\u00e9dicaux. Les patients peuvent rechercher des milliers de professionnels de la sant\u00e9 suisses (m\u00e9decins, dentistes et th\u00e9rapeutes) et r\u00e9server un rendez-vous sur place ou une consultation vid\u00e9o en quelques clics, 24 heures sur 24.\",\"legalName\":\"OneDoc SA\",\"foundingDate\":\"2016-12-31\",\"numberOfEmployees\":{\"@type\":\"QuantitativeValue\",\"minValue\":\"51\",\"maxValue\":\"200\"}}]}<\/script>\n<!-- \/ Yoast SEO Premium plugin. -->","yoast_head_json":{"title":"Verwaltung der Cookies - OneDoc Pro","description":"Informieren Sie sich \u00fcber die Cookie-Richtlinie von OneDoc Pro und deren Auswirkungen auf Ihre Benutzererfahrung.","robots":{"index":"noindex","follow":"nofollow"},"og_locale":"de_DE","og_type":"article","og_title":"Verwaltung der Cookies - OneDoc Pro","og_description":"Informieren Sie sich \u00fcber die Cookie-Richtlinie von OneDoc Pro und deren Auswirkungen auf Ihre Benutzererfahrung.","og_url":"https:\/\/info.onedoc.ch\/de\/verwaltung-der-cookies\/","og_site_name":"OneDoc Pro","article_publisher":"https:\/\/www.facebook.com\/onedoc.ch\/","article_modified_time":"2025-08-25T09:49:43+00:00","twitter_card":"summary_large_image","twitter_title":"Verwaltung der Cookies - OneDoc Pro","twitter_description":"Informieren Sie sich \u00fcber die Cookie-Richtlinie von OneDoc Pro und deren Auswirkungen auf Ihre Benutzererfahrung.","twitter_site":"@onedoc_ch","twitter_misc":{"Gesch\u00e4tzte Lesezeit":"5\u00a0Minute"},"schema":{"@context":"https:\/\/schema.org","@graph":[{"@type":"WebPage","@id":"https:\/\/info.onedoc.ch\/de\/verwaltung-der-cookies\/","url":"https:\/\/info.onedoc.ch\/de\/verwaltung-der-cookies\/","name":"Verwaltung der Cookies - OneDoc Pro","isPartOf":{"@id":"https:\/\/info.onedoc.ch\/de\/#website"},"datePublished":"2025-08-12T05:06:41+00:00","dateModified":"2025-08-25T09:49:43+00:00","description":"Informieren Sie sich \u00fcber die Cookie-Richtlinie von OneDoc Pro und deren Auswirkungen auf Ihre Benutzererfahrung.","inLanguage":"de-CH","potentialAction":[{"@type":"ReadAction","target":["https:\/\/info.onedoc.ch\/de\/verwaltung-der-cookies\/"]}]},{"@type":"WebSite","@id":"https:\/\/info.onedoc.ch\/de\/#website","url":"https:\/\/info.onedoc.ch\/de\/","name":"OneDoc Pro - Moins d\u2019administratif, plus de temps pour vos patients","description":"L&#039;alli\u00e9 des professionnels de sant\u00e9 suisses au quotidien","publisher":{"@id":"https:\/\/info.onedoc.ch\/de\/#organization"},"alternateName":"OneDoc Pro","potentialAction":[{"@type":"SearchAction","target":{"@type":"EntryPoint","urlTemplate":"https:\/\/info.onedoc.ch\/de\/?s={search_term_string}"},"query-input":{"@type":"PropertyValueSpecification","valueRequired":true,"valueName":"search_term_string"}}],"inLanguage":"de-CH"},{"@type":"Organization","@id":"https:\/\/info.onedoc.ch\/de\/#organization","name":"OneDoc","alternateName":"OneDoc.ch","url":"https:\/\/info.onedoc.ch\/de\/","logo":{"@type":"ImageObject","inLanguage":"de-CH","@id":"https:\/\/info.onedoc.ch\/de\/#\/schema\/logo\/image\/","url":"https:\/\/info.onedoc.ch\/wp-content\/uploads\/2025\/06\/doki-logo.png","contentUrl":"https:\/\/info.onedoc.ch\/wp-content\/uploads\/2025\/06\/doki-logo.png","width":2134,"height":2134,"caption":"OneDoc"},"image":{"@id":"https:\/\/info.onedoc.ch\/de\/#\/schema\/logo\/image\/"},"sameAs":["https:\/\/www.facebook.com\/onedoc.ch\/","https:\/\/x.com\/onedoc_ch","https:\/\/www.instagram.com\/onedoc.ch\/","https:\/\/www.linkedin.com\/company\/onedoc.ch\/","https:\/\/www.youtube.com\/channel\/UCWnlE63em_m8ZioBA5n8Z6w"],"description":"OneDoc est la plateforme leader en Suisse pour la r\u00e9servation de rendez-vous m\u00e9dicaux. Les patients peuvent rechercher des milliers de professionnels de la sant\u00e9 suisses (m\u00e9decins, dentistes et th\u00e9rapeutes) et r\u00e9server un rendez-vous sur place ou une consultation vid\u00e9o en quelques clics, 24 heures sur 24.","legalName":"OneDoc SA","foundingDate":"2016-12-31","numberOfEmployees":{"@type":"QuantitativeValue","minValue":"51","maxValue":"200"}}]}},"_links":{"self":[{"href":"https:\/\/info.onedoc.ch\/de\/wp-json\/wp\/v2\/pages\/22956","targetHints":{"allow":["GET"]}}],"collection":[{"href":"https:\/\/info.onedoc.ch\/de\/wp-json\/wp\/v2\/pages"}],"about":[{"href":"https:\/\/info.onedoc.ch\/de\/wp-json\/wp\/v2\/types\/page"}],"author":[{"embeddable":true,"href":"https:\/\/info.onedoc.ch\/de\/wp-json\/wp\/v2\/users\/1"}],"replies":[{"embeddable":true,"href":"https:\/\/info.onedoc.ch\/de\/wp-json\/wp\/v2\/comments?post=22956"}],"version-history":[{"count":4,"href":"https:\/\/info.onedoc.ch\/de\/wp-json\/wp\/v2\/pages\/22956\/revisions"}],"predecessor-version":[{"id":22983,"href":"https:\/\/info.onedoc.ch\/de\/wp-json\/wp\/v2\/pages\/22956\/revisions\/22983"}],"wp:attachment":[{"href":"https:\/\/info.onedoc.ch\/de\/wp-json\/wp\/v2\/media?parent=22956"}],"curies":[{"name":"wp","href":"https:\/\/api.w.org\/{rel}","templated":true}]}}