{"id":20287,"date":"2025-07-17T09:36:56","date_gmt":"2025-07-17T07:36:56","guid":{"rendered":"https:\/\/info.1doc.ch\/vos-besoins\/"},"modified":"2025-11-06T17:10:56","modified_gmt":"2025-11-06T15:10:56","slug":"beduerfnisse","status":"publish","type":"page","link":"https:\/\/info.onedoc.ch\/de\/beduerfnisse\/","title":{"rendered":"Ihre Anliegen"},"content":{"rendered":"<div class=\"wpb-content-wrapper\"><p>[vc_row gap=&#8221;30&#8243; kd_background_image_position=&#8221;vc_row-bg-position-top&#8221; css=&#8221;.vc_custom_1753115618745{padding-top: 100px !important;}&#8221; css_tablet_portrait=&#8221;.vc_custom_1753115618746{padding-top: 0px !important;padding-right: 0px !important;padding-left: 0px !important;}&#8221; css_mobile=&#8221;.vc_custom_1753115618746{padding-top: 0px !important;padding-right: 0px !important;padding-bottom: 0px !important;padding-left: 0px !important;}&#8221;][vc_column css_tablet_portrait=&#8221;.vc_custom_1752674429211{padding-top: 0px !important;padding-right: 0px !important;padding-left: 0px !important;}&#8221; css_mobile=&#8221;.vc_custom_1752674429211{padding-top: 0px !important;padding-right: 0px !important;padding-left: 0px !important;}&#8221;]<div  class=\"breadcrumbs breadcrumbs-shortcode bcn-left\" typeof=\"BreadcrumbList\" vocab=\"https:\/\/schema.org\/\" ><span property=\"itemListElement\" typeof=\"ListItem\"><a property=\"item\" typeof=\"WebPage\" title=\"Gehe zu OneDoc Pro.\" href=\"https:\/\/info.onedoc.ch\/de\/\" class=\"home\" ><span property=\"name\">OneDoc Pro<\/span><\/a><meta property=\"position\" content=\"1\"><\/span> &gt; <span property=\"itemListElement\" typeof=\"ListItem\"><a property=\"item\" typeof=\"WebPage\" title=\"Gehe zu Blog.\" href=\"https:\/\/info.onedoc.ch\/de\/blog\/\" class=\"post-root post post-post\" aria-current=\"page\"><span property=\"name\">Blog<\/span><\/a><meta property=\"position\" content=\"2\"><\/span><\/div>[\/vc_column][\/vc_row][vc_row gap=&#8221;30&#8243; kd_background_image_position=&#8221;vc_row-bg-position-top&#8221; css_tablet_portrait=&#8221;.vc_custom_1753115649767{padding-top: 0px !important;padding-right: 0px !important;padding-left: 0px !important;}&#8221; css_mobile=&#8221;.vc_custom_1753115649767{padding-top: 0px !important;padding-right: 0px !important;padding-bottom: 0px !important;padding-left: 0px !important;}&#8221; css=&#8221;.vc_custom_1753115649767{padding-top: 50px !important;}&#8221;][vc_column css_tablet_portrait=&#8221;.vc_custom_1752046134800{padding-top: 0px !important;padding-right: 0px !important;padding-left: 0px !important;}&#8221; css_mobile=&#8221;.vc_custom_1752046134800{padding-top: 0px !important;padding-right: 0px !important;padding-left: 0px !important;}&#8221;]<header class=\"kd-section-title col-lg-12 text-center  subtitle-above-title  no-padding-on-mobile \" ><h1 class=\"separator_off\" >OneDoc Pro erf\u00fcllt <span style=\"color:#1D9585;\">die spezifischen Anliegen<\/span> Ihrer medizinischen Praxis.<\/h1><\/header><header class=\"kd-section-title col-lg-8 vc_col-sm-8 text-center  subtitle-below-title  no-padding-on-mobile \" ><p class=\"separator_off\" >Ganz gleich, ob Sie mehr Patienten gewinnen oder den Verwaltungsaufwand f\u00fcr die Terminverwaltung reduzieren m\u00f6chten, OneDoc Pro erf\u00fcllt Ihre spezifischen Anforderungen und Ziele.<\/p><\/header><a  href=\"\"    class=\"tt_button tt_primary_button btn_primary_color hover_solid_secondary button-center button-action-link   vc_custom_1755528923083  popmake-18609\" ><span class=\"prim_text\">Kostenlose Demo buchen<\/span><\/a>[\/vc_column][\/vc_row][vc_row full_width=&#8221;stretch_row&#8221; kd_background_image_position=&#8221;vc_row-bg-position-top&#8221; css=&#8221;.vc_custom_1752081723363{padding-bottom: 80px !important;}&#8221; css_mobile=&#8221;.vc_custom_1752081723364{padding-bottom: 30px !important;}&#8221; css_tablet_portrait=&#8221;.vc_custom_1752081723364{padding-bottom: 30px !important;}&#8221;][vc_column css=&#8221;.vc_custom_1516008233239{padding-right: 0px !important;padding-left: 0px !important;}&#8221;][vc_row_inner kd_background_image_position=&#8221;vc_row-bg-position-top&#8221; css_tablet_portrait=&#8221;.vc_custom_1751551325507{margin-bottom: 0px !important;}&#8221; css_mobile=&#8221;.vc_custom_1751551325507{margin-bottom: 0px !important;}&#8221;][vc_column_inner offset=&#8221;vc_col-lg-12&#8243;]<header class=\"kd-section-title col-lg-12 text-left  subtitle-below-title   \" ><h6 class=\"separator_off\" >OneDoc Pro begleitet Sie, ganz gleich, welche Anliegen Sie haben.<\/h6><\/header>[\/vc_column_inner][\/vc_row_inner][vc_row_inner equal_height=&#8221;yes&#8221; kd_background_image_position=&#8221;vc_row-bg-position-top&#8221; css_tablet_portrait=&#8221;.vc_custom_1751551272846{padding-bottom: 0px !important;}&#8221; css_mobile=&#8221;.vc_custom_1751551272846{padding-bottom: 0px !important;}&#8221; css_tablet_landscape=&#8221;.vc_custom_1751551272846{padding-bottom: 0px !important;}&#8221; css=&#8221;.vc_custom_1751551272845{padding-top: 10px !important;padding-bottom: 10px !important;}&#8221;][vc_column_inner width=&#8221;1\/2&#8243; css_mobile=&#8221;.vc_custom_1752058097865{padding-bottom: 20px !important;}&#8221;][vc_column_text css=&#8221;&#8221;]<\/p>\n<h5><a href=\"https:\/\/info.onedoc.ch\/de\/beduerfnisse\/sichtbarkeit\/\"><strong>Erh\u00f6hen Sie die Sichtbarkeit Ihrer Praxis <\/strong><\/a><\/h5>\n<h5><a href=\"https:\/\/info.onedoc.ch\/de\/beduerfnisse\/gewinnen-neue-patienten\/\"><strong>Gewinnen Sie neue Patient:innen<\/strong><\/a><\/h5>\n<h5><a href=\"https:\/\/info.onedoc.ch\/de\/beduerfnisse\/anrufe-reduzieren\/\"><strong>Reduzieren Sie die Anzahl eingehender Anrufe<\/strong><\/a><\/h5>\n<h5><a href=\"https:\/\/info.onedoc.ch\/de\/beduerfnisse\/biden-sie-ihre-patienten\/\"><strong>Binden Sie Ihre Patienten<\/strong><\/a><\/h5>\n<h5><a href=\"https:\/\/info.onedoc.ch\/de\/beduerfnisse\/verwalten-komplexe-terminabfolgen\/\"><strong>Verwalten Sie komplexe Terminabfolgen<\/strong><\/a><\/h5>\n<p>[\/vc_column_text][\/vc_column_inner][vc_column_inner width=&#8221;1\/2&#8243; css=&#8221;.vc_custom_1752058109914{padding-right: 45px !important;}&#8221; css_tablet_portrait=&#8221;.vc_custom_1752058109915{padding-right: 15px !important;}&#8221; css_mobile=&#8221;.vc_custom_1752058109915{padding-bottom: 20px !important;}&#8221;][vc_column_text css=&#8221;&#8221;]<\/p>\n<h5><a href=\"https:\/\/info.onedoc.ch\/de\/beduerfnisse\/limitieren-no-shows\/\"><strong>Limitieren Sie die Anzahl an No-Shows<\/strong><\/a><\/h5>\n<h5><a href=\"https:\/\/info.onedoc.ch\/de\/beduerfnisse\/bleiben-kontakt-dank-telekonsultation\/\"><strong>Bleiben Sie in Kontakt mit Ihren Patienten<\/strong><\/a><\/h5>\n<h5><a href=\"https:\/\/info.onedoc.ch\/de\/beduerfnisse\/uberweisen-ihre-patienten\/\"><strong>\u00dcberweisen Sie Ihre Patienten<\/strong><\/a><\/h5>\n<h5><a href=\"https:\/\/info.onedoc.ch\/de\/beduerfnisse\/erhalten-sie-qualifizierte-uberweisungen\/\"><strong>Erhalten Sie qualifizierte \u00dcberweisungen<\/strong><\/a><\/h5>\n<h5><a href=\"https:\/\/info.onedoc.ch\/de\/beduerfnisse\/konforme-rechnungen-erstellen\/\"><strong>Erstellen und verwalten Sie Ihre Rechnungen<\/strong><\/a><\/h5>\n<p>[\/vc_column_text][\/vc_column_inner][\/vc_row_inner][\/vc_column][\/vc_row][vc_row content_placement=&#8221;middle&#8221; kd_background_image_position=&#8221;vc_row-bg-position-top&#8221; css=&#8221;.vc_custom_1752081745973{margin-top: 80px !important;margin-bottom: 80px !important;background-color: #012E27 !important;border-radius: 5px !important;}&#8221; css_mobile=&#8221;.vc_custom_1752081745973{margin-top: 30px !important;margin-bottom: 30px !important;}&#8221; css_tablet_portrait=&#8221;.vc_custom_1752081745973{margin-top: 30px !important;margin-bottom: 30px !important;}&#8221;][vc_column el_class=&#8221;highlight-call-to-action-box&#8221;][vc_row_inner content_placement=&#8221;middle&#8221; kd_background_image_position=&#8221;vc_row-bg-position-top&#8221; css=&#8221;.vc_custom_1751470852885{padding-top: 30px !important;padding-right: 30px !important;padding-bottom: 30px !important;padding-left: 30px !important;background-color: #39121200 !important;border-color: #FF2F2F00 !important;}&#8221;][vc_column_inner offset=&#8221;vc_col-lg-offset-0 vc_col-lg-6 vc_col-md-offset-0 vc_col-md-6 vc_col-sm-offset-0 vc_col-xs-12&#8243; css_tablet_portrait=&#8221;.vc_custom_1751447162104{padding-top: 0px !important;padding-right: 0px !important;padding-bottom: 0px !important;padding-left: 0px !important;}&#8221; css_mobile=&#8221;.vc_custom_1751447162104{padding-top: 0px !important;padding-right: 0px !important;padding-bottom: 50px !important;padding-left: 0px !important;}&#8221; css_tablet_landscape=&#8221;.vc_custom_1751447162104{padding-bottom: 0px !important;}&#8221;]<header class=\"kd-section-title col-lg-12 text-left  subtitle-below-title    vc_custom_1754899190626\" ><h2 class=\"separator_off\" style=\"color: #FFFFFF;font-size: 30px;line-height: 40px;\">OneDoc Pro: Eine Anwendung, die sich <span style=\"color:#1D9585;\">Ihren Anliegen anpasst<\/span><\/h2><\/header><a  href=\"\"    class=\"tt_button tt_primary_button btn_primary_color hover_solid_secondary btn-align-left button-action-link    popmake-18609\" ><span class=\"prim_text\">Sprechen Sie mit einem Berater<\/span><\/a>[\/vc_column_inner][vc_column_inner offset=&#8221;vc_col-lg-6 vc_col-md-6 vc_col-xs-12&#8243; css_mobile=&#8221;.vc_custom_1751020792783{padding-left: 0px !important;}&#8221;][vc_single_image image=&#8221;9943&#8243; img_size=&#8221;large&#8221; css=&#8221;&#8221;][\/vc_column_inner][\/vc_row_inner][\/vc_column][\/vc_row][vc_row full_width=&#8221;stretch_row&#8221; equal_height=&#8221;yes&#8221; kd_background_image_position=&#8221;vc_row-bg-position-top&#8221; css=&#8221;.vc_custom_1752081829488{padding-top: 80px !important;padding-bottom: 80px !important;}&#8221; css_tablet_portrait=&#8221;.vc_custom_1752081829488{padding-top: 30px !important;padding-bottom: 30px !important;}&#8221; css_mobile=&#8221;.vc_custom_1752081829488{padding-top: 30px !important;padding-bottom: 30px !important;}&#8221;][vc_column css=&#8221;.vc_custom_1750407089170{margin-bottom: 50px !important;padding-right: 0px !important;padding-left: 0px !important;}&#8221;][vc_row_inner kd_background_image_position=&#8221;vc_row-bg-position-top&#8221; css=&#8221;.vc_custom_1751979693496{padding-bottom: 60px !important;}&#8221;][vc_column_inner]<header class=\"kd-section-title col-lg-12 text-center  subtitle-below-title   \" ><h2 class=\"separator_off\" >OneDoc Pro ist einfach zu bedienen und unser Team begleitet Sie dabei.<\/h2><\/header>[\/vc_column_inner][\/vc_row_inner][vc_row_inner equal_height=&#8221;yes&#8221; kd_background_image_position=&#8221;vc_row-bg-position-top&#8221;][vc_column_inner width=&#8221;1\/3&#8243;]<div class=\"key-icon-box icon-default icon-top cont-center ib-no-effect with-shadow   with-border icon-no-background icon-no-border\" style=\"background-color: #FFFFFF;border: 1px solid #EFEFEF;\" ><div class=\"ib-wrapper\" style=\"padding-top:50px;padding-bottom:50px;padding-left:20px;padding-right:20px;background-color:#FFFFFF;\"><div class=\"ib-simple-icon-wrapper\" style=\"margin-bottom:30px;\"><i class=\"fas fa-user-cog\" style=\"color: #1D9585;\"><\/i> <\/div><h3 class=\"service-heading\" >Onboarding<\/h3><p >Unser Customer Success Team richtet OneDoc Pro gemeinsam mit Ihnen ein, passgenau f\u00fcr Ihre Abl\u00e4ufe und Vorlieben.<\/p><\/div><\/div>[\/vc_column_inner][vc_column_inner width=&#8221;1\/3&#8243;]<div class=\"key-icon-box icon-default icon-top cont-center ib-no-effect with-shadow   with-border icon-no-background icon-no-border\" style=\"background-color: #FFFFFF;border: 1px solid #EFEFEF;\" ><div class=\"ib-wrapper\" style=\"padding-top:50px;padding-bottom:50px;padding-left:20px;padding-right:20px;background-color:#FFFFFF;\"><div class=\"ib-simple-icon-wrapper\" style=\"margin-bottom:30px;\"><i class=\"fas fa-graduation-cap\" style=\"color: #1D9585;\"><\/i> <\/div><h3 class=\"service-heading\" >Schulung<\/h3><p >Wir schulen Sie und Ihr Team, damit Sie OneDoc Pro schnell beherrschen und optimal nutzen k\u00f6nnen.<\/p><\/div><\/div>[\/vc_column_inner][vc_column_inner width=&#8221;1\/3&#8243;]<div class=\"key-icon-box icon-default icon-top cont-center ib-no-effect with-shadow   with-border icon-no-background icon-no-border\" style=\"background-color: #FFFFFF;border: 1px solid #EFEFEF;\" ><div class=\"ib-wrapper\" style=\"padding-top:50px;padding-bottom:50px;padding-left:20px;padding-right:20px;background-color:#FFFFFF;\"><div class=\"ib-simple-icon-wrapper\" style=\"margin-bottom:30px;\"><i class=\"fas fa-headset\" style=\"color: #1D9585;\"><\/i> <\/div><h3 class=\"service-heading\" >Laufende Unterst\u00fctzung<\/h3><p >Sie sind nie allein. Unser Support-Team mit Sitz in der Schweiz beantwortet Ihre Fragen auf Deutsch, Franz\u00f6sisch, Italienisch und Englisch, telefonisch oder per E-Mail.<\/p><\/div><\/div>[\/vc_column_inner][\/vc_row_inner][vc_row_inner kd_background_image_position=&#8221;vc_row-bg-position-top&#8221; css=&#8221;.vc_custom_1754657512867{padding-top: 10px !important;}&#8221;][vc_column_inner css_tablet_portrait=&#8221;.vc_custom_1752058245136{padding-right: 10px !important;padding-left: 10px !important;}&#8221; css=&#8221;.vc_custom_1752058245135{margin-top: 30px !important;}&#8221; css_tablet_landscape=&#8221;.vc_custom_1752058245136{margin-top: 30px !important;}&#8221; css_mobile=&#8221;.vc_custom_1752058245136{margin-top: 0px !important;}&#8221;][vc_column_text css=&#8221;&#8221;]<\/p>\n<p style=\"text-align: center;\">Wenn Sie Fragen zu OneDoc Pro haben<\/p>\n<p>[\/vc_column_text]<a  href=\"\"    class=\"tt_button tt_primary_button btn_primary_color  button-center button-action-link    popmake-18609\" ><span class=\"prim_text\">Kontaktieren Sie unser Team!<\/span><\/a>[\/vc_column_inner][\/vc_row_inner][\/vc_column][\/vc_row]<\/p>\n<\/div>","protected":false},"excerpt":{"rendered":"<p>[vc_row gap=&#8221;30&#8243; kd_background_image_position=&#8221;vc_row-bg-position-top&#8221; css=&#8221;.vc_custom_1753115618745{padding-top: 100px !important;}&#8221; css_tablet_portrait=&#8221;.vc_custom_1753115618746{padding-top: 0px !important;padding-right: 0px !important;padding-left: 0px [&hellip;]<\/p>\n","protected":false},"author":2,"featured_media":0,"parent":0,"menu_order":0,"comment_status":"closed","ping_status":"closed","template":"","meta":{"footnotes":""},"class_list":["post-20287","page","type-page","status-publish","hentry"],"yoast_head":"<!-- This site is optimized with the Yoast SEO Premium plugin v27.2 (Yoast SEO v27.5) - https:\/\/yoast.com\/product\/yoast-seo-premium-wordpress\/ -->\n<title>OneDoc\u202fPro: Software f\u00fcr Ihre Praxisbed\u00fcrfnisse<\/title>\n<meta name=\"description\" content=\"Entdecken Sie, wie OneDoc\u202fPro die Patientenakquise vereinfacht, Abl\u00e4ufe koordiniert und dabei die Schweizer Vorgaben zum Datenschutz erf\u00fcllt\u202f.\" \/>\n<meta name=\"robots\" content=\"index, follow, max-snippet:-1, max-image-preview:large, max-video-preview:-1\" \/>\n<link rel=\"canonical\" href=\"https:\/\/info.onedoc.ch\/de\/beduerfnisse\/\" \/>\n<meta property=\"og:locale\" content=\"de_DE\" \/>\n<meta property=\"og:type\" content=\"article\" \/>\n<meta property=\"og:title\" content=\"OneDoc\u202fPro: Software f\u00fcr Ihre Praxisbed\u00fcrfnisse\" \/>\n<meta property=\"og:description\" content=\"Entdecken Sie, wie OneDoc\u202fPro die Patientenakquise vereinfacht, Abl\u00e4ufe koordiniert und dabei die Schweizer Vorgaben zum Datenschutz erf\u00fcllt\u202f.\" \/>\n<meta property=\"og:url\" content=\"https:\/\/info.onedoc.ch\/de\/beduerfnisse\/\" \/>\n<meta property=\"og:site_name\" content=\"OneDoc Pro\" \/>\n<meta property=\"article:publisher\" content=\"https:\/\/www.facebook.com\/onedoc.ch\/\" \/>\n<meta property=\"article:modified_time\" content=\"2025-11-06T15:10:56+00:00\" \/>\n<meta name=\"twitter:card\" content=\"summary_large_image\" \/>\n<meta name=\"twitter:title\" content=\"OneDoc\u202fPro: Software f\u00fcr Ihre Praxisbed\u00fcrfnisse\" \/>\n<meta name=\"twitter:description\" content=\"Entdecken Sie, wie OneDoc\u202fPro die Patientenakquise vereinfacht, Abl\u00e4ufe koordiniert und dabei die Schweizer Vorgaben zum Datenschutz erf\u00fcllt\u202f.\" \/>\n<meta name=\"twitter:site\" content=\"@onedoc_ch\" \/>\n<meta name=\"twitter:label1\" content=\"Gesch\u00e4tzte Lesezeit\" \/>\n\t<meta name=\"twitter:data1\" content=\"4\u00a0Minute\" \/>\n<script type=\"application\/ld+json\" class=\"yoast-schema-graph\">{\"@context\":\"https:\\\/\\\/schema.org\",\"@graph\":[{\"@type\":\"WebPage\",\"@id\":\"https:\\\/\\\/info.onedoc.ch\\\/de\\\/beduerfnisse\\\/\",\"url\":\"https:\\\/\\\/info.onedoc.ch\\\/de\\\/beduerfnisse\\\/\",\"name\":\"OneDoc\u202fPro: Software f\u00fcr Ihre Praxisbed\u00fcrfnisse\",\"isPartOf\":{\"@id\":\"https:\\\/\\\/info.onedoc.ch\\\/de\\\/#website\"},\"datePublished\":\"2025-07-17T07:36:56+00:00\",\"dateModified\":\"2025-11-06T15:10:56+00:00\",\"description\":\"Entdecken Sie, wie OneDoc\u202fPro die Patientenakquise vereinfacht, Abl\u00e4ufe koordiniert und dabei die Schweizer Vorgaben zum Datenschutz erf\u00fcllt\u202f.\",\"inLanguage\":\"de-CH\",\"potentialAction\":[{\"@type\":\"ReadAction\",\"target\":[\"https:\\\/\\\/info.onedoc.ch\\\/de\\\/beduerfnisse\\\/\"]}]},{\"@type\":\"WebSite\",\"@id\":\"https:\\\/\\\/info.onedoc.ch\\\/de\\\/#website\",\"url\":\"https:\\\/\\\/info.onedoc.ch\\\/de\\\/\",\"name\":\"OneDoc Pro - Moins d\u2019administratif, plus de temps pour vos patients\",\"description\":\"L&#039;alli\u00e9 des professionnels de sant\u00e9 suisses au quotidien\",\"publisher\":{\"@id\":\"https:\\\/\\\/info.onedoc.ch\\\/de\\\/#organization\"},\"alternateName\":\"OneDoc Pro\",\"potentialAction\":[{\"@type\":\"SearchAction\",\"target\":{\"@type\":\"EntryPoint\",\"urlTemplate\":\"https:\\\/\\\/info.onedoc.ch\\\/de\\\/?s={search_term_string}\"},\"query-input\":{\"@type\":\"PropertyValueSpecification\",\"valueRequired\":true,\"valueName\":\"search_term_string\"}}],\"inLanguage\":\"de-CH\"},{\"@type\":\"Organization\",\"@id\":\"https:\\\/\\\/info.onedoc.ch\\\/de\\\/#organization\",\"name\":\"OneDoc\",\"alternateName\":\"OneDoc.ch\",\"url\":\"https:\\\/\\\/info.onedoc.ch\\\/de\\\/\",\"logo\":{\"@type\":\"ImageObject\",\"inLanguage\":\"de-CH\",\"@id\":\"https:\\\/\\\/info.onedoc.ch\\\/de\\\/#\\\/schema\\\/logo\\\/image\\\/\",\"url\":\"https:\\\/\\\/info.onedoc.ch\\\/wp-content\\\/uploads\\\/2025\\\/06\\\/doki-logo.png\",\"contentUrl\":\"https:\\\/\\\/info.onedoc.ch\\\/wp-content\\\/uploads\\\/2025\\\/06\\\/doki-logo.png\",\"width\":2134,\"height\":2134,\"caption\":\"OneDoc\"},\"image\":{\"@id\":\"https:\\\/\\\/info.onedoc.ch\\\/de\\\/#\\\/schema\\\/logo\\\/image\\\/\"},\"sameAs\":[\"https:\\\/\\\/www.facebook.com\\\/onedoc.ch\\\/\",\"https:\\\/\\\/x.com\\\/onedoc_ch\",\"https:\\\/\\\/www.instagram.com\\\/onedoc.ch\\\/\",\"https:\\\/\\\/www.linkedin.com\\\/company\\\/onedoc.ch\\\/\",\"https:\\\/\\\/www.youtube.com\\\/channel\\\/UCWnlE63em_m8ZioBA5n8Z6w\"],\"description\":\"OneDoc est la plateforme leader en Suisse pour la r\u00e9servation de rendez-vous m\u00e9dicaux. Les patients peuvent rechercher des milliers de professionnels de la sant\u00e9 suisses (m\u00e9decins, dentistes et th\u00e9rapeutes) et r\u00e9server un rendez-vous sur place ou une consultation vid\u00e9o en quelques clics, 24 heures sur 24.\",\"legalName\":\"OneDoc SA\",\"foundingDate\":\"2016-12-31\",\"numberOfEmployees\":{\"@type\":\"QuantitativeValue\",\"minValue\":\"51\",\"maxValue\":\"200\"}}]}<\/script>\n<!-- \/ Yoast SEO Premium plugin. -->","yoast_head_json":{"title":"OneDoc\u202fPro: Software f\u00fcr Ihre Praxisbed\u00fcrfnisse","description":"Entdecken Sie, wie OneDoc\u202fPro die Patientenakquise vereinfacht, Abl\u00e4ufe koordiniert und dabei die Schweizer Vorgaben zum Datenschutz erf\u00fcllt\u202f.","robots":{"index":"index","follow":"follow","max-snippet":"max-snippet:-1","max-image-preview":"max-image-preview:large","max-video-preview":"max-video-preview:-1"},"canonical":"https:\/\/info.onedoc.ch\/de\/beduerfnisse\/","og_locale":"de_DE","og_type":"article","og_title":"OneDoc\u202fPro: Software f\u00fcr Ihre Praxisbed\u00fcrfnisse","og_description":"Entdecken Sie, wie OneDoc\u202fPro die Patientenakquise vereinfacht, Abl\u00e4ufe koordiniert und dabei die Schweizer Vorgaben zum Datenschutz erf\u00fcllt\u202f.","og_url":"https:\/\/info.onedoc.ch\/de\/beduerfnisse\/","og_site_name":"OneDoc Pro","article_publisher":"https:\/\/www.facebook.com\/onedoc.ch\/","article_modified_time":"2025-11-06T15:10:56+00:00","twitter_card":"summary_large_image","twitter_title":"OneDoc\u202fPro: Software f\u00fcr Ihre Praxisbed\u00fcrfnisse","twitter_description":"Entdecken Sie, wie OneDoc\u202fPro die Patientenakquise vereinfacht, Abl\u00e4ufe koordiniert und dabei die Schweizer Vorgaben zum Datenschutz erf\u00fcllt\u202f.","twitter_site":"@onedoc_ch","twitter_misc":{"Gesch\u00e4tzte Lesezeit":"4\u00a0Minute"},"schema":{"@context":"https:\/\/schema.org","@graph":[{"@type":"WebPage","@id":"https:\/\/info.onedoc.ch\/de\/beduerfnisse\/","url":"https:\/\/info.onedoc.ch\/de\/beduerfnisse\/","name":"OneDoc\u202fPro: Software f\u00fcr Ihre Praxisbed\u00fcrfnisse","isPartOf":{"@id":"https:\/\/info.onedoc.ch\/de\/#website"},"datePublished":"2025-07-17T07:36:56+00:00","dateModified":"2025-11-06T15:10:56+00:00","description":"Entdecken Sie, wie OneDoc\u202fPro die Patientenakquise vereinfacht, Abl\u00e4ufe koordiniert und dabei die Schweizer Vorgaben zum Datenschutz erf\u00fcllt\u202f.","inLanguage":"de-CH","potentialAction":[{"@type":"ReadAction","target":["https:\/\/info.onedoc.ch\/de\/beduerfnisse\/"]}]},{"@type":"WebSite","@id":"https:\/\/info.onedoc.ch\/de\/#website","url":"https:\/\/info.onedoc.ch\/de\/","name":"OneDoc Pro - Moins d\u2019administratif, plus de temps pour vos patients","description":"L&#039;alli\u00e9 des professionnels de sant\u00e9 suisses au quotidien","publisher":{"@id":"https:\/\/info.onedoc.ch\/de\/#organization"},"alternateName":"OneDoc Pro","potentialAction":[{"@type":"SearchAction","target":{"@type":"EntryPoint","urlTemplate":"https:\/\/info.onedoc.ch\/de\/?s={search_term_string}"},"query-input":{"@type":"PropertyValueSpecification","valueRequired":true,"valueName":"search_term_string"}}],"inLanguage":"de-CH"},{"@type":"Organization","@id":"https:\/\/info.onedoc.ch\/de\/#organization","name":"OneDoc","alternateName":"OneDoc.ch","url":"https:\/\/info.onedoc.ch\/de\/","logo":{"@type":"ImageObject","inLanguage":"de-CH","@id":"https:\/\/info.onedoc.ch\/de\/#\/schema\/logo\/image\/","url":"https:\/\/info.onedoc.ch\/wp-content\/uploads\/2025\/06\/doki-logo.png","contentUrl":"https:\/\/info.onedoc.ch\/wp-content\/uploads\/2025\/06\/doki-logo.png","width":2134,"height":2134,"caption":"OneDoc"},"image":{"@id":"https:\/\/info.onedoc.ch\/de\/#\/schema\/logo\/image\/"},"sameAs":["https:\/\/www.facebook.com\/onedoc.ch\/","https:\/\/x.com\/onedoc_ch","https:\/\/www.instagram.com\/onedoc.ch\/","https:\/\/www.linkedin.com\/company\/onedoc.ch\/","https:\/\/www.youtube.com\/channel\/UCWnlE63em_m8ZioBA5n8Z6w"],"description":"OneDoc est la plateforme leader en Suisse pour la r\u00e9servation de rendez-vous m\u00e9dicaux. Les patients peuvent rechercher des milliers de professionnels de la sant\u00e9 suisses (m\u00e9decins, dentistes et th\u00e9rapeutes) et r\u00e9server un rendez-vous sur place ou une consultation vid\u00e9o en quelques clics, 24 heures sur 24.","legalName":"OneDoc SA","foundingDate":"2016-12-31","numberOfEmployees":{"@type":"QuantitativeValue","minValue":"51","maxValue":"200"}}]}},"_links":{"self":[{"href":"https:\/\/info.onedoc.ch\/de\/wp-json\/wp\/v2\/pages\/20287","targetHints":{"allow":["GET"]}}],"collection":[{"href":"https:\/\/info.onedoc.ch\/de\/wp-json\/wp\/v2\/pages"}],"about":[{"href":"https:\/\/info.onedoc.ch\/de\/wp-json\/wp\/v2\/types\/page"}],"author":[{"embeddable":true,"href":"https:\/\/info.onedoc.ch\/de\/wp-json\/wp\/v2\/users\/2"}],"replies":[{"embeddable":true,"href":"https:\/\/info.onedoc.ch\/de\/wp-json\/wp\/v2\/comments?post=20287"}],"version-history":[{"count":7,"href":"https:\/\/info.onedoc.ch\/de\/wp-json\/wp\/v2\/pages\/20287\/revisions"}],"predecessor-version":[{"id":21407,"href":"https:\/\/info.onedoc.ch\/de\/wp-json\/wp\/v2\/pages\/20287\/revisions\/21407"}],"wp:attachment":[{"href":"https:\/\/info.onedoc.ch\/de\/wp-json\/wp\/v2\/media?parent=20287"}],"curies":[{"name":"wp","href":"https:\/\/api.w.org\/{rel}","templated":true}]}}