{"id":11452,"date":"2025-06-19T06:18:28","date_gmt":"2025-06-19T04:18:28","guid":{"rendered":"https:\/\/info.1doc.ch\/notre-societe\/"},"modified":"2026-03-03T10:53:41","modified_gmt":"2026-03-03T08:53:41","slug":"unsere-mission","status":"publish","type":"page","link":"https:\/\/info.onedoc.ch\/de\/unsere-mission\/","title":{"rendered":"Unsere Mission"},"content":{"rendered":"<div class=\"wpb-content-wrapper\"><p>[vc_row gap=&#8221;30&#8243; content_placement=&#8221;middle&#8221; kd_background_image_position=&#8221;vc_row-bg-position-top&#8221; css=&#8221;.vc_custom_1754914430757{padding-top: 80px !important;padding-bottom: 80px !important;}&#8221; css_tablet_portrait=&#8221;.vc_custom_1754914430758{padding-top: 0px !important;padding-right: 0px !important;padding-left: 0px !important;}&#8221; css_mobile=&#8221;.vc_custom_1754914430759{padding-top: 0px !important;padding-right: 0px !important;padding-bottom: 0px !important;padding-left: 0px !important;}&#8221;][vc_column width=&#8221;1\/2&#8243; css_tablet_portrait=&#8221;.vc_custom_1753084111596{padding-top: 0px !important;padding-right: 0px !important;padding-left: 0px !important;}&#8221; css_mobile=&#8221;.vc_custom_1753084111596{padding-top: 0px !important;padding-right: 0px !important;padding-bottom: 50px !important;padding-left: 0px !important;}&#8221;]<header class=\"kd-section-title col-lg-12 text-left  subtitle-below-title    vc_custom_1754915114182\" ><h1 class=\"separator_off\" ><span style=\"color:#1D9585;\">Gesundheit zug\u00e4nglich machen<\/span> \u2013 unsere Mission<\/h1><\/header><header class=\"kd-section-title col-lg-12 text-left  subtitle-below-title    vc_custom_1754915125431\" ><p class=\"separator_off\" >OneDoc unterst\u00fctzt medizinisches Fachpersonal dabei, ihre Praxen effizienter zu verwalten und erleichtert Patient:innen die Terminbuchung.<\/p><\/header>[\/vc_column][vc_column width=&#8221;1\/2&#8243;][vc_single_image image=&#8221;11448&#8243; img_size=&#8221;full&#8221; css=&#8221;&#8221;][\/vc_column][\/vc_row][vc_row kd_background_image_position=&#8221;vc_row-bg-position-top&#8221; css=&#8221;.vc_custom_1754916864648{margin-bottom: 80px !important;}&#8221;][vc_column]<div class=\"feature-sections-wrapper navigation-icons kd-fsp-69d76e744265b\">\r\n            <div class=\"feature-sections-tabs  \">\r\n              <nav class=\"kd-feature-tabs\">\r\n                <ul class=\"nav nav-tabs sticky-tabs container\">\r\n                <\/ul>\r\n              <\/nav>\r\n            <\/div>\r\n            <section id=\"onedoc-for-pros\" class=\"featured-right \"><li class=\"nav-label\"><a class=\"feature-tabs-scroll\" href=\"#onedoc-for-pros\"><span class=\"nav-number\"><\/span>F\u00fcr Gesundheitsfachpersonen<\/a><\/li><div class=\"container\">\r\n                <div class=\"side-content-wrapper \" ><h2 class=\"side-content-title\" >OneDoc f\u00fcr Fachpersonen<\/h2><h6 class=\"side-content-subtitle\" >OneDoc ist die moderne L\u00f6sung, die vollst\u00e4ndig in Ihre Praxissoftware integriert ist.<\/h6><div class=\"side-content-text\" ><\/p>\n<ul>\n<li class=\"check\">Verwalten Sie Ihren Zeitplan effektiver<\/li>\n<li class=\"check\">Erweitern Sie Ihren Patientenstamm<\/li>\n<li class=\"check\">Geniessen Sie optimales SEO in Suchmaschinen<\/li>\n<\/ul>\n<p><\/div><div class=\"side-content-link sc-primary-btn\"><a href=\"https:\/\/info.onedoc.ch\/de\/\" target=\"_self\" title=\"Mehr erfahren\" class=\"tt_button tt_primary_button btn_primary_color button-action-link\">Mehr erfahren<\/a><\/div><\/div><div class=\"side-featured-wrapper fss-rectangle\" >\r\n      <div class=\"featured-image\"><img loading=\"lazy\" decoding=\"async\" width=\"1920\" height=\"1080\" src=\"https:\/\/info.onedoc.ch\/wp-content\/uploads\/2025\/06\/OneDoc-Pro-Patient.png\" class=\"attachment-full\" alt=\"\" title=\"OneDoc-Pro-Patient\" srcset=\"https:\/\/info.onedoc.ch\/wp-content\/uploads\/2025\/06\/OneDoc-Pro-Patient.png 1920w, https:\/\/info.onedoc.ch\/wp-content\/uploads\/2025\/06\/OneDoc-Pro-Patient-300x169.png 300w, https:\/\/info.onedoc.ch\/wp-content\/uploads\/2025\/06\/OneDoc-Pro-Patient-1024x576.png 1024w, https:\/\/info.onedoc.ch\/wp-content\/uploads\/2025\/06\/OneDoc-Pro-Patient-768x432.png 768w, https:\/\/info.onedoc.ch\/wp-content\/uploads\/2025\/06\/OneDoc-Pro-Patient-1536x864.png 1536w\" sizes=\"auto, (max-width: 1920px) 100vw, 1920px\" \/><\/div>\r\n    <\/div><\/div>\r\n            <\/section><section id=\"onedoc-for-patients\" class=\"featured-left \"><li class=\"nav-label\"><a class=\"feature-tabs-scroll\" href=\"#onedoc-for-patients\"><span class=\"nav-number\"><\/span>F\u00fcr die Patient:innen<\/a><\/li><div class=\"container\">\r\n                <div class=\"side-content-wrapper \" ><h2 class=\"side-content-title\" >OneDoc f\u00fcr Patient:innen<\/h2><h6 class=\"side-content-subtitle\" >OneDoc ist die erste digitale Gesundheitsplattform, die mit nur wenigen Klicks einen Termin findet und vereinbart.<\/h6><div class=\"side-content-text\" ><\/p>\n<ul>\n<li>Vereinbaren Sie ganz einfach online einen Termin mit Ihren \u00c4rzten<\/li>\n<li>Vereinbaren Sie Termine rund um die Uhr<\/li>\n<li>Profitieren Sie vom gr\u00f6ssten Netzwerk an Gesundheitsfachkr\u00e4ften der Schweiz<\/li>\n<\/ul>\n<p><\/div><div class=\"side-content-link sc-primary-btn\"><a href=\"https:\/\/www.onedoc.ch\/de\" target=\"_blank\" title=\"Mehr erfahren\" class=\"tt_button tt_primary_button btn_primary_color button-action-link\">Mehr erfahren<\/a><\/div><\/div><div class=\"side-featured-wrapper fss-rectangle\" >\r\n      <div class=\"featured-image\"><img loading=\"lazy\" decoding=\"async\" width=\"1920\" height=\"1080\" src=\"https:\/\/info.onedoc.ch\/wp-content\/uploads\/2025\/06\/OneDoc-Pro-Professionnel-de-sante.png\" class=\"attachment-full\" alt=\"\" title=\"OneDoc-Pro-Professionnel-de-sante\" srcset=\"https:\/\/info.onedoc.ch\/wp-content\/uploads\/2025\/06\/OneDoc-Pro-Professionnel-de-sante.png 1920w, https:\/\/info.onedoc.ch\/wp-content\/uploads\/2025\/06\/OneDoc-Pro-Professionnel-de-sante-300x169.png 300w, https:\/\/info.onedoc.ch\/wp-content\/uploads\/2025\/06\/OneDoc-Pro-Professionnel-de-sante-1024x576.png 1024w, https:\/\/info.onedoc.ch\/wp-content\/uploads\/2025\/06\/OneDoc-Pro-Professionnel-de-sante-768x432.png 768w, https:\/\/info.onedoc.ch\/wp-content\/uploads\/2025\/06\/OneDoc-Pro-Professionnel-de-sante-1536x864.png 1536w\" sizes=\"auto, (max-width: 1920px) 100vw, 1920px\" \/><\/div>\r\n    <\/div><\/div>\r\n            <\/section><section id=\"protection-des-donn\u00e9es\" class=\"featured-right \"><li class=\"nav-label\"><a class=\"feature-tabs-scroll\" href=\"#protection-des-donn\u00e9es\"><span class=\"nav-number\"><\/span>Datenschutz<\/a><\/li><div class=\"container\">\r\n                <div class=\"side-content-wrapper \" ><h2 class=\"side-content-title\" >Unser Engagement f\u00fcr den Datenschutz<\/h2><h6 class=\"side-content-subtitle\" >Der Schutz der Daten von Gesundheitsfachpersonen und Patient:innen steht im Zentrum des Engagements von OneDoc.<\/h6><div class=\"side-content-text\" ><\/p>\n<ul>\n<li>Wir sind nach ISO 27001 und OCPD zertifiziert<\/li>\n<li>Wir setzen das neue Datenschutzgesetz (revDSG) um und wahren das medizinische Berufsgeheimnis mit gr\u00f6sster Sorgfalt<\/li>\n<li>Wir tragen mit Stolz das Label \u00abSwiss-made software, hosted in Switzerland\u00bb<\/li>\n<\/ul>\n<p><\/div><div class=\"side-content-link sc-primary-btn\"><a href=\"https:\/\/privacy.onedoc.ch\/de\" target=\"_self\" title=\"Mehr erfahren \u00fcber den Datenschutz\" class=\"tt_button tt_primary_button btn_primary_color button-action-link\">Mehr erfahren \u00fcber den Datenschutz<\/a><\/div><\/div><div class=\"side-featured-wrapper fss-rectangle\" >\r\n      <div class=\"featured-image\"><img loading=\"lazy\" decoding=\"async\" width=\"700\" height=\"394\" src=\"https:\/\/info.onedoc.ch\/wp-content\/uploads\/2025\/06\/visibilite-en-ligne.jpg.webp\" class=\"attachment-full\" alt=\"\" title=\"visibilite-en-ligne.jpg\" srcset=\"https:\/\/info.onedoc.ch\/wp-content\/uploads\/2025\/06\/visibilite-en-ligne.jpg.webp 700w, https:\/\/info.onedoc.ch\/wp-content\/uploads\/2025\/06\/visibilite-en-ligne.jpg-300x169.webp 300w\" sizes=\"auto, (max-width: 700px) 100vw, 700px\" \/><\/div>\r\n    <\/div><\/div>\r\n            <\/section>\r\n            <\/div><style><\/style>[\/vc_column][\/vc_row][vc_row full_width=&#8221;stretch_row&#8221; kd_background_image_position=&#8221;vc_row-bg-position-top&#8221; kd_background_overlay=&#8221;true&#8221; css=&#8221;.vc_custom_1754915684929{margin-top: 80px !important;margin-bottom: 80px !important;padding-top: 50px !important;padding-bottom: 50px !important;background-color: #0F1A1A !important;}&#8221; css_tablet_landscape=&#8221;.vc_custom_1754915684929{padding-top: 10px !important;padding-bottom: 10px !important;}&#8221; css_tablet_portrait=&#8221;.vc_custom_1754915684929{padding-top: 10px !important;padding-bottom: 10px !important;}&#8221; css_mobile=&#8221;.vc_custom_1754915684930{padding-top: 10px !important;padding-bottom: 10px !important;}&#8221;][vc_column][vc_row_inner kd_background_image_position=&#8221;vc_row-bg-position-top&#8221; css=&#8221;.vc_custom_1597841918472{padding-top: 100px !important;padding-bottom: 100px !important;}&#8221;][vc_column_inner]<div class=\"slider testimonials white-navigation kd-testimonial-69d76e7443e9d loop_off  without-image kd-animated fadeInUp\" data-animation-delay=200><div class=\"tt-content \">\n              <div class=\"tt-content-inner\"><div class=\"tt-image\"><img loading=\"lazy\" decoding=\"async\" width=\"800\" height=\"800\" src=\"https:\/\/info.onedoc.ch\/wp-content\/uploads\/2025\/06\/Arthur-Germain-CEO-OneDoc.jpeg\" class=\"attachment-full\" alt=\"\" title=\"Arthur-Germain-CEO-OneDoc\" srcset=\"https:\/\/info.onedoc.ch\/wp-content\/uploads\/2025\/06\/Arthur-Germain-CEO-OneDoc.jpeg 800w, https:\/\/info.onedoc.ch\/wp-content\/uploads\/2025\/06\/Arthur-Germain-CEO-OneDoc-300x300.jpeg 300w, https:\/\/info.onedoc.ch\/wp-content\/uploads\/2025\/06\/Arthur-Germain-CEO-OneDoc-150x150.jpeg 150w, https:\/\/info.onedoc.ch\/wp-content\/uploads\/2025\/06\/Arthur-Germain-CEO-OneDoc-768x768.jpeg 768w, https:\/\/info.onedoc.ch\/wp-content\/uploads\/2025\/06\/Arthur-Germain-CEO-OneDoc-320x320.jpeg 320w\" sizes=\"auto, (max-width: 800px) 100vw, 800px\" \/><\/div><div class=\"tt-container\" ><div class=\"testimonial-quote\" style=\"color:#FFFFFF;\">\u201eSchweizer Gesundheitsfachkr\u00e4fte verbringen viel Zeit mit administrativen Aufgaben. Unsere Mission ist es, sie durch die Integration innovativer digitaler L\u00f6sungen zu unterst\u00fctzen, damit sie ihre Zeit und Energie wieder auf die Qualit\u00e4t der Pflege und das Wohlbefinden der Patienten und Patientinnen konzentrieren k\u00f6nnen.\u201c<\/div><span class=\"author\" style=\"color: #FFFFFF;\"><span class=\"author-name\">Arthur Germain<\/span><span class=\"content\" style=\"color: #FFFFFF;\">CEO von OneDoc<\/span>\n                    <\/span>\n                <\/div><\/div>\n            <\/div><\/div><script>\n              jQuery(document).ready(function($){\n                if ($(\".slider.testimonials.kd-testimonial-69d76e7443e9d\").length) {\n                  $(\".slider.testimonials.kd-testimonial-69d76e7443e9d\").owlCarousel({\n                    stageClass: \"owl-wrapper\",\n                    stageOuterClass: \"owl-wrapper-outer\",\n                    loadedClass: \"owl-carousel\",responsive:{\n                        0:{\n                            dots: false,\n                            nav: true,\n                            navSpeed: 500,\n                        },\n                        1366:{nav: true,\n                              navSpeed: 500,\n                              dots: false,}\n                    },\n                    items: 1,loop: false, rewind: false, margin: 1,autoplay: false,autoplayHoverPause: false,\n                  });\n                }\n              });\n            <\/script>[\/vc_column_inner][\/vc_row_inner][\/vc_column][\/vc_row][vc_row full_width=&#8221;stretch_row&#8221; content_placement=&#8221;middle&#8221; kd_background_image_position=&#8221;vc_row-bg-position-top&#8221; css=&#8221;.vc_custom_1754916564303{padding-top: 80px !important;padding-bottom: 80px !important;}&#8221;][vc_column][vc_row_inner content_placement=&#8221;middle&#8221; kd_background_image_position=&#8221;vc_row-bg-position-top&#8221;][vc_column_inner css=&#8221;.vc_custom_1606140057037{padding-right: 100px !important;padding-left: 0px !important;}&#8221; offset=&#8221;vc_col-lg-offset-0 vc_col-lg-6 vc_col-md-offset-0 vc_col-md-6 vc_col-sm-offset-0 vc_col-xs-12&#8243; css_tablet_portrait=&#8221;.vc_custom_1606140057040{padding-top: 0px !important;padding-right: 0px !important;padding-bottom: 0px !important;padding-left: 0px !important;}&#8221; css_mobile=&#8221;.vc_custom_1606140057041{padding-top: 0px !important;padding-right: 0px !important;padding-bottom: 50px !important;padding-left: 0px !important;}&#8221; css_tablet_landscape=&#8221;.vc_custom_1606140057038{padding-bottom: 0px !important;}&#8221;]<header class=\"kd-section-title col-lg-12 text-left  subtitle-below-title    vc_custom_1754915344698\" ><h2 class=\"separator_off\" style=\"font-size: 28px;margin-bottom:30px;\">Lust, Teil unseres Teams zu werden?<\/h2><p class=\"subtitle\" ><b>OneDoc stellt ein!<\/b><br \/>\nWir sind immer auf der Suche nach talentierten und vision\u00e4ren Menschen f\u00fcr die OneDoc-Familie. Bereit f\u00fcr ein neues berufliches Abenteuer? Helfen Sie uns dabei, das digitale Erlebnis von Patient:innen und medizinischem Fachpersonal in der Schweiz zu verbessern!\ud83c\udde8\ud83c\udded<\/p><\/header><a  href=\"https:\/\/career.onedoc.ch\/de\"  target=\"_blank\"  title=\"\"  class=\"tt_button tt_primary_button btn_primary_color  btn-align-left button-action-link icon_right\" ><span class=\"prim_text\">Entdecken Sie unsere offenen Stellen<\/span><span class=\"fas fa-chevron-right iconita\" ><\/span><\/a>[\/vc_column_inner][vc_column_inner offset=&#8221;vc_col-lg-6 vc_col-md-6 vc_col-xs-12&#8243; css=&#8221;.vc_custom_1750259044001{padding-right: 0px !important;padding-left: 40px !important;}&#8221; css_mobile=&#8221;.vc_custom_1750259044003{padding-left: 0px !important;}&#8221;][vc_single_image image=&#8221;11151&#8243; img_size=&#8221;large&#8221; css=&#8221;&#8221;][\/vc_column_inner][\/vc_row_inner][\/vc_column][\/vc_row]<\/p>\n<\/div>","protected":false},"excerpt":{"rendered":"<p>[vc_row gap=&#8221;30&#8243; content_placement=&#8221;middle&#8221; kd_background_image_position=&#8221;vc_row-bg-position-top&#8221; css=&#8221;.vc_custom_1754914430757{padding-top: 80px !important;padding-bottom: 80px !important;}&#8221; css_tablet_portrait=&#8221;.vc_custom_1754914430758{padding-top: 0px !important;padding-right: [&hellip;]<\/p>\n","protected":false},"author":3,"featured_media":0,"parent":0,"menu_order":0,"comment_status":"closed","ping_status":"closed","template":"","meta":{"footnotes":""},"class_list":["post-11452","page","type-page","status-publish","hentry"],"yoast_head":"<!-- This site is optimized with the Yoast SEO Premium plugin v27.2 (Yoast SEO v27.3) - https:\/\/yoast.com\/product\/yoast-seo-premium-wordpress\/ -->\n<title>Mission - OneDoc<\/title>\n<meta name=\"description\" content=\"Unsere Mission ist es, Fachpersonen dabei zu unterst\u00fctzen, ihre Praxis effizienter zu f\u00fchren und den Patientenweg zu vereinfachen.\" \/>\n<meta name=\"robots\" content=\"index, follow, max-snippet:-1, max-image-preview:large, max-video-preview:-1\" \/>\n<link rel=\"canonical\" href=\"https:\/\/info.onedoc.ch\/de\/unsere-mission\/\" \/>\n<meta property=\"og:locale\" content=\"de_DE\" \/>\n<meta property=\"og:type\" content=\"article\" \/>\n<meta property=\"og:title\" content=\"Mission - OneDoc\" \/>\n<meta property=\"og:description\" content=\"Unsere Mission ist es, Fachpersonen dabei zu unterst\u00fctzen, ihre Praxis effizienter zu f\u00fchren und den Patientenweg zu vereinfachen.\" \/>\n<meta property=\"og:url\" content=\"https:\/\/info.onedoc.ch\/de\/unsere-mission\/\" \/>\n<meta property=\"og:site_name\" content=\"OneDoc Pro\" \/>\n<meta property=\"article:publisher\" content=\"https:\/\/www.facebook.com\/onedoc.ch\/\" \/>\n<meta property=\"article:modified_time\" content=\"2026-03-03T08:53:41+00:00\" \/>\n<meta name=\"twitter:card\" content=\"summary_large_image\" \/>\n<meta name=\"twitter:title\" content=\"Mission - OneDoc\" \/>\n<meta name=\"twitter:description\" content=\"Unsere Mission ist es, Fachpersonen dabei zu unterst\u00fctzen, ihre Praxis effizienter zu f\u00fchren und den Patientenweg zu vereinfachen.\" \/>\n<meta name=\"twitter:site\" content=\"@onedoc_ch\" \/>\n<meta name=\"twitter:label1\" content=\"Gesch\u00e4tzte Lesezeit\" \/>\n\t<meta name=\"twitter:data1\" content=\"6\u00a0Minute\" \/>\n<script type=\"application\/ld+json\" class=\"yoast-schema-graph\">{\"@context\":\"https:\\\/\\\/schema.org\",\"@graph\":[{\"@type\":\"WebPage\",\"@id\":\"https:\\\/\\\/info.onedoc.ch\\\/de\\\/unsere-mission\\\/\",\"url\":\"https:\\\/\\\/info.onedoc.ch\\\/de\\\/unsere-mission\\\/\",\"name\":\"Mission - OneDoc\",\"isPartOf\":{\"@id\":\"https:\\\/\\\/info.onedoc.ch\\\/de\\\/#website\"},\"datePublished\":\"2025-06-19T04:18:28+00:00\",\"dateModified\":\"2026-03-03T08:53:41+00:00\",\"description\":\"Unsere Mission ist es, Fachpersonen dabei zu unterst\u00fctzen, ihre Praxis effizienter zu f\u00fchren und den Patientenweg zu vereinfachen.\",\"inLanguage\":\"de-CH\",\"potentialAction\":[{\"@type\":\"ReadAction\",\"target\":[\"https:\\\/\\\/info.onedoc.ch\\\/de\\\/unsere-mission\\\/\"]}]},{\"@type\":\"WebSite\",\"@id\":\"https:\\\/\\\/info.onedoc.ch\\\/de\\\/#website\",\"url\":\"https:\\\/\\\/info.onedoc.ch\\\/de\\\/\",\"name\":\"OneDoc Pro - Moins d\u2019administratif, plus de temps pour vos patients\",\"description\":\"L&#039;alli\u00e9 des professionnels de sant\u00e9 suisses au quotidien\",\"publisher\":{\"@id\":\"https:\\\/\\\/info.onedoc.ch\\\/de\\\/#organization\"},\"alternateName\":\"OneDoc Pro\",\"potentialAction\":[{\"@type\":\"SearchAction\",\"target\":{\"@type\":\"EntryPoint\",\"urlTemplate\":\"https:\\\/\\\/info.onedoc.ch\\\/de\\\/?s={search_term_string}\"},\"query-input\":{\"@type\":\"PropertyValueSpecification\",\"valueRequired\":true,\"valueName\":\"search_term_string\"}}],\"inLanguage\":\"de-CH\"},{\"@type\":\"Organization\",\"@id\":\"https:\\\/\\\/info.onedoc.ch\\\/de\\\/#organization\",\"name\":\"OneDoc\",\"alternateName\":\"OneDoc.ch\",\"url\":\"https:\\\/\\\/info.onedoc.ch\\\/de\\\/\",\"logo\":{\"@type\":\"ImageObject\",\"inLanguage\":\"de-CH\",\"@id\":\"https:\\\/\\\/info.onedoc.ch\\\/de\\\/#\\\/schema\\\/logo\\\/image\\\/\",\"url\":\"https:\\\/\\\/info.onedoc.ch\\\/wp-content\\\/uploads\\\/2025\\\/06\\\/doki-logo.png\",\"contentUrl\":\"https:\\\/\\\/info.onedoc.ch\\\/wp-content\\\/uploads\\\/2025\\\/06\\\/doki-logo.png\",\"width\":2134,\"height\":2134,\"caption\":\"OneDoc\"},\"image\":{\"@id\":\"https:\\\/\\\/info.onedoc.ch\\\/de\\\/#\\\/schema\\\/logo\\\/image\\\/\"},\"sameAs\":[\"https:\\\/\\\/www.facebook.com\\\/onedoc.ch\\\/\",\"https:\\\/\\\/x.com\\\/onedoc_ch\",\"https:\\\/\\\/www.instagram.com\\\/onedoc.ch\\\/\",\"https:\\\/\\\/www.linkedin.com\\\/company\\\/onedoc.ch\\\/\",\"https:\\\/\\\/www.youtube.com\\\/channel\\\/UCWnlE63em_m8ZioBA5n8Z6w\"],\"description\":\"OneDoc est la plateforme leader en Suisse pour la r\u00e9servation de rendez-vous m\u00e9dicaux. Les patients peuvent rechercher des milliers de professionnels de la sant\u00e9 suisses (m\u00e9decins, dentistes et th\u00e9rapeutes) et r\u00e9server un rendez-vous sur place ou une consultation vid\u00e9o en quelques clics, 24 heures sur 24.\",\"legalName\":\"OneDoc SA\",\"foundingDate\":\"2016-12-31\",\"numberOfEmployees\":{\"@type\":\"QuantitativeValue\",\"minValue\":\"51\",\"maxValue\":\"200\"}}]}<\/script>\n<!-- \/ Yoast SEO Premium plugin. -->","yoast_head_json":{"title":"Mission - OneDoc","description":"Unsere Mission ist es, Fachpersonen dabei zu unterst\u00fctzen, ihre Praxis effizienter zu f\u00fchren und den Patientenweg zu vereinfachen.","robots":{"index":"index","follow":"follow","max-snippet":"max-snippet:-1","max-image-preview":"max-image-preview:large","max-video-preview":"max-video-preview:-1"},"canonical":"https:\/\/info.onedoc.ch\/de\/unsere-mission\/","og_locale":"de_DE","og_type":"article","og_title":"Mission - OneDoc","og_description":"Unsere Mission ist es, Fachpersonen dabei zu unterst\u00fctzen, ihre Praxis effizienter zu f\u00fchren und den Patientenweg zu vereinfachen.","og_url":"https:\/\/info.onedoc.ch\/de\/unsere-mission\/","og_site_name":"OneDoc Pro","article_publisher":"https:\/\/www.facebook.com\/onedoc.ch\/","article_modified_time":"2026-03-03T08:53:41+00:00","twitter_card":"summary_large_image","twitter_title":"Mission - OneDoc","twitter_description":"Unsere Mission ist es, Fachpersonen dabei zu unterst\u00fctzen, ihre Praxis effizienter zu f\u00fchren und den Patientenweg zu vereinfachen.","twitter_site":"@onedoc_ch","twitter_misc":{"Gesch\u00e4tzte Lesezeit":"6\u00a0Minute"},"schema":{"@context":"https:\/\/schema.org","@graph":[{"@type":"WebPage","@id":"https:\/\/info.onedoc.ch\/de\/unsere-mission\/","url":"https:\/\/info.onedoc.ch\/de\/unsere-mission\/","name":"Mission - OneDoc","isPartOf":{"@id":"https:\/\/info.onedoc.ch\/de\/#website"},"datePublished":"2025-06-19T04:18:28+00:00","dateModified":"2026-03-03T08:53:41+00:00","description":"Unsere Mission ist es, Fachpersonen dabei zu unterst\u00fctzen, ihre Praxis effizienter zu f\u00fchren und den Patientenweg zu vereinfachen.","inLanguage":"de-CH","potentialAction":[{"@type":"ReadAction","target":["https:\/\/info.onedoc.ch\/de\/unsere-mission\/"]}]},{"@type":"WebSite","@id":"https:\/\/info.onedoc.ch\/de\/#website","url":"https:\/\/info.onedoc.ch\/de\/","name":"OneDoc Pro - Moins d\u2019administratif, plus de temps pour vos patients","description":"L&#039;alli\u00e9 des professionnels de sant\u00e9 suisses au quotidien","publisher":{"@id":"https:\/\/info.onedoc.ch\/de\/#organization"},"alternateName":"OneDoc Pro","potentialAction":[{"@type":"SearchAction","target":{"@type":"EntryPoint","urlTemplate":"https:\/\/info.onedoc.ch\/de\/?s={search_term_string}"},"query-input":{"@type":"PropertyValueSpecification","valueRequired":true,"valueName":"search_term_string"}}],"inLanguage":"de-CH"},{"@type":"Organization","@id":"https:\/\/info.onedoc.ch\/de\/#organization","name":"OneDoc","alternateName":"OneDoc.ch","url":"https:\/\/info.onedoc.ch\/de\/","logo":{"@type":"ImageObject","inLanguage":"de-CH","@id":"https:\/\/info.onedoc.ch\/de\/#\/schema\/logo\/image\/","url":"https:\/\/info.onedoc.ch\/wp-content\/uploads\/2025\/06\/doki-logo.png","contentUrl":"https:\/\/info.onedoc.ch\/wp-content\/uploads\/2025\/06\/doki-logo.png","width":2134,"height":2134,"caption":"OneDoc"},"image":{"@id":"https:\/\/info.onedoc.ch\/de\/#\/schema\/logo\/image\/"},"sameAs":["https:\/\/www.facebook.com\/onedoc.ch\/","https:\/\/x.com\/onedoc_ch","https:\/\/www.instagram.com\/onedoc.ch\/","https:\/\/www.linkedin.com\/company\/onedoc.ch\/","https:\/\/www.youtube.com\/channel\/UCWnlE63em_m8ZioBA5n8Z6w"],"description":"OneDoc est la plateforme leader en Suisse pour la r\u00e9servation de rendez-vous m\u00e9dicaux. Les patients peuvent rechercher des milliers de professionnels de la sant\u00e9 suisses (m\u00e9decins, dentistes et th\u00e9rapeutes) et r\u00e9server un rendez-vous sur place ou une consultation vid\u00e9o en quelques clics, 24 heures sur 24.","legalName":"OneDoc SA","foundingDate":"2016-12-31","numberOfEmployees":{"@type":"QuantitativeValue","minValue":"51","maxValue":"200"}}]}},"_links":{"self":[{"href":"https:\/\/info.onedoc.ch\/de\/wp-json\/wp\/v2\/pages\/11452","targetHints":{"allow":["GET"]}}],"collection":[{"href":"https:\/\/info.onedoc.ch\/de\/wp-json\/wp\/v2\/pages"}],"about":[{"href":"https:\/\/info.onedoc.ch\/de\/wp-json\/wp\/v2\/types\/page"}],"author":[{"embeddable":true,"href":"https:\/\/info.onedoc.ch\/de\/wp-json\/wp\/v2\/users\/3"}],"replies":[{"embeddable":true,"href":"https:\/\/info.onedoc.ch\/de\/wp-json\/wp\/v2\/comments?post=11452"}],"version-history":[{"count":70,"href":"https:\/\/info.onedoc.ch\/de\/wp-json\/wp\/v2\/pages\/11452\/revisions"}],"predecessor-version":[{"id":37920,"href":"https:\/\/info.onedoc.ch\/de\/wp-json\/wp\/v2\/pages\/11452\/revisions\/37920"}],"wp:attachment":[{"href":"https:\/\/info.onedoc.ch\/de\/wp-json\/wp\/v2\/media?parent=11452"}],"curies":[{"name":"wp","href":"https:\/\/api.w.org\/{rel}","templated":true}]}}